{"id":15771,"date":"2020-04-29T11:44:00","date_gmt":"2020-04-29T10:44:00","guid":{"rendered":"https:\/\/www.microlise.com\/fleet-management\/flotte-telematique\/solution-microlise-de-suivi-de-la-temperature\/"},"modified":"2024-06-12T11:47:53","modified_gmt":"2024-06-12T10:47:53","slug":"suivi-de-la-temperature","status":"publish","type":"product","link":"https:\/\/www.microlise.com\/fr\/produits\/flotte-telematique\/suivi-de-la-temperature\/","title":{"rendered":"Suivi de la temp\u00e9rature"},"content":{"rendered":"<p>Les d\u00e9passements de seuils param\u00e9tr\u00e9s peuvent d\u00e9clencher des alertes en temps r\u00e9el, offrant ainsi aux op\u00e9rateurs la possibilit\u00e9 de proc\u00e9der aux ajustements n\u00e9cessaires. Des capteurs peuvent \u00e9galement signaler combien de temps les portes du v\u00e9hicule sont rest\u00e9es ouvertes et l\u2019impact possible sur la temp\u00e9rature du compartiment.<\/p>\n<p>Avec les outils intelligents Microlise, vous et vos clients pouvez \u00eatre assur\u00e9s que les diff\u00e9rents produits sont livr\u00e9s dans des conditions sanitaires optimales. Un rapport complet sur les temp\u00e9ratures relev\u00e9es au cours du trajet peut \u00eatre produit afin de suivre efficacement chaque op\u00e9ration de collecte ou de livraison.<\/p>\n","protected":false},"excerpt":{"rendered":"<p>La solution Microlise de Suivi de la Temp\u00e9rature permet aux op\u00e9rateurs de v\u00e9hicules frigorifiques de s\u2019assurer \u00e0 distance que la temp\u00e9rature des compartiments r\u00e9frig\u00e9r\u00e9s reste conforme aux exigences du transport de marchandises sensibles, comme les produits pharmaceutiques ou alimentaires.<\/p>\n","protected":false},"featured_media":18657,"parent":15752,"menu_order":92,"template":"","categories":[1099,1097],"class_list":["post-15771","product","type-product","status-publish","has-post-thumbnail","hentry","category-temperature-monitoring-fr","category-telematics-fr","entry"],"yoast_head":"<!-- This site is optimized with the Yoast SEO Premium plugin v25.7.1 (Yoast SEO v27.5) - https:\/\/yoast.com\/product\/yoast-seo-premium-wordpress\/ -->\n<title>Suivi de la temp\u00e9rature - Microlise France<\/title>\n<meta name=\"description\" content=\"La solution Microlise de Suivi de la Temp\u00e9rature permet aux op\u00e9rateurs de v\u00e9hicules frigorifiques de s\u2019assurer \u00e0 distance que la temp\u00e9rature des compartiments r\u00e9frig\u00e9r\u00e9s reste conforme aux exigences du transport de marchandises sensibles, comme les produits pharmaceutiques ou alimentaires.\" \/>\n<meta name=\"robots\" content=\"index, follow, max-snippet:-1, max-image-preview:large, max-video-preview:-1\" \/>\n<link rel=\"canonical\" href=\"https:\/\/www.microlise.com\/fr\/produits\/flotte-telematique\/suivi-de-la-temperature\/\" \/>\n<meta property=\"og:locale\" content=\"fr_FR\" \/>\n<meta property=\"og:type\" content=\"article\" \/>\n<meta property=\"og:title\" content=\"Suivi de la temp\u00e9rature\" \/>\n<meta property=\"og:description\" content=\"La solution Microlise de Suivi de la Temp\u00e9rature permet aux op\u00e9rateurs de v\u00e9hicules frigorifiques de s\u2019assurer \u00e0 distance que la temp\u00e9rature des compartiments r\u00e9frig\u00e9r\u00e9s reste conforme aux exigences du transport de marchandises sensibles, comme les produits pharmaceutiques ou alimentaires.\" \/>\n<meta property=\"og:url\" content=\"https:\/\/www.microlise.com\/fr\/produits\/flotte-telematique\/suivi-de-la-temperature\/\" \/>\n<meta property=\"og:site_name\" content=\"Microlise France\" \/>\n<meta property=\"article:publisher\" content=\"https:\/\/www.facebook.com\/MicroliseFR\/\" \/>\n<meta property=\"article:modified_time\" content=\"2024-06-12T10:47:53+00:00\" \/>\n<meta property=\"og:image\" content=\"https:\/\/www.microlise.com\/wp-content\/uploads\/2020\/12\/temperature-monitoring.jpg\" \/>\n\t<meta property=\"og:image:width\" content=\"720\" \/>\n\t<meta property=\"og:image:height\" content=\"420\" \/>\n\t<meta property=\"og:image:type\" content=\"image\/jpeg\" \/>\n<meta name=\"twitter:card\" content=\"summary_large_image\" \/>\n<meta name=\"twitter:site\" content=\"@microlise\" \/>\n<meta name=\"twitter:label1\" content=\"Dur\u00e9e de lecture estim\u00e9e\" \/>\n\t<meta name=\"twitter:data1\" content=\"1 minute\" \/>\n<script type=\"application\/ld+json\" class=\"yoast-schema-graph\">{\"@context\":\"https:\\\/\\\/schema.org\",\"@graph\":[{\"@type\":\"WebPage\",\"@id\":\"https:\\\/\\\/www.microlise.com\\\/fr\\\/produits\\\/flotte-telematique\\\/suivi-de-la-temperature\\\/\",\"url\":\"https:\\\/\\\/www.microlise.com\\\/fr\\\/produits\\\/flotte-telematique\\\/suivi-de-la-temperature\\\/\",\"name\":\"Suivi de la temp\u00e9rature - Microlise France\",\"isPartOf\":{\"@id\":\"https:\\\/\\\/www.microlise.com\\\/fr\\\/#website\"},\"primaryImageOfPage\":{\"@id\":\"https:\\\/\\\/www.microlise.com\\\/fr\\\/produits\\\/flotte-telematique\\\/suivi-de-la-temperature\\\/#primaryimage\"},\"image\":{\"@id\":\"https:\\\/\\\/www.microlise.com\\\/fr\\\/produits\\\/flotte-telematique\\\/suivi-de-la-temperature\\\/#primaryimage\"},\"thumbnailUrl\":\"https:\\\/\\\/www.microlise.com\\\/wp-content\\\/uploads\\\/2020\\\/12\\\/temperature-monitoring.jpg\",\"datePublished\":\"2020-04-29T10:44:00+00:00\",\"dateModified\":\"2024-06-12T10:47:53+00:00\",\"description\":\"La solution Microlise de Suivi de la Temp\u00e9rature permet aux op\u00e9rateurs de v\u00e9hicules frigorifiques de s\u2019assurer \u00e0 distance que la temp\u00e9rature des compartiments r\u00e9frig\u00e9r\u00e9s reste conforme aux exigences du transport de marchandises sensibles, comme les produits pharmaceutiques ou alimentaires.\",\"breadcrumb\":{\"@id\":\"https:\\\/\\\/www.microlise.com\\\/fr\\\/produits\\\/flotte-telematique\\\/suivi-de-la-temperature\\\/#breadcrumb\"},\"inLanguage\":\"fr-FR\",\"potentialAction\":[{\"@type\":\"ReadAction\",\"target\":[\"https:\\\/\\\/www.microlise.com\\\/fr\\\/produits\\\/flotte-telematique\\\/suivi-de-la-temperature\\\/\"]}]},{\"@type\":\"ImageObject\",\"inLanguage\":\"fr-FR\",\"@id\":\"https:\\\/\\\/www.microlise.com\\\/fr\\\/produits\\\/flotte-telematique\\\/suivi-de-la-temperature\\\/#primaryimage\",\"url\":\"https:\\\/\\\/www.microlise.com\\\/wp-content\\\/uploads\\\/2020\\\/12\\\/temperature-monitoring.jpg\",\"contentUrl\":\"https:\\\/\\\/www.microlise.com\\\/wp-content\\\/uploads\\\/2020\\\/12\\\/temperature-monitoring.jpg\",\"width\":720,\"height\":420,\"caption\":\"Microlise transport management system being installed on a truck for fleet optimisation and real-time tracking.\"},{\"@type\":\"BreadcrumbList\",\"@id\":\"https:\\\/\\\/www.microlise.com\\\/fr\\\/produits\\\/flotte-telematique\\\/suivi-de-la-temperature\\\/#breadcrumb\",\"itemListElement\":[{\"@type\":\"ListItem\",\"position\":1,\"name\":\"Home\",\"item\":\"https:\\\/\\\/www.microlise.com\\\/fr\\\/\"},{\"@type\":\"ListItem\",\"position\":2,\"name\":\"Gestion de flotte\",\"item\":\"https:\\\/\\\/www.microlise.com\\\/fr\\\/produits\\\/flotte-telematique\\\/\"},{\"@type\":\"ListItem\",\"position\":3,\"name\":\"Suivi de la temp\u00e9rature\"}]},{\"@type\":\"WebSite\",\"@id\":\"https:\\\/\\\/www.microlise.com\\\/fr\\\/#website\",\"url\":\"https:\\\/\\\/www.microlise.com\\\/fr\\\/\",\"name\":\"Microlise France\",\"description\":\"Telematics, Transport &amp; Fleet Management Solutions\",\"publisher\":{\"@id\":\"https:\\\/\\\/www.microlise.com\\\/fr\\\/#organization\"},\"alternateName\":\"Microlise\",\"potentialAction\":[{\"@type\":\"SearchAction\",\"target\":{\"@type\":\"EntryPoint\",\"urlTemplate\":\"https:\\\/\\\/www.microlise.com\\\/fr\\\/?s={search_term_string}\"},\"query-input\":{\"@type\":\"PropertyValueSpecification\",\"valueRequired\":true,\"valueName\":\"search_term_string\"}}],\"inLanguage\":\"fr-FR\"},{\"@type\":\"Organization\",\"@id\":\"https:\\\/\\\/www.microlise.com\\\/fr\\\/#organization\",\"name\":\"Microlise\",\"alternateName\":\"Microlise\",\"url\":\"https:\\\/\\\/www.microlise.com\\\/fr\\\/\",\"logo\":{\"@type\":\"ImageObject\",\"inLanguage\":\"fr-FR\",\"@id\":\"https:\\\/\\\/www.microlise.com\\\/fr\\\/#\\\/schema\\\/logo\\\/image\\\/\",\"url\":\"https:\\\/\\\/www.microlise.com\\\/wp-content\\\/uploads\\\/2024\\\/06\\\/cropped-Microlise-Logo-Primary-Electric-1.png\",\"contentUrl\":\"https:\\\/\\\/www.microlise.com\\\/wp-content\\\/uploads\\\/2024\\\/06\\\/cropped-Microlise-Logo-Primary-Electric-1.png\",\"width\":235,\"height\":30,\"caption\":\"Microlise\"},\"image\":{\"@id\":\"https:\\\/\\\/www.microlise.com\\\/fr\\\/#\\\/schema\\\/logo\\\/image\\\/\"},\"sameAs\":[\"https:\\\/\\\/www.facebook.com\\\/MicroliseFR\\\/\",\"https:\\\/\\\/x.com\\\/microlise\",\"https:\\\/\\\/www.linkedin.com\\\/company\\\/microlise\",\"https:\\\/\\\/www.youtube.com\\\/user\\\/MicroliseLtd\"]}]}<\/script>\n<!-- \/ Yoast SEO Premium plugin. -->","yoast_head_json":{"title":"Suivi de la temp\u00e9rature - Microlise France","description":"La solution Microlise de Suivi de la Temp\u00e9rature permet aux op\u00e9rateurs de v\u00e9hicules frigorifiques de s\u2019assurer \u00e0 distance que la temp\u00e9rature des compartiments r\u00e9frig\u00e9r\u00e9s reste conforme aux exigences du transport de marchandises sensibles, comme les produits pharmaceutiques ou alimentaires.","robots":{"index":"index","follow":"follow","max-snippet":"max-snippet:-1","max-image-preview":"max-image-preview:large","max-video-preview":"max-video-preview:-1"},"canonical":"https:\/\/www.microlise.com\/fr\/produits\/flotte-telematique\/suivi-de-la-temperature\/","og_locale":"fr_FR","og_type":"article","og_title":"Suivi de la temp\u00e9rature","og_description":"La solution Microlise de Suivi de la Temp\u00e9rature permet aux op\u00e9rateurs de v\u00e9hicules frigorifiques de s\u2019assurer \u00e0 distance que la temp\u00e9rature des compartiments r\u00e9frig\u00e9r\u00e9s reste conforme aux exigences du transport de marchandises sensibles, comme les produits pharmaceutiques ou alimentaires.","og_url":"https:\/\/www.microlise.com\/fr\/produits\/flotte-telematique\/suivi-de-la-temperature\/","og_site_name":"Microlise France","article_publisher":"https:\/\/www.facebook.com\/MicroliseFR\/","article_modified_time":"2024-06-12T10:47:53+00:00","og_image":[{"width":720,"height":420,"url":"https:\/\/www.microlise.com\/wp-content\/uploads\/2020\/12\/temperature-monitoring.jpg","type":"image\/jpeg"}],"twitter_card":"summary_large_image","twitter_site":"@microlise","twitter_misc":{"Dur\u00e9e de lecture estim\u00e9e":"1 minute"},"schema":{"@context":"https:\/\/schema.org","@graph":[{"@type":"WebPage","@id":"https:\/\/www.microlise.com\/fr\/produits\/flotte-telematique\/suivi-de-la-temperature\/","url":"https:\/\/www.microlise.com\/fr\/produits\/flotte-telematique\/suivi-de-la-temperature\/","name":"Suivi de la temp\u00e9rature - Microlise France","isPartOf":{"@id":"https:\/\/www.microlise.com\/fr\/#website"},"primaryImageOfPage":{"@id":"https:\/\/www.microlise.com\/fr\/produits\/flotte-telematique\/suivi-de-la-temperature\/#primaryimage"},"image":{"@id":"https:\/\/www.microlise.com\/fr\/produits\/flotte-telematique\/suivi-de-la-temperature\/#primaryimage"},"thumbnailUrl":"https:\/\/www.microlise.com\/wp-content\/uploads\/2020\/12\/temperature-monitoring.jpg","datePublished":"2020-04-29T10:44:00+00:00","dateModified":"2024-06-12T10:47:53+00:00","description":"La solution Microlise de Suivi de la Temp\u00e9rature permet aux op\u00e9rateurs de v\u00e9hicules frigorifiques de s\u2019assurer \u00e0 distance que la temp\u00e9rature des compartiments r\u00e9frig\u00e9r\u00e9s reste conforme aux exigences du transport de marchandises sensibles, comme les produits pharmaceutiques ou alimentaires.","breadcrumb":{"@id":"https:\/\/www.microlise.com\/fr\/produits\/flotte-telematique\/suivi-de-la-temperature\/#breadcrumb"},"inLanguage":"fr-FR","potentialAction":[{"@type":"ReadAction","target":["https:\/\/www.microlise.com\/fr\/produits\/flotte-telematique\/suivi-de-la-temperature\/"]}]},{"@type":"ImageObject","inLanguage":"fr-FR","@id":"https:\/\/www.microlise.com\/fr\/produits\/flotte-telematique\/suivi-de-la-temperature\/#primaryimage","url":"https:\/\/www.microlise.com\/wp-content\/uploads\/2020\/12\/temperature-monitoring.jpg","contentUrl":"https:\/\/www.microlise.com\/wp-content\/uploads\/2020\/12\/temperature-monitoring.jpg","width":720,"height":420,"caption":"Microlise transport management system being installed on a truck for fleet optimisation and real-time tracking."},{"@type":"BreadcrumbList","@id":"https:\/\/www.microlise.com\/fr\/produits\/flotte-telematique\/suivi-de-la-temperature\/#breadcrumb","itemListElement":[{"@type":"ListItem","position":1,"name":"Home","item":"https:\/\/www.microlise.com\/fr\/"},{"@type":"ListItem","position":2,"name":"Gestion de flotte","item":"https:\/\/www.microlise.com\/fr\/produits\/flotte-telematique\/"},{"@type":"ListItem","position":3,"name":"Suivi de la temp\u00e9rature"}]},{"@type":"WebSite","@id":"https:\/\/www.microlise.com\/fr\/#website","url":"https:\/\/www.microlise.com\/fr\/","name":"Microlise France","description":"Telematics, Transport &amp; Fleet Management Solutions","publisher":{"@id":"https:\/\/www.microlise.com\/fr\/#organization"},"alternateName":"Microlise","potentialAction":[{"@type":"SearchAction","target":{"@type":"EntryPoint","urlTemplate":"https:\/\/www.microlise.com\/fr\/?s={search_term_string}"},"query-input":{"@type":"PropertyValueSpecification","valueRequired":true,"valueName":"search_term_string"}}],"inLanguage":"fr-FR"},{"@type":"Organization","@id":"https:\/\/www.microlise.com\/fr\/#organization","name":"Microlise","alternateName":"Microlise","url":"https:\/\/www.microlise.com\/fr\/","logo":{"@type":"ImageObject","inLanguage":"fr-FR","@id":"https:\/\/www.microlise.com\/fr\/#\/schema\/logo\/image\/","url":"https:\/\/www.microlise.com\/wp-content\/uploads\/2024\/06\/cropped-Microlise-Logo-Primary-Electric-1.png","contentUrl":"https:\/\/www.microlise.com\/wp-content\/uploads\/2024\/06\/cropped-Microlise-Logo-Primary-Electric-1.png","width":235,"height":30,"caption":"Microlise"},"image":{"@id":"https:\/\/www.microlise.com\/fr\/#\/schema\/logo\/image\/"},"sameAs":["https:\/\/www.facebook.com\/MicroliseFR\/","https:\/\/x.com\/microlise","https:\/\/www.linkedin.com\/company\/microlise","https:\/\/www.youtube.com\/user\/MicroliseLtd"]}]}},"cmb2":{"microlise_product_metabox":{"microlise_product_header":"","microlise_product_icon":"","microlise_product_icon_id":"","microlise_product_title":"","microlise_product_use_title":"","microlise_product_intro":"","microlise_product_header_image":"https:\/\/www.microlise.com\/wp-content\/uploads\/2020\/04\/swirls-5.jpg","microlise_product_header_image_id":"40845","microlise_product_use_header_image":"on","microlise_product_hctatxt":"Une d\u00e9monstration personnalis\u00e9e","microlise_product_hctaurl":"https:\/\/www.microlise.com\/fr\/demo-demande\/","microlise_product_hctabgcolor":"#01CBDE","microlise_product_hctaotcolor":"","microlise_product_hctatcolor":"#151D25","microlise_product_hctatxt2":"Get Started","microlise_product_hctaurl2":"https:\/\/www.microlise.com\/fr\/quisommes-nous\/contacteznous\/","microlise_product_hctabgcolor2":"#dcff66","microlise_product_hctaotcolor2":"","microlise_product_hctatcolor2":"#151D25","microlise_product_solution_finder":"","microlise_product_problem_areas":"","microlise_product_cproduct":"","microlise_product_cproducts":"","microlise_product_content":"","microlise_product_sub_title":"","microlise_product_cctatxt":"","microlise_product_cctaurl":"","microlise_product_cctabgcolor":"","microlise_product_cctaotcolor":"","microlise_product_cctatcolor":"","microlise_product_benefit":"","microlise_product_benefits":[{"icon_id":40603,"icon":"https:\/\/www.microlise.com\/wp-content\/uploads\/2024\/06\/monitor-load-temp.png","title":"Visibilit\u00e9 de la temp\u00e9rature","intro":"La temp\u00e9rature peut \u00eatre contr\u00f4l\u00e9e \u00e0 distance via notre syst\u00e8me t\u00e9l\u00e9matique de tra\u00e7abilit\u00e9 en temps r\u00e9el associ\u00e9 \u00e0 notre suite de rapports d\u2019analyse et de statistiques et \u00e0 la g\u00e9n\u00e9ration d\u2019alertes.","ctatext":"","ctaurl":false,"cbgcolor":"#01CBDE","ctxtcolor":"#151D25"},{"icon_id":40711,"icon":"https:\/\/www.microlise.com\/wp-content\/uploads\/2024\/06\/safeguard-cargo-condition-and-quality.png","title":"Pr\u00e9servez l\u2019\u00e9tat et la qualit\u00e9 de vos cargaisons","intro":"Assurez-vous que les marchandises sensibles sont prot\u00e9g\u00e9es et parviennent \u00e0 destination dans les meilleures conditions.","ctatext":"","ctaurl":false,"cbgcolor":"#01CBDE","ctxtcolor":"#151D25"},{"icon_id":40459,"icon":"https:\/\/www.microlise.com\/wp-content\/uploads\/2024\/06\/ensure-compliance.png","title":"Restez conformes \u00e0 toutes les r\u00e9glementations en vigueur","intro":"Conservez une tra\u00e7abilit\u00e9 pr\u00e9cise de vos op\u00e9rations et g\u00e9rez vos litiges plus rapidement.","cbgcolor":"#01CBDE","ctxtcolor":"#151D25"}],"microlise_product_demo":"","microlise_product_demo_title":"","microlise_product_bctatxt":"Demander une d\u00e9mo","microlise_product_bctaurl":"https:\/\/www.microlise.com\/fr\/demo-demande\/","microlise_product_bctabgcolor":"#01CBDE","microlise_product_bctaotcolor":"","microlise_product_bctatcolor":"#151D25","microlise_product_vtype":"vimeo","microlise_product_VID":"666692130","microlise_product_Vcode":"","microlise_product_feature":"","microlise_product_features":[{"img_type":"landscape","cbgcolor":"#01CBDE","ctxtcolor":"#151D25"}],"microlise_product_case_study":"","microlise_product_ccontent":"","microlise_product_ccontent_author":"","microlise_product_ccontent_adeg":"","microlise_product_ccontent_company":"","microlise_product_crbtn_text":"","microlise_product_crbtn_link":"","microlise_product_anfeature":"","microlise_product_anfeatures":[{"img_type":"landscape","cbgcolor":"#01CBDE","ctxtcolor":"#151D25"}],"microlise_product_brochure":"","microlise_product_brtype":"brochure","microlise_product_bimage":"","microlise_product_bimage_id":"","microlise_product_btitle":"","microlise_product_bt_color":"#151D25","microlise_product_bcontent":"","microlise_product_bcontent_color":"#151D25","microlise_product_brbtn_text":"","microlise_product_brbbgcolor":"#01CBDE","microlise_product_brbotcolor":"","microlise_product_brbtcolor":"#151D25","microlise_product_brbgcolor":"#DCFF66","microlise_product_hide_brochure":"","microlise_product_rimage":"","microlise_product_rimage_id":"","microlise_product_rtitle":"","microlise_product_rt_color":"","microlise_product_rcontent":"","microlise_product_rcontent_color":"","microlise_product_rebgcolor":"","microlise_product_rebtn_text":"","microlise_product_hide_report":"","microlise_product_thirdfeature":"","microlise_product_thirdfeatures":[{"img_type":"landscape","cbgcolor":"#01CBDE","ctxtcolor":"#151D25"}],"microlise_product_strip":"","microlise_product_sbcolor":"","microlise_product_stitle":"","microlise_product_stitlecolor":"","microlise_product_sstitle":"","microlise_product_sstitlecolor":"","microlise_product_bbcolor":"","microlise_product_sbtntext":"","microlise_product_btxtcolor":"","microlise_product_boutcolor":"","microlise_product_sbtnurl":"","microlise_product_faq":"","microlise_product_faqtitle":"","microlise_product_faqs":""}},"_links":{"self":[{"href":"https:\/\/www.microlise.com\/fr\/wp-json\/wp\/v2\/product\/15771","targetHints":{"allow":["GET"]}}],"collection":[{"href":"https:\/\/www.microlise.com\/fr\/wp-json\/wp\/v2\/product"}],"about":[{"href":"https:\/\/www.microlise.com\/fr\/wp-json\/wp\/v2\/types\/product"}],"up":[{"embeddable":true,"href":"https:\/\/www.microlise.com\/fr\/wp-json\/wp\/v2\/product\/15752"}],"wp:featuredmedia":[{"embeddable":true,"href":"https:\/\/www.microlise.com\/fr\/wp-json\/wp\/v2\/media\/18657"}],"wp:attachment":[{"href":"https:\/\/www.microlise.com\/fr\/wp-json\/wp\/v2\/media?parent=15771"}],"wp:term":[{"taxonomy":"category","embeddable":true,"href":"https:\/\/www.microlise.com\/fr\/wp-json\/wp\/v2\/categories?post=15771"}],"curies":[{"name":"wp","href":"https:\/\/api.w.org\/{rel}","templated":true}]}}