{"id":15770,"date":"2020-04-29T11:45:00","date_gmt":"2020-04-29T10:45:00","guid":{"rendered":"https:\/\/www.microlise.com\/fleet-management\/flotte-telematique\/trailer-telematics\/"},"modified":"2024-06-12T11:47:57","modified_gmt":"2024-06-12T10:47:57","slug":"telematique-de-remorque","status":"publish","type":"product","link":"https:\/\/www.microlise.com\/fr\/produits\/flotte-telematique\/telematique-de-remorque\/","title":{"rendered":"Gestion des remorques"},"content":{"rendered":"<p>Que ce soit pour assurer la s\u00e9curit\u00e9 et l\u2019int\u00e9grit\u00e9 de vos transports de marchandises \u00e0 forte valeur ajout\u00e9e ou thermosensibles telles que les produits alimentaires ou pharmaceutiques ou pour contr\u00f4ler \u00e0 distance d\u2019un seul coup d\u2019\u0153il l\u2019\u00e9tat du syst\u00e8me de freinage de vos remorques, notre solution Trailer Telematics est une aide pr\u00e9cieuse pour r\u00e9duire vos co\u00fbts d&rsquo;exploitation, diminuer le temps d\u2019indisponibilit\u00e9 de vos v\u00e9hicules et maximiser leur utilisation.<\/p>\n","protected":false},"excerpt":{"rendered":"<p>Utilisez les derni\u00e8res technologies embarqu\u00e9es pour contr\u00f4ler l\u2019\u00e9tat de vos v\u00e9hicules, am\u00e9liorer la s\u00e9curit\u00e9 de vos conducteurs et des chargements qui vous sont confi\u00e9s, optimiser leur utilisation et maximiser votre retour sur investissement !<\/p>\n","protected":false},"featured_media":28755,"parent":15752,"menu_order":55,"template":"","categories":[1098,1097],"class_list":["post-15770","product","type-product","status-publish","has-post-thumbnail","hentry","category-trailer-telematics-fr","category-telematics-fr","entry"],"yoast_head":"<!-- This site is optimized with the Yoast SEO Premium plugin v25.7.1 (Yoast SEO v27.3) - https:\/\/yoast.com\/product\/yoast-seo-premium-wordpress\/ -->\n<title>Gestion des remorques - Microlise France<\/title>\n<meta name=\"description\" content=\"Utilisez les derni\u00e8res technologies embarqu\u00e9es pour contr\u00f4ler l\u2019\u00e9tat de vos v\u00e9hicules, am\u00e9liorer la s\u00e9curit\u00e9 de vos conducteurs et des chargements qui vous sont confi\u00e9s, optimiser leur utilisation et maximiser votre retour sur investissement.\" \/>\n<meta name=\"robots\" content=\"index, follow, max-snippet:-1, max-image-preview:large, max-video-preview:-1\" \/>\n<link rel=\"canonical\" href=\"https:\/\/www.microlise.com\/fr\/produits\/flotte-telematique\/telematique-de-remorque\/\" \/>\n<meta property=\"og:locale\" content=\"fr_FR\" \/>\n<meta property=\"og:type\" content=\"article\" \/>\n<meta property=\"og:title\" content=\"Gestion des remorques\" \/>\n<meta property=\"og:description\" content=\"Utilisez les derni\u00e8res technologies embarqu\u00e9es pour contr\u00f4ler l\u2019\u00e9tat de vos v\u00e9hicules, am\u00e9liorer la s\u00e9curit\u00e9 de vos conducteurs et des chargements qui vous sont confi\u00e9s, optimiser leur utilisation et maximiser votre retour sur investissement.\" \/>\n<meta property=\"og:url\" content=\"https:\/\/www.microlise.com\/fr\/produits\/flotte-telematique\/telematique-de-remorque\/\" \/>\n<meta property=\"og:site_name\" content=\"Microlise France\" \/>\n<meta property=\"article:publisher\" content=\"https:\/\/www.facebook.com\/MicroliseFR\/\" \/>\n<meta property=\"article:modified_time\" content=\"2024-06-12T10:47:57+00:00\" \/>\n<meta property=\"og:image\" content=\"https:\/\/www.microlise.com\/wp-content\/uploads\/2020\/04\/microlise-trailer-telematics.jpg\" \/>\n\t<meta property=\"og:image:width\" content=\"960\" \/>\n\t<meta property=\"og:image:height\" content=\"560\" \/>\n\t<meta property=\"og:image:type\" content=\"image\/jpeg\" \/>\n<meta name=\"twitter:card\" content=\"summary_large_image\" \/>\n<meta name=\"twitter:site\" content=\"@microlise\" \/>\n<meta name=\"twitter:label1\" content=\"Dur\u00e9e de lecture estim\u00e9e\" \/>\n\t<meta name=\"twitter:data1\" content=\"1 minute\" \/>\n<script type=\"application\/ld+json\" class=\"yoast-schema-graph\">{\"@context\":\"https:\\\/\\\/schema.org\",\"@graph\":[{\"@type\":\"WebPage\",\"@id\":\"https:\\\/\\\/www.microlise.com\\\/fr\\\/produits\\\/flotte-telematique\\\/telematique-de-remorque\\\/\",\"url\":\"https:\\\/\\\/www.microlise.com\\\/fr\\\/produits\\\/flotte-telematique\\\/telematique-de-remorque\\\/\",\"name\":\"Gestion des remorques - Microlise France\",\"isPartOf\":{\"@id\":\"https:\\\/\\\/www.microlise.com\\\/fr\\\/#website\"},\"primaryImageOfPage\":{\"@id\":\"https:\\\/\\\/www.microlise.com\\\/fr\\\/produits\\\/flotte-telematique\\\/telematique-de-remorque\\\/#primaryimage\"},\"image\":{\"@id\":\"https:\\\/\\\/www.microlise.com\\\/fr\\\/produits\\\/flotte-telematique\\\/telematique-de-remorque\\\/#primaryimage\"},\"thumbnailUrl\":\"https:\\\/\\\/www.microlise.com\\\/wp-content\\\/uploads\\\/2020\\\/04\\\/microlise-trailer-telematics.jpg\",\"datePublished\":\"2020-04-29T10:45:00+00:00\",\"dateModified\":\"2024-06-12T10:47:57+00:00\",\"description\":\"Utilisez les derni\u00e8res technologies embarqu\u00e9es pour contr\u00f4ler l\u2019\u00e9tat de vos v\u00e9hicules, am\u00e9liorer la s\u00e9curit\u00e9 de vos conducteurs et des chargements qui vous sont confi\u00e9s, optimiser leur utilisation et maximiser votre retour sur investissement.\",\"breadcrumb\":{\"@id\":\"https:\\\/\\\/www.microlise.com\\\/fr\\\/produits\\\/flotte-telematique\\\/telematique-de-remorque\\\/#breadcrumb\"},\"inLanguage\":\"fr-FR\",\"potentialAction\":[{\"@type\":\"ReadAction\",\"target\":[\"https:\\\/\\\/www.microlise.com\\\/fr\\\/produits\\\/flotte-telematique\\\/telematique-de-remorque\\\/\"]}]},{\"@type\":\"ImageObject\",\"inLanguage\":\"fr-FR\",\"@id\":\"https:\\\/\\\/www.microlise.com\\\/fr\\\/produits\\\/flotte-telematique\\\/telematique-de-remorque\\\/#primaryimage\",\"url\":\"https:\\\/\\\/www.microlise.com\\\/wp-content\\\/uploads\\\/2020\\\/04\\\/microlise-trailer-telematics.jpg\",\"contentUrl\":\"https:\\\/\\\/www.microlise.com\\\/wp-content\\\/uploads\\\/2020\\\/04\\\/microlise-trailer-telematics.jpg\",\"width\":960,\"height\":560,\"caption\":\"Modern fleet truck on a scenic road representing transportation and logistics solutions.\"},{\"@type\":\"BreadcrumbList\",\"@id\":\"https:\\\/\\\/www.microlise.com\\\/fr\\\/produits\\\/flotte-telematique\\\/telematique-de-remorque\\\/#breadcrumb\",\"itemListElement\":[{\"@type\":\"ListItem\",\"position\":1,\"name\":\"Home\",\"item\":\"https:\\\/\\\/www.microlise.com\\\/fr\\\/\"},{\"@type\":\"ListItem\",\"position\":2,\"name\":\"Gestion de flotte\",\"item\":\"https:\\\/\\\/www.microlise.com\\\/fr\\\/produits\\\/flotte-telematique\\\/\"},{\"@type\":\"ListItem\",\"position\":3,\"name\":\"Gestion des remorques\"}]},{\"@type\":\"WebSite\",\"@id\":\"https:\\\/\\\/www.microlise.com\\\/fr\\\/#website\",\"url\":\"https:\\\/\\\/www.microlise.com\\\/fr\\\/\",\"name\":\"Microlise France\",\"description\":\"Telematics, Transport &amp; Fleet Management Solutions\",\"publisher\":{\"@id\":\"https:\\\/\\\/www.microlise.com\\\/fr\\\/#organization\"},\"alternateName\":\"Microlise\",\"potentialAction\":[{\"@type\":\"SearchAction\",\"target\":{\"@type\":\"EntryPoint\",\"urlTemplate\":\"https:\\\/\\\/www.microlise.com\\\/fr\\\/?s={search_term_string}\"},\"query-input\":{\"@type\":\"PropertyValueSpecification\",\"valueRequired\":true,\"valueName\":\"search_term_string\"}}],\"inLanguage\":\"fr-FR\"},{\"@type\":\"Organization\",\"@id\":\"https:\\\/\\\/www.microlise.com\\\/fr\\\/#organization\",\"name\":\"Microlise\",\"alternateName\":\"Microlise\",\"url\":\"https:\\\/\\\/www.microlise.com\\\/fr\\\/\",\"logo\":{\"@type\":\"ImageObject\",\"inLanguage\":\"fr-FR\",\"@id\":\"https:\\\/\\\/www.microlise.com\\\/fr\\\/#\\\/schema\\\/logo\\\/image\\\/\",\"url\":\"https:\\\/\\\/www.microlise.com\\\/wp-content\\\/uploads\\\/2024\\\/06\\\/cropped-Microlise-Logo-Primary-Electric-1.png\",\"contentUrl\":\"https:\\\/\\\/www.microlise.com\\\/wp-content\\\/uploads\\\/2024\\\/06\\\/cropped-Microlise-Logo-Primary-Electric-1.png\",\"width\":235,\"height\":30,\"caption\":\"Microlise\"},\"image\":{\"@id\":\"https:\\\/\\\/www.microlise.com\\\/fr\\\/#\\\/schema\\\/logo\\\/image\\\/\"},\"sameAs\":[\"https:\\\/\\\/www.facebook.com\\\/MicroliseFR\\\/\",\"https:\\\/\\\/x.com\\\/microlise\",\"https:\\\/\\\/www.linkedin.com\\\/company\\\/microlise\",\"https:\\\/\\\/www.youtube.com\\\/user\\\/MicroliseLtd\"]}]}<\/script>\n<!-- \/ Yoast SEO Premium plugin. -->","yoast_head_json":{"title":"Gestion des remorques - Microlise France","description":"Utilisez les derni\u00e8res technologies embarqu\u00e9es pour contr\u00f4ler l\u2019\u00e9tat de vos v\u00e9hicules, am\u00e9liorer la s\u00e9curit\u00e9 de vos conducteurs et des chargements qui vous sont confi\u00e9s, optimiser leur utilisation et maximiser votre retour sur investissement.","robots":{"index":"index","follow":"follow","max-snippet":"max-snippet:-1","max-image-preview":"max-image-preview:large","max-video-preview":"max-video-preview:-1"},"canonical":"https:\/\/www.microlise.com\/fr\/produits\/flotte-telematique\/telematique-de-remorque\/","og_locale":"fr_FR","og_type":"article","og_title":"Gestion des remorques","og_description":"Utilisez les derni\u00e8res technologies embarqu\u00e9es pour contr\u00f4ler l\u2019\u00e9tat de vos v\u00e9hicules, am\u00e9liorer la s\u00e9curit\u00e9 de vos conducteurs et des chargements qui vous sont confi\u00e9s, optimiser leur utilisation et maximiser votre retour sur investissement.","og_url":"https:\/\/www.microlise.com\/fr\/produits\/flotte-telematique\/telematique-de-remorque\/","og_site_name":"Microlise France","article_publisher":"https:\/\/www.facebook.com\/MicroliseFR\/","article_modified_time":"2024-06-12T10:47:57+00:00","og_image":[{"width":960,"height":560,"url":"https:\/\/www.microlise.com\/wp-content\/uploads\/2020\/04\/microlise-trailer-telematics.jpg","type":"image\/jpeg"}],"twitter_card":"summary_large_image","twitter_site":"@microlise","twitter_misc":{"Dur\u00e9e de lecture estim\u00e9e":"1 minute"},"schema":{"@context":"https:\/\/schema.org","@graph":[{"@type":"WebPage","@id":"https:\/\/www.microlise.com\/fr\/produits\/flotte-telematique\/telematique-de-remorque\/","url":"https:\/\/www.microlise.com\/fr\/produits\/flotte-telematique\/telematique-de-remorque\/","name":"Gestion des remorques - Microlise France","isPartOf":{"@id":"https:\/\/www.microlise.com\/fr\/#website"},"primaryImageOfPage":{"@id":"https:\/\/www.microlise.com\/fr\/produits\/flotte-telematique\/telematique-de-remorque\/#primaryimage"},"image":{"@id":"https:\/\/www.microlise.com\/fr\/produits\/flotte-telematique\/telematique-de-remorque\/#primaryimage"},"thumbnailUrl":"https:\/\/www.microlise.com\/wp-content\/uploads\/2020\/04\/microlise-trailer-telematics.jpg","datePublished":"2020-04-29T10:45:00+00:00","dateModified":"2024-06-12T10:47:57+00:00","description":"Utilisez les derni\u00e8res technologies embarqu\u00e9es pour contr\u00f4ler l\u2019\u00e9tat de vos v\u00e9hicules, am\u00e9liorer la s\u00e9curit\u00e9 de vos conducteurs et des chargements qui vous sont confi\u00e9s, optimiser leur utilisation et maximiser votre retour sur investissement.","breadcrumb":{"@id":"https:\/\/www.microlise.com\/fr\/produits\/flotte-telematique\/telematique-de-remorque\/#breadcrumb"},"inLanguage":"fr-FR","potentialAction":[{"@type":"ReadAction","target":["https:\/\/www.microlise.com\/fr\/produits\/flotte-telematique\/telematique-de-remorque\/"]}]},{"@type":"ImageObject","inLanguage":"fr-FR","@id":"https:\/\/www.microlise.com\/fr\/produits\/flotte-telematique\/telematique-de-remorque\/#primaryimage","url":"https:\/\/www.microlise.com\/wp-content\/uploads\/2020\/04\/microlise-trailer-telematics.jpg","contentUrl":"https:\/\/www.microlise.com\/wp-content\/uploads\/2020\/04\/microlise-trailer-telematics.jpg","width":960,"height":560,"caption":"Modern fleet truck on a scenic road representing transportation and logistics solutions."},{"@type":"BreadcrumbList","@id":"https:\/\/www.microlise.com\/fr\/produits\/flotte-telematique\/telematique-de-remorque\/#breadcrumb","itemListElement":[{"@type":"ListItem","position":1,"name":"Home","item":"https:\/\/www.microlise.com\/fr\/"},{"@type":"ListItem","position":2,"name":"Gestion de flotte","item":"https:\/\/www.microlise.com\/fr\/produits\/flotte-telematique\/"},{"@type":"ListItem","position":3,"name":"Gestion des remorques"}]},{"@type":"WebSite","@id":"https:\/\/www.microlise.com\/fr\/#website","url":"https:\/\/www.microlise.com\/fr\/","name":"Microlise France","description":"Telematics, Transport &amp; Fleet Management Solutions","publisher":{"@id":"https:\/\/www.microlise.com\/fr\/#organization"},"alternateName":"Microlise","potentialAction":[{"@type":"SearchAction","target":{"@type":"EntryPoint","urlTemplate":"https:\/\/www.microlise.com\/fr\/?s={search_term_string}"},"query-input":{"@type":"PropertyValueSpecification","valueRequired":true,"valueName":"search_term_string"}}],"inLanguage":"fr-FR"},{"@type":"Organization","@id":"https:\/\/www.microlise.com\/fr\/#organization","name":"Microlise","alternateName":"Microlise","url":"https:\/\/www.microlise.com\/fr\/","logo":{"@type":"ImageObject","inLanguage":"fr-FR","@id":"https:\/\/www.microlise.com\/fr\/#\/schema\/logo\/image\/","url":"https:\/\/www.microlise.com\/wp-content\/uploads\/2024\/06\/cropped-Microlise-Logo-Primary-Electric-1.png","contentUrl":"https:\/\/www.microlise.com\/wp-content\/uploads\/2024\/06\/cropped-Microlise-Logo-Primary-Electric-1.png","width":235,"height":30,"caption":"Microlise"},"image":{"@id":"https:\/\/www.microlise.com\/fr\/#\/schema\/logo\/image\/"},"sameAs":["https:\/\/www.facebook.com\/MicroliseFR\/","https:\/\/x.com\/microlise","https:\/\/www.linkedin.com\/company\/microlise","https:\/\/www.youtube.com\/user\/MicroliseLtd"]}]}},"cmb2":{"microlise_product_metabox":{"microlise_product_header":"","microlise_product_title":"","microlise_product_use_title":"","microlise_product_intro":"","microlise_product_header_image":"https:\/\/www.microlise.com\/wp-content\/uploads\/2020\/04\/swirls-4.jpg","microlise_product_header_image_id":"40825","microlise_product_use_header_image":"on","microlise_product_cta":"","microlise_product_hctatxt":"Une d\u00e9monstration personnalis\u00e9e","microlise_product_hctaurl":"https:\/\/www.microlise.com\/fr\/demo-demande\/","microlise_product_hctabgcolor":"#01CBDE","microlise_product_hctatcolor":"#151D25","microlise_product_hctatxt2":"Get Started","microlise_product_hctaurl2":"https:\/\/www.microlise.com\/fr\/quisommes-nous\/contacteznous\/","microlise_product_hctabgcolor2":"#dcff66","microlise_product_hctatcolor2":"#151D25","microlise_product_content":"","microlise_product_sub_title":"","microlise_product_vtype":"vimeo","microlise_product_VID":"666692286","microlise_product_Vcode":"","microlise_product_case_study":"","microlise_product_cimage":"","microlise_product_cimage_id":"","microlise_product_ctitle":"","microlise_product_ct_color":"#151D25","microlise_product_ccontent":"","microlise_product_ccontent_color":"#151D25","microlise_product_crbtn_text":"","microlise_product_crbtn_link":"","microlise_product_crbbgcolor":"#01CBDE","microlise_product_crbtcolor":"#151D25","microlise_product_crbgcolor":"#DCFF66","microlise_product_brochure":"","microlise_product_brtype":"brochure","microlise_product_bimage":"https:\/\/www.microlise.com\/wp-content\/uploads\/2014\/11\/product-overview-cover-fr.png","microlise_product_bimage_id":"23503","microlise_product_btitle":"Pour en savoir plus, t\u00e9l\u00e9charger notre brochure produit","microlise_product_bt_color":"#151D25","microlise_product_bcontent":"D\u00e9couvrez comment les solutions Microlise permettent aux gestionnaires de flotte de proposer un meilleur service \u00e0 leurs clients tout en am\u00e9liorant la productivit\u00e9, la s\u00e9curit\u00e9 et en r\u00e9duisant les co\u00fbts et l'impact sur l'environnement","microlise_product_bcontent_color":"#151D25","microlise_product_brbtn_text":"T\u00e9l\u00e9charger la brochure","microlise_product_brbbgcolor":"#01CBDE","microlise_product_brbtcolor":"#151D25","microlise_product_brbgcolor":"#DCFF66","microlise_product_hide_brochure":"","microlise_product_rimage":"","microlise_product_rimage_id":"","microlise_product_rtitle":"","microlise_product_rt_color":"","microlise_product_rcontent":"","microlise_product_rcontent_color":"","microlise_product_rebgcolor":"","microlise_product_rebtn_text":"","microlise_product_hide_report":"","microlise_product_benefit":"","microlise_product_bctatxt":"Demander une d\u00e9mo","microlise_product_bctaurl":"https:\/\/www.microlise.com\/fr\/demo-demande\/","microlise_product_bctabgcolor":"#dcff66","microlise_product_bctatcolor":"#151D25","microlise_product_benefits":[{"icon_id":40591,"icon":"https:\/\/www.microlise.com\/wp-content\/uploads\/2024\/06\/maximise-fleet-efficiency.png","title":"Contr\u00f4lez \u00e0 distance le bon \u00e9tat du syst\u00e8me de freinage de vos remorques","intro":"Am\u00e9liorez la s\u00e9curit\u00e9 et assurez-vous de maintenir une flotte de remorques s\u00fbres et op\u00e9rationnelles en contr\u00f4lant \u00e0 distance les performances du syst\u00e8me de freinage EBS gr\u00e2ce \u00e0 la technologie op\u00e9r\u00e9e par Microlise.","ctatext":"","ctaurl":false,"cbgcolor":"#01CBDE","ctxtcolor":"#151D25"},{"icon_id":40549,"icon":"https:\/\/www.microlise.com\/wp-content\/uploads\/2024\/06\/improve-trailer-management.png","title":"Un outil efficace pour am\u00e9liorer la gestion de votre parc","intro":"Gr\u00e2ce \u00e0 la g\u00e9olocalisation en temps r\u00e9el de vos remorques et aux diff\u00e9rentes informations collect\u00e9es, comme les tracteurs auxquels elles sont attel\u00e9es ou encore les temp\u00e9ratures des diff\u00e9rents compartiments, vous pouvez mieux contr\u00f4ler le d\u00e9ploiement de vos ressources sur les diff\u00e9rents d\u00e9p\u00f4ts ou sites de vos clients et vous assurez que vos marchandises seront livr\u00e9es en toute s\u00e9curit\u00e9.","ctatext":"","ctaurl":false,"cbgcolor":"#01CBDE","ctxtcolor":"#151D25"},{"icon_id":40483,"icon":"https:\/\/www.microlise.com\/wp-content\/uploads\/2024\/06\/focus-fleet-utilisation.png","title":"Maximisez les performances de vos ressources et votre retour sur investissement","intro":"En utilisant les nombreux rapports disponibles et les fonctionnalit\u00e9s de contr\u00f4le mises \u00e0 votre disposition, vous pouvez identifier facilement les ressources sous-utilis\u00e9es et accro\u00eetre votre productivit\u00e9.","cbgcolor":"#01CBDE","ctxtcolor":"#151D25"}],"microlise_product_feature":"","microlise_product_features":[{"img_type":"landscape","image_id":27396,"image":"https:\/\/www.microlise.com\/wp-content\/uploads\/2020\/04\/trailer-performance-report.jpg","video_id":"","video":false,"title":"Surveillance des performances du syst\u00e8me de freinage de vos remorques","intro":"Les informations essentielles concernant les v\u00e9hicules sont directement accessibles depuis la cartographie et il suffit d\u2019un clic sur l\u2019ic\u00f4ne d\u2019une remorque pour d\u00e9terminer si l\u2019EBS fonctionne au niveau attendu.\r\n\r\nSi les performances globales affich\u00e9es n\u00e9cessitent plus d\u2019investigation, un rapport synth\u00e9tique et graphique peut \u00eatre appel\u00e9 pr\u00e9sentant des informations suppl\u00e9mentaires sur une p\u00e9riode donn\u00e9e avec un syst\u00e8me de code couleur (Vert Orange Rouge) permettant de prendre des d\u00e9cisions \u00e9clair\u00e9es concernant la programmation d\u2019une op\u00e9ration de maintenance n\u00e9cessaire ou le cas \u00e9ch\u00e9ant, d\u2019une intervention en urgence.","ctatext":"","ctaurl":false,"cbgcolor":"#01CBDE","ctxtcolor":"#151D25"},{"img_type":"landscape","image_id":18624,"image":"https:\/\/www.microlise.com\/wp-content\/uploads\/2020\/12\/load-security.jpg","video_id":"","video":false,"title":"Assurance & S\u00e9curisation de vos chargements","intro":"La solution Trailer Telematics permet de contr\u00f4ler que le bon tracteur est attel\u00e9 \u00e0 la bonne remorque.\r\n\r\nLes utilisateurs ont \u00e9galement la possibilit\u00e9 de s\u2019assurer que leurs remorques sont correctement s\u00e9curis\u00e9es afin de prot\u00e9ger les marchandises de valeur contre de potentiels voleurs. Des capteurs peuvent d\u00e9clencher des alarmes \u00e0 distance lorsque les portes de la remorque sont ouvertes dans un endroit inhabituel ou lorsque le v\u00e9hicule est d\u00e9plac\u00e9 de mani\u00e8re inattendue.","ctatext":"","ctaurl":false,"cbgcolor":"#01CBDE","ctxtcolor":"#151D25"},{"img_type":"landscape","image_id":18900,"image":"https:\/\/www.microlise.com\/wp-content\/uploads\/2020\/12\/multi-camera-solution.jpg","video_id":"","video":false,"title":"Des cam\u00e9ras pour la surveillance de la cargaison","intro":"Garantissez la s\u00e9curit\u00e9 de vos marchandises gr\u00e2ce \u00e0 une visibilit\u00e9 en temps r\u00e9el de l\u2019int\u00e9rieur de la remorque. T\u00e9l\u00e9chargez \u00e0 distance les s\u00e9quences vid\u00e9o \u00e0 chaque fois que cela est n\u00e9cessaire.","ctatext":"","ctaurl":false,"cbgcolor":"#01CBDE","ctxtcolor":"#151D25"},{"img_type":"landscape","image_id":27402,"image":"https:\/\/www.microlise.com\/wp-content\/uploads\/2020\/04\/temperature-audit.jpg","title":"Suivi des temp\u00e9ratures","intro":"La solution de suivi des temp\u00e9ratures Microlise conforme \u00e0 la norme EN12380 permet de s\u2019assurer que le maintien des temp\u00e9ratures dans la plage d'horaires donn\u00e9e a bien \u00e9t\u00e9 respect\u00e9 et que les marchandises transport\u00e9es n\u2019ont pas \u00e9t\u00e9 alt\u00e9r\u00e9es par des \u00e9carts de temp\u00e9ratures hors des limites param\u00e9tr\u00e9es.\r\n\r\nDes alertes peuvent \u00eatre envoy\u00e9es au conducteur sur son application mobile ou directement \u00e0 votre service d\u2019exploitation sous forme de notification d\u00e8s qu\u2019une anomalie est observ\u00e9e. Les temp\u00e9ratures enregistr\u00e9es sont consultables dans une suite de rapports synth\u00e9tiques accessibles directement depuis la carte (en cliquant sur un v\u00e9hicule) ou encore sur l\u2019\u00e9cran de suivi d\u2019ex\u00e9cution des tourn\u00e9es. Le syst\u00e8me peut \u00eatre connect\u00e9 aux groupes frigorifiques et aux enregistreurs de temp\u00e9rature du march\u00e9.","cbgcolor":"#01CBDE","ctxtcolor":"#151D25"}],"microlise_product_anfeature":"","microlise_product_anfeatures":[{"img_type":"landscape","cbgcolor":"#01CBDE","ctxtcolor":"#151D25"}],"microlise_product_thirdfeature":"","microlise_product_thirdfeatures":[{"img_type":"landscape","cbgcolor":"#01CBDE","ctxtcolor":"#151D25"}],"microlise_product_faq":"","microlise_product_faqtitle":"","microlise_product_faqs":"","microlise_product_strip":"","microlise_product_stitle":"","microlise_product_sbtntext":"","microlise_product_sbtnurl":""}},"_links":{"self":[{"href":"https:\/\/www.microlise.com\/fr\/wp-json\/wp\/v2\/product\/15770","targetHints":{"allow":["GET"]}}],"collection":[{"href":"https:\/\/www.microlise.com\/fr\/wp-json\/wp\/v2\/product"}],"about":[{"href":"https:\/\/www.microlise.com\/fr\/wp-json\/wp\/v2\/types\/product"}],"up":[{"embeddable":true,"href":"https:\/\/www.microlise.com\/fr\/wp-json\/wp\/v2\/product\/15752"}],"wp:featuredmedia":[{"embeddable":true,"href":"https:\/\/www.microlise.com\/fr\/wp-json\/wp\/v2\/media\/28755"}],"wp:attachment":[{"href":"https:\/\/www.microlise.com\/fr\/wp-json\/wp\/v2\/media?parent=15770"}],"wp:term":[{"taxonomy":"category","embeddable":true,"href":"https:\/\/www.microlise.com\/fr\/wp-json\/wp\/v2\/categories?post=15770"}],"curies":[{"name":"wp","href":"https:\/\/api.w.org\/{rel}","templated":true}]}}