{"id":15769,"date":"2019-11-07T09:00:00","date_gmt":"2019-11-07T09:00:00","guid":{"rendered":"https:\/\/www.microlise.com\/fleet-management\/analyse-de-flotte\/planification-et-optimisation\/"},"modified":"2025-06-26T09:37:05","modified_gmt":"2025-06-26T08:37:05","slug":"planification-et-optimisation","status":"publish","type":"product","link":"https:\/\/www.microlise.com\/fr\/produits\/analyse-de-flotte\/planification-et-optimisation\/","title":{"rendered":"Planification et optimisation"},"content":{"rendered":"<div class=\"wpb-content-wrapper\"><p>[vc_row][vc_column][vc_column_text]La solution de Planification et d\u2019Optimisation permet \u00e0 l\u2019utilisateur de planifier des missions de fa\u00e7on plus efficace et de prendre des d\u00e9cisions \u00e9clair\u00e9es \u00e0 partir d\u2019informations valid\u00e9es minimisant ainsi le besoin d\u2019intervention manuelle.<\/p>\n<p>Un algorithme flexible tr\u00e8s performant peut \u00eatre ajust\u00e9 pour tenir compte des probl\u00e8mes r\u00e9currents li\u00e9s aux retards, aux embouteillages ou aux commandes de derni\u00e8re minute. Il permet \u00e9galement de contr\u00f4ler l\u2019optimisation obtenue en utilisant des indicateurs de performance (KPIs) qui s\u2019actualisent en temps r\u00e9el.[\/vc_column_text][\/vc_column][\/vc_row]<\/p>\n<\/div>","protected":false},"excerpt":{"rendered":"<p>Notre nouvelle solution de Planification et d\u2019Optimisation apporte pr\u00e9cision et rapidit\u00e9 aux gestionnaires dans la cr\u00e9ation du planning de leurs tourn\u00e9es en r\u00e9duisant consid\u00e9rablement les co\u00fbts et d\u00e9lais d\u2019ex\u00e9cution. Elle propose une interface qui s\u2019int\u00e8gre parfaitement avec les diff\u00e9rents modules Microlise et en particulier avec notre solution Journey Management.<\/p>\n","protected":false},"featured_media":41172,"parent":15753,"menu_order":75,"template":"","categories":[1110],"class_list":["post-15769","product","type-product","status-publish","has-post-thumbnail","hentry","category-planning-optimisation-fr","entry"],"yoast_head":"<!-- This site is optimized with the Yoast SEO Premium plugin v25.7.1 (Yoast SEO v27.3) - https:\/\/yoast.com\/product\/yoast-seo-premium-wordpress\/ -->\n<title>Planification et optimisation - Microlise France<\/title>\n<meta name=\"description\" content=\"Notre nouvelle solution de Planification et d\u2019Optimisation apporte pr\u00e9cision et rapidit\u00e9 aux gestionnaires dans la cr\u00e9ation du planning de leurs tourn\u00e9es en r\u00e9duisant consid\u00e9rablement les co\u00fbts et d\u00e9lais d\u2019ex\u00e9cution. Elle propose une interface qui s\u2019int\u00e8gre parfaitement avec les diff\u00e9rents modules Microlise et en particulier avec notre solution Journey Management.\" \/>\n<meta name=\"robots\" content=\"index, follow, max-snippet:-1, max-image-preview:large, max-video-preview:-1\" \/>\n<link rel=\"canonical\" href=\"https:\/\/www.microlise.com\/fr\/produits\/analyse-de-flotte\/planification-et-optimisation\/\" \/>\n<meta property=\"og:locale\" content=\"fr_FR\" \/>\n<meta property=\"og:type\" content=\"article\" \/>\n<meta property=\"og:title\" content=\"Planification et optimisation\" \/>\n<meta property=\"og:description\" content=\"Notre nouvelle solution de Planification et d\u2019Optimisation apporte pr\u00e9cision et rapidit\u00e9 aux gestionnaires dans la cr\u00e9ation du planning de leurs tourn\u00e9es en r\u00e9duisant consid\u00e9rablement les co\u00fbts et d\u00e9lais d\u2019ex\u00e9cution. Elle propose une interface qui s\u2019int\u00e8gre parfaitement avec les diff\u00e9rents modules Microlise et en particulier avec notre solution Journey Management.\" \/>\n<meta property=\"og:url\" content=\"https:\/\/www.microlise.com\/fr\/produits\/analyse-de-flotte\/planification-et-optimisation\/\" \/>\n<meta property=\"og:site_name\" content=\"Microlise France\" \/>\n<meta property=\"article:publisher\" content=\"https:\/\/www.facebook.com\/MicroliseFR\/\" \/>\n<meta property=\"article:modified_time\" content=\"2025-06-26T08:37:05+00:00\" \/>\n<meta property=\"og:image\" content=\"https:\/\/www.microlise.com\/wp-content\/uploads\/2019\/11\/planning-and-optimisation.jpg\" \/>\n\t<meta property=\"og:image:width\" content=\"960\" \/>\n\t<meta property=\"og:image:height\" content=\"560\" \/>\n\t<meta property=\"og:image:type\" content=\"image\/jpeg\" \/>\n<meta name=\"twitter:card\" content=\"summary_large_image\" \/>\n<meta name=\"twitter:site\" content=\"@microlise\" \/>\n<meta name=\"twitter:label1\" content=\"Dur\u00e9e de lecture estim\u00e9e\" \/>\n\t<meta name=\"twitter:data1\" content=\"1 minute\" \/>\n<script type=\"application\/ld+json\" class=\"yoast-schema-graph\">{\"@context\":\"https:\\\/\\\/schema.org\",\"@graph\":[{\"@type\":\"WebPage\",\"@id\":\"https:\\\/\\\/www.microlise.com\\\/fr\\\/produits\\\/analyse-de-flotte\\\/planification-et-optimisation\\\/\",\"url\":\"https:\\\/\\\/www.microlise.com\\\/fr\\\/produits\\\/analyse-de-flotte\\\/planification-et-optimisation\\\/\",\"name\":\"Planification et optimisation - Microlise France\",\"isPartOf\":{\"@id\":\"https:\\\/\\\/www.microlise.com\\\/fr\\\/#website\"},\"primaryImageOfPage\":{\"@id\":\"https:\\\/\\\/www.microlise.com\\\/fr\\\/produits\\\/analyse-de-flotte\\\/planification-et-optimisation\\\/#primaryimage\"},\"image\":{\"@id\":\"https:\\\/\\\/www.microlise.com\\\/fr\\\/produits\\\/analyse-de-flotte\\\/planification-et-optimisation\\\/#primaryimage\"},\"thumbnailUrl\":\"https:\\\/\\\/www.microlise.com\\\/wp-content\\\/uploads\\\/2019\\\/11\\\/planning-and-optimisation.jpg\",\"datePublished\":\"2019-11-07T09:00:00+00:00\",\"dateModified\":\"2025-06-26T08:37:05+00:00\",\"description\":\"Notre nouvelle solution de Planification et d\u2019Optimisation apporte pr\u00e9cision et rapidit\u00e9 aux gestionnaires dans la cr\u00e9ation du planning de leurs tourn\u00e9es en r\u00e9duisant consid\u00e9rablement les co\u00fbts et d\u00e9lais d\u2019ex\u00e9cution. Elle propose une interface qui s\u2019int\u00e8gre parfaitement avec les diff\u00e9rents modules Microlise et en particulier avec notre solution Journey Management.\",\"breadcrumb\":{\"@id\":\"https:\\\/\\\/www.microlise.com\\\/fr\\\/produits\\\/analyse-de-flotte\\\/planification-et-optimisation\\\/#breadcrumb\"},\"inLanguage\":\"fr-FR\",\"potentialAction\":[{\"@type\":\"ReadAction\",\"target\":[\"https:\\\/\\\/www.microlise.com\\\/fr\\\/produits\\\/analyse-de-flotte\\\/planification-et-optimisation\\\/\"]}]},{\"@type\":\"ImageObject\",\"inLanguage\":\"fr-FR\",\"@id\":\"https:\\\/\\\/www.microlise.com\\\/fr\\\/produits\\\/analyse-de-flotte\\\/planification-et-optimisation\\\/#primaryimage\",\"url\":\"https:\\\/\\\/www.microlise.com\\\/wp-content\\\/uploads\\\/2019\\\/11\\\/planning-and-optimisation.jpg\",\"contentUrl\":\"https:\\\/\\\/www.microlise.com\\\/wp-content\\\/uploads\\\/2019\\\/11\\\/planning-and-optimisation.jpg\",\"width\":960,\"height\":560},{\"@type\":\"BreadcrumbList\",\"@id\":\"https:\\\/\\\/www.microlise.com\\\/fr\\\/produits\\\/analyse-de-flotte\\\/planification-et-optimisation\\\/#breadcrumb\",\"itemListElement\":[{\"@type\":\"ListItem\",\"position\":1,\"name\":\"Home\",\"item\":\"https:\\\/\\\/www.microlise.com\\\/fr\\\/\"},{\"@type\":\"ListItem\",\"position\":2,\"name\":\"Gestion des Tourn\u00e9es\",\"item\":\"https:\\\/\\\/www.microlise.com\\\/fr\\\/produits\\\/analyse-de-flotte\\\/\"},{\"@type\":\"ListItem\",\"position\":3,\"name\":\"Planification et optimisation\"}]},{\"@type\":\"WebSite\",\"@id\":\"https:\\\/\\\/www.microlise.com\\\/fr\\\/#website\",\"url\":\"https:\\\/\\\/www.microlise.com\\\/fr\\\/\",\"name\":\"Microlise France\",\"description\":\"Telematics, Transport &amp; Fleet Management Solutions\",\"publisher\":{\"@id\":\"https:\\\/\\\/www.microlise.com\\\/fr\\\/#organization\"},\"alternateName\":\"Microlise\",\"potentialAction\":[{\"@type\":\"SearchAction\",\"target\":{\"@type\":\"EntryPoint\",\"urlTemplate\":\"https:\\\/\\\/www.microlise.com\\\/fr\\\/?s={search_term_string}\"},\"query-input\":{\"@type\":\"PropertyValueSpecification\",\"valueRequired\":true,\"valueName\":\"search_term_string\"}}],\"inLanguage\":\"fr-FR\"},{\"@type\":\"Organization\",\"@id\":\"https:\\\/\\\/www.microlise.com\\\/fr\\\/#organization\",\"name\":\"Microlise\",\"alternateName\":\"Microlise\",\"url\":\"https:\\\/\\\/www.microlise.com\\\/fr\\\/\",\"logo\":{\"@type\":\"ImageObject\",\"inLanguage\":\"fr-FR\",\"@id\":\"https:\\\/\\\/www.microlise.com\\\/fr\\\/#\\\/schema\\\/logo\\\/image\\\/\",\"url\":\"https:\\\/\\\/www.microlise.com\\\/wp-content\\\/uploads\\\/2024\\\/06\\\/cropped-Microlise-Logo-Primary-Electric-1.png\",\"contentUrl\":\"https:\\\/\\\/www.microlise.com\\\/wp-content\\\/uploads\\\/2024\\\/06\\\/cropped-Microlise-Logo-Primary-Electric-1.png\",\"width\":235,\"height\":30,\"caption\":\"Microlise\"},\"image\":{\"@id\":\"https:\\\/\\\/www.microlise.com\\\/fr\\\/#\\\/schema\\\/logo\\\/image\\\/\"},\"sameAs\":[\"https:\\\/\\\/www.facebook.com\\\/MicroliseFR\\\/\",\"https:\\\/\\\/x.com\\\/microlise\",\"https:\\\/\\\/www.linkedin.com\\\/company\\\/microlise\",\"https:\\\/\\\/www.youtube.com\\\/user\\\/MicroliseLtd\"]}]}<\/script>\n<!-- \/ Yoast SEO Premium plugin. -->","yoast_head_json":{"title":"Planification et optimisation - Microlise France","description":"Notre nouvelle solution de Planification et d\u2019Optimisation apporte pr\u00e9cision et rapidit\u00e9 aux gestionnaires dans la cr\u00e9ation du planning de leurs tourn\u00e9es en r\u00e9duisant consid\u00e9rablement les co\u00fbts et d\u00e9lais d\u2019ex\u00e9cution. Elle propose une interface qui s\u2019int\u00e8gre parfaitement avec les diff\u00e9rents modules Microlise et en particulier avec notre solution Journey Management.","robots":{"index":"index","follow":"follow","max-snippet":"max-snippet:-1","max-image-preview":"max-image-preview:large","max-video-preview":"max-video-preview:-1"},"canonical":"https:\/\/www.microlise.com\/fr\/produits\/analyse-de-flotte\/planification-et-optimisation\/","og_locale":"fr_FR","og_type":"article","og_title":"Planification et optimisation","og_description":"Notre nouvelle solution de Planification et d\u2019Optimisation apporte pr\u00e9cision et rapidit\u00e9 aux gestionnaires dans la cr\u00e9ation du planning de leurs tourn\u00e9es en r\u00e9duisant consid\u00e9rablement les co\u00fbts et d\u00e9lais d\u2019ex\u00e9cution. Elle propose une interface qui s\u2019int\u00e8gre parfaitement avec les diff\u00e9rents modules Microlise et en particulier avec notre solution Journey Management.","og_url":"https:\/\/www.microlise.com\/fr\/produits\/analyse-de-flotte\/planification-et-optimisation\/","og_site_name":"Microlise France","article_publisher":"https:\/\/www.facebook.com\/MicroliseFR\/","article_modified_time":"2025-06-26T08:37:05+00:00","og_image":[{"width":960,"height":560,"url":"https:\/\/www.microlise.com\/wp-content\/uploads\/2019\/11\/planning-and-optimisation.jpg","type":"image\/jpeg"}],"twitter_card":"summary_large_image","twitter_site":"@microlise","twitter_misc":{"Dur\u00e9e de lecture estim\u00e9e":"1 minute"},"schema":{"@context":"https:\/\/schema.org","@graph":[{"@type":"WebPage","@id":"https:\/\/www.microlise.com\/fr\/produits\/analyse-de-flotte\/planification-et-optimisation\/","url":"https:\/\/www.microlise.com\/fr\/produits\/analyse-de-flotte\/planification-et-optimisation\/","name":"Planification et optimisation - Microlise France","isPartOf":{"@id":"https:\/\/www.microlise.com\/fr\/#website"},"primaryImageOfPage":{"@id":"https:\/\/www.microlise.com\/fr\/produits\/analyse-de-flotte\/planification-et-optimisation\/#primaryimage"},"image":{"@id":"https:\/\/www.microlise.com\/fr\/produits\/analyse-de-flotte\/planification-et-optimisation\/#primaryimage"},"thumbnailUrl":"https:\/\/www.microlise.com\/wp-content\/uploads\/2019\/11\/planning-and-optimisation.jpg","datePublished":"2019-11-07T09:00:00+00:00","dateModified":"2025-06-26T08:37:05+00:00","description":"Notre nouvelle solution de Planification et d\u2019Optimisation apporte pr\u00e9cision et rapidit\u00e9 aux gestionnaires dans la cr\u00e9ation du planning de leurs tourn\u00e9es en r\u00e9duisant consid\u00e9rablement les co\u00fbts et d\u00e9lais d\u2019ex\u00e9cution. Elle propose une interface qui s\u2019int\u00e8gre parfaitement avec les diff\u00e9rents modules Microlise et en particulier avec notre solution Journey Management.","breadcrumb":{"@id":"https:\/\/www.microlise.com\/fr\/produits\/analyse-de-flotte\/planification-et-optimisation\/#breadcrumb"},"inLanguage":"fr-FR","potentialAction":[{"@type":"ReadAction","target":["https:\/\/www.microlise.com\/fr\/produits\/analyse-de-flotte\/planification-et-optimisation\/"]}]},{"@type":"ImageObject","inLanguage":"fr-FR","@id":"https:\/\/www.microlise.com\/fr\/produits\/analyse-de-flotte\/planification-et-optimisation\/#primaryimage","url":"https:\/\/www.microlise.com\/wp-content\/uploads\/2019\/11\/planning-and-optimisation.jpg","contentUrl":"https:\/\/www.microlise.com\/wp-content\/uploads\/2019\/11\/planning-and-optimisation.jpg","width":960,"height":560},{"@type":"BreadcrumbList","@id":"https:\/\/www.microlise.com\/fr\/produits\/analyse-de-flotte\/planification-et-optimisation\/#breadcrumb","itemListElement":[{"@type":"ListItem","position":1,"name":"Home","item":"https:\/\/www.microlise.com\/fr\/"},{"@type":"ListItem","position":2,"name":"Gestion des Tourn\u00e9es","item":"https:\/\/www.microlise.com\/fr\/produits\/analyse-de-flotte\/"},{"@type":"ListItem","position":3,"name":"Planification et optimisation"}]},{"@type":"WebSite","@id":"https:\/\/www.microlise.com\/fr\/#website","url":"https:\/\/www.microlise.com\/fr\/","name":"Microlise France","description":"Telematics, Transport &amp; Fleet Management Solutions","publisher":{"@id":"https:\/\/www.microlise.com\/fr\/#organization"},"alternateName":"Microlise","potentialAction":[{"@type":"SearchAction","target":{"@type":"EntryPoint","urlTemplate":"https:\/\/www.microlise.com\/fr\/?s={search_term_string}"},"query-input":{"@type":"PropertyValueSpecification","valueRequired":true,"valueName":"search_term_string"}}],"inLanguage":"fr-FR"},{"@type":"Organization","@id":"https:\/\/www.microlise.com\/fr\/#organization","name":"Microlise","alternateName":"Microlise","url":"https:\/\/www.microlise.com\/fr\/","logo":{"@type":"ImageObject","inLanguage":"fr-FR","@id":"https:\/\/www.microlise.com\/fr\/#\/schema\/logo\/image\/","url":"https:\/\/www.microlise.com\/wp-content\/uploads\/2024\/06\/cropped-Microlise-Logo-Primary-Electric-1.png","contentUrl":"https:\/\/www.microlise.com\/wp-content\/uploads\/2024\/06\/cropped-Microlise-Logo-Primary-Electric-1.png","width":235,"height":30,"caption":"Microlise"},"image":{"@id":"https:\/\/www.microlise.com\/fr\/#\/schema\/logo\/image\/"},"sameAs":["https:\/\/www.facebook.com\/MicroliseFR\/","https:\/\/x.com\/microlise","https:\/\/www.linkedin.com\/company\/microlise","https:\/\/www.youtube.com\/user\/MicroliseLtd"]}]}},"cmb2":{"microlise_product_metabox":{"microlise_product_header":"","microlise_product_title":"","microlise_product_use_title":"","microlise_product_intro":"Notre nouvelle solution de Planification et d\u2019Optimisation apporte pr\u00e9cision et rapidit\u00e9 aux gestionnaires dans la cr\u00e9ation du planning de leurs tourn\u00e9es en r\u00e9duisant consid\u00e9rablement les co\u00fbts et d\u00e9lais d\u2019ex\u00e9cution. Elle propose une interface qui s\u2019int\u00e8gre parfaitement avec les diff\u00e9rents modules Microlise et en particulier avec notre solution Journey Management.","microlise_product_header_image":"https:\/\/www.microlise.com\/wp-content\/uploads\/2016\/09\/swirls-2.jpg","microlise_product_header_image_id":"40812","microlise_product_use_header_image":"on","microlise_product_cta":"","microlise_product_hctatxt":"Une d\u00e9monstration personnalis\u00e9e","microlise_product_hctaurl":"https:\/\/www.microlise.com\/fr\/demo-demande\/","microlise_product_hctabgcolor":"#01CBDE","microlise_product_hctatcolor":"#151D25","microlise_product_hctatxt2":"","microlise_product_hctaurl2":"","microlise_product_hctabgcolor2":"","microlise_product_hctatcolor2":"#151D25","microlise_product_content":"","microlise_product_sub_title":"Planification et Optimisation","microlise_product_vtype":"vimeo","microlise_product_VID":"666690910","microlise_product_Vcode":"","microlise_product_case_study":"","microlise_product_cimage":"","microlise_product_cimage_id":"","microlise_product_ctitle":"","microlise_product_ct_color":"#151D25","microlise_product_ccontent":"","microlise_product_ccontent_color":"#151D25","microlise_product_crbtn_text":"","microlise_product_crbtn_link":"","microlise_product_crbbgcolor":"#01CBDE","microlise_product_crbtcolor":"#151D25","microlise_product_crbgcolor":"#DCFF66","microlise_product_brochure":"","microlise_product_brtype":"brochure","microlise_product_bimage":"https:\/\/www.microlise.com\/wp-content\/uploads\/2019\/11\/FR_Overview-Borchure_Open-and-Closed-Mockup-1-1.jpg","microlise_product_bimage_id":"46595","microlise_product_btitle":"Pour en savoir plus, t\u00e9l\u00e9charger notre brochure produit","microlise_product_bt_color":"#151D25","microlise_product_bcontent":"D\u00e9couvrez comment les solutions Microlise permettent aux gestionnaires de flotte de proposer un meilleur service \u00e0 leurs clients tout en am\u00e9liorant la productivit\u00e9, la s\u00e9curit\u00e9 et en r\u00e9duisant les co\u00fbts et l'impact sur l'environnement","microlise_product_bcontent_color":"#151D25","microlise_product_brbtn_text":"T\u00e9l\u00e9charger la brochure","microlise_product_brbbgcolor":"#01CBDE","microlise_product_brbtcolor":"#151D25","microlise_product_brbgcolor":"#DCFF66","microlise_product_hide_brochure":"","microlise_product_rimage":"","microlise_product_rimage_id":"","microlise_product_rtitle":"","microlise_product_rt_color":"","microlise_product_rcontent":"","microlise_product_rcontent_color":"","microlise_product_rebgcolor":"","microlise_product_rebtn_text":"","microlise_product_hide_report":"","microlise_product_benefit":"","microlise_product_bctatxt":"Demander une d\u00e9mo","microlise_product_bctaurl":"https:\/\/www.microlise.com\/fr\/demo-demande\/","microlise_product_bctabgcolor":"#dcff66","microlise_product_bctatcolor":"#151D25","microlise_product_benefits":[{"icon_id":40687,"icon":"https:\/\/www.microlise.com\/wp-content\/uploads\/2024\/06\/reduce-planning-time.png","title":"Une planification plus rapide","intro":"R\u00e9duisez la dur\u00e9e de planification et les interventions manuelles, et int\u00e9grez facilement vos commandes de derni\u00e8re minute","ctatext":"","ctaurl":false,"cbgcolor":"#01CBDE","ctxtcolor":"#151D25"},{"icon_id":40591,"icon":"https:\/\/www.microlise.com\/wp-content\/uploads\/2024\/06\/maximise-fleet-efficiency.png","title":"Une flotte plus efficace","intro":"Am\u00e9liorez l\u2019efficacit\u00e9 op\u00e9rationnelle de votre flotte, son utilisation et votre service client","ctatext":"","ctaurl":false,"cbgcolor":"#01CBDE","ctxtcolor":"#151D25"},{"icon_id":40693,"icon":"https:\/\/www.microlise.com\/wp-content\/uploads\/2024\/06\/reduce-risk.png","title":"Des co\u00fbts r\u00e9duits au minimum","intro":"Minimisez vos co\u00fbts, les kilom\u00e8tres parcourus, la consommation de carburant et votre impact sur l\u2019environnement.","cbgcolor":"#01CBDE","ctxtcolor":"#151D25"}],"microlise_product_feature":"","microlise_product_features":[{"img_type":"landscape","image_id":31390,"image":"https:\/\/www.microlise.com\/wp-content\/uploads\/2019\/11\/MicrosoftTeams-image.png","video_id":"","video":false,"title":"R\u00e9duire le temps de planification","intro":"Relancez les itin\u00e9raires modifi\u00e9s manuellement afin d\u2019optimiser l\u2019utilisation de vos ressources\u2026 Ou optez pour une planification manuelle que vous optimiserez ensuite.","ctatext":"","ctaurl":false,"cbgcolor":"#01CBDE","ctxtcolor":"#151D25"},{"img_type":"landscape","image_id":31384,"image":"https:\/\/www.microlise.com\/wp-content\/uploads\/2019\/11\/MicrosoftTeams-image-1.png","video_id":"","video":false,"title":"Gagner en pr\u00e9cision","intro":"Hi\u00e9rarchisez vos indices de performance cl\u00e9s (KPIs). La solution vous permet de suivre en temps r\u00e9el l\u2019avancement de l\u2019algorithme et de d\u00e9cider quand l\u2019optimisation a r\u00e9pondu \u00e0 vos besoins une fois les KPI atteints.","ctatext":"","ctaurl":false,"cbgcolor":"#01CBDE","ctxtcolor":"#151D25"},{"img_type":"landscape","image_id":31378,"image":"https:\/\/www.microlise.com\/wp-content\/uploads\/2019\/11\/MicrosoftTeams-image-2.png","video_id":"","video":false,"title":"Une solution ergonomique, cibl\u00e9e et flexible","intro":"Les itin\u00e9raires cr\u00e9\u00e9s par notre solution tiennent compte des r\u00e9alit\u00e9s du terrain, n\u00e9cessitant ainsi un minimum d\u2019interventions de votre part. Gr\u00e2ce \u00e0 la carte, vous pouvez visualiser l\u2019ensemble des itin\u00e9raires, ou uniquement ceux qui vous int\u00e9ressent. Il vous est ainsi plus facile de rep\u00e9rer les ajustements n\u00e9cessaires.","ctatext":"","ctaurl":false,"cbgcolor":"#01CBDE","ctxtcolor":"#151D25"},{"img_type":"landscape","image_id":28702,"image":"https:\/\/www.microlise.com\/wp-content\/uploads\/2019\/11\/PO-04-Exception-Handling.png","video_id":30617,"video":"https:\/\/www.microlise.com\/wp-content\/uploads\/2019\/11\/PO-04-Exception-Handling-2.mp4","title":"Une ergonomie adapt\u00e9e pour gagner en efficacit\u00e9","intro":"L\u2019affichage graphique chronologique et le glisser\/d\u00e9placer am\u00e9liore l\u2019affectation des missions, l\u2019ajustement des itin\u00e9raires et la r\u00e9solution des anomalies. Les anomalies sont mises en avant et, gr\u00e2ce \u00e0 la chronologie, vous pouvez ajouter des missions \u00e0 vos itin\u00e9raires ou affecter de nouvelles ressources selon vos besoins.","ctatext":"","ctaurl":false,"cbgcolor":"#01CBDE","ctxtcolor":"#151D25"},{"img_type":"landscape","image_id":28070,"image":"https:\/\/www.microlise.com\/wp-content\/uploads\/2019\/11\/PO-05-Forward-Execution_Edit.png","video_id":30623,"video":"https:\/\/www.microlise.com\/wp-content\/uploads\/2019\/11\/PO-05-Forward-Execution_Edit.mp4","title":"Parfaitement int\u00e9gr\u00e9e","intro":"En un clic, votre planning est envoy\u00e9 au Sui d\u2019ex\u00e9cution Microlise pour une ex\u00e9cution sans encombre.\r\n\r\nLes missions peuvent \u00eatre import\u00e9es \u00e0 l\u2019aide d\u2019APIs et, une fois finalis\u00e9, le planning peut \u00eatre export\u00e9 sous divers formats.","cbgcolor":"#01CBDE","ctxtcolor":"#151D25"}],"microlise_product_anfeature":"","microlise_product_anfeatures":[{"img_type":"landscape","cbgcolor":"#01CBDE","ctxtcolor":"#151D25"}],"microlise_product_thirdfeature":"","microlise_product_thirdfeatures":[{"img_type":"landscape","cbgcolor":"#01CBDE","ctxtcolor":"#151D25"}],"microlise_product_faq":"","microlise_product_faqtitle":"","microlise_product_faqs":"","microlise_product_strip":"","microlise_product_stitle":"","microlise_product_sbtntext":"","microlise_product_sbtnurl":""}},"_links":{"self":[{"href":"https:\/\/www.microlise.com\/fr\/wp-json\/wp\/v2\/product\/15769","targetHints":{"allow":["GET"]}}],"collection":[{"href":"https:\/\/www.microlise.com\/fr\/wp-json\/wp\/v2\/product"}],"about":[{"href":"https:\/\/www.microlise.com\/fr\/wp-json\/wp\/v2\/types\/product"}],"up":[{"embeddable":true,"href":"https:\/\/www.microlise.com\/fr\/wp-json\/wp\/v2\/product\/15753"}],"wp:featuredmedia":[{"embeddable":true,"href":"https:\/\/www.microlise.com\/fr\/wp-json\/wp\/v2\/media\/41172"}],"wp:attachment":[{"href":"https:\/\/www.microlise.com\/fr\/wp-json\/wp\/v2\/media?parent=15769"}],"wp:term":[{"taxonomy":"category","embeddable":true,"href":"https:\/\/www.microlise.com\/fr\/wp-json\/wp\/v2\/categories?post=15769"}],"curies":[{"name":"wp","href":"https:\/\/api.w.org\/{rel}","templated":true}]}}