{"id":15768,"date":"2016-10-17T11:42:00","date_gmt":"2016-10-17T10:42:00","guid":{"rendered":"https:\/\/www.microlise.com\/fleet-management\/gestion-de-la-livraison\/sous-traitant-gestion\/"},"modified":"2024-06-12T11:55:49","modified_gmt":"2024-06-12T10:55:49","slug":"sous-traitant-gestion","status":"publish","type":"product","link":"https:\/\/www.microlise.com\/fr\/produits\/gestion-de-la-livraison\/sous-traitant-gestion\/","title":{"rendered":"Gestion des sous-traitants"},"content":{"rendered":"<p>Cette application propose la configuration d&rsquo;une liste d&rsquo;actions (workflow) bas\u00e9e sur vos contrats et vous est propos\u00e9e selon un mode de paiement simple et \u00e9conomique, selon l&rsquo;utilisation (pay-as-you-go). Elle fonctionne parfaitement avec la solution de Preuve de Livraison POD Microlise pour vous offrir la flexibilit\u00e9 n\u00e9cessaire pour g\u00e9rer facilement vos sous-traitants et conserver une visibilit\u00e9 totale sur l&rsquo;ensemble de vos prestations.<\/p>\n","protected":false},"excerpt":{"rendered":"<p>Solution de suivi et de preuve de livraison riche en fonctionnalit\u00e9s, disponible via le Google Play Store pour \u00eatre utilis\u00e9e sur les appareils Android, SmartPOD facilite la gestion des sous-traitants.<\/p>\n","protected":false},"featured_media":41191,"parent":15767,"menu_order":134,"template":"","categories":[1116],"class_list":["post-15768","product","type-product","status-publish","has-post-thumbnail","hentry","category-sub-contractor-management-fr","entry"],"yoast_head":"<!-- This site is optimized with the Yoast SEO Premium plugin v25.7.1 (Yoast SEO v27.3) - https:\/\/yoast.com\/product\/yoast-seo-premium-wordpress\/ -->\n<title>Application de preuve de livraison | application de livraison de la flotte | Application smartphone POD<\/title>\n<meta name=\"description\" content=\"Une solution de preuve de livraison riche en fonctionnalit\u00e9s, disponible via le Google Play Store pour une utilisation sur les appareils Android, SmartPOD, il est facile de g\u00e9rer les sous-traitants.\" \/>\n<meta name=\"robots\" content=\"index, follow, max-snippet:-1, max-image-preview:large, max-video-preview:-1\" \/>\n<link rel=\"canonical\" href=\"https:\/\/www.microlise.com\/fr\/produits\/gestion-de-la-livraison\/sous-traitant-gestion\/\" \/>\n<meta property=\"og:locale\" content=\"fr_FR\" \/>\n<meta property=\"og:type\" content=\"article\" \/>\n<meta property=\"og:title\" content=\"Gestion des sous-traitants\" \/>\n<meta property=\"og:description\" content=\"Une solution de preuve de livraison riche en fonctionnalit\u00e9s, disponible via le Google Play Store pour une utilisation sur les appareils Android, SmartPOD, il est facile de g\u00e9rer les sous-traitants.\" \/>\n<meta property=\"og:url\" content=\"https:\/\/www.microlise.com\/fr\/produits\/gestion-de-la-livraison\/sous-traitant-gestion\/\" \/>\n<meta property=\"og:site_name\" content=\"Microlise France\" \/>\n<meta property=\"article:publisher\" content=\"https:\/\/www.facebook.com\/MicroliseFR\/\" \/>\n<meta property=\"article:modified_time\" content=\"2024-06-12T10:55:49+00:00\" \/>\n<meta property=\"og:image\" content=\"https:\/\/www.microlise.com\/wp-content\/uploads\/2016\/10\/sub-contractor-va.jpg\" \/>\n\t<meta property=\"og:image:width\" content=\"960\" \/>\n\t<meta property=\"og:image:height\" content=\"560\" \/>\n\t<meta property=\"og:image:type\" content=\"image\/jpeg\" \/>\n<meta name=\"twitter:card\" content=\"summary_large_image\" \/>\n<meta name=\"twitter:site\" content=\"@microlise\" \/>\n<meta name=\"twitter:label1\" content=\"Dur\u00e9e de lecture estim\u00e9e\" \/>\n\t<meta name=\"twitter:data1\" content=\"1 minute\" \/>\n<script type=\"application\/ld+json\" class=\"yoast-schema-graph\">{\"@context\":\"https:\\\/\\\/schema.org\",\"@graph\":[{\"@type\":\"WebPage\",\"@id\":\"https:\\\/\\\/www.microlise.com\\\/fr\\\/produits\\\/gestion-de-la-livraison\\\/sous-traitant-gestion\\\/\",\"url\":\"https:\\\/\\\/www.microlise.com\\\/fr\\\/produits\\\/gestion-de-la-livraison\\\/sous-traitant-gestion\\\/\",\"name\":\"Application de preuve de livraison | application de livraison de la flotte | Application smartphone POD\",\"isPartOf\":{\"@id\":\"https:\\\/\\\/www.microlise.com\\\/fr\\\/#website\"},\"primaryImageOfPage\":{\"@id\":\"https:\\\/\\\/www.microlise.com\\\/fr\\\/produits\\\/gestion-de-la-livraison\\\/sous-traitant-gestion\\\/#primaryimage\"},\"image\":{\"@id\":\"https:\\\/\\\/www.microlise.com\\\/fr\\\/produits\\\/gestion-de-la-livraison\\\/sous-traitant-gestion\\\/#primaryimage\"},\"thumbnailUrl\":\"https:\\\/\\\/www.microlise.com\\\/wp-content\\\/uploads\\\/2016\\\/10\\\/sub-contractor-va.jpg\",\"datePublished\":\"2016-10-17T10:42:00+00:00\",\"dateModified\":\"2024-06-12T10:55:49+00:00\",\"description\":\"Une solution de preuve de livraison riche en fonctionnalit\u00e9s, disponible via le Google Play Store pour une utilisation sur les appareils Android, SmartPOD, il est facile de g\u00e9rer les sous-traitants.\",\"breadcrumb\":{\"@id\":\"https:\\\/\\\/www.microlise.com\\\/fr\\\/produits\\\/gestion-de-la-livraison\\\/sous-traitant-gestion\\\/#breadcrumb\"},\"inLanguage\":\"fr-FR\",\"potentialAction\":[{\"@type\":\"ReadAction\",\"target\":[\"https:\\\/\\\/www.microlise.com\\\/fr\\\/produits\\\/gestion-de-la-livraison\\\/sous-traitant-gestion\\\/\"]}]},{\"@type\":\"ImageObject\",\"inLanguage\":\"fr-FR\",\"@id\":\"https:\\\/\\\/www.microlise.com\\\/fr\\\/produits\\\/gestion-de-la-livraison\\\/sous-traitant-gestion\\\/#primaryimage\",\"url\":\"https:\\\/\\\/www.microlise.com\\\/wp-content\\\/uploads\\\/2016\\\/10\\\/sub-contractor-va.jpg\",\"contentUrl\":\"https:\\\/\\\/www.microlise.com\\\/wp-content\\\/uploads\\\/2016\\\/10\\\/sub-contractor-va.jpg\",\"width\":960,\"height\":560},{\"@type\":\"BreadcrumbList\",\"@id\":\"https:\\\/\\\/www.microlise.com\\\/fr\\\/produits\\\/gestion-de-la-livraison\\\/sous-traitant-gestion\\\/#breadcrumb\",\"itemListElement\":[{\"@type\":\"ListItem\",\"position\":1,\"name\":\"Home\",\"item\":\"https:\\\/\\\/www.microlise.com\\\/fr\\\/\"},{\"@type\":\"ListItem\",\"position\":2,\"name\":\"Gestion des Livraisons\",\"item\":\"https:\\\/\\\/www.microlise.com\\\/fr\\\/produits\\\/gestion-de-la-livraison\\\/\"},{\"@type\":\"ListItem\",\"position\":3,\"name\":\"Gestion des sous-traitants\"}]},{\"@type\":\"WebSite\",\"@id\":\"https:\\\/\\\/www.microlise.com\\\/fr\\\/#website\",\"url\":\"https:\\\/\\\/www.microlise.com\\\/fr\\\/\",\"name\":\"Microlise France\",\"description\":\"Telematics, Transport &amp; Fleet Management Solutions\",\"publisher\":{\"@id\":\"https:\\\/\\\/www.microlise.com\\\/fr\\\/#organization\"},\"alternateName\":\"Microlise\",\"potentialAction\":[{\"@type\":\"SearchAction\",\"target\":{\"@type\":\"EntryPoint\",\"urlTemplate\":\"https:\\\/\\\/www.microlise.com\\\/fr\\\/?s={search_term_string}\"},\"query-input\":{\"@type\":\"PropertyValueSpecification\",\"valueRequired\":true,\"valueName\":\"search_term_string\"}}],\"inLanguage\":\"fr-FR\"},{\"@type\":\"Organization\",\"@id\":\"https:\\\/\\\/www.microlise.com\\\/fr\\\/#organization\",\"name\":\"Microlise\",\"alternateName\":\"Microlise\",\"url\":\"https:\\\/\\\/www.microlise.com\\\/fr\\\/\",\"logo\":{\"@type\":\"ImageObject\",\"inLanguage\":\"fr-FR\",\"@id\":\"https:\\\/\\\/www.microlise.com\\\/fr\\\/#\\\/schema\\\/logo\\\/image\\\/\",\"url\":\"https:\\\/\\\/www.microlise.com\\\/wp-content\\\/uploads\\\/2024\\\/06\\\/cropped-Microlise-Logo-Primary-Electric-1.png\",\"contentUrl\":\"https:\\\/\\\/www.microlise.com\\\/wp-content\\\/uploads\\\/2024\\\/06\\\/cropped-Microlise-Logo-Primary-Electric-1.png\",\"width\":235,\"height\":30,\"caption\":\"Microlise\"},\"image\":{\"@id\":\"https:\\\/\\\/www.microlise.com\\\/fr\\\/#\\\/schema\\\/logo\\\/image\\\/\"},\"sameAs\":[\"https:\\\/\\\/www.facebook.com\\\/MicroliseFR\\\/\",\"https:\\\/\\\/x.com\\\/microlise\",\"https:\\\/\\\/www.linkedin.com\\\/company\\\/microlise\",\"https:\\\/\\\/www.youtube.com\\\/user\\\/MicroliseLtd\"]}]}<\/script>\n<!-- \/ Yoast SEO Premium plugin. -->","yoast_head_json":{"title":"Application de preuve de livraison | application de livraison de la flotte | Application smartphone POD","description":"Une solution de preuve de livraison riche en fonctionnalit\u00e9s, disponible via le Google Play Store pour une utilisation sur les appareils Android, SmartPOD, il est facile de g\u00e9rer les sous-traitants.","robots":{"index":"index","follow":"follow","max-snippet":"max-snippet:-1","max-image-preview":"max-image-preview:large","max-video-preview":"max-video-preview:-1"},"canonical":"https:\/\/www.microlise.com\/fr\/produits\/gestion-de-la-livraison\/sous-traitant-gestion\/","og_locale":"fr_FR","og_type":"article","og_title":"Gestion des sous-traitants","og_description":"Une solution de preuve de livraison riche en fonctionnalit\u00e9s, disponible via le Google Play Store pour une utilisation sur les appareils Android, SmartPOD, il est facile de g\u00e9rer les sous-traitants.","og_url":"https:\/\/www.microlise.com\/fr\/produits\/gestion-de-la-livraison\/sous-traitant-gestion\/","og_site_name":"Microlise France","article_publisher":"https:\/\/www.facebook.com\/MicroliseFR\/","article_modified_time":"2024-06-12T10:55:49+00:00","og_image":[{"width":960,"height":560,"url":"https:\/\/www.microlise.com\/wp-content\/uploads\/2016\/10\/sub-contractor-va.jpg","type":"image\/jpeg"}],"twitter_card":"summary_large_image","twitter_site":"@microlise","twitter_misc":{"Dur\u00e9e de lecture estim\u00e9e":"1 minute"},"schema":{"@context":"https:\/\/schema.org","@graph":[{"@type":"WebPage","@id":"https:\/\/www.microlise.com\/fr\/produits\/gestion-de-la-livraison\/sous-traitant-gestion\/","url":"https:\/\/www.microlise.com\/fr\/produits\/gestion-de-la-livraison\/sous-traitant-gestion\/","name":"Application de preuve de livraison | application de livraison de la flotte | Application smartphone POD","isPartOf":{"@id":"https:\/\/www.microlise.com\/fr\/#website"},"primaryImageOfPage":{"@id":"https:\/\/www.microlise.com\/fr\/produits\/gestion-de-la-livraison\/sous-traitant-gestion\/#primaryimage"},"image":{"@id":"https:\/\/www.microlise.com\/fr\/produits\/gestion-de-la-livraison\/sous-traitant-gestion\/#primaryimage"},"thumbnailUrl":"https:\/\/www.microlise.com\/wp-content\/uploads\/2016\/10\/sub-contractor-va.jpg","datePublished":"2016-10-17T10:42:00+00:00","dateModified":"2024-06-12T10:55:49+00:00","description":"Une solution de preuve de livraison riche en fonctionnalit\u00e9s, disponible via le Google Play Store pour une utilisation sur les appareils Android, SmartPOD, il est facile de g\u00e9rer les sous-traitants.","breadcrumb":{"@id":"https:\/\/www.microlise.com\/fr\/produits\/gestion-de-la-livraison\/sous-traitant-gestion\/#breadcrumb"},"inLanguage":"fr-FR","potentialAction":[{"@type":"ReadAction","target":["https:\/\/www.microlise.com\/fr\/produits\/gestion-de-la-livraison\/sous-traitant-gestion\/"]}]},{"@type":"ImageObject","inLanguage":"fr-FR","@id":"https:\/\/www.microlise.com\/fr\/produits\/gestion-de-la-livraison\/sous-traitant-gestion\/#primaryimage","url":"https:\/\/www.microlise.com\/wp-content\/uploads\/2016\/10\/sub-contractor-va.jpg","contentUrl":"https:\/\/www.microlise.com\/wp-content\/uploads\/2016\/10\/sub-contractor-va.jpg","width":960,"height":560},{"@type":"BreadcrumbList","@id":"https:\/\/www.microlise.com\/fr\/produits\/gestion-de-la-livraison\/sous-traitant-gestion\/#breadcrumb","itemListElement":[{"@type":"ListItem","position":1,"name":"Home","item":"https:\/\/www.microlise.com\/fr\/"},{"@type":"ListItem","position":2,"name":"Gestion des Livraisons","item":"https:\/\/www.microlise.com\/fr\/produits\/gestion-de-la-livraison\/"},{"@type":"ListItem","position":3,"name":"Gestion des sous-traitants"}]},{"@type":"WebSite","@id":"https:\/\/www.microlise.com\/fr\/#website","url":"https:\/\/www.microlise.com\/fr\/","name":"Microlise France","description":"Telematics, Transport &amp; Fleet Management Solutions","publisher":{"@id":"https:\/\/www.microlise.com\/fr\/#organization"},"alternateName":"Microlise","potentialAction":[{"@type":"SearchAction","target":{"@type":"EntryPoint","urlTemplate":"https:\/\/www.microlise.com\/fr\/?s={search_term_string}"},"query-input":{"@type":"PropertyValueSpecification","valueRequired":true,"valueName":"search_term_string"}}],"inLanguage":"fr-FR"},{"@type":"Organization","@id":"https:\/\/www.microlise.com\/fr\/#organization","name":"Microlise","alternateName":"Microlise","url":"https:\/\/www.microlise.com\/fr\/","logo":{"@type":"ImageObject","inLanguage":"fr-FR","@id":"https:\/\/www.microlise.com\/fr\/#\/schema\/logo\/image\/","url":"https:\/\/www.microlise.com\/wp-content\/uploads\/2024\/06\/cropped-Microlise-Logo-Primary-Electric-1.png","contentUrl":"https:\/\/www.microlise.com\/wp-content\/uploads\/2024\/06\/cropped-Microlise-Logo-Primary-Electric-1.png","width":235,"height":30,"caption":"Microlise"},"image":{"@id":"https:\/\/www.microlise.com\/fr\/#\/schema\/logo\/image\/"},"sameAs":["https:\/\/www.facebook.com\/MicroliseFR\/","https:\/\/x.com\/microlise","https:\/\/www.linkedin.com\/company\/microlise","https:\/\/www.youtube.com\/user\/MicroliseLtd"]}]}},"cmb2":{"microlise_product_metabox":{"microlise_product_header":"","microlise_product_title":"","microlise_product_use_title":"","microlise_product_intro":"","microlise_product_header_image":"https:\/\/www.microlise.com\/wp-content\/uploads\/2020\/04\/swirls-4.jpg","microlise_product_header_image_id":"40825","microlise_product_use_header_image":"on","microlise_product_cta":"","microlise_product_hctatxt":"Une d\u00e9monstration personnalis\u00e9e","microlise_product_hctaurl":"https:\/\/www.microlise.com\/fr\/demo-demande\/","microlise_product_hctabgcolor":"#dcff66","microlise_product_hctatcolor":"#151D25","microlise_product_hctatxt2":"","microlise_product_hctaurl2":"","microlise_product_hctabgcolor2":"","microlise_product_hctatcolor2":"#151D25","microlise_product_content":"","microlise_product_sub_title":"","microlise_product_vtype":"vimeo","microlise_product_VID":"666691938","microlise_product_Vcode":"","microlise_product_case_study":"","microlise_product_cimage":"","microlise_product_cimage_id":"","microlise_product_ctitle":"","microlise_product_ct_color":"#151D25","microlise_product_ccontent":"","microlise_product_ccontent_color":"#151D25","microlise_product_crbtn_text":"","microlise_product_crbtn_link":"","microlise_product_crbbgcolor":"#01CBDE","microlise_product_crbtcolor":"#151D25","microlise_product_crbgcolor":"#DCFF66","microlise_product_brochure":"","microlise_product_brtype":"brochure","microlise_product_bimage":"https:\/\/www.microlise.com\/wp-content\/uploads\/2014\/11\/product-overview-cover-fr.png","microlise_product_bimage_id":"23503","microlise_product_btitle":"Pour en savoir plus, t\u00e9l\u00e9charger notre brochure produit","microlise_product_bt_color":"#151D25","microlise_product_bcontent":"D\u00e9couvrez comment les solutions Microlise permettent aux gestionnaires de flotte de proposer un meilleur service \u00e0 leurs clients tout en am\u00e9liorant la productivit\u00e9, la s\u00e9curit\u00e9 et en r\u00e9duisant les co\u00fbts et l'impact sur l'environnement.","microlise_product_bcontent_color":"#151D25","microlise_product_brbtn_text":"T\u00e9l\u00e9charger la brochure","microlise_product_brbbgcolor":"#01CBDE","microlise_product_brbtcolor":"#151D25","microlise_product_brbgcolor":"#DCFF66","microlise_product_hide_brochure":"","microlise_product_rimage":"","microlise_product_rimage_id":"","microlise_product_rtitle":"","microlise_product_rt_color":"","microlise_product_rcontent":"","microlise_product_rcontent_color":"","microlise_product_rebgcolor":"","microlise_product_rebtn_text":"","microlise_product_hide_report":"","microlise_product_benefit":"","microlise_product_bctatxt":"Demander une d\u00e9mo","microlise_product_bctaurl":"https:\/\/www.microlise.com\/fr\/demo-demande\/","microlise_product_bctabgcolor":"#01CBDE","microlise_product_bctatcolor":"#151D25","microlise_product_benefits":[{"icon_id":40465,"icon":"https:\/\/www.microlise.com\/wp-content\/uploads\/2024\/06\/ensure-total-delivery-visibility.png","title":"Assurez une visibilit\u00e9 totale sur l'ensemble de vos livraisons","intro":"M\u00eame lorsque vous utilisez des sous-traitants temporaires, SmartPOD vous permet de suivre et d'enregistrer toutes les op\u00e9rations de livraison.","ctatext":"","ctaurl":false,"cbgcolor":"#01CBDE","ctxtcolor":"#151D25"},{"icon_id":40717,"icon":"https:\/\/www.microlise.com\/wp-content\/uploads\/2024\/06\/simple-installation.png","title":"Simplicit\u00e9 d'installation & de configuration","intro":"Disponible sur Google Play Store, SmartPod vous permet de configurer vos tiers sous contrat et d'\u00eatre op\u00e9rationnels et productifs tr\u00e8s vite.","ctatext":"","ctaurl":false,"cbgcolor":"#01CBDE","ctxtcolor":"#151D25"},{"icon_id":40579,"icon":"https:\/\/www.microlise.com\/wp-content\/uploads\/2024\/06\/manage-drivers.png","title":"G\u00e9rez efficacement les conducteurs","intro":"Avec la fonctionnalit\u00e9 de suivi et de gestion des t\u00e2ches, vous pouvez g\u00e9rer les conducteurs de vos sous-traitants aussi facilement que s'ils \u00e9taient vos propres collaborateurs.","cbgcolor":"#01CBDE","ctxtcolor":"#151D25"}],"microlise_product_feature":"","microlise_product_features":[{"img_type":"landscape","image_id":19437,"image":"https:\/\/www.microlise.com\/wp-content\/uploads\/2020\/12\/SmartPOD.jpg","video_id":"","video":false,"title":"SmartPOD","intro":"L'application SmartPOD peut \u00eatre t\u00e9l\u00e9charg\u00e9e gratuitement depuis le Google Play Store pour \u00eatre utilis\u00e9e avec les appareils Android. La solution a \u00e9t\u00e9 con\u00e7ue pour que les entreprises et les conducteurs puissent la prendre en main, l'adopter et l'utiliser facilement. Elle offre une visibilit\u00e9 totale sur toutes vos op\u00e9rations de livraison.","ctatext":"","ctaurl":false,"cbgcolor":"#01CBDE","ctxtcolor":"#151D25"},{"img_type":"landscape","image_id":19431,"image":"https:\/\/www.microlise.com\/wp-content\/uploads\/2020\/12\/mobile-device-tracking.jpg","video_id":"","video":false,"title":"Suivi des appareils mobiles","intro":"En plus des fonctionnalit\u00e9s de suivi et de preuve de livraison, SmartPOD propose \u00e9galement un certain nombre d'outils de planification de tourn\u00e9es, avec informations sur les sites \u00e0 visiter, gestion des horaires, adresses et confirmation de la position du v\u00e9hicule via GPS. Ainsi, l'application vous permet de suivre l'\u00e9tat d'avancement de la prestation en temps r\u00e9el avec des liens vers Google Maps \/ Sat-Nav.","ctatext":"","ctaurl":false,"cbgcolor":"#01CBDE","ctxtcolor":"#151D25"},{"img_type":"landscape","image_id":19425,"image":"https:\/\/www.microlise.com\/wp-content\/uploads\/2020\/12\/debrief-by-exception-1.jpg","title":"D\u00e9briefing par exception","intro":"Avec une visibilit\u00e9 compl\u00e8te sur l'ensemble des prestations, vous pouvez d\u00e9terminer rapidement la nature du probl\u00e8me quand un incident est d\u00e9tect\u00e9. Par exemple, votre sous-traitant peut prendre une photo des marchandises ab\u00eem\u00e9es afin que celle-ci soit enregistr\u00e9e automatiquement avec les donn\u00e9es de livraison.","cbgcolor":"#01CBDE","ctxtcolor":"#151D25"}],"microlise_product_anfeature":"","microlise_product_anfeatures":[{"img_type":"landscape","cbgcolor":"#01CBDE","ctxtcolor":"#151D25"}],"microlise_product_thirdfeature":"","microlise_product_thirdfeatures":[{"img_type":"landscape","cbgcolor":"#01CBDE","ctxtcolor":"#151D25"}],"microlise_product_faq":"","microlise_product_faqtitle":"","microlise_product_faqs":"","microlise_product_strip":"","microlise_product_stitle":"","microlise_product_sbtntext":"","microlise_product_sbtnurl":""}},"_links":{"self":[{"href":"https:\/\/www.microlise.com\/fr\/wp-json\/wp\/v2\/product\/15768","targetHints":{"allow":["GET"]}}],"collection":[{"href":"https:\/\/www.microlise.com\/fr\/wp-json\/wp\/v2\/product"}],"about":[{"href":"https:\/\/www.microlise.com\/fr\/wp-json\/wp\/v2\/types\/product"}],"up":[{"embeddable":true,"href":"https:\/\/www.microlise.com\/fr\/wp-json\/wp\/v2\/product\/15767"}],"wp:featuredmedia":[{"embeddable":true,"href":"https:\/\/www.microlise.com\/fr\/wp-json\/wp\/v2\/media\/41191"}],"wp:attachment":[{"href":"https:\/\/www.microlise.com\/fr\/wp-json\/wp\/v2\/media?parent=15768"}],"wp:term":[{"taxonomy":"category","embeddable":true,"href":"https:\/\/www.microlise.com\/fr\/wp-json\/wp\/v2\/categories?post=15768"}],"curies":[{"name":"wp","href":"https:\/\/api.w.org\/{rel}","templated":true}]}}