{"id":15767,"date":"2016-10-17T11:41:00","date_gmt":"2016-10-17T10:41:00","guid":{"rendered":"https:\/\/www.microlise.com\/fleet-management\/gestion-de-la-livraison\/"},"modified":"2025-07-15T16:38:21","modified_gmt":"2025-07-15T15:38:21","slug":"gestion-de-la-livraison","status":"publish","type":"product","link":"https:\/\/www.microlise.com\/fr\/produits\/gestion-de-la-livraison\/","title":{"rendered":"Gestion des Livraisons"},"content":{"rendered":"<p>La gestion flexible et ais\u00e9e du d\u00e9roulement des t\u00e2ches \u00e0 faire ex\u00e9cuter par vos conducteurs lui permettra d&rsquo;\u00eatre guid\u00e9 \u00e0 travers un processus simple \u00e9tape par \u00e9tape pour enregistrer des informations sp\u00e9cifiques concernant une livraison, sans possibilit\u00e9 de modification, pour assurer la conformit\u00e9 des commandes. Un DMS (Delivery Management System) vous permettra d\u2019\u00e9radiquer l&rsquo;inefficacit\u00e9 et les erreurs et de fournir \u00e0 vos conducteurs toutes les informations n\u00e9cessaires pour qu\u2019ils puissent r\u00e9aliser leur travail efficacement. G\u00e9rez les processus de livraison et de collecte en fournissant un moyen simple de suivre l&rsquo;activit\u00e9, de g\u00e9rer les t\u00e2ches et de communiquer avec les conducteurs.<\/p>\n","protected":false},"excerpt":{"rendered":"<p>G\u00e9rez num\u00e9riquement chaque \u00e9tape du processus de livraison, y compris les sous-traitants. Le logiciel de gestion des livraisons de Microlise supprime toute tracasserie administrative inutile tout en cr\u00e9ant tous les documents de preuve de livraison importants sous forme num\u00e9rique et en les stockant en toute s\u00e9curit\u00e9.<\/p>\n","protected":false},"featured_media":41184,"parent":0,"menu_order":88,"template":"","categories":[1115],"class_list":["post-15767","product","type-product","status-publish","has-post-thumbnail","hentry","category-delivery-management-fr","entry"],"yoast_head":"<!-- This site is optimized with the Yoast SEO Premium plugin v25.7.1 (Yoast SEO v27.3) - https:\/\/yoast.com\/product\/yoast-seo-premium-wordpress\/ -->\n<title>Logiciel de gestion de la livraison | Am\u00e9liorez votre logistique de livraison<\/title>\n<meta name=\"description\" content=\"Le suivi des chauffeurs en temps r\u00e9el et la planification de la livraison avanc\u00e9e vous permettent de r\u00e9duire le kilom\u00e9trage de la flotte et les co\u00fbts de carburant. Renseignez-vous sur notre logiciel de gestion de la livraison\" \/>\n<meta name=\"robots\" content=\"index, follow, max-snippet:-1, max-image-preview:large, max-video-preview:-1\" \/>\n<link rel=\"canonical\" href=\"https:\/\/www.microlise.com\/fr\/produits\/gestion-de-la-livraison\/\" \/>\n<meta property=\"og:locale\" content=\"fr_FR\" \/>\n<meta property=\"og:type\" content=\"article\" \/>\n<meta property=\"og:title\" content=\"Gestion des Livraisons\" \/>\n<meta property=\"og:description\" content=\"Le suivi des chauffeurs en temps r\u00e9el et la planification de la livraison avanc\u00e9e vous permettent de r\u00e9duire le kilom\u00e9trage de la flotte et les co\u00fbts de carburant. Renseignez-vous sur notre logiciel de gestion de la livraison\" \/>\n<meta property=\"og:url\" content=\"https:\/\/www.microlise.com\/fr\/produits\/gestion-de-la-livraison\/\" \/>\n<meta property=\"og:site_name\" content=\"Microlise France\" \/>\n<meta property=\"article:publisher\" content=\"https:\/\/www.facebook.com\/MicroliseFR\/\" \/>\n<meta property=\"article:modified_time\" content=\"2025-07-15T15:38:21+00:00\" \/>\n<meta property=\"og:image\" content=\"https:\/\/www.microlise.com\/wp-content\/uploads\/2016\/10\/delivery-vehicle.jpg\" \/>\n\t<meta property=\"og:image:width\" content=\"960\" \/>\n\t<meta property=\"og:image:height\" content=\"560\" \/>\n\t<meta property=\"og:image:type\" content=\"image\/jpeg\" \/>\n<meta name=\"twitter:card\" content=\"summary_large_image\" \/>\n<meta name=\"twitter:site\" content=\"@microlise\" \/>\n<meta name=\"twitter:label1\" content=\"Dur\u00e9e de lecture estim\u00e9e\" \/>\n\t<meta name=\"twitter:data1\" content=\"1 minute\" \/>\n<script type=\"application\/ld+json\" class=\"yoast-schema-graph\">{\"@context\":\"https:\\\/\\\/schema.org\",\"@graph\":[{\"@type\":\"WebPage\",\"@id\":\"https:\\\/\\\/www.microlise.com\\\/fr\\\/produits\\\/gestion-de-la-livraison\\\/\",\"url\":\"https:\\\/\\\/www.microlise.com\\\/fr\\\/produits\\\/gestion-de-la-livraison\\\/\",\"name\":\"Logiciel de gestion de la livraison | Am\u00e9liorez votre logistique de livraison\",\"isPartOf\":{\"@id\":\"https:\\\/\\\/www.microlise.com\\\/fr\\\/#website\"},\"primaryImageOfPage\":{\"@id\":\"https:\\\/\\\/www.microlise.com\\\/fr\\\/produits\\\/gestion-de-la-livraison\\\/#primaryimage\"},\"image\":{\"@id\":\"https:\\\/\\\/www.microlise.com\\\/fr\\\/produits\\\/gestion-de-la-livraison\\\/#primaryimage\"},\"thumbnailUrl\":\"https:\\\/\\\/www.microlise.com\\\/wp-content\\\/uploads\\\/2016\\\/10\\\/delivery-vehicle.jpg\",\"datePublished\":\"2016-10-17T10:41:00+00:00\",\"dateModified\":\"2025-07-15T15:38:21+00:00\",\"description\":\"Le suivi des chauffeurs en temps r\u00e9el et la planification de la livraison avanc\u00e9e vous permettent de r\u00e9duire le kilom\u00e9trage de la flotte et les co\u00fbts de carburant. Renseignez-vous sur notre logiciel de gestion de la livraison\",\"breadcrumb\":{\"@id\":\"https:\\\/\\\/www.microlise.com\\\/fr\\\/produits\\\/gestion-de-la-livraison\\\/#breadcrumb\"},\"inLanguage\":\"fr-FR\",\"potentialAction\":[{\"@type\":\"ReadAction\",\"target\":[\"https:\\\/\\\/www.microlise.com\\\/fr\\\/produits\\\/gestion-de-la-livraison\\\/\"]}]},{\"@type\":\"ImageObject\",\"inLanguage\":\"fr-FR\",\"@id\":\"https:\\\/\\\/www.microlise.com\\\/fr\\\/produits\\\/gestion-de-la-livraison\\\/#primaryimage\",\"url\":\"https:\\\/\\\/www.microlise.com\\\/wp-content\\\/uploads\\\/2016\\\/10\\\/delivery-vehicle.jpg\",\"contentUrl\":\"https:\\\/\\\/www.microlise.com\\\/wp-content\\\/uploads\\\/2016\\\/10\\\/delivery-vehicle.jpg\",\"width\":960,\"height\":560},{\"@type\":\"BreadcrumbList\",\"@id\":\"https:\\\/\\\/www.microlise.com\\\/fr\\\/produits\\\/gestion-de-la-livraison\\\/#breadcrumb\",\"itemListElement\":[{\"@type\":\"ListItem\",\"position\":1,\"name\":\"Home\",\"item\":\"https:\\\/\\\/www.microlise.com\\\/fr\\\/\"},{\"@type\":\"ListItem\",\"position\":2,\"name\":\"Gestion des Livraisons\"}]},{\"@type\":\"WebSite\",\"@id\":\"https:\\\/\\\/www.microlise.com\\\/fr\\\/#website\",\"url\":\"https:\\\/\\\/www.microlise.com\\\/fr\\\/\",\"name\":\"Microlise France\",\"description\":\"Telematics, Transport &amp; Fleet Management Solutions\",\"publisher\":{\"@id\":\"https:\\\/\\\/www.microlise.com\\\/fr\\\/#organization\"},\"alternateName\":\"Microlise\",\"potentialAction\":[{\"@type\":\"SearchAction\",\"target\":{\"@type\":\"EntryPoint\",\"urlTemplate\":\"https:\\\/\\\/www.microlise.com\\\/fr\\\/?s={search_term_string}\"},\"query-input\":{\"@type\":\"PropertyValueSpecification\",\"valueRequired\":true,\"valueName\":\"search_term_string\"}}],\"inLanguage\":\"fr-FR\"},{\"@type\":\"Organization\",\"@id\":\"https:\\\/\\\/www.microlise.com\\\/fr\\\/#organization\",\"name\":\"Microlise\",\"alternateName\":\"Microlise\",\"url\":\"https:\\\/\\\/www.microlise.com\\\/fr\\\/\",\"logo\":{\"@type\":\"ImageObject\",\"inLanguage\":\"fr-FR\",\"@id\":\"https:\\\/\\\/www.microlise.com\\\/fr\\\/#\\\/schema\\\/logo\\\/image\\\/\",\"url\":\"https:\\\/\\\/www.microlise.com\\\/wp-content\\\/uploads\\\/2024\\\/06\\\/cropped-Microlise-Logo-Primary-Electric-1.png\",\"contentUrl\":\"https:\\\/\\\/www.microlise.com\\\/wp-content\\\/uploads\\\/2024\\\/06\\\/cropped-Microlise-Logo-Primary-Electric-1.png\",\"width\":235,\"height\":30,\"caption\":\"Microlise\"},\"image\":{\"@id\":\"https:\\\/\\\/www.microlise.com\\\/fr\\\/#\\\/schema\\\/logo\\\/image\\\/\"},\"sameAs\":[\"https:\\\/\\\/www.facebook.com\\\/MicroliseFR\\\/\",\"https:\\\/\\\/x.com\\\/microlise\",\"https:\\\/\\\/www.linkedin.com\\\/company\\\/microlise\",\"https:\\\/\\\/www.youtube.com\\\/user\\\/MicroliseLtd\"]}]}<\/script>\n<!-- \/ Yoast SEO Premium plugin. -->","yoast_head_json":{"title":"Logiciel de gestion de la livraison | Am\u00e9liorez votre logistique de livraison","description":"Le suivi des chauffeurs en temps r\u00e9el et la planification de la livraison avanc\u00e9e vous permettent de r\u00e9duire le kilom\u00e9trage de la flotte et les co\u00fbts de carburant. Renseignez-vous sur notre logiciel de gestion de la livraison","robots":{"index":"index","follow":"follow","max-snippet":"max-snippet:-1","max-image-preview":"max-image-preview:large","max-video-preview":"max-video-preview:-1"},"canonical":"https:\/\/www.microlise.com\/fr\/produits\/gestion-de-la-livraison\/","og_locale":"fr_FR","og_type":"article","og_title":"Gestion des Livraisons","og_description":"Le suivi des chauffeurs en temps r\u00e9el et la planification de la livraison avanc\u00e9e vous permettent de r\u00e9duire le kilom\u00e9trage de la flotte et les co\u00fbts de carburant. Renseignez-vous sur notre logiciel de gestion de la livraison","og_url":"https:\/\/www.microlise.com\/fr\/produits\/gestion-de-la-livraison\/","og_site_name":"Microlise France","article_publisher":"https:\/\/www.facebook.com\/MicroliseFR\/","article_modified_time":"2025-07-15T15:38:21+00:00","og_image":[{"width":960,"height":560,"url":"https:\/\/www.microlise.com\/wp-content\/uploads\/2016\/10\/delivery-vehicle.jpg","type":"image\/jpeg"}],"twitter_card":"summary_large_image","twitter_site":"@microlise","twitter_misc":{"Dur\u00e9e de lecture estim\u00e9e":"1 minute"},"schema":{"@context":"https:\/\/schema.org","@graph":[{"@type":"WebPage","@id":"https:\/\/www.microlise.com\/fr\/produits\/gestion-de-la-livraison\/","url":"https:\/\/www.microlise.com\/fr\/produits\/gestion-de-la-livraison\/","name":"Logiciel de gestion de la livraison | Am\u00e9liorez votre logistique de livraison","isPartOf":{"@id":"https:\/\/www.microlise.com\/fr\/#website"},"primaryImageOfPage":{"@id":"https:\/\/www.microlise.com\/fr\/produits\/gestion-de-la-livraison\/#primaryimage"},"image":{"@id":"https:\/\/www.microlise.com\/fr\/produits\/gestion-de-la-livraison\/#primaryimage"},"thumbnailUrl":"https:\/\/www.microlise.com\/wp-content\/uploads\/2016\/10\/delivery-vehicle.jpg","datePublished":"2016-10-17T10:41:00+00:00","dateModified":"2025-07-15T15:38:21+00:00","description":"Le suivi des chauffeurs en temps r\u00e9el et la planification de la livraison avanc\u00e9e vous permettent de r\u00e9duire le kilom\u00e9trage de la flotte et les co\u00fbts de carburant. Renseignez-vous sur notre logiciel de gestion de la livraison","breadcrumb":{"@id":"https:\/\/www.microlise.com\/fr\/produits\/gestion-de-la-livraison\/#breadcrumb"},"inLanguage":"fr-FR","potentialAction":[{"@type":"ReadAction","target":["https:\/\/www.microlise.com\/fr\/produits\/gestion-de-la-livraison\/"]}]},{"@type":"ImageObject","inLanguage":"fr-FR","@id":"https:\/\/www.microlise.com\/fr\/produits\/gestion-de-la-livraison\/#primaryimage","url":"https:\/\/www.microlise.com\/wp-content\/uploads\/2016\/10\/delivery-vehicle.jpg","contentUrl":"https:\/\/www.microlise.com\/wp-content\/uploads\/2016\/10\/delivery-vehicle.jpg","width":960,"height":560},{"@type":"BreadcrumbList","@id":"https:\/\/www.microlise.com\/fr\/produits\/gestion-de-la-livraison\/#breadcrumb","itemListElement":[{"@type":"ListItem","position":1,"name":"Home","item":"https:\/\/www.microlise.com\/fr\/"},{"@type":"ListItem","position":2,"name":"Gestion des Livraisons"}]},{"@type":"WebSite","@id":"https:\/\/www.microlise.com\/fr\/#website","url":"https:\/\/www.microlise.com\/fr\/","name":"Microlise France","description":"Telematics, Transport &amp; Fleet Management Solutions","publisher":{"@id":"https:\/\/www.microlise.com\/fr\/#organization"},"alternateName":"Microlise","potentialAction":[{"@type":"SearchAction","target":{"@type":"EntryPoint","urlTemplate":"https:\/\/www.microlise.com\/fr\/?s={search_term_string}"},"query-input":{"@type":"PropertyValueSpecification","valueRequired":true,"valueName":"search_term_string"}}],"inLanguage":"fr-FR"},{"@type":"Organization","@id":"https:\/\/www.microlise.com\/fr\/#organization","name":"Microlise","alternateName":"Microlise","url":"https:\/\/www.microlise.com\/fr\/","logo":{"@type":"ImageObject","inLanguage":"fr-FR","@id":"https:\/\/www.microlise.com\/fr\/#\/schema\/logo\/image\/","url":"https:\/\/www.microlise.com\/wp-content\/uploads\/2024\/06\/cropped-Microlise-Logo-Primary-Electric-1.png","contentUrl":"https:\/\/www.microlise.com\/wp-content\/uploads\/2024\/06\/cropped-Microlise-Logo-Primary-Electric-1.png","width":235,"height":30,"caption":"Microlise"},"image":{"@id":"https:\/\/www.microlise.com\/fr\/#\/schema\/logo\/image\/"},"sameAs":["https:\/\/www.facebook.com\/MicroliseFR\/","https:\/\/x.com\/microlise","https:\/\/www.linkedin.com\/company\/microlise","https:\/\/www.youtube.com\/user\/MicroliseLtd"]}]}},"cmb2":{"microlise_product_metabox":{"microlise_product_header":"","microlise_product_title":"","microlise_product_use_title":"","microlise_product_intro":"","microlise_product_header_image":"https:\/\/www.microlise.com\/wp-content\/uploads\/2016\/10\/home-banner.jpg","microlise_product_header_image_id":"40944","microlise_product_use_header_image":"on","microlise_product_cta":"","microlise_product_hctatxt":"Une d\u00e9monstration personnalis\u00e9e","microlise_product_hctaurl":"https:\/\/www.microlise.com\/fr\/demo-demande\/","microlise_product_hctabgcolor":"#dcff66","microlise_product_hctatcolor":"#151D25","microlise_product_hctatxt2":"","microlise_product_hctaurl2":"","microlise_product_hctabgcolor2":"","microlise_product_hctatcolor2":"#151D25","microlise_product_content":"","microlise_product_sub_title":"La gestion des livraisons","microlise_product_vtype":"vimeo","microlise_product_VID":"666689321","microlise_product_Vcode":"","microlise_product_case_study":"","microlise_product_cimage":"","microlise_product_cimage_id":"","microlise_product_ctitle":"","microlise_product_ct_color":"#151D25","microlise_product_ccontent":"","microlise_product_ccontent_color":"#151D25","microlise_product_crbtn_text":"","microlise_product_crbtn_link":"","microlise_product_crbbgcolor":"#01CBDE","microlise_product_crbtcolor":"#151D25","microlise_product_crbgcolor":"#DCFF66","microlise_product_brochure":"","microlise_product_brtype":"brochure","microlise_product_bimage":"https:\/\/www.microlise.com\/wp-content\/uploads\/2014\/11\/product-overview-cover-fr.png","microlise_product_bimage_id":"23503","microlise_product_btitle":"Pour en savoir plus, t\u00e9l\u00e9charger notre brochure produit","microlise_product_bt_color":"#151D25","microlise_product_bcontent":"D\u00e9couvrez comment les solutions Microlise permettent aux gestionnaires de flotte de proposer un meilleur service \u00e0 leurs clients tout en am\u00e9liorant la productivit\u00e9, la s\u00e9curit\u00e9 et en r\u00e9duisant les co\u00fbts et l'impact sur l'environnement","microlise_product_bcontent_color":"#151D25","microlise_product_brbtn_text":"T\u00e9l\u00e9charger la brochure","microlise_product_brbbgcolor":"#01CBDE","microlise_product_brbtcolor":"#151D25","microlise_product_brbgcolor":"#DCFF66","microlise_product_hide_brochure":"","microlise_product_rimage":"","microlise_product_rimage_id":"","microlise_product_rtitle":"","microlise_product_rt_color":"","microlise_product_rcontent":"","microlise_product_rcontent_color":"","microlise_product_rebgcolor":"","microlise_product_rebtn_text":"","microlise_product_hide_report":"","microlise_product_benefit":"","microlise_product_bctatxt":"Demander une d\u00e9mo","microlise_product_bctaurl":"https:\/\/www.microlise.com\/fr\/demo-demande\/","microlise_product_bctabgcolor":"#dcff66","microlise_product_bctatcolor":"#151D25","microlise_product_benefits":[{"cbgcolor":"#01CBDE","ctxtcolor":"#151D25"}],"microlise_product_feature":"","microlise_product_features":[{"img_type":"landscape","cbgcolor":"#01CBDE","ctxtcolor":"#151D25"}],"microlise_product_anfeature":"","microlise_product_anfeatures":[{"img_type":"landscape","cbgcolor":"#01CBDE","ctxtcolor":"#151D25"}],"microlise_product_thirdfeature":"","microlise_product_thirdfeatures":[{"img_type":"landscape","cbgcolor":"#01CBDE","ctxtcolor":"#151D25"}],"microlise_product_faq":"","microlise_product_faqtitle":"","microlise_product_faqs":"","microlise_product_strip":"","microlise_product_stitle":"","microlise_product_sbtntext":"","microlise_product_sbtnurl":""}},"_links":{"self":[{"href":"https:\/\/www.microlise.com\/fr\/wp-json\/wp\/v2\/product\/15767","targetHints":{"allow":["GET"]}}],"collection":[{"href":"https:\/\/www.microlise.com\/fr\/wp-json\/wp\/v2\/product"}],"about":[{"href":"https:\/\/www.microlise.com\/fr\/wp-json\/wp\/v2\/types\/product"}],"wp:featuredmedia":[{"embeddable":true,"href":"https:\/\/www.microlise.com\/fr\/wp-json\/wp\/v2\/media\/41184"}],"wp:attachment":[{"href":"https:\/\/www.microlise.com\/fr\/wp-json\/wp\/v2\/media?parent=15767"}],"wp:term":[{"taxonomy":"category","embeddable":true,"href":"https:\/\/www.microlise.com\/fr\/wp-json\/wp\/v2\/categories?post=15767"}],"curies":[{"name":"wp","href":"https:\/\/api.w.org\/{rel}","templated":true}]}}