{"id":15766,"date":"2016-10-17T11:40:00","date_gmt":"2016-10-17T10:40:00","guid":{"rendered":"https:\/\/www.microlise.com\/fleet-management\/analyse-de-flotte\/route-optimisation-planification-logiciel\/"},"modified":"2025-06-26T09:53:16","modified_gmt":"2025-06-26T08:53:16","slug":"route-optimisation-planification-logiciel","status":"publish","type":"product","link":"https:\/\/www.microlise.com\/fr\/produits\/analyse-de-flotte\/route-optimisation-planification-logiciel\/","title":{"rendered":"Gestion des itin\u00e9raires"},"content":{"rendered":"<h2>Mieux g\u00e9rer les itin\u00e9raires<\/h2>\n<p>En vous aidant des meilleurs outils pour optimiser et planifier vos itin\u00e9raires, faites en sorte que chaque kilom\u00e8tre compte et donnez \u00e0 vos conducteurs tous les moyens pour r\u00e9ussir leurs missions comme pr\u00e9vu.<\/p>\n","protected":false},"excerpt":{"rendered":"<p>R\u00e9duisez le kilom\u00e9trage parcouru, assurez-vous que les itin\u00e9raires emprunt\u00e9s sont les mieux adapt\u00e9s \u00e0 chaque v\u00e9hicule et faites gagner du temps \u00e0 vos conducteurs en utilisant un syst\u00e8me de planification d&rsquo;itin\u00e9raires poids lourds qui calcule les itin\u00e9raires les plus s\u00fbrs et les plus \u00e9conomiques.<\/p>\n","protected":false},"featured_media":41164,"parent":15753,"menu_order":60,"template":"","categories":[1112],"class_list":["post-15766","product","type-product","status-publish","has-post-thumbnail","hentry","category-route-management-fr","entry"],"yoast_head":"<!-- This site is optimized with the Yoast SEO Premium plugin v25.7.1 (Yoast SEO v27.4) - https:\/\/yoast.com\/product\/yoast-seo-premium-wordpress\/ -->\n<title>Logiciel d&#039;optimisation de l&#039;itin\u00e9raire de la flotte et de planification d&#039;itin\u00e9raire<\/title>\n<meta name=\"description\" content=\"R\u00e9duisez le kilom\u00e9trage parcouru, assurez-vous que les itin\u00e9raires appropri\u00e9s au v\u00e9hicule sont pris et faites gagner du temps \u00e0 vos conducteurs. Disposez d&#039;itin\u00e9raires optimis\u00e9s envoy\u00e9s directement au v\u00e9hicule.\" \/>\n<meta name=\"robots\" content=\"index, follow, max-snippet:-1, max-image-preview:large, max-video-preview:-1\" \/>\n<link rel=\"canonical\" href=\"https:\/\/www.microlise.com\/fr\/produits\/analyse-de-flotte\/route-optimisation-planification-logiciel\/\" \/>\n<meta property=\"og:locale\" content=\"fr_FR\" \/>\n<meta property=\"og:type\" content=\"article\" \/>\n<meta property=\"og:title\" content=\"Gestion des itin\u00e9raires\" \/>\n<meta property=\"og:description\" content=\"R\u00e9duisez le kilom\u00e9trage parcouru, assurez-vous que les itin\u00e9raires appropri\u00e9s au v\u00e9hicule sont pris et faites gagner du temps \u00e0 vos conducteurs. Disposez d&#039;itin\u00e9raires optimis\u00e9s envoy\u00e9s directement au v\u00e9hicule.\" \/>\n<meta property=\"og:url\" content=\"https:\/\/www.microlise.com\/fr\/produits\/analyse-de-flotte\/route-optimisation-planification-logiciel\/\" \/>\n<meta property=\"og:site_name\" content=\"Microlise France\" \/>\n<meta property=\"article:publisher\" content=\"https:\/\/www.facebook.com\/MicroliseFR\/\" \/>\n<meta property=\"article:modified_time\" content=\"2025-06-26T08:53:16+00:00\" \/>\n<meta property=\"og:image\" content=\"https:\/\/www.microlise.com\/wp-content\/uploads\/2016\/10\/route-management.jpg\" \/>\n\t<meta property=\"og:image:width\" content=\"960\" \/>\n\t<meta property=\"og:image:height\" content=\"560\" \/>\n\t<meta property=\"og:image:type\" content=\"image\/jpeg\" \/>\n<meta name=\"twitter:card\" content=\"summary_large_image\" \/>\n<meta name=\"twitter:site\" content=\"@microlise\" \/>\n<meta name=\"twitter:label1\" content=\"Dur\u00e9e de lecture estim\u00e9e\" \/>\n\t<meta name=\"twitter:data1\" content=\"1 minute\" \/>\n<script type=\"application\/ld+json\" class=\"yoast-schema-graph\">{\"@context\":\"https:\\\/\\\/schema.org\",\"@graph\":[{\"@type\":\"WebPage\",\"@id\":\"https:\\\/\\\/www.microlise.com\\\/fr\\\/produits\\\/analyse-de-flotte\\\/route-optimisation-planification-logiciel\\\/\",\"url\":\"https:\\\/\\\/www.microlise.com\\\/fr\\\/produits\\\/analyse-de-flotte\\\/route-optimisation-planification-logiciel\\\/\",\"name\":\"Logiciel d'optimisation de l'itin\u00e9raire de la flotte et de planification d'itin\u00e9raire\",\"isPartOf\":{\"@id\":\"https:\\\/\\\/www.microlise.com\\\/fr\\\/#website\"},\"primaryImageOfPage\":{\"@id\":\"https:\\\/\\\/www.microlise.com\\\/fr\\\/produits\\\/analyse-de-flotte\\\/route-optimisation-planification-logiciel\\\/#primaryimage\"},\"image\":{\"@id\":\"https:\\\/\\\/www.microlise.com\\\/fr\\\/produits\\\/analyse-de-flotte\\\/route-optimisation-planification-logiciel\\\/#primaryimage\"},\"thumbnailUrl\":\"https:\\\/\\\/www.microlise.com\\\/wp-content\\\/uploads\\\/2016\\\/10\\\/route-management.jpg\",\"datePublished\":\"2016-10-17T10:40:00+00:00\",\"dateModified\":\"2025-06-26T08:53:16+00:00\",\"description\":\"R\u00e9duisez le kilom\u00e9trage parcouru, assurez-vous que les itin\u00e9raires appropri\u00e9s au v\u00e9hicule sont pris et faites gagner du temps \u00e0 vos conducteurs. Disposez d'itin\u00e9raires optimis\u00e9s envoy\u00e9s directement au v\u00e9hicule.\",\"breadcrumb\":{\"@id\":\"https:\\\/\\\/www.microlise.com\\\/fr\\\/produits\\\/analyse-de-flotte\\\/route-optimisation-planification-logiciel\\\/#breadcrumb\"},\"inLanguage\":\"fr-FR\",\"potentialAction\":[{\"@type\":\"ReadAction\",\"target\":[\"https:\\\/\\\/www.microlise.com\\\/fr\\\/produits\\\/analyse-de-flotte\\\/route-optimisation-planification-logiciel\\\/\"]}]},{\"@type\":\"ImageObject\",\"inLanguage\":\"fr-FR\",\"@id\":\"https:\\\/\\\/www.microlise.com\\\/fr\\\/produits\\\/analyse-de-flotte\\\/route-optimisation-planification-logiciel\\\/#primaryimage\",\"url\":\"https:\\\/\\\/www.microlise.com\\\/wp-content\\\/uploads\\\/2016\\\/10\\\/route-management.jpg\",\"contentUrl\":\"https:\\\/\\\/www.microlise.com\\\/wp-content\\\/uploads\\\/2016\\\/10\\\/route-management.jpg\",\"width\":960,\"height\":560,\"caption\":\"route management tracking from birds eye view\"},{\"@type\":\"BreadcrumbList\",\"@id\":\"https:\\\/\\\/www.microlise.com\\\/fr\\\/produits\\\/analyse-de-flotte\\\/route-optimisation-planification-logiciel\\\/#breadcrumb\",\"itemListElement\":[{\"@type\":\"ListItem\",\"position\":1,\"name\":\"Home\",\"item\":\"https:\\\/\\\/www.microlise.com\\\/fr\\\/\"},{\"@type\":\"ListItem\",\"position\":2,\"name\":\"Gestion des Tourn\u00e9es\",\"item\":\"https:\\\/\\\/www.microlise.com\\\/fr\\\/produits\\\/analyse-de-flotte\\\/\"},{\"@type\":\"ListItem\",\"position\":3,\"name\":\"Gestion des itin\u00e9raires\"}]},{\"@type\":\"WebSite\",\"@id\":\"https:\\\/\\\/www.microlise.com\\\/fr\\\/#website\",\"url\":\"https:\\\/\\\/www.microlise.com\\\/fr\\\/\",\"name\":\"Microlise France\",\"description\":\"Telematics, Transport &amp; Fleet Management Solutions\",\"publisher\":{\"@id\":\"https:\\\/\\\/www.microlise.com\\\/fr\\\/#organization\"},\"alternateName\":\"Microlise\",\"potentialAction\":[{\"@type\":\"SearchAction\",\"target\":{\"@type\":\"EntryPoint\",\"urlTemplate\":\"https:\\\/\\\/www.microlise.com\\\/fr\\\/?s={search_term_string}\"},\"query-input\":{\"@type\":\"PropertyValueSpecification\",\"valueRequired\":true,\"valueName\":\"search_term_string\"}}],\"inLanguage\":\"fr-FR\"},{\"@type\":\"Organization\",\"@id\":\"https:\\\/\\\/www.microlise.com\\\/fr\\\/#organization\",\"name\":\"Microlise\",\"alternateName\":\"Microlise\",\"url\":\"https:\\\/\\\/www.microlise.com\\\/fr\\\/\",\"logo\":{\"@type\":\"ImageObject\",\"inLanguage\":\"fr-FR\",\"@id\":\"https:\\\/\\\/www.microlise.com\\\/fr\\\/#\\\/schema\\\/logo\\\/image\\\/\",\"url\":\"https:\\\/\\\/www.microlise.com\\\/wp-content\\\/uploads\\\/2024\\\/06\\\/cropped-Microlise-Logo-Primary-Electric-1.png\",\"contentUrl\":\"https:\\\/\\\/www.microlise.com\\\/wp-content\\\/uploads\\\/2024\\\/06\\\/cropped-Microlise-Logo-Primary-Electric-1.png\",\"width\":235,\"height\":30,\"caption\":\"Microlise\"},\"image\":{\"@id\":\"https:\\\/\\\/www.microlise.com\\\/fr\\\/#\\\/schema\\\/logo\\\/image\\\/\"},\"sameAs\":[\"https:\\\/\\\/www.facebook.com\\\/MicroliseFR\\\/\",\"https:\\\/\\\/x.com\\\/microlise\",\"https:\\\/\\\/www.linkedin.com\\\/company\\\/microlise\",\"https:\\\/\\\/www.youtube.com\\\/user\\\/MicroliseLtd\"]}]}<\/script>\n<!-- \/ Yoast SEO Premium plugin. -->","yoast_head_json":{"title":"Logiciel d'optimisation de l'itin\u00e9raire de la flotte et de planification d'itin\u00e9raire","description":"R\u00e9duisez le kilom\u00e9trage parcouru, assurez-vous que les itin\u00e9raires appropri\u00e9s au v\u00e9hicule sont pris et faites gagner du temps \u00e0 vos conducteurs. Disposez d'itin\u00e9raires optimis\u00e9s envoy\u00e9s directement au v\u00e9hicule.","robots":{"index":"index","follow":"follow","max-snippet":"max-snippet:-1","max-image-preview":"max-image-preview:large","max-video-preview":"max-video-preview:-1"},"canonical":"https:\/\/www.microlise.com\/fr\/produits\/analyse-de-flotte\/route-optimisation-planification-logiciel\/","og_locale":"fr_FR","og_type":"article","og_title":"Gestion des itin\u00e9raires","og_description":"R\u00e9duisez le kilom\u00e9trage parcouru, assurez-vous que les itin\u00e9raires appropri\u00e9s au v\u00e9hicule sont pris et faites gagner du temps \u00e0 vos conducteurs. Disposez d'itin\u00e9raires optimis\u00e9s envoy\u00e9s directement au v\u00e9hicule.","og_url":"https:\/\/www.microlise.com\/fr\/produits\/analyse-de-flotte\/route-optimisation-planification-logiciel\/","og_site_name":"Microlise France","article_publisher":"https:\/\/www.facebook.com\/MicroliseFR\/","article_modified_time":"2025-06-26T08:53:16+00:00","og_image":[{"width":960,"height":560,"url":"https:\/\/www.microlise.com\/wp-content\/uploads\/2016\/10\/route-management.jpg","type":"image\/jpeg"}],"twitter_card":"summary_large_image","twitter_site":"@microlise","twitter_misc":{"Dur\u00e9e de lecture estim\u00e9e":"1 minute"},"schema":{"@context":"https:\/\/schema.org","@graph":[{"@type":"WebPage","@id":"https:\/\/www.microlise.com\/fr\/produits\/analyse-de-flotte\/route-optimisation-planification-logiciel\/","url":"https:\/\/www.microlise.com\/fr\/produits\/analyse-de-flotte\/route-optimisation-planification-logiciel\/","name":"Logiciel d'optimisation de l'itin\u00e9raire de la flotte et de planification d'itin\u00e9raire","isPartOf":{"@id":"https:\/\/www.microlise.com\/fr\/#website"},"primaryImageOfPage":{"@id":"https:\/\/www.microlise.com\/fr\/produits\/analyse-de-flotte\/route-optimisation-planification-logiciel\/#primaryimage"},"image":{"@id":"https:\/\/www.microlise.com\/fr\/produits\/analyse-de-flotte\/route-optimisation-planification-logiciel\/#primaryimage"},"thumbnailUrl":"https:\/\/www.microlise.com\/wp-content\/uploads\/2016\/10\/route-management.jpg","datePublished":"2016-10-17T10:40:00+00:00","dateModified":"2025-06-26T08:53:16+00:00","description":"R\u00e9duisez le kilom\u00e9trage parcouru, assurez-vous que les itin\u00e9raires appropri\u00e9s au v\u00e9hicule sont pris et faites gagner du temps \u00e0 vos conducteurs. Disposez d'itin\u00e9raires optimis\u00e9s envoy\u00e9s directement au v\u00e9hicule.","breadcrumb":{"@id":"https:\/\/www.microlise.com\/fr\/produits\/analyse-de-flotte\/route-optimisation-planification-logiciel\/#breadcrumb"},"inLanguage":"fr-FR","potentialAction":[{"@type":"ReadAction","target":["https:\/\/www.microlise.com\/fr\/produits\/analyse-de-flotte\/route-optimisation-planification-logiciel\/"]}]},{"@type":"ImageObject","inLanguage":"fr-FR","@id":"https:\/\/www.microlise.com\/fr\/produits\/analyse-de-flotte\/route-optimisation-planification-logiciel\/#primaryimage","url":"https:\/\/www.microlise.com\/wp-content\/uploads\/2016\/10\/route-management.jpg","contentUrl":"https:\/\/www.microlise.com\/wp-content\/uploads\/2016\/10\/route-management.jpg","width":960,"height":560,"caption":"route management tracking from birds eye view"},{"@type":"BreadcrumbList","@id":"https:\/\/www.microlise.com\/fr\/produits\/analyse-de-flotte\/route-optimisation-planification-logiciel\/#breadcrumb","itemListElement":[{"@type":"ListItem","position":1,"name":"Home","item":"https:\/\/www.microlise.com\/fr\/"},{"@type":"ListItem","position":2,"name":"Gestion des Tourn\u00e9es","item":"https:\/\/www.microlise.com\/fr\/produits\/analyse-de-flotte\/"},{"@type":"ListItem","position":3,"name":"Gestion des itin\u00e9raires"}]},{"@type":"WebSite","@id":"https:\/\/www.microlise.com\/fr\/#website","url":"https:\/\/www.microlise.com\/fr\/","name":"Microlise France","description":"Telematics, Transport &amp; Fleet Management Solutions","publisher":{"@id":"https:\/\/www.microlise.com\/fr\/#organization"},"alternateName":"Microlise","potentialAction":[{"@type":"SearchAction","target":{"@type":"EntryPoint","urlTemplate":"https:\/\/www.microlise.com\/fr\/?s={search_term_string}"},"query-input":{"@type":"PropertyValueSpecification","valueRequired":true,"valueName":"search_term_string"}}],"inLanguage":"fr-FR"},{"@type":"Organization","@id":"https:\/\/www.microlise.com\/fr\/#organization","name":"Microlise","alternateName":"Microlise","url":"https:\/\/www.microlise.com\/fr\/","logo":{"@type":"ImageObject","inLanguage":"fr-FR","@id":"https:\/\/www.microlise.com\/fr\/#\/schema\/logo\/image\/","url":"https:\/\/www.microlise.com\/wp-content\/uploads\/2024\/06\/cropped-Microlise-Logo-Primary-Electric-1.png","contentUrl":"https:\/\/www.microlise.com\/wp-content\/uploads\/2024\/06\/cropped-Microlise-Logo-Primary-Electric-1.png","width":235,"height":30,"caption":"Microlise"},"image":{"@id":"https:\/\/www.microlise.com\/fr\/#\/schema\/logo\/image\/"},"sameAs":["https:\/\/www.facebook.com\/MicroliseFR\/","https:\/\/x.com\/microlise","https:\/\/www.linkedin.com\/company\/microlise","https:\/\/www.youtube.com\/user\/MicroliseLtd"]}]}},"cmb2":{"microlise_product_metabox":{"microlise_product_header":"","microlise_product_title":"","microlise_product_use_title":"","microlise_product_intro":"","microlise_product_header_image":"https:\/\/www.microlise.com\/wp-content\/uploads\/2016\/09\/home-banner.png","microlise_product_header_image_id":"40798","microlise_product_use_header_image":"on","microlise_product_cta":"","microlise_product_hctatxt":"Parler \u00e0 un expert","microlise_product_hctaurl":"https:\/\/www.microlise.com\/fr\/demo-demande\/","microlise_product_hctabgcolor":"#01CBDE","microlise_product_hctatcolor":"#151D25","microlise_product_hctatxt2":"","microlise_product_hctaurl2":"","microlise_product_hctabgcolor2":"","microlise_product_hctatcolor2":"#151D25","microlise_product_content":"","microlise_product_sub_title":"","microlise_product_vtype":"vimeo","microlise_product_VID":"666691553","microlise_product_Vcode":"","microlise_product_case_study":"","microlise_product_cimage":"","microlise_product_cimage_id":"","microlise_product_ctitle":"","microlise_product_ct_color":"#ffffff","microlise_product_ccontent":"","microlise_product_ccontent_color":"#ffffff","microlise_product_crbtn_text":"","microlise_product_crbtn_link":"","microlise_product_crbbgcolor":"#dcff66","microlise_product_crbtcolor":"#151D25","microlise_product_crbgcolor":"#152644","microlise_product_brochure":"","microlise_product_brtype":"brochure","microlise_product_bimage":"https:\/\/www.microlise.com\/wp-content\/uploads\/2014\/11\/french-product-brochure.png","microlise_product_bimage_id":"46609","microlise_product_btitle":"Pour en savoir plus, t\u00e9l\u00e9charger notre brochure produit","microlise_product_bt_color":"#ffffff","microlise_product_bcontent":"D\u00e9couvrez comment les solutions Microlise permettent aux gestionnaires de flotte de proposer un meilleur service \u00e0 leurs clients tout en am\u00e9liorant la productivit\u00e9, la s\u00e9curit\u00e9 et en r\u00e9duisant les co\u00fbts et l'impact sur l'environnement","microlise_product_bcontent_color":"#ffffff","microlise_product_brbtn_text":"T\u00e9l\u00e9charger la brochure","microlise_product_brbbgcolor":"#dcff66","microlise_product_brbtcolor":"#151D25","microlise_product_brbgcolor":"#152644","microlise_product_hide_brochure":"","microlise_product_rimage":"","microlise_product_rimage_id":"","microlise_product_rtitle":"","microlise_product_rt_color":"","microlise_product_rcontent":"","microlise_product_rcontent_color":"","microlise_product_rebgcolor":"","microlise_product_rebtn_text":"","microlise_product_hide_report":"","microlise_product_benefit":"","microlise_product_bctatxt":"Demander une d\u00e9mo","microlise_product_bctaurl":"https:\/\/www.microlise.com\/fr\/demo-demande\/","microlise_product_bctabgcolor":"#dcff66","microlise_product_bctatcolor":"#151D25","microlise_product_benefits":[{"icon_id":40591,"icon":"https:\/\/www.microlise.com\/wp-content\/uploads\/2024\/06\/maximise-fleet-efficiency.png","title":"R\u00e9duisez le nombre de kilom\u00e8tres inutiles","intro":"\u00c9conomisez sur vos co\u00fbts et sur l'usure de vos v\u00e9hicules en diminuant le nombre de kilom\u00e8tres parcourus gr\u00e2ce \u00e0 un logiciel de calcul d'itin\u00e9raires efficace.","ctatext":"","ctaurl":false,"cbgcolor":"#01CBDE","ctxtcolor":"#151D25"},{"icon_id":40699,"icon":"https:\/\/www.microlise.com\/wp-content\/uploads\/2024\/06\/reduce-turnaround-time.png","title":"Programmez des itin\u00e9raires adapt\u00e9s","intro":"Assurez-vous que vos conducteurs et vos v\u00e9hicules parcourent les itin\u00e9raires les mieux adapt\u00e9s, avec la possibilit\u00e9 de passer outre s'il le faut, pour b\u00e9n\u00e9ficier d'une connaissance locale.","ctatext":"","ctaurl":false,"cbgcolor":"#01CBDE","ctxtcolor":"#151D25"},{"icon_id":40447,"icon":"https:\/\/www.microlise.com\/wp-content\/uploads\/2024\/06\/enhance-business-intelligence.png","title":"R\u00e9duisez le temps de d\u00e9briefing de vos conducteurs","intro":"En vous concentrant uniquement sur les exceptions et en d\u00e9briefant vos conducteurs que lorsque cela est utile, vous \u00e9conomisez du temps pour vous et vos conducteurs.","cbgcolor":"#01CBDE","ctxtcolor":"#151D25"}],"microlise_product_feature":"","microlise_product_features":[{"img_type":"landscape","image_id":28028,"image":"https:\/\/www.microlise.com\/wp-content\/uploads\/2016\/10\/RM-01-PVA.jpg","video_id":30581,"video":"https:\/\/www.microlise.com\/wp-content\/uploads\/2016\/10\/RM-01-PVA-2.mp4","title":"\u00c9carts entre pr\u00e9vus et r\u00e9alis\u00e9s","intro":"Gr\u00e2ce \u00e0 cette fonctionnalit\u00e9, v\u00e9rifiez si vos plans donnent les r\u00e9sultats escompt\u00e9s. Comparez ce qui \u00e9tait pr\u00e9vu avec ce qui s'est r\u00e9ellement pass\u00e9 et apportez les ajustements n\u00e9cessaires aux plans futurs.","ctatext":"","ctaurl":false,"cbgcolor":"#01CBDE","ctxtcolor":"#151D25"},{"img_type":"landscape","image_id":28034,"image":"https:\/\/www.microlise.com\/wp-content\/uploads\/2016\/10\/TT-01-Asset-Tracking.png","video_id":30459,"video":"https:\/\/www.microlise.com\/wp-content\/uploads\/2020\/04\/TT-01-Asset-Tracking.mp4","title":"Itin\u00e9raires adapt\u00e9s \u00e0 chaque type de v\u00e9hicule","intro":"Les itin\u00e9raires s\u00e9lectionn\u00e9s seront toujours adapt\u00e9s au v\u00e9hicule concern\u00e9 - cela vous garantit que vos conducteurs ne resteront jamais bloqu\u00e9s au cours de leur mission.","cbgcolor":"#01CBDE","ctxtcolor":"#151D25"}],"microlise_product_anfeature":"","microlise_product_anfeatures":[{"img_type":"landscape","image_id":28040,"image":"https:\/\/www.microlise.com\/wp-content\/uploads\/2016\/10\/RM-03-Route-Overrides.jpg","video_id":30587,"video":"https:\/\/www.microlise.com\/wp-content\/uploads\/2016\/10\/RM-03-Route-Overrides-2.mp4","title":"Itin\u00e9raires de remplacement","intro":"Si n\u00e9cessaire, l'itin\u00e9raire pr\u00e9vu peut \u00eatre ignor\u00e9 si un autre choix est plus favorable. Par exemple, si un conducteur ne conna\u00eet pas bien une zone donn\u00e9e, mais que vos \u00e9quipes savent qu'un autre chemin est plus adapt\u00e9, un itin\u00e9raire de remplacement permanent peut \u00eatre param\u00e9tr\u00e9.","ctatext":"","ctaurl":false,"cbgcolor":"#01CBDE","ctxtcolor":"#151D25"},{"img_type":"landscape","image_id":28046,"image":"https:\/\/www.microlise.com\/wp-content\/uploads\/2016\/10\/RM-04-Deviation-Debrief.png","video_id":30593,"video":"https:\/\/www.microlise.com\/wp-content\/uploads\/2016\/10\/RM-04-Deviation-Debrief-2.mp4","title":"D\u00e9briefing par exception","intro":"Au lieu de d\u00e9briefer syst\u00e9matiquement tous vos conducteurs \u00e0 leur retour de tourn\u00e9e, ne faites un d\u00e9briefing que lorsqu'un \u00e9cart est d\u00e9tect\u00e9 et qu'un conducteur n'a pas pris l'itin\u00e9raire pr\u00e9vu causant ainsi un retard significatif.\r\nVous pouvez ainsi concentrer vos ressources l\u00e0 o\u00f9 elles seront le plus efficaces pour r\u00e9duire le kilom\u00e9trage inutile et am\u00e9liorer votre service client.","cbgcolor":"#01CBDE","ctxtcolor":"#151D25"}],"microlise_product_thirdfeature":"","microlise_product_thirdfeatures":[{"img_type":"landscape","cbgcolor":"#01CBDE","ctxtcolor":"#151D25"}],"microlise_product_faq":"","microlise_product_faqtitle":"","microlise_product_faqs":"","microlise_product_strip":"","microlise_product_stitle":"","microlise_product_sbtntext":"","microlise_product_sbtnurl":""}},"_links":{"self":[{"href":"https:\/\/www.microlise.com\/fr\/wp-json\/wp\/v2\/product\/15766","targetHints":{"allow":["GET"]}}],"collection":[{"href":"https:\/\/www.microlise.com\/fr\/wp-json\/wp\/v2\/product"}],"about":[{"href":"https:\/\/www.microlise.com\/fr\/wp-json\/wp\/v2\/types\/product"}],"up":[{"embeddable":true,"href":"https:\/\/www.microlise.com\/fr\/wp-json\/wp\/v2\/product\/15753"}],"wp:featuredmedia":[{"embeddable":true,"href":"https:\/\/www.microlise.com\/fr\/wp-json\/wp\/v2\/media\/41164"}],"wp:attachment":[{"href":"https:\/\/www.microlise.com\/fr\/wp-json\/wp\/v2\/media?parent=15766"}],"wp:term":[{"taxonomy":"category","embeddable":true,"href":"https:\/\/www.microlise.com\/fr\/wp-json\/wp\/v2\/categories?post=15766"}],"curies":[{"name":"wp","href":"https:\/\/api.w.org\/{rel}","templated":true}]}}