{"id":15765,"date":"2016-10-17T11:40:00","date_gmt":"2016-10-17T10:40:00","guid":{"rendered":"https:\/\/www.microlise.com\/fleet-management\/analyse-de-flotte\/main-doeuvre-flotte-gestion-dactifs\/"},"modified":"2025-06-26T09:55:02","modified_gmt":"2025-06-26T08:55:02","slug":"main-doeuvre-flotte-gestion-dactifs","status":"publish","type":"product","link":"https:\/\/www.microlise.com\/fr\/produits\/analyse-de-flotte\/main-doeuvre-flotte-gestion-dactifs\/","title":{"rendered":"Gestion des effectifs et des ressources"},"content":{"rendered":"<h2>G\u00e9rer plus efficacement vos effectifs et vos \u00e9quipements<\/h2>\n<p>Nos clients peuvent ainsi r\u00e9duire le co\u00fbt des heures suppl\u00e9mentaires voire m\u00eame la taille de leur flotte en optimisant l&rsquo;utilisation de leurs ressources.<\/p>\n","protected":false},"excerpt":{"rendered":"<p>Gr\u00e2ce \u00e0 Microlise et \u00e0 la gestion des ressources, vous pouvez importer des informations sur l&rsquo;activit\u00e9 du conducteur, affecter des ressources de mani\u00e8re plus efficace et l\u00e0 o\u00f9 elles sont vraiment n\u00e9cessaires.<\/p>\n","protected":false},"featured_media":28879,"parent":15753,"menu_order":114,"template":"","categories":[1113],"class_list":["post-15765","product","type-product","status-publish","has-post-thumbnail","hentry","category-workforce-resource-management-fr","entry"],"yoast_head":"<!-- This site is optimized with the Yoast SEO Premium plugin v25.7.1 (Yoast SEO v27.4) - https:\/\/yoast.com\/product\/yoast-seo-premium-wordpress\/ -->\n<title>Logiciel de gestion des ressources et des parcs de v\u00e9hicules<\/title>\n<meta name=\"description\" content=\"Logiciel de gestion d&#039;actifs de flotte pour g\u00e9rer la maintenance de la flotte, les inventaires de pi\u00e8ces, la consommation de carburant, les donn\u00e9es GPS, le d\u00e9ploiement de main-d&#039;\u0153uvre et plus encore. Renseignez-vous aujourd&#039;hui\" \/>\n<meta name=\"robots\" content=\"index, follow, max-snippet:-1, max-image-preview:large, max-video-preview:-1\" \/>\n<link rel=\"canonical\" href=\"https:\/\/www.microlise.com\/fr\/produits\/analyse-de-flotte\/main-doeuvre-flotte-gestion-dactifs\/\" \/>\n<meta property=\"og:locale\" content=\"fr_FR\" \/>\n<meta property=\"og:type\" content=\"article\" \/>\n<meta property=\"og:title\" content=\"Gestion des effectifs et des ressources\" \/>\n<meta property=\"og:description\" content=\"Logiciel de gestion d&#039;actifs de flotte pour g\u00e9rer la maintenance de la flotte, les inventaires de pi\u00e8ces, la consommation de carburant, les donn\u00e9es GPS, le d\u00e9ploiement de main-d&#039;\u0153uvre et plus encore. Renseignez-vous aujourd&#039;hui\" \/>\n<meta property=\"og:url\" content=\"https:\/\/www.microlise.com\/fr\/produits\/analyse-de-flotte\/main-doeuvre-flotte-gestion-dactifs\/\" \/>\n<meta property=\"og:site_name\" content=\"Microlise France\" \/>\n<meta property=\"article:publisher\" content=\"https:\/\/www.facebook.com\/MicroliseFR\/\" \/>\n<meta property=\"article:modified_time\" content=\"2025-06-26T08:55:02+00:00\" \/>\n<meta property=\"og:image\" content=\"https:\/\/www.microlise.com\/wp-content\/uploads\/2016\/10\/microlise-workforce-management.jpg\" \/>\n\t<meta property=\"og:image:width\" content=\"960\" \/>\n\t<meta property=\"og:image:height\" content=\"560\" \/>\n\t<meta property=\"og:image:type\" content=\"image\/jpeg\" \/>\n<meta name=\"twitter:card\" content=\"summary_large_image\" \/>\n<meta name=\"twitter:site\" content=\"@microlise\" \/>\n<meta name=\"twitter:label1\" content=\"Dur\u00e9e de lecture estim\u00e9e\" \/>\n\t<meta name=\"twitter:data1\" content=\"1 minute\" \/>\n<script type=\"application\/ld+json\" class=\"yoast-schema-graph\">{\"@context\":\"https:\\\/\\\/schema.org\",\"@graph\":[{\"@type\":\"WebPage\",\"@id\":\"https:\\\/\\\/www.microlise.com\\\/fr\\\/produits\\\/analyse-de-flotte\\\/main-doeuvre-flotte-gestion-dactifs\\\/\",\"url\":\"https:\\\/\\\/www.microlise.com\\\/fr\\\/produits\\\/analyse-de-flotte\\\/main-doeuvre-flotte-gestion-dactifs\\\/\",\"name\":\"Logiciel de gestion des ressources et des parcs de v\u00e9hicules\",\"isPartOf\":{\"@id\":\"https:\\\/\\\/www.microlise.com\\\/fr\\\/#website\"},\"primaryImageOfPage\":{\"@id\":\"https:\\\/\\\/www.microlise.com\\\/fr\\\/produits\\\/analyse-de-flotte\\\/main-doeuvre-flotte-gestion-dactifs\\\/#primaryimage\"},\"image\":{\"@id\":\"https:\\\/\\\/www.microlise.com\\\/fr\\\/produits\\\/analyse-de-flotte\\\/main-doeuvre-flotte-gestion-dactifs\\\/#primaryimage\"},\"thumbnailUrl\":\"https:\\\/\\\/www.microlise.com\\\/wp-content\\\/uploads\\\/2016\\\/10\\\/microlise-workforce-management.jpg\",\"datePublished\":\"2016-10-17T10:40:00+00:00\",\"dateModified\":\"2025-06-26T08:55:02+00:00\",\"description\":\"Logiciel de gestion d'actifs de flotte pour g\u00e9rer la maintenance de la flotte, les inventaires de pi\u00e8ces, la consommation de carburant, les donn\u00e9es GPS, le d\u00e9ploiement de main-d'\u0153uvre et plus encore. Renseignez-vous aujourd'hui\",\"breadcrumb\":{\"@id\":\"https:\\\/\\\/www.microlise.com\\\/fr\\\/produits\\\/analyse-de-flotte\\\/main-doeuvre-flotte-gestion-dactifs\\\/#breadcrumb\"},\"inLanguage\":\"fr-FR\",\"potentialAction\":[{\"@type\":\"ReadAction\",\"target\":[\"https:\\\/\\\/www.microlise.com\\\/fr\\\/produits\\\/analyse-de-flotte\\\/main-doeuvre-flotte-gestion-dactifs\\\/\"]}]},{\"@type\":\"ImageObject\",\"inLanguage\":\"fr-FR\",\"@id\":\"https:\\\/\\\/www.microlise.com\\\/fr\\\/produits\\\/analyse-de-flotte\\\/main-doeuvre-flotte-gestion-dactifs\\\/#primaryimage\",\"url\":\"https:\\\/\\\/www.microlise.com\\\/wp-content\\\/uploads\\\/2016\\\/10\\\/microlise-workforce-management.jpg\",\"contentUrl\":\"https:\\\/\\\/www.microlise.com\\\/wp-content\\\/uploads\\\/2016\\\/10\\\/microlise-workforce-management.jpg\",\"width\":960,\"height\":560,\"caption\":\"Close-up image of two logistics professionals using a tablet beside a delivery truck.\"},{\"@type\":\"BreadcrumbList\",\"@id\":\"https:\\\/\\\/www.microlise.com\\\/fr\\\/produits\\\/analyse-de-flotte\\\/main-doeuvre-flotte-gestion-dactifs\\\/#breadcrumb\",\"itemListElement\":[{\"@type\":\"ListItem\",\"position\":1,\"name\":\"Home\",\"item\":\"https:\\\/\\\/www.microlise.com\\\/fr\\\/\"},{\"@type\":\"ListItem\",\"position\":2,\"name\":\"Gestion des Tourn\u00e9es\",\"item\":\"https:\\\/\\\/www.microlise.com\\\/fr\\\/produits\\\/analyse-de-flotte\\\/\"},{\"@type\":\"ListItem\",\"position\":3,\"name\":\"Gestion des effectifs et des ressources\"}]},{\"@type\":\"WebSite\",\"@id\":\"https:\\\/\\\/www.microlise.com\\\/fr\\\/#website\",\"url\":\"https:\\\/\\\/www.microlise.com\\\/fr\\\/\",\"name\":\"Microlise France\",\"description\":\"Telematics, Transport &amp; Fleet Management Solutions\",\"publisher\":{\"@id\":\"https:\\\/\\\/www.microlise.com\\\/fr\\\/#organization\"},\"alternateName\":\"Microlise\",\"potentialAction\":[{\"@type\":\"SearchAction\",\"target\":{\"@type\":\"EntryPoint\",\"urlTemplate\":\"https:\\\/\\\/www.microlise.com\\\/fr\\\/?s={search_term_string}\"},\"query-input\":{\"@type\":\"PropertyValueSpecification\",\"valueRequired\":true,\"valueName\":\"search_term_string\"}}],\"inLanguage\":\"fr-FR\"},{\"@type\":\"Organization\",\"@id\":\"https:\\\/\\\/www.microlise.com\\\/fr\\\/#organization\",\"name\":\"Microlise\",\"alternateName\":\"Microlise\",\"url\":\"https:\\\/\\\/www.microlise.com\\\/fr\\\/\",\"logo\":{\"@type\":\"ImageObject\",\"inLanguage\":\"fr-FR\",\"@id\":\"https:\\\/\\\/www.microlise.com\\\/fr\\\/#\\\/schema\\\/logo\\\/image\\\/\",\"url\":\"https:\\\/\\\/www.microlise.com\\\/wp-content\\\/uploads\\\/2024\\\/06\\\/cropped-Microlise-Logo-Primary-Electric-1.png\",\"contentUrl\":\"https:\\\/\\\/www.microlise.com\\\/wp-content\\\/uploads\\\/2024\\\/06\\\/cropped-Microlise-Logo-Primary-Electric-1.png\",\"width\":235,\"height\":30,\"caption\":\"Microlise\"},\"image\":{\"@id\":\"https:\\\/\\\/www.microlise.com\\\/fr\\\/#\\\/schema\\\/logo\\\/image\\\/\"},\"sameAs\":[\"https:\\\/\\\/www.facebook.com\\\/MicroliseFR\\\/\",\"https:\\\/\\\/x.com\\\/microlise\",\"https:\\\/\\\/www.linkedin.com\\\/company\\\/microlise\",\"https:\\\/\\\/www.youtube.com\\\/user\\\/MicroliseLtd\"]}]}<\/script>\n<!-- \/ Yoast SEO Premium plugin. -->","yoast_head_json":{"title":"Logiciel de gestion des ressources et des parcs de v\u00e9hicules","description":"Logiciel de gestion d'actifs de flotte pour g\u00e9rer la maintenance de la flotte, les inventaires de pi\u00e8ces, la consommation de carburant, les donn\u00e9es GPS, le d\u00e9ploiement de main-d'\u0153uvre et plus encore. Renseignez-vous aujourd'hui","robots":{"index":"index","follow":"follow","max-snippet":"max-snippet:-1","max-image-preview":"max-image-preview:large","max-video-preview":"max-video-preview:-1"},"canonical":"https:\/\/www.microlise.com\/fr\/produits\/analyse-de-flotte\/main-doeuvre-flotte-gestion-dactifs\/","og_locale":"fr_FR","og_type":"article","og_title":"Gestion des effectifs et des ressources","og_description":"Logiciel de gestion d'actifs de flotte pour g\u00e9rer la maintenance de la flotte, les inventaires de pi\u00e8ces, la consommation de carburant, les donn\u00e9es GPS, le d\u00e9ploiement de main-d'\u0153uvre et plus encore. Renseignez-vous aujourd'hui","og_url":"https:\/\/www.microlise.com\/fr\/produits\/analyse-de-flotte\/main-doeuvre-flotte-gestion-dactifs\/","og_site_name":"Microlise France","article_publisher":"https:\/\/www.facebook.com\/MicroliseFR\/","article_modified_time":"2025-06-26T08:55:02+00:00","og_image":[{"width":960,"height":560,"url":"https:\/\/www.microlise.com\/wp-content\/uploads\/2016\/10\/microlise-workforce-management.jpg","type":"image\/jpeg"}],"twitter_card":"summary_large_image","twitter_site":"@microlise","twitter_misc":{"Dur\u00e9e de lecture estim\u00e9e":"1 minute"},"schema":{"@context":"https:\/\/schema.org","@graph":[{"@type":"WebPage","@id":"https:\/\/www.microlise.com\/fr\/produits\/analyse-de-flotte\/main-doeuvre-flotte-gestion-dactifs\/","url":"https:\/\/www.microlise.com\/fr\/produits\/analyse-de-flotte\/main-doeuvre-flotte-gestion-dactifs\/","name":"Logiciel de gestion des ressources et des parcs de v\u00e9hicules","isPartOf":{"@id":"https:\/\/www.microlise.com\/fr\/#website"},"primaryImageOfPage":{"@id":"https:\/\/www.microlise.com\/fr\/produits\/analyse-de-flotte\/main-doeuvre-flotte-gestion-dactifs\/#primaryimage"},"image":{"@id":"https:\/\/www.microlise.com\/fr\/produits\/analyse-de-flotte\/main-doeuvre-flotte-gestion-dactifs\/#primaryimage"},"thumbnailUrl":"https:\/\/www.microlise.com\/wp-content\/uploads\/2016\/10\/microlise-workforce-management.jpg","datePublished":"2016-10-17T10:40:00+00:00","dateModified":"2025-06-26T08:55:02+00:00","description":"Logiciel de gestion d'actifs de flotte pour g\u00e9rer la maintenance de la flotte, les inventaires de pi\u00e8ces, la consommation de carburant, les donn\u00e9es GPS, le d\u00e9ploiement de main-d'\u0153uvre et plus encore. Renseignez-vous aujourd'hui","breadcrumb":{"@id":"https:\/\/www.microlise.com\/fr\/produits\/analyse-de-flotte\/main-doeuvre-flotte-gestion-dactifs\/#breadcrumb"},"inLanguage":"fr-FR","potentialAction":[{"@type":"ReadAction","target":["https:\/\/www.microlise.com\/fr\/produits\/analyse-de-flotte\/main-doeuvre-flotte-gestion-dactifs\/"]}]},{"@type":"ImageObject","inLanguage":"fr-FR","@id":"https:\/\/www.microlise.com\/fr\/produits\/analyse-de-flotte\/main-doeuvre-flotte-gestion-dactifs\/#primaryimage","url":"https:\/\/www.microlise.com\/wp-content\/uploads\/2016\/10\/microlise-workforce-management.jpg","contentUrl":"https:\/\/www.microlise.com\/wp-content\/uploads\/2016\/10\/microlise-workforce-management.jpg","width":960,"height":560,"caption":"Close-up image of two logistics professionals using a tablet beside a delivery truck."},{"@type":"BreadcrumbList","@id":"https:\/\/www.microlise.com\/fr\/produits\/analyse-de-flotte\/main-doeuvre-flotte-gestion-dactifs\/#breadcrumb","itemListElement":[{"@type":"ListItem","position":1,"name":"Home","item":"https:\/\/www.microlise.com\/fr\/"},{"@type":"ListItem","position":2,"name":"Gestion des Tourn\u00e9es","item":"https:\/\/www.microlise.com\/fr\/produits\/analyse-de-flotte\/"},{"@type":"ListItem","position":3,"name":"Gestion des effectifs et des ressources"}]},{"@type":"WebSite","@id":"https:\/\/www.microlise.com\/fr\/#website","url":"https:\/\/www.microlise.com\/fr\/","name":"Microlise France","description":"Telematics, Transport &amp; Fleet Management Solutions","publisher":{"@id":"https:\/\/www.microlise.com\/fr\/#organization"},"alternateName":"Microlise","potentialAction":[{"@type":"SearchAction","target":{"@type":"EntryPoint","urlTemplate":"https:\/\/www.microlise.com\/fr\/?s={search_term_string}"},"query-input":{"@type":"PropertyValueSpecification","valueRequired":true,"valueName":"search_term_string"}}],"inLanguage":"fr-FR"},{"@type":"Organization","@id":"https:\/\/www.microlise.com\/fr\/#organization","name":"Microlise","alternateName":"Microlise","url":"https:\/\/www.microlise.com\/fr\/","logo":{"@type":"ImageObject","inLanguage":"fr-FR","@id":"https:\/\/www.microlise.com\/fr\/#\/schema\/logo\/image\/","url":"https:\/\/www.microlise.com\/wp-content\/uploads\/2024\/06\/cropped-Microlise-Logo-Primary-Electric-1.png","contentUrl":"https:\/\/www.microlise.com\/wp-content\/uploads\/2024\/06\/cropped-Microlise-Logo-Primary-Electric-1.png","width":235,"height":30,"caption":"Microlise"},"image":{"@id":"https:\/\/www.microlise.com\/fr\/#\/schema\/logo\/image\/"},"sameAs":["https:\/\/www.facebook.com\/MicroliseFR\/","https:\/\/x.com\/microlise","https:\/\/www.linkedin.com\/company\/microlise","https:\/\/www.youtube.com\/user\/MicroliseLtd"]}]}},"cmb2":{"microlise_product_metabox":{"microlise_product_header":"","microlise_product_title":"","microlise_product_use_title":"","microlise_product_intro":"","microlise_product_header_image":"https:\/\/www.microlise.com\/wp-content\/uploads\/2020\/04\/swirls-4.jpg","microlise_product_header_image_id":"40825","microlise_product_use_header_image":"on","microlise_product_cta":"","microlise_product_hctatxt":"Parler \u00e0 un expert","microlise_product_hctaurl":"https:\/\/www.microlise.com\/fr\/demo-demande\/","microlise_product_hctabgcolor":"#01CBDE","microlise_product_hctatcolor":"#151D25","microlise_product_hctatxt2":"","microlise_product_hctaurl2":"","microlise_product_hctabgcolor2":"","microlise_product_hctatcolor2":"#151D25","microlise_product_content":"","microlise_product_sub_title":"","microlise_product_vtype":"vimeo","microlise_product_VID":"666692935","microlise_product_Vcode":"","microlise_product_case_study":"","microlise_product_cimage":"","microlise_product_cimage_id":"","microlise_product_ctitle":"","microlise_product_ct_color":"#ffffff","microlise_product_ccontent":"","microlise_product_ccontent_color":"#ffffff","microlise_product_crbtn_text":"","microlise_product_crbtn_link":"","microlise_product_crbbgcolor":"#dcff66","microlise_product_crbtcolor":"#151D25","microlise_product_crbgcolor":"#152644","microlise_product_brochure":"","microlise_product_brtype":"brochure","microlise_product_bimage":"https:\/\/www.microlise.com\/wp-content\/uploads\/2014\/11\/french-product-brochure.png","microlise_product_bimage_id":"46609","microlise_product_btitle":"Pour en savoir plus, t\u00e9l\u00e9charger notre brochure produit","microlise_product_bt_color":"#ffffff","microlise_product_bcontent":"D\u00e9couvrez comment les solutions Microlise permettent aux gestionnaires de flotte de proposer un meilleur service \u00e0 leurs clients tout en am\u00e9liorant la productivit\u00e9, la s\u00e9curit\u00e9 et en r\u00e9duisant les co\u00fbts et l'impact sur l'environnement","microlise_product_bcontent_color":"#ffffff","microlise_product_brbtn_text":"T\u00e9l\u00e9charger la brochure","microlise_product_brbbgcolor":"#dcff66","microlise_product_brbtcolor":"#151D25","microlise_product_brbgcolor":"#152644","microlise_product_hide_brochure":"","microlise_product_rimage":"","microlise_product_rimage_id":"","microlise_product_rtitle":"","microlise_product_rt_color":"","microlise_product_rcontent":"","microlise_product_rcontent_color":"","microlise_product_rebgcolor":"","microlise_product_rebtn_text":"","microlise_product_hide_report":"","microlise_product_benefit":"","microlise_product_bctatxt":"Demander une d\u00e9mo","microlise_product_bctaurl":"https:\/\/www.microlise.com\/fr\/demo-demande\/","microlise_product_bctabgcolor":"#dcff66","microlise_product_bctatcolor":"#151D25","microlise_product_benefits":[{"icon_id":40543,"icon":"https:\/\/www.microlise.com\/wp-content\/uploads\/2024\/06\/improve-resource-allocation-efficiency.png","title":"Optimisez l'affectation de vos ressources","intro":"Associez rapidement le bon v\u00e9hicule et le bon conducteur \u00e0 la bonne tourn\u00e9e et r\u00e9duisez ainsi le temps de gestion li\u00e9 \u00e0 l'affectation des ressources","ctatext":"","ctaurl":false,"cbgcolor":"#01CBDE","ctxtcolor":"#151D25"},{"icon_id":40423,"icon":"https:\/\/www.microlise.com\/wp-content\/uploads\/2024\/06\/boost-asset-utilisation.png","title":"Augmentez l'utilisation de vos ressources et votre retour sur investissement","intro":"Avec une visibilit\u00e9 pr\u00e9cise sur votre flotte et en associant les bons v\u00e9hicules aux bonnes missions, vous pourrez dynamiser l'utilisation de vos ressources et am\u00e9liorer votre productivit\u00e9.","ctatext":"","ctaurl":false,"cbgcolor":"#01CBDE","ctxtcolor":"#151D25"},{"icon_id":40747,"icon":"https:\/\/www.microlise.com\/wp-content\/uploads\/2024\/06\/understand-driver-hour-availability.png","title":"Sachez quels sont vos conducteurs disponibles en un coup d'oeil","intro":"Visualisez rapidement quels conducteurs ont du temps disponible pour effectuer de nouvelles missions en utilisant notamment les informations relatives aux heures de travail et aux activit\u00e9s.","cbgcolor":"#01CBDE","ctxtcolor":"#151D25"}],"microlise_product_feature":"","microlise_product_features":[{"img_type":"landscape","image_id":28082,"image":"https:\/\/www.microlise.com\/wp-content\/uploads\/2016\/10\/WRM-04a-Driver-view-Allocated-Job.png","video_id":30641,"video":"https:\/\/www.microlise.com\/wp-content\/uploads\/2016\/10\/WRM-04a-Driver-view-Allocated-Job.mp4","title":"Gestion du travail de vos conducteurs (+ Rapport d'activit\u00e9 des conducteurs)","intro":"Ayez un aper\u00e7u de l'activit\u00e9 de chaque conducteur. Vous pourrez ainsi comprendre et r\u00e9partir les tourn\u00e9es afin d'organiser vos ressources de la meilleure fa\u00e7on possible. Notre \u00e9cran de contr\u00f4le permet d'enregistrer et de suivre les p\u00e9riodes pendant lesquelles un conducteur est utilis\u00e9, depuis sa prise de poste jusqu'\u00e0 la fin, avec aussi les d\u00e9placements et les activit\u00e9s non li\u00e9es \u00e0 la conduite telles que : les r\u00e9unions, formation ou nettoyage du v\u00e9hicule.","ctatext":"","ctaurl":false,"cbgcolor":"#01CBDE","ctxtcolor":"#151D25"},{"img_type":"landscape","image_id":28100,"image":"https:\/\/www.microlise.com\/wp-content\/uploads\/2016\/10\/WRM-01-Vehicle-Off-Road.png","video_id":30647,"video":"https:\/\/www.microlise.com\/wp-content\/uploads\/2016\/10\/WRM-01-Vehicle-Off-Road.mp4","title":"V\u00e9hicules indisponibles","intro":"Certains de vos v\u00e9hicules et remorques peuvent \u00eatre marqu\u00e9s comme indisponibles dans le syst\u00e8me lorsque des probl\u00e8mes\/pannes sont constat\u00e9s afin que ceux-ci ne puissent pas \u00eatre attribu\u00e9s par votre exploitation tant que le d\u00e9faut n'a pas \u00e9t\u00e9 r\u00e9solu. Lorsqu'un v\u00e9hicule indisponible est affect\u00e9, l'utilisateur recevra un message lui indiquant quand le v\u00e9hicule sera remis en service et de nouveau disponible.","cbgcolor":"#01CBDE","ctxtcolor":"#151D25"}],"microlise_product_anfeature":"","microlise_product_anfeatures":[{"img_type":"landscape","image_id":28094,"image":"https:\/\/www.microlise.com\/wp-content\/uploads\/2016\/10\/WRM-02-Resource-Allocation.png","video_id":30653,"video":"https:\/\/www.microlise.com\/wp-content\/uploads\/2016\/10\/WRM-02-Resource-Allocation.mp4","title":"Affectation des ressources","intro":"Affectez un tracteur, un conducteur, une remorque \u00e0 une tourn\u00e9e. Cela peut se faire au moyen d'une m\u00e9thode d'affectation rapide, d'un simple clic, ou en utilisant l'outil principal d'affectation des ressources qui permet d'utiliser des filtres complexes ou encore de rechercher les trois ressources n\u00e9cessaires en une seule fois.","ctatext":"","ctaurl":false,"cbgcolor":"#01CBDE","ctxtcolor":"#151D25"},{"img_type":"landscape","image_id":28715,"image":"https:\/\/www.microlise.com\/wp-content\/uploads\/2016\/10\/WRM03-TruTimeWorkforceAndResourceManagement.png","video_id":30659,"video":"https:\/\/www.microlise.com\/wp-content\/uploads\/2016\/10\/WRM03-TruTimeWorkforceAndResourceManagement.mp4","title":"TruTime","intro":"TruTimede TruTac est un syst\u00e8me en ligne de pointage, de gestion du temps de travail, de l\u2019assiduit\u00e9 et des ressources humaines. Il permet d\u2019analyser et de g\u00e9rer pr\u00e9cis\u00e9ment les horaires de travail. TruTimeenregistre avec pr\u00e9cision la pr\u00e9sence du personnel \u00e0 l\u2019aide de cartes de conducteur de tachygraphe num\u00e9rique ou de cartes intelligentes d\u2019employ\u00e9, fournissant une comparaison entre les heures point\u00e9es et les donn\u00e9es du tachygraphe.","cbgcolor":"#01CBDE","ctxtcolor":"#151D25"}],"microlise_product_thirdfeature":"","microlise_product_thirdfeatures":[{"img_type":"landscape","cbgcolor":"#01CBDE","ctxtcolor":"#151D25"}],"microlise_product_faq":"","microlise_product_faqtitle":"","microlise_product_faqs":"","microlise_product_strip":"","microlise_product_stitle":"","microlise_product_sbtntext":"","microlise_product_sbtnurl":""}},"_links":{"self":[{"href":"https:\/\/www.microlise.com\/fr\/wp-json\/wp\/v2\/product\/15765","targetHints":{"allow":["GET"]}}],"collection":[{"href":"https:\/\/www.microlise.com\/fr\/wp-json\/wp\/v2\/product"}],"about":[{"href":"https:\/\/www.microlise.com\/fr\/wp-json\/wp\/v2\/types\/product"}],"up":[{"embeddable":true,"href":"https:\/\/www.microlise.com\/fr\/wp-json\/wp\/v2\/product\/15753"}],"wp:featuredmedia":[{"embeddable":true,"href":"https:\/\/www.microlise.com\/fr\/wp-json\/wp\/v2\/media\/28879"}],"wp:attachment":[{"href":"https:\/\/www.microlise.com\/fr\/wp-json\/wp\/v2\/media?parent=15765"}],"wp:term":[{"taxonomy":"category","embeddable":true,"href":"https:\/\/www.microlise.com\/fr\/wp-json\/wp\/v2\/categories?post=15765"}],"curies":[{"name":"wp","href":"https:\/\/api.w.org\/{rel}","templated":true}]}}