{"id":15764,"date":"2016-10-17T11:40:00","date_gmt":"2016-10-17T10:40:00","guid":{"rendered":"https:\/\/www.microlise.com\/fleet-management\/analyse-de-flotte\/crm-customer-communications\/"},"modified":"2025-06-26T09:54:27","modified_gmt":"2025-06-26T08:54:27","slug":"customer-communications","status":"publish","type":"product","link":"https:\/\/www.microlise.com\/fr\/produits\/analyse-de-flotte\/customer-communications\/","title":{"rendered":"Communication avec les clients"},"content":{"rendered":"<h2>Offrir de mani\u00e8re proactive la meilleure exp\u00e9rience client<\/h2>\n<p>Des informations tr\u00e8s pr\u00e9cises concernant chaque mission sont facilement accessibles pour r\u00e9pondre aux questions des clients et traiter les probl\u00e8mes de mani\u00e8re proactive et rapide.<\/p>\n","protected":false},"excerpt":{"rendered":"<p>Toutes les fonctionnalit\u00e9s de notre module d&rsquo;aide \u00e0 la relation client et de communication ont \u00e9t\u00e9 con\u00e7ues en pensant \u00e0 l&rsquo;\u00e9quipe du Service Clients, avec des donn\u00e9es pr\u00e9sent\u00e9es de mani\u00e8re utile et intuitive.<\/p>\n","protected":false},"featured_media":28885,"parent":15753,"menu_order":81,"template":"","categories":[1114],"class_list":["post-15764","product","type-product","status-publish","has-post-thumbnail","hentry","category-crm-customer-communications-fr","entry"],"yoast_head":"<!-- This site is optimized with the Yoast SEO Premium plugin v25.7.1 (Yoast SEO v27.3) - https:\/\/yoast.com\/product\/yoast-seo-premium-wordpress\/ -->\n<title>Am\u00e9liorer la communication client et CRM avec Microlise<\/title>\n<meta name=\"description\" content=\"Tout ce qui concerne la CRM et les fonctionnalit\u00e9s de communication client est con\u00e7u en pensant \u00e0 l&#039;\u00e9quipe du service client\u00e8le, pr\u00e9sent\u00e9 de mani\u00e8re intuitive.\" \/>\n<meta name=\"robots\" content=\"index, follow, max-snippet:-1, max-image-preview:large, max-video-preview:-1\" \/>\n<link rel=\"canonical\" href=\"https:\/\/www.microlise.com\/fr\/produits\/analyse-de-flotte\/customer-communications\/\" \/>\n<meta property=\"og:locale\" content=\"fr_FR\" \/>\n<meta property=\"og:type\" content=\"article\" \/>\n<meta property=\"og:title\" content=\"Communication avec les clients\" \/>\n<meta property=\"og:description\" content=\"Tout ce qui concerne la CRM et les fonctionnalit\u00e9s de communication client est con\u00e7u en pensant \u00e0 l&#039;\u00e9quipe du service client\u00e8le, pr\u00e9sent\u00e9 de mani\u00e8re intuitive.\" \/>\n<meta property=\"og:url\" content=\"https:\/\/www.microlise.com\/fr\/produits\/analyse-de-flotte\/customer-communications\/\" \/>\n<meta property=\"og:site_name\" content=\"Microlise France\" \/>\n<meta property=\"article:publisher\" content=\"https:\/\/www.facebook.com\/MicroliseFR\/\" \/>\n<meta property=\"article:modified_time\" content=\"2025-06-26T08:54:27+00:00\" \/>\n<meta property=\"og:image\" content=\"https:\/\/www.microlise.com\/wp-content\/uploads\/2016\/10\/microlise-customer-communications.jpg\" \/>\n\t<meta property=\"og:image:width\" content=\"960\" \/>\n\t<meta property=\"og:image:height\" content=\"560\" \/>\n\t<meta property=\"og:image:type\" content=\"image\/jpeg\" \/>\n<meta name=\"twitter:card\" content=\"summary_large_image\" \/>\n<meta name=\"twitter:site\" content=\"@microlise\" \/>\n<meta name=\"twitter:label1\" content=\"Dur\u00e9e de lecture estim\u00e9e\" \/>\n\t<meta name=\"twitter:data1\" content=\"1 minute\" \/>\n<script type=\"application\/ld+json\" class=\"yoast-schema-graph\">{\"@context\":\"https:\\\/\\\/schema.org\",\"@graph\":[{\"@type\":\"WebPage\",\"@id\":\"https:\\\/\\\/www.microlise.com\\\/fr\\\/produits\\\/analyse-de-flotte\\\/customer-communications\\\/\",\"url\":\"https:\\\/\\\/www.microlise.com\\\/fr\\\/produits\\\/analyse-de-flotte\\\/customer-communications\\\/\",\"name\":\"Am\u00e9liorer la communication client et CRM avec Microlise\",\"isPartOf\":{\"@id\":\"https:\\\/\\\/www.microlise.com\\\/fr\\\/#website\"},\"primaryImageOfPage\":{\"@id\":\"https:\\\/\\\/www.microlise.com\\\/fr\\\/produits\\\/analyse-de-flotte\\\/customer-communications\\\/#primaryimage\"},\"image\":{\"@id\":\"https:\\\/\\\/www.microlise.com\\\/fr\\\/produits\\\/analyse-de-flotte\\\/customer-communications\\\/#primaryimage\"},\"thumbnailUrl\":\"https:\\\/\\\/www.microlise.com\\\/wp-content\\\/uploads\\\/2016\\\/10\\\/microlise-customer-communications.jpg\",\"datePublished\":\"2016-10-17T10:40:00+00:00\",\"dateModified\":\"2025-06-26T08:54:27+00:00\",\"description\":\"Tout ce qui concerne la CRM et les fonctionnalit\u00e9s de communication client est con\u00e7u en pensant \u00e0 l'\u00e9quipe du service client\u00e8le, pr\u00e9sent\u00e9 de mani\u00e8re intuitive.\",\"breadcrumb\":{\"@id\":\"https:\\\/\\\/www.microlise.com\\\/fr\\\/produits\\\/analyse-de-flotte\\\/customer-communications\\\/#breadcrumb\"},\"inLanguage\":\"fr-FR\",\"potentialAction\":[{\"@type\":\"ReadAction\",\"target\":[\"https:\\\/\\\/www.microlise.com\\\/fr\\\/produits\\\/analyse-de-flotte\\\/customer-communications\\\/\"]}]},{\"@type\":\"ImageObject\",\"inLanguage\":\"fr-FR\",\"@id\":\"https:\\\/\\\/www.microlise.com\\\/fr\\\/produits\\\/analyse-de-flotte\\\/customer-communications\\\/#primaryimage\",\"url\":\"https:\\\/\\\/www.microlise.com\\\/wp-content\\\/uploads\\\/2016\\\/10\\\/microlise-customer-communications.jpg\",\"contentUrl\":\"https:\\\/\\\/www.microlise.com\\\/wp-content\\\/uploads\\\/2016\\\/10\\\/microlise-customer-communications.jpg\",\"width\":960,\"height\":560,\"caption\":\"Advanced transport management system with multiple monitors displaying live data.\"},{\"@type\":\"BreadcrumbList\",\"@id\":\"https:\\\/\\\/www.microlise.com\\\/fr\\\/produits\\\/analyse-de-flotte\\\/customer-communications\\\/#breadcrumb\",\"itemListElement\":[{\"@type\":\"ListItem\",\"position\":1,\"name\":\"Home\",\"item\":\"https:\\\/\\\/www.microlise.com\\\/fr\\\/\"},{\"@type\":\"ListItem\",\"position\":2,\"name\":\"Gestion des Tourn\u00e9es\",\"item\":\"https:\\\/\\\/www.microlise.com\\\/fr\\\/produits\\\/analyse-de-flotte\\\/\"},{\"@type\":\"ListItem\",\"position\":3,\"name\":\"Communication avec les clients\"}]},{\"@type\":\"WebSite\",\"@id\":\"https:\\\/\\\/www.microlise.com\\\/fr\\\/#website\",\"url\":\"https:\\\/\\\/www.microlise.com\\\/fr\\\/\",\"name\":\"Microlise France\",\"description\":\"Telematics, Transport &amp; Fleet Management Solutions\",\"publisher\":{\"@id\":\"https:\\\/\\\/www.microlise.com\\\/fr\\\/#organization\"},\"alternateName\":\"Microlise\",\"potentialAction\":[{\"@type\":\"SearchAction\",\"target\":{\"@type\":\"EntryPoint\",\"urlTemplate\":\"https:\\\/\\\/www.microlise.com\\\/fr\\\/?s={search_term_string}\"},\"query-input\":{\"@type\":\"PropertyValueSpecification\",\"valueRequired\":true,\"valueName\":\"search_term_string\"}}],\"inLanguage\":\"fr-FR\"},{\"@type\":\"Organization\",\"@id\":\"https:\\\/\\\/www.microlise.com\\\/fr\\\/#organization\",\"name\":\"Microlise\",\"alternateName\":\"Microlise\",\"url\":\"https:\\\/\\\/www.microlise.com\\\/fr\\\/\",\"logo\":{\"@type\":\"ImageObject\",\"inLanguage\":\"fr-FR\",\"@id\":\"https:\\\/\\\/www.microlise.com\\\/fr\\\/#\\\/schema\\\/logo\\\/image\\\/\",\"url\":\"https:\\\/\\\/www.microlise.com\\\/wp-content\\\/uploads\\\/2024\\\/06\\\/cropped-Microlise-Logo-Primary-Electric-1.png\",\"contentUrl\":\"https:\\\/\\\/www.microlise.com\\\/wp-content\\\/uploads\\\/2024\\\/06\\\/cropped-Microlise-Logo-Primary-Electric-1.png\",\"width\":235,\"height\":30,\"caption\":\"Microlise\"},\"image\":{\"@id\":\"https:\\\/\\\/www.microlise.com\\\/fr\\\/#\\\/schema\\\/logo\\\/image\\\/\"},\"sameAs\":[\"https:\\\/\\\/www.facebook.com\\\/MicroliseFR\\\/\",\"https:\\\/\\\/x.com\\\/microlise\",\"https:\\\/\\\/www.linkedin.com\\\/company\\\/microlise\",\"https:\\\/\\\/www.youtube.com\\\/user\\\/MicroliseLtd\"]}]}<\/script>\n<!-- \/ Yoast SEO Premium plugin. -->","yoast_head_json":{"title":"Am\u00e9liorer la communication client et CRM avec Microlise","description":"Tout ce qui concerne la CRM et les fonctionnalit\u00e9s de communication client est con\u00e7u en pensant \u00e0 l'\u00e9quipe du service client\u00e8le, pr\u00e9sent\u00e9 de mani\u00e8re intuitive.","robots":{"index":"index","follow":"follow","max-snippet":"max-snippet:-1","max-image-preview":"max-image-preview:large","max-video-preview":"max-video-preview:-1"},"canonical":"https:\/\/www.microlise.com\/fr\/produits\/analyse-de-flotte\/customer-communications\/","og_locale":"fr_FR","og_type":"article","og_title":"Communication avec les clients","og_description":"Tout ce qui concerne la CRM et les fonctionnalit\u00e9s de communication client est con\u00e7u en pensant \u00e0 l'\u00e9quipe du service client\u00e8le, pr\u00e9sent\u00e9 de mani\u00e8re intuitive.","og_url":"https:\/\/www.microlise.com\/fr\/produits\/analyse-de-flotte\/customer-communications\/","og_site_name":"Microlise France","article_publisher":"https:\/\/www.facebook.com\/MicroliseFR\/","article_modified_time":"2025-06-26T08:54:27+00:00","og_image":[{"width":960,"height":560,"url":"https:\/\/www.microlise.com\/wp-content\/uploads\/2016\/10\/microlise-customer-communications.jpg","type":"image\/jpeg"}],"twitter_card":"summary_large_image","twitter_site":"@microlise","twitter_misc":{"Dur\u00e9e de lecture estim\u00e9e":"1 minute"},"schema":{"@context":"https:\/\/schema.org","@graph":[{"@type":"WebPage","@id":"https:\/\/www.microlise.com\/fr\/produits\/analyse-de-flotte\/customer-communications\/","url":"https:\/\/www.microlise.com\/fr\/produits\/analyse-de-flotte\/customer-communications\/","name":"Am\u00e9liorer la communication client et CRM avec Microlise","isPartOf":{"@id":"https:\/\/www.microlise.com\/fr\/#website"},"primaryImageOfPage":{"@id":"https:\/\/www.microlise.com\/fr\/produits\/analyse-de-flotte\/customer-communications\/#primaryimage"},"image":{"@id":"https:\/\/www.microlise.com\/fr\/produits\/analyse-de-flotte\/customer-communications\/#primaryimage"},"thumbnailUrl":"https:\/\/www.microlise.com\/wp-content\/uploads\/2016\/10\/microlise-customer-communications.jpg","datePublished":"2016-10-17T10:40:00+00:00","dateModified":"2025-06-26T08:54:27+00:00","description":"Tout ce qui concerne la CRM et les fonctionnalit\u00e9s de communication client est con\u00e7u en pensant \u00e0 l'\u00e9quipe du service client\u00e8le, pr\u00e9sent\u00e9 de mani\u00e8re intuitive.","breadcrumb":{"@id":"https:\/\/www.microlise.com\/fr\/produits\/analyse-de-flotte\/customer-communications\/#breadcrumb"},"inLanguage":"fr-FR","potentialAction":[{"@type":"ReadAction","target":["https:\/\/www.microlise.com\/fr\/produits\/analyse-de-flotte\/customer-communications\/"]}]},{"@type":"ImageObject","inLanguage":"fr-FR","@id":"https:\/\/www.microlise.com\/fr\/produits\/analyse-de-flotte\/customer-communications\/#primaryimage","url":"https:\/\/www.microlise.com\/wp-content\/uploads\/2016\/10\/microlise-customer-communications.jpg","contentUrl":"https:\/\/www.microlise.com\/wp-content\/uploads\/2016\/10\/microlise-customer-communications.jpg","width":960,"height":560,"caption":"Advanced transport management system with multiple monitors displaying live data."},{"@type":"BreadcrumbList","@id":"https:\/\/www.microlise.com\/fr\/produits\/analyse-de-flotte\/customer-communications\/#breadcrumb","itemListElement":[{"@type":"ListItem","position":1,"name":"Home","item":"https:\/\/www.microlise.com\/fr\/"},{"@type":"ListItem","position":2,"name":"Gestion des Tourn\u00e9es","item":"https:\/\/www.microlise.com\/fr\/produits\/analyse-de-flotte\/"},{"@type":"ListItem","position":3,"name":"Communication avec les clients"}]},{"@type":"WebSite","@id":"https:\/\/www.microlise.com\/fr\/#website","url":"https:\/\/www.microlise.com\/fr\/","name":"Microlise France","description":"Telematics, Transport &amp; Fleet Management Solutions","publisher":{"@id":"https:\/\/www.microlise.com\/fr\/#organization"},"alternateName":"Microlise","potentialAction":[{"@type":"SearchAction","target":{"@type":"EntryPoint","urlTemplate":"https:\/\/www.microlise.com\/fr\/?s={search_term_string}"},"query-input":{"@type":"PropertyValueSpecification","valueRequired":true,"valueName":"search_term_string"}}],"inLanguage":"fr-FR"},{"@type":"Organization","@id":"https:\/\/www.microlise.com\/fr\/#organization","name":"Microlise","alternateName":"Microlise","url":"https:\/\/www.microlise.com\/fr\/","logo":{"@type":"ImageObject","inLanguage":"fr-FR","@id":"https:\/\/www.microlise.com\/fr\/#\/schema\/logo\/image\/","url":"https:\/\/www.microlise.com\/wp-content\/uploads\/2024\/06\/cropped-Microlise-Logo-Primary-Electric-1.png","contentUrl":"https:\/\/www.microlise.com\/wp-content\/uploads\/2024\/06\/cropped-Microlise-Logo-Primary-Electric-1.png","width":235,"height":30,"caption":"Microlise"},"image":{"@id":"https:\/\/www.microlise.com\/fr\/#\/schema\/logo\/image\/"},"sameAs":["https:\/\/www.facebook.com\/MicroliseFR\/","https:\/\/x.com\/microlise","https:\/\/www.linkedin.com\/company\/microlise","https:\/\/www.youtube.com\/user\/MicroliseLtd"]}]}},"cmb2":{"microlise_product_metabox":{"microlise_product_header":"","microlise_product_title":"","microlise_product_use_title":"","microlise_product_intro":"","microlise_product_header_image":"https:\/\/www.microlise.com\/wp-content\/uploads\/2016\/10\/purple-swirls.jpg","microlise_product_header_image_id":"41178","microlise_product_use_header_image":"on","microlise_product_cta":"","microlise_product_hctatxt":"Parler \u00e0 un expert","microlise_product_hctaurl":"https:\/\/www.microlise.com\/fr\/demo-demande\/","microlise_product_hctabgcolor":"#01CBDE","microlise_product_hctatcolor":"#151D25","microlise_product_hctatxt2":"","microlise_product_hctaurl2":"","microlise_product_hctabgcolor2":"","microlise_product_hctatcolor2":"#151D25","microlise_product_content":"","microlise_product_sub_title":"","microlise_product_vtype":"vimeo","microlise_product_VID":"667707575","microlise_product_Vcode":"","microlise_product_case_study":"","microlise_product_cimage":"","microlise_product_cimage_id":"","microlise_product_ctitle":"","microlise_product_ct_color":"#ffffff","microlise_product_ccontent":"","microlise_product_ccontent_color":"#ffffff","microlise_product_crbtn_text":"","microlise_product_crbtn_link":"","microlise_product_crbbgcolor":"#dcff66","microlise_product_crbtcolor":"#151D25","microlise_product_crbgcolor":"#152644","microlise_product_brochure":"","microlise_product_brtype":"brochure","microlise_product_bimage":"https:\/\/www.microlise.com\/wp-content\/uploads\/2014\/11\/french-product-brochure.png","microlise_product_bimage_id":"46609","microlise_product_btitle":"Pour en savoir plus, t\u00e9l\u00e9charger notre brochure produit","microlise_product_bt_color":"#ffffff","microlise_product_bcontent":"D\u00e9couvrez comment les solutions Microlise permettent aux gestionnaires de flotte de proposer un meilleur service \u00e0 leurs clients tout en am\u00e9liorant la productivit\u00e9, la s\u00e9curit\u00e9 et en r\u00e9duisant les co\u00fbts et l'impact sur l'environnement","microlise_product_bcontent_color":"#ffffff","microlise_product_brbtn_text":"T\u00e9l\u00e9charger la brochure","microlise_product_brbbgcolor":"#dcff66","microlise_product_brbtcolor":"#151D25","microlise_product_brbgcolor":"#152644","microlise_product_hide_brochure":"","microlise_product_rimage":"","microlise_product_rimage_id":"","microlise_product_rtitle":"","microlise_product_rt_color":"","microlise_product_rcontent":"","microlise_product_rcontent_color":"","microlise_product_rebgcolor":"","microlise_product_rebtn_text":"","microlise_product_hide_report":"","microlise_product_benefit":"","microlise_product_bctatxt":"Demander une d\u00e9mo","microlise_product_bctaurl":"https:\/\/www.microlise.com\/fr\/demo-demande\/","microlise_product_bctabgcolor":"#dcff66","microlise_product_bctatcolor":"#151D25","microlise_product_benefits":[{"icon_id":40405,"icon":"https:\/\/www.microlise.com\/wp-content\/uploads\/2024\/06\/address-customer-queries.png","title":"Aidez votre Service Clients \u00e0 devenir plus performant","intro":"Tenez les \u00e9quipes de votre Service Clients pleinement inform\u00e9es en leur donnant un acc\u00e8s direct et tr\u00e8s simple \u00e0 toutes les informations pertinentes relatives aux livraisons de vos clients.","ctatext":"","ctaurl":false,"cbgcolor":"#01CBDE","ctxtcolor":"#151D25"},{"icon_id":40525,"icon":"https:\/\/www.microlise.com\/wp-content\/uploads\/2024\/06\/improve-customer-retention.png","title":"Fid\u00e9lisez vos clients","intro":"Am\u00e9liorez la satisfaction de vos clients en les informant et en traitant les probl\u00e8mes rapidement et de mani\u00e8re proactive.","ctatext":"","ctaurl":false,"cbgcolor":"#01CBDE","ctxtcolor":"#151D25"},{"icon_id":40459,"icon":"https:\/\/www.microlise.com\/wp-content\/uploads\/2024\/06\/ensure-compliance.png","title":"Respectez vos engagements vis \u00e0 vis de vos clients (SLA)","intro":"Gr\u00e2ce aux rapports d\u00e9taill\u00e9s des prestations par client, vos \u00e9quipes peuvent s'assurer que les exigences sp\u00e9cifiques de vos clients ont \u00e9t\u00e9 respect\u00e9es et prendre les mesures n\u00e9cessaires si tel n'est pas le cas.","cbgcolor":"#01CBDE","ctxtcolor":"#151D25"}],"microlise_product_feature":"","microlise_product_features":[{"img_type":"landscape","image_id":28683,"image":"https:\/\/www.microlise.com\/wp-content\/uploads\/2016\/10\/CC-01-Arivals-1.png","video_id":30563,"video":"https:\/\/www.microlise.com\/wp-content\/uploads\/2016\/10\/CC-01-Arivals-2.mp4","title":"Importation & mise \u00e0 jour des exp\u00e9ditions, des ETA","intro":"Des informations d\u00e9taill\u00e9es sur chaque exp\u00e9dition allant jusqu'au d\u00e9tail de chaque produit peuvent \u00eatre import\u00e9es et mises \u00e0 jour via l'interface, y compris lorsque le conducteur est sur la route pour s'assurer qu'\u00e0 l'arriv\u00e9e, le manifeste soit \u00e0 jour . Une vision claire pour le conducteur et le client de ce qui doit \u00eatre collect\u00e9 ou livr\u00e9, et une vision claire sur les ETA estim\u00e9es et mises a jour avec le tableau des arriv\u00e9es et d\u00e9parts de Journey Management,","ctatext":"","ctaurl":false,"cbgcolor":"#01CBDE","ctxtcolor":"#151D25"},{"img_type":"landscape","image_id":28695,"image":"https:\/\/www.microlise.com\/wp-content\/uploads\/2016\/10\/CC-03-Report-01.png","video_id":30635,"video":"https:\/\/www.microlise.com\/wp-content\/uploads\/2016\/10\/CC-03-Report-01.mp4","title":"Gestion proactive des clients","intro":"Gr\u00e2ce \u00e0 cette fonctionnalit\u00e9, tenez les \u00e9quipes charg\u00e9es du Service Clients inform\u00e9es de ce qui se passe concernant chaque prestation. Le syst\u00e8me signalera les livraisons susceptibles d'\u00eatre en retard et donnera \u00e0 l'\u00e9quipe suffisamment de temps pour en informer le client ou m\u00eame prendre des mesures pour rectifier le probl\u00e8me.","cbgcolor":"#01CBDE","ctxtcolor":"#151D25"}],"microlise_product_anfeature":"","microlise_product_anfeatures":[{"img_type":"landscape","image_id":19238,"image":"https:\/\/www.microlise.com\/wp-content\/uploads\/2020\/12\/delivery-tags.jpg","video_id":"","video":false,"title":"Rapports de performances des livraisons","intro":"Une s\u00e9rie de rapports permet d\u2019analyser la performance des livraisons, en indiquant la part de celles arriv\u00e9es \u00e0 l\u2019heure, assorties de r\u00e9serves, ou ayant \u00e9chou\u00e9.","ctatext":"","ctaurl":false,"cbgcolor":"#01CBDE","ctxtcolor":"#151D25"},{"img_type":"landscape","image_id":27824,"image":"https:\/\/www.microlise.com\/wp-content\/uploads\/2016\/09\/VT-02-Geofence.jpg","video_id":30330,"video":"https:\/\/www.microlise.com\/wp-content\/uploads\/2016\/09\/VT-02-Geofence.mp4","title":"Alertes de livraison client","intro":"Des zones g\u00e9ographiques (geofences) peuvent \u00eatre d\u00e9finies autour des sites de destination pour d\u00e9clencher l\u2019envoi d\u2019une alerte par SMS ou e-mail \u00e0 l\u2019approche d\u2019une livraison.","cbgcolor":"#01CBDE","ctxtcolor":"#151D25"}],"microlise_product_thirdfeature":"","microlise_product_thirdfeatures":[{"img_type":"landscape","cbgcolor":"#01CBDE","ctxtcolor":"#151D25"}],"microlise_product_faq":"","microlise_product_faqtitle":"","microlise_product_faqs":"","microlise_product_strip":"","microlise_product_stitle":"","microlise_product_sbtntext":"","microlise_product_sbtnurl":""}},"_links":{"self":[{"href":"https:\/\/www.microlise.com\/fr\/wp-json\/wp\/v2\/product\/15764","targetHints":{"allow":["GET"]}}],"collection":[{"href":"https:\/\/www.microlise.com\/fr\/wp-json\/wp\/v2\/product"}],"about":[{"href":"https:\/\/www.microlise.com\/fr\/wp-json\/wp\/v2\/types\/product"}],"up":[{"embeddable":true,"href":"https:\/\/www.microlise.com\/fr\/wp-json\/wp\/v2\/product\/15753"}],"wp:featuredmedia":[{"embeddable":true,"href":"https:\/\/www.microlise.com\/fr\/wp-json\/wp\/v2\/media\/28885"}],"wp:attachment":[{"href":"https:\/\/www.microlise.com\/fr\/wp-json\/wp\/v2\/media?parent=15764"}],"wp:term":[{"taxonomy":"category","embeddable":true,"href":"https:\/\/www.microlise.com\/fr\/wp-json\/wp\/v2\/categories?post=15764"}],"curies":[{"name":"wp","href":"https:\/\/api.w.org\/{rel}","templated":true}]}}