{"id":15763,"date":"2016-10-17T11:39:00","date_gmt":"2016-10-17T10:39:00","guid":{"rendered":"https:\/\/www.microlise.com\/fleet-management\/analyse-de-flotte\/planification-de-flotte\/"},"modified":"2025-06-26T09:53:55","modified_gmt":"2025-06-26T08:53:55","slug":"planification-de-flotte","status":"publish","type":"product","link":"https:\/\/www.microlise.com\/fr\/produits\/analyse-de-flotte\/planification-de-flotte\/","title":{"rendered":"Suivi d\u2019Ex\u00e9cution"},"content":{"rendered":"<h2>Mieux g\u00e9rer l\u2019ex\u00e9cution de vos missions<\/h2>\n<p>Les analyses et rapports concernant la r\u00e9alisation de vos tourn\u00e9es vous permettent de rechercher des pistes d\u2019am\u00e9lioration et de rendre votre planification chaque jour plus efficace. Vous pouvez \u00e9galement int\u00e9grer des tourn\u00e9es d\u00e9j\u00e0 optimis\u00e9es par des logiciels sp\u00e9cialis\u00e9s d\u2019\u00e9diteurs tiers.<\/p>\n","protected":false},"excerpt":{"rendered":"<p>La planification des missions vous permet de visualiser l&rsquo;\u00e9tat de vos trajets en cours et de faire les mises \u00e0 jour n\u00e9cessaires en temps r\u00e9el afin d&rsquo;\u00e9viter que les probl\u00e8mes potentiels ne se concr\u00e9tisent. Cela vous permet d&rsquo;offrir un service r\u00e9ellement proactif \u00e0 vos clients.<\/p>\n","protected":false},"featured_media":28809,"parent":15753,"menu_order":69,"template":"","categories":[1111],"class_list":["post-15763","product","type-product","status-publish","has-post-thumbnail","hentry","category-schedule-management-fr","entry"],"yoast_head":"<!-- This site is optimized with the Yoast SEO Premium plugin v25.7.1 (Yoast SEO v27.4) - https:\/\/yoast.com\/product\/yoast-seo-premium-wordpress\/ -->\n<title>Optimiser la planification de flotte avec le logiciel de planification de flotte<\/title>\n<meta name=\"description\" content=\"Facilitez les changements de programme de flotte avec le logiciel de planification de flotte de Microlise. Optimisez les performances des conducteurs gr\u00e2ce \u00e0 notre logiciel de planification dynamique facile \u00e0 utiliser.\" \/>\n<meta name=\"robots\" content=\"index, follow, max-snippet:-1, max-image-preview:large, max-video-preview:-1\" \/>\n<link rel=\"canonical\" href=\"https:\/\/www.microlise.com\/fr\/produits\/analyse-de-flotte\/planification-de-flotte\/\" \/>\n<meta property=\"og:locale\" content=\"fr_FR\" \/>\n<meta property=\"og:type\" content=\"article\" \/>\n<meta property=\"og:title\" content=\"Suivi d\u2019Ex\u00e9cution\" \/>\n<meta property=\"og:description\" content=\"Facilitez les changements de programme de flotte avec le logiciel de planification de flotte de Microlise. Optimisez les performances des conducteurs gr\u00e2ce \u00e0 notre logiciel de planification dynamique facile \u00e0 utiliser.\" \/>\n<meta property=\"og:url\" content=\"https:\/\/www.microlise.com\/fr\/produits\/analyse-de-flotte\/planification-de-flotte\/\" \/>\n<meta property=\"og:site_name\" content=\"Microlise France\" \/>\n<meta property=\"article:publisher\" content=\"https:\/\/www.facebook.com\/MicroliseFR\/\" \/>\n<meta property=\"article:modified_time\" content=\"2025-06-26T08:53:55+00:00\" \/>\n<meta property=\"og:image\" content=\"https:\/\/www.microlise.com\/wp-content\/uploads\/2016\/10\/microlise-schedule-management.jpg\" \/>\n\t<meta property=\"og:image:width\" content=\"960\" \/>\n\t<meta property=\"og:image:height\" content=\"560\" \/>\n\t<meta property=\"og:image:type\" content=\"image\/jpeg\" \/>\n<meta name=\"twitter:card\" content=\"summary_large_image\" \/>\n<meta name=\"twitter:site\" content=\"@microlise\" \/>\n<meta name=\"twitter:label1\" content=\"Dur\u00e9e de lecture estim\u00e9e\" \/>\n\t<meta name=\"twitter:data1\" content=\"1 minute\" \/>\n<script type=\"application\/ld+json\" class=\"yoast-schema-graph\">{\"@context\":\"https:\\\/\\\/schema.org\",\"@graph\":[{\"@type\":\"WebPage\",\"@id\":\"https:\\\/\\\/www.microlise.com\\\/fr\\\/produits\\\/analyse-de-flotte\\\/planification-de-flotte\\\/\",\"url\":\"https:\\\/\\\/www.microlise.com\\\/fr\\\/produits\\\/analyse-de-flotte\\\/planification-de-flotte\\\/\",\"name\":\"Optimiser la planification de flotte avec le logiciel de planification de flotte\",\"isPartOf\":{\"@id\":\"https:\\\/\\\/www.microlise.com\\\/fr\\\/#website\"},\"primaryImageOfPage\":{\"@id\":\"https:\\\/\\\/www.microlise.com\\\/fr\\\/produits\\\/analyse-de-flotte\\\/planification-de-flotte\\\/#primaryimage\"},\"image\":{\"@id\":\"https:\\\/\\\/www.microlise.com\\\/fr\\\/produits\\\/analyse-de-flotte\\\/planification-de-flotte\\\/#primaryimage\"},\"thumbnailUrl\":\"https:\\\/\\\/www.microlise.com\\\/wp-content\\\/uploads\\\/2016\\\/10\\\/microlise-schedule-management.jpg\",\"datePublished\":\"2016-10-17T10:39:00+00:00\",\"dateModified\":\"2025-06-26T08:53:55+00:00\",\"description\":\"Facilitez les changements de programme de flotte avec le logiciel de planification de flotte de Microlise. Optimisez les performances des conducteurs gr\u00e2ce \u00e0 notre logiciel de planification dynamique facile \u00e0 utiliser.\",\"breadcrumb\":{\"@id\":\"https:\\\/\\\/www.microlise.com\\\/fr\\\/produits\\\/analyse-de-flotte\\\/planification-de-flotte\\\/#breadcrumb\"},\"inLanguage\":\"fr-FR\",\"potentialAction\":[{\"@type\":\"ReadAction\",\"target\":[\"https:\\\/\\\/www.microlise.com\\\/fr\\\/produits\\\/analyse-de-flotte\\\/planification-de-flotte\\\/\"]}]},{\"@type\":\"ImageObject\",\"inLanguage\":\"fr-FR\",\"@id\":\"https:\\\/\\\/www.microlise.com\\\/fr\\\/produits\\\/analyse-de-flotte\\\/planification-de-flotte\\\/#primaryimage\",\"url\":\"https:\\\/\\\/www.microlise.com\\\/wp-content\\\/uploads\\\/2016\\\/10\\\/microlise-schedule-management.jpg\",\"contentUrl\":\"https:\\\/\\\/www.microlise.com\\\/wp-content\\\/uploads\\\/2016\\\/10\\\/microlise-schedule-management.jpg\",\"width\":960,\"height\":560,\"caption\":\"Efficient vehicle and fleet tracking solutions highlighted at Microlise, featuring real-time data for logistics optimisation and transport management.\"},{\"@type\":\"BreadcrumbList\",\"@id\":\"https:\\\/\\\/www.microlise.com\\\/fr\\\/produits\\\/analyse-de-flotte\\\/planification-de-flotte\\\/#breadcrumb\",\"itemListElement\":[{\"@type\":\"ListItem\",\"position\":1,\"name\":\"Home\",\"item\":\"https:\\\/\\\/www.microlise.com\\\/fr\\\/\"},{\"@type\":\"ListItem\",\"position\":2,\"name\":\"Gestion des Tourn\u00e9es\",\"item\":\"https:\\\/\\\/www.microlise.com\\\/fr\\\/produits\\\/analyse-de-flotte\\\/\"},{\"@type\":\"ListItem\",\"position\":3,\"name\":\"Suivi d\u2019Ex\u00e9cution\"}]},{\"@type\":\"WebSite\",\"@id\":\"https:\\\/\\\/www.microlise.com\\\/fr\\\/#website\",\"url\":\"https:\\\/\\\/www.microlise.com\\\/fr\\\/\",\"name\":\"Microlise France\",\"description\":\"Telematics, Transport &amp; Fleet Management Solutions\",\"publisher\":{\"@id\":\"https:\\\/\\\/www.microlise.com\\\/fr\\\/#organization\"},\"alternateName\":\"Microlise\",\"potentialAction\":[{\"@type\":\"SearchAction\",\"target\":{\"@type\":\"EntryPoint\",\"urlTemplate\":\"https:\\\/\\\/www.microlise.com\\\/fr\\\/?s={search_term_string}\"},\"query-input\":{\"@type\":\"PropertyValueSpecification\",\"valueRequired\":true,\"valueName\":\"search_term_string\"}}],\"inLanguage\":\"fr-FR\"},{\"@type\":\"Organization\",\"@id\":\"https:\\\/\\\/www.microlise.com\\\/fr\\\/#organization\",\"name\":\"Microlise\",\"alternateName\":\"Microlise\",\"url\":\"https:\\\/\\\/www.microlise.com\\\/fr\\\/\",\"logo\":{\"@type\":\"ImageObject\",\"inLanguage\":\"fr-FR\",\"@id\":\"https:\\\/\\\/www.microlise.com\\\/fr\\\/#\\\/schema\\\/logo\\\/image\\\/\",\"url\":\"https:\\\/\\\/www.microlise.com\\\/wp-content\\\/uploads\\\/2024\\\/06\\\/cropped-Microlise-Logo-Primary-Electric-1.png\",\"contentUrl\":\"https:\\\/\\\/www.microlise.com\\\/wp-content\\\/uploads\\\/2024\\\/06\\\/cropped-Microlise-Logo-Primary-Electric-1.png\",\"width\":235,\"height\":30,\"caption\":\"Microlise\"},\"image\":{\"@id\":\"https:\\\/\\\/www.microlise.com\\\/fr\\\/#\\\/schema\\\/logo\\\/image\\\/\"},\"sameAs\":[\"https:\\\/\\\/www.facebook.com\\\/MicroliseFR\\\/\",\"https:\\\/\\\/x.com\\\/microlise\",\"https:\\\/\\\/www.linkedin.com\\\/company\\\/microlise\",\"https:\\\/\\\/www.youtube.com\\\/user\\\/MicroliseLtd\"]}]}<\/script>\n<!-- \/ Yoast SEO Premium plugin. -->","yoast_head_json":{"title":"Optimiser la planification de flotte avec le logiciel de planification de flotte","description":"Facilitez les changements de programme de flotte avec le logiciel de planification de flotte de Microlise. Optimisez les performances des conducteurs gr\u00e2ce \u00e0 notre logiciel de planification dynamique facile \u00e0 utiliser.","robots":{"index":"index","follow":"follow","max-snippet":"max-snippet:-1","max-image-preview":"max-image-preview:large","max-video-preview":"max-video-preview:-1"},"canonical":"https:\/\/www.microlise.com\/fr\/produits\/analyse-de-flotte\/planification-de-flotte\/","og_locale":"fr_FR","og_type":"article","og_title":"Suivi d\u2019Ex\u00e9cution","og_description":"Facilitez les changements de programme de flotte avec le logiciel de planification de flotte de Microlise. Optimisez les performances des conducteurs gr\u00e2ce \u00e0 notre logiciel de planification dynamique facile \u00e0 utiliser.","og_url":"https:\/\/www.microlise.com\/fr\/produits\/analyse-de-flotte\/planification-de-flotte\/","og_site_name":"Microlise France","article_publisher":"https:\/\/www.facebook.com\/MicroliseFR\/","article_modified_time":"2025-06-26T08:53:55+00:00","og_image":[{"width":960,"height":560,"url":"https:\/\/www.microlise.com\/wp-content\/uploads\/2016\/10\/microlise-schedule-management.jpg","type":"image\/jpeg"}],"twitter_card":"summary_large_image","twitter_site":"@microlise","twitter_misc":{"Dur\u00e9e de lecture estim\u00e9e":"1 minute"},"schema":{"@context":"https:\/\/schema.org","@graph":[{"@type":"WebPage","@id":"https:\/\/www.microlise.com\/fr\/produits\/analyse-de-flotte\/planification-de-flotte\/","url":"https:\/\/www.microlise.com\/fr\/produits\/analyse-de-flotte\/planification-de-flotte\/","name":"Optimiser la planification de flotte avec le logiciel de planification de flotte","isPartOf":{"@id":"https:\/\/www.microlise.com\/fr\/#website"},"primaryImageOfPage":{"@id":"https:\/\/www.microlise.com\/fr\/produits\/analyse-de-flotte\/planification-de-flotte\/#primaryimage"},"image":{"@id":"https:\/\/www.microlise.com\/fr\/produits\/analyse-de-flotte\/planification-de-flotte\/#primaryimage"},"thumbnailUrl":"https:\/\/www.microlise.com\/wp-content\/uploads\/2016\/10\/microlise-schedule-management.jpg","datePublished":"2016-10-17T10:39:00+00:00","dateModified":"2025-06-26T08:53:55+00:00","description":"Facilitez les changements de programme de flotte avec le logiciel de planification de flotte de Microlise. Optimisez les performances des conducteurs gr\u00e2ce \u00e0 notre logiciel de planification dynamique facile \u00e0 utiliser.","breadcrumb":{"@id":"https:\/\/www.microlise.com\/fr\/produits\/analyse-de-flotte\/planification-de-flotte\/#breadcrumb"},"inLanguage":"fr-FR","potentialAction":[{"@type":"ReadAction","target":["https:\/\/www.microlise.com\/fr\/produits\/analyse-de-flotte\/planification-de-flotte\/"]}]},{"@type":"ImageObject","inLanguage":"fr-FR","@id":"https:\/\/www.microlise.com\/fr\/produits\/analyse-de-flotte\/planification-de-flotte\/#primaryimage","url":"https:\/\/www.microlise.com\/wp-content\/uploads\/2016\/10\/microlise-schedule-management.jpg","contentUrl":"https:\/\/www.microlise.com\/wp-content\/uploads\/2016\/10\/microlise-schedule-management.jpg","width":960,"height":560,"caption":"Efficient vehicle and fleet tracking solutions highlighted at Microlise, featuring real-time data for logistics optimisation and transport management."},{"@type":"BreadcrumbList","@id":"https:\/\/www.microlise.com\/fr\/produits\/analyse-de-flotte\/planification-de-flotte\/#breadcrumb","itemListElement":[{"@type":"ListItem","position":1,"name":"Home","item":"https:\/\/www.microlise.com\/fr\/"},{"@type":"ListItem","position":2,"name":"Gestion des Tourn\u00e9es","item":"https:\/\/www.microlise.com\/fr\/produits\/analyse-de-flotte\/"},{"@type":"ListItem","position":3,"name":"Suivi d\u2019Ex\u00e9cution"}]},{"@type":"WebSite","@id":"https:\/\/www.microlise.com\/fr\/#website","url":"https:\/\/www.microlise.com\/fr\/","name":"Microlise France","description":"Telematics, Transport &amp; Fleet Management Solutions","publisher":{"@id":"https:\/\/www.microlise.com\/fr\/#organization"},"alternateName":"Microlise","potentialAction":[{"@type":"SearchAction","target":{"@type":"EntryPoint","urlTemplate":"https:\/\/www.microlise.com\/fr\/?s={search_term_string}"},"query-input":{"@type":"PropertyValueSpecification","valueRequired":true,"valueName":"search_term_string"}}],"inLanguage":"fr-FR"},{"@type":"Organization","@id":"https:\/\/www.microlise.com\/fr\/#organization","name":"Microlise","alternateName":"Microlise","url":"https:\/\/www.microlise.com\/fr\/","logo":{"@type":"ImageObject","inLanguage":"fr-FR","@id":"https:\/\/www.microlise.com\/fr\/#\/schema\/logo\/image\/","url":"https:\/\/www.microlise.com\/wp-content\/uploads\/2024\/06\/cropped-Microlise-Logo-Primary-Electric-1.png","contentUrl":"https:\/\/www.microlise.com\/wp-content\/uploads\/2024\/06\/cropped-Microlise-Logo-Primary-Electric-1.png","width":235,"height":30,"caption":"Microlise"},"image":{"@id":"https:\/\/www.microlise.com\/fr\/#\/schema\/logo\/image\/"},"sameAs":["https:\/\/www.facebook.com\/MicroliseFR\/","https:\/\/x.com\/microlise","https:\/\/www.linkedin.com\/company\/microlise","https:\/\/www.youtube.com\/user\/MicroliseLtd"]}]}},"cmb2":{"microlise_product_metabox":{"microlise_product_header":"","microlise_product_title":"","microlise_product_use_title":"","microlise_product_intro":"","microlise_product_header_image":"https:\/\/www.microlise.com\/wp-content\/uploads\/2021\/08\/swirls-1.jpg","microlise_product_header_image_id":"40804","microlise_product_use_header_image":"on","microlise_product_cta":"","microlise_product_hctatxt":"Parler \u00e0 un expert","microlise_product_hctaurl":"https:\/\/www.microlise.com\/fr\/demo-demande\/","microlise_product_hctabgcolor":"#01CBDE","microlise_product_hctatcolor":"#151D25","microlise_product_hctatxt2":"","microlise_product_hctaurl2":"","microlise_product_hctabgcolor2":"","microlise_product_hctatcolor2":"#151D25","microlise_product_content":"","microlise_product_sub_title":"","microlise_product_vtype":"vimeo","microlise_product_VID":"666691732","microlise_product_Vcode":"","microlise_product_case_study":"","microlise_product_cimage":"","microlise_product_cimage_id":"","microlise_product_ctitle":"","microlise_product_ct_color":"#ffffff","microlise_product_ccontent":"","microlise_product_ccontent_color":"#ffffff","microlise_product_crbtn_text":"","microlise_product_crbtn_link":"","microlise_product_crbbgcolor":"#dcff66","microlise_product_crbtcolor":"#151D25","microlise_product_crbgcolor":"#152644","microlise_product_brochure":"","microlise_product_brtype":"brochure","microlise_product_bimage":"https:\/\/www.microlise.com\/wp-content\/uploads\/2014\/11\/french-product-brochure.png","microlise_product_bimage_id":"46609","microlise_product_btitle":"Pour en savoir plus, t\u00e9l\u00e9charger notre brochure produit","microlise_product_bt_color":"#ffffff","microlise_product_bcontent":"D\u00e9couvrez comment les solutions Microlise permettent aux gestionnaires de flotte de proposer un meilleur service \u00e0 leurs clients tout en am\u00e9liorant la productivit\u00e9, la s\u00e9curit\u00e9 et en r\u00e9duisant les co\u00fbts et l'impact sur l'environnement","microlise_product_bcontent_color":"#ffffff","microlise_product_brbtn_text":"T\u00e9l\u00e9charger la brochure","microlise_product_brbbgcolor":"#dcff66","microlise_product_brbtcolor":"#151D25","microlise_product_brbgcolor":"#152644","microlise_product_hide_brochure":"","microlise_product_rimage":"","microlise_product_rimage_id":"","microlise_product_rtitle":"","microlise_product_rt_color":"","microlise_product_rcontent":"","microlise_product_rcontent_color":"","microlise_product_rebgcolor":"","microlise_product_rebtn_text":"","microlise_product_hide_report":"","microlise_product_benefit":"","microlise_product_bctatxt":"Demander une d\u00e9mo","microlise_product_bctaurl":"https:\/\/www.microlise.com\/fr\/demo-demande\/","microlise_product_bctabgcolor":"#dcff66","microlise_product_bctatcolor":"#151D25","microlise_product_benefits":[{"icon_id":40591,"icon":"https:\/\/www.microlise.com\/wp-content\/uploads\/2024\/06\/maximise-fleet-efficiency.png","title":"Dynamisez votre efficacit\u00e9 op\u00e9rationnelle","intro":"Faites en sorte que chaque kilom\u00e8tre soit utile en analysant les trajets effectu\u00e9s chaque jour.","ctatext":"","ctaurl":false,"cbgcolor":"#01CBDE","ctxtcolor":"#151D25"},{"icon_id":40699,"icon":"https:\/\/www.microlise.com\/wp-content\/uploads\/2024\/06\/reduce-turnaround-time.png","title":"Soyez r\u00e9actif","intro":"La visibilit\u00e9 totale sur les livraisons vous permet d'\u00eatre averti en temps r\u00e9el des retards potentiels et de r\u00e9organiser de mani\u00e8re plus appropri\u00e9e l'ordre de vos missions.","ctatext":"","ctaurl":false,"cbgcolor":"#01CBDE","ctxtcolor":"#151D25"},{"icon_id":40447,"icon":"https:\/\/www.microlise.com\/wp-content\/uploads\/2024\/06\/enhance-business-intelligence.png","title":"Boostez la performance d\u00e9cisionnelle","intro":"L'analyse du Pr\u00e9vu par rapport au R\u00e9alis\u00e9 vous permet d'analyser les tendances et vous aide ainsi \u00e0 apporter des am\u00e9liorations sur les missions \u00e0 venir.","cbgcolor":"#01CBDE","ctxtcolor":"#151D25"}],"microlise_product_feature":"","microlise_product_features":[{"img_type":"landscape","image_id":28010,"image":"https:\/\/www.microlise.com\/wp-content\/uploads\/2016\/10\/JM01-SEB.png","video_id":30557,"video":"https:\/\/www.microlise.com\/wp-content\/uploads\/2016\/10\/JM01-SEB.mp4","title":"Suivi d\u2019ex\u00e9cution des plannings","intro":"Comme dans une tour de contr\u00f4le, vous avez une visibilit\u00e9 instantan\u00e9e sur l'ensemble de vos v\u00e9hicules et des missions en cours d'ex\u00e9cution. Les informations relatives aux ETA (avec un code couleur pour les missions en avance, \u00e0 l\u2019heure, en retard ou manqu\u00e9es), ainsi que les donn\u00e9es EPOD, de temp\u00e9rature et de tachygraphe, sont centralis\u00e9es sur un seul \u00e9cran. Communiquez avec les conducteurs et acc\u00e9dez au d\u00e9tail aux informations sur les sites, les visites et les interventions.","ctatext":"","ctaurl":false,"cbgcolor":"#01CBDE","ctxtcolor":"#151D25"},{"img_type":"landscape","image_id":28016,"image":"https:\/\/www.microlise.com\/wp-content\/uploads\/2016\/10\/CC-01-Arivals.png","video_id":30563,"video":"https:\/\/www.microlise.com\/wp-content\/uploads\/2016\/10\/CC-01-Arivals-2.mp4","title":"Arriv\u00e9es & d\u00e9parts","intro":"Les ETA pr\u00e9cises peuvent \u00eatre communiqu\u00e9es directement aux sites clients via le tableau des arriv\u00e9es et d\u00e9parts du module Journey Management. Ce dispositif offre une visibilit\u00e9 en temps r\u00e9el sur les livraisons ou collectes \u00e0 venir, permettant aux \u00e9quipes sur site de se pr\u00e9parer en amont pour le d\u00e9chargement ou chargement et ainsi r\u00e9duire les temps d\u2019immobilisation.","cbgcolor":"#01CBDE","ctxtcolor":"#151D25"}],"microlise_product_anfeature":"","microlise_product_anfeatures":[{"img_type":"landscape","image_id":28708,"image":"https:\/\/www.microlise.com\/wp-content\/uploads\/2016\/10\/JM01-SEB-01.png","video_id":30569,"video":"https:\/\/www.microlise.com\/wp-content\/uploads\/2016\/10\/JM01-SEB-01.mp4","title":"Planification & Optimisation int\u00e9gr\u00e9es","intro":"La solution Journey Management de Microlise s\u2019int\u00e8gre enti\u00e8rement avec notre outil de Planification &amp; Optimisation, permettant d\u2019envoyer les plannings d\u2019un simple clic vers le tableau d\u2019ex\u00e9cution des missions pour leur ex\u00e9cution ult\u00e9rieure.","ctatext":"","ctaurl":false,"cbgcolor":"#01CBDE","ctxtcolor":"#151D25"},{"img_type":"landscape","image_id":28022,"image":"https:\/\/www.microlise.com\/wp-content\/uploads\/2016\/10\/SM-01-Debrief-on-the-go-02-b.png","video_id":30575,"video":"https:\/\/www.microlise.com\/wp-content\/uploads\/2016\/10\/SM-01-Debrief-on-the-go-03.mp4","title":"D\u00e9briefing \u00e0 distance","intro":"Gagnez du temps en permettant aux conducteurs de s\u00e9lectionner un motif dans une liste que vous aurez pr\u00e9d\u00e9finis lorsque les livraisons ou les collectes ne se sont pas d\u00e9roul\u00e9es comme pr\u00e9vu et acc\u00e9dez au d\u00e9tail des anomalies si une analyse plus pouss\u00e9e est n\u00e9cessaire.","cbgcolor":"#01CBDE","ctxtcolor":"#151D25"}],"microlise_product_thirdfeature":"","microlise_product_thirdfeatures":[{"img_type":"landscape","cbgcolor":"#01CBDE","ctxtcolor":"#151D25"}],"microlise_product_faq":"","microlise_product_faqtitle":"","microlise_product_faqs":"","microlise_product_strip":"","microlise_product_stitle":"","microlise_product_sbtntext":"","microlise_product_sbtnurl":""}},"_links":{"self":[{"href":"https:\/\/www.microlise.com\/fr\/wp-json\/wp\/v2\/product\/15763","targetHints":{"allow":["GET"]}}],"collection":[{"href":"https:\/\/www.microlise.com\/fr\/wp-json\/wp\/v2\/product"}],"about":[{"href":"https:\/\/www.microlise.com\/fr\/wp-json\/wp\/v2\/types\/product"}],"up":[{"embeddable":true,"href":"https:\/\/www.microlise.com\/fr\/wp-json\/wp\/v2\/product\/15753"}],"wp:featuredmedia":[{"embeddable":true,"href":"https:\/\/www.microlise.com\/fr\/wp-json\/wp\/v2\/media\/28809"}],"wp:attachment":[{"href":"https:\/\/www.microlise.com\/fr\/wp-json\/wp\/v2\/media?parent=15763"}],"wp:term":[{"taxonomy":"category","embeddable":true,"href":"https:\/\/www.microlise.com\/fr\/wp-json\/wp\/v2\/categories?post=15763"}],"curies":[{"name":"wp","href":"https:\/\/api.w.org\/{rel}","templated":true}]}}