{"id":15762,"date":"2016-10-17T11:39:00","date_gmt":"2016-10-17T10:39:00","guid":{"rendered":"https:\/\/www.microlise.com\/fleet-management\/flotte-telematique\/pilote-client-communications\/"},"modified":"2024-06-12T11:48:02","modified_gmt":"2024-06-12T10:48:02","slug":"gestion-des-conducteurs","status":"publish","type":"product","link":"https:\/\/www.microlise.com\/fr\/produits\/flotte-telematique\/gestion-des-conducteurs\/","title":{"rendered":"Communication conducteurs"},"content":{"rendered":"<p>Gr\u00e2ce \u00e0 la messagerie instantan\u00e9e et aux appels t\u00e9l\u00e9phoniques pass\u00e9s sur le m\u00eame appareil que celui utilis\u00e9 pour la navigation et l\u2019envoi des missions, restez connect\u00e9 avec vos conducteurs pour les informer d\u2019un changement de derni\u00e8re minute ou de toute information su<strong>s<\/strong>ceptible de contrarier sa mission. Vous pouvez \u00e9galement devenir plus proactif en pr\u00e9venant directement vos clients.<\/p>\n","protected":false},"excerpt":{"rendered":"<p>Avec une plateforme de communication sophistiqu\u00e9e, intuitive et s\u00fbre, am\u00e9liorez la gestion de vos conducteurs.<\/p>\n","protected":false},"featured_media":28749,"parent":15752,"menu_order":58,"template":"","categories":[1102],"class_list":["post-15762","product","type-product","status-publish","has-post-thumbnail","hentry","category-driver-customer-communications-fr","entry"],"yoast_head":"<!-- This site is optimized with the Yoast SEO Premium plugin v25.7.1 (Yoast SEO v27.4) - https:\/\/yoast.com\/product\/yoast-seo-premium-wordpress\/ -->\n<title>Am\u00e9liorer les communications du pilote de flotte avec Microlise<\/title>\n<meta name=\"description\" content=\"Le module de communication de pilote de Microlise est con\u00e7u pour faciliter une meilleure communication de conducteur, de client et de directeur. Un tableau de bord de tablette affiche le texte et les communications vocales\" \/>\n<meta name=\"robots\" content=\"index, follow, max-snippet:-1, max-image-preview:large, max-video-preview:-1\" \/>\n<link rel=\"canonical\" href=\"https:\/\/www.microlise.com\/fr\/produits\/flotte-telematique\/gestion-des-conducteurs\/\" \/>\n<meta property=\"og:locale\" content=\"fr_FR\" \/>\n<meta property=\"og:type\" content=\"article\" \/>\n<meta property=\"og:title\" content=\"Communication conducteurs\" \/>\n<meta property=\"og:description\" content=\"Le module de communication de pilote de Microlise est con\u00e7u pour faciliter une meilleure communication de conducteur, de client et de directeur. Un tableau de bord de tablette affiche le texte et les communications vocales\" \/>\n<meta property=\"og:url\" content=\"https:\/\/www.microlise.com\/fr\/produits\/flotte-telematique\/gestion-des-conducteurs\/\" \/>\n<meta property=\"og:site_name\" content=\"Microlise France\" \/>\n<meta property=\"article:publisher\" content=\"https:\/\/www.facebook.com\/MicroliseFR\/\" \/>\n<meta property=\"article:modified_time\" content=\"2024-06-12T10:48:02+00:00\" \/>\n<meta property=\"og:image\" content=\"https:\/\/www.microlise.com\/wp-content\/uploads\/2016\/10\/microlise-driver-communication.jpg\" \/>\n\t<meta property=\"og:image:width\" content=\"960\" \/>\n\t<meta property=\"og:image:height\" content=\"560\" \/>\n\t<meta property=\"og:image:type\" content=\"image\/jpeg\" \/>\n<meta name=\"twitter:card\" content=\"summary_large_image\" \/>\n<meta name=\"twitter:site\" content=\"@microlise\" \/>\n<meta name=\"twitter:label1\" content=\"Dur\u00e9e de lecture estim\u00e9e\" \/>\n\t<meta name=\"twitter:data1\" content=\"1 minute\" \/>\n<script type=\"application\/ld+json\" class=\"yoast-schema-graph\">{\"@context\":\"https:\\\/\\\/schema.org\",\"@graph\":[{\"@type\":\"WebPage\",\"@id\":\"https:\\\/\\\/www.microlise.com\\\/fr\\\/produits\\\/flotte-telematique\\\/gestion-des-conducteurs\\\/\",\"url\":\"https:\\\/\\\/www.microlise.com\\\/fr\\\/produits\\\/flotte-telematique\\\/gestion-des-conducteurs\\\/\",\"name\":\"Am\u00e9liorer les communications du pilote de flotte avec Microlise\",\"isPartOf\":{\"@id\":\"https:\\\/\\\/www.microlise.com\\\/fr\\\/#website\"},\"primaryImageOfPage\":{\"@id\":\"https:\\\/\\\/www.microlise.com\\\/fr\\\/produits\\\/flotte-telematique\\\/gestion-des-conducteurs\\\/#primaryimage\"},\"image\":{\"@id\":\"https:\\\/\\\/www.microlise.com\\\/fr\\\/produits\\\/flotte-telematique\\\/gestion-des-conducteurs\\\/#primaryimage\"},\"thumbnailUrl\":\"https:\\\/\\\/www.microlise.com\\\/wp-content\\\/uploads\\\/2016\\\/10\\\/microlise-driver-communication.jpg\",\"datePublished\":\"2016-10-17T10:39:00+00:00\",\"dateModified\":\"2024-06-12T10:48:02+00:00\",\"description\":\"Le module de communication de pilote de Microlise est con\u00e7u pour faciliter une meilleure communication de conducteur, de client et de directeur. Un tableau de bord de tablette affiche le texte et les communications vocales\",\"breadcrumb\":{\"@id\":\"https:\\\/\\\/www.microlise.com\\\/fr\\\/produits\\\/flotte-telematique\\\/gestion-des-conducteurs\\\/#breadcrumb\"},\"inLanguage\":\"fr-FR\",\"potentialAction\":[{\"@type\":\"ReadAction\",\"target\":[\"https:\\\/\\\/www.microlise.com\\\/fr\\\/produits\\\/flotte-telematique\\\/gestion-des-conducteurs\\\/\"]}]},{\"@type\":\"ImageObject\",\"inLanguage\":\"fr-FR\",\"@id\":\"https:\\\/\\\/www.microlise.com\\\/fr\\\/produits\\\/flotte-telematique\\\/gestion-des-conducteurs\\\/#primaryimage\",\"url\":\"https:\\\/\\\/www.microlise.com\\\/wp-content\\\/uploads\\\/2016\\\/10\\\/microlise-driver-communication.jpg\",\"contentUrl\":\"https:\\\/\\\/www.microlise.com\\\/wp-content\\\/uploads\\\/2016\\\/10\\\/microlise-driver-communication.jpg\",\"width\":960,\"height\":560,\"caption\":\"In-cab touchscreen device displaying a call from Home Depot for fleet tracking.\"},{\"@type\":\"BreadcrumbList\",\"@id\":\"https:\\\/\\\/www.microlise.com\\\/fr\\\/produits\\\/flotte-telematique\\\/gestion-des-conducteurs\\\/#breadcrumb\",\"itemListElement\":[{\"@type\":\"ListItem\",\"position\":1,\"name\":\"Home\",\"item\":\"https:\\\/\\\/www.microlise.com\\\/fr\\\/\"},{\"@type\":\"ListItem\",\"position\":2,\"name\":\"Gestion de flotte\",\"item\":\"https:\\\/\\\/www.microlise.com\\\/fr\\\/produits\\\/flotte-telematique\\\/\"},{\"@type\":\"ListItem\",\"position\":3,\"name\":\"Communication conducteurs\"}]},{\"@type\":\"WebSite\",\"@id\":\"https:\\\/\\\/www.microlise.com\\\/fr\\\/#website\",\"url\":\"https:\\\/\\\/www.microlise.com\\\/fr\\\/\",\"name\":\"Microlise France\",\"description\":\"Telematics, Transport &amp; Fleet Management Solutions\",\"publisher\":{\"@id\":\"https:\\\/\\\/www.microlise.com\\\/fr\\\/#organization\"},\"alternateName\":\"Microlise\",\"potentialAction\":[{\"@type\":\"SearchAction\",\"target\":{\"@type\":\"EntryPoint\",\"urlTemplate\":\"https:\\\/\\\/www.microlise.com\\\/fr\\\/?s={search_term_string}\"},\"query-input\":{\"@type\":\"PropertyValueSpecification\",\"valueRequired\":true,\"valueName\":\"search_term_string\"}}],\"inLanguage\":\"fr-FR\"},{\"@type\":\"Organization\",\"@id\":\"https:\\\/\\\/www.microlise.com\\\/fr\\\/#organization\",\"name\":\"Microlise\",\"alternateName\":\"Microlise\",\"url\":\"https:\\\/\\\/www.microlise.com\\\/fr\\\/\",\"logo\":{\"@type\":\"ImageObject\",\"inLanguage\":\"fr-FR\",\"@id\":\"https:\\\/\\\/www.microlise.com\\\/fr\\\/#\\\/schema\\\/logo\\\/image\\\/\",\"url\":\"https:\\\/\\\/www.microlise.com\\\/wp-content\\\/uploads\\\/2024\\\/06\\\/cropped-Microlise-Logo-Primary-Electric-1.png\",\"contentUrl\":\"https:\\\/\\\/www.microlise.com\\\/wp-content\\\/uploads\\\/2024\\\/06\\\/cropped-Microlise-Logo-Primary-Electric-1.png\",\"width\":235,\"height\":30,\"caption\":\"Microlise\"},\"image\":{\"@id\":\"https:\\\/\\\/www.microlise.com\\\/fr\\\/#\\\/schema\\\/logo\\\/image\\\/\"},\"sameAs\":[\"https:\\\/\\\/www.facebook.com\\\/MicroliseFR\\\/\",\"https:\\\/\\\/x.com\\\/microlise\",\"https:\\\/\\\/www.linkedin.com\\\/company\\\/microlise\",\"https:\\\/\\\/www.youtube.com\\\/user\\\/MicroliseLtd\"]}]}<\/script>\n<!-- \/ Yoast SEO Premium plugin. -->","yoast_head_json":{"title":"Am\u00e9liorer les communications du pilote de flotte avec Microlise","description":"Le module de communication de pilote de Microlise est con\u00e7u pour faciliter une meilleure communication de conducteur, de client et de directeur. Un tableau de bord de tablette affiche le texte et les communications vocales","robots":{"index":"index","follow":"follow","max-snippet":"max-snippet:-1","max-image-preview":"max-image-preview:large","max-video-preview":"max-video-preview:-1"},"canonical":"https:\/\/www.microlise.com\/fr\/produits\/flotte-telematique\/gestion-des-conducteurs\/","og_locale":"fr_FR","og_type":"article","og_title":"Communication conducteurs","og_description":"Le module de communication de pilote de Microlise est con\u00e7u pour faciliter une meilleure communication de conducteur, de client et de directeur. Un tableau de bord de tablette affiche le texte et les communications vocales","og_url":"https:\/\/www.microlise.com\/fr\/produits\/flotte-telematique\/gestion-des-conducteurs\/","og_site_name":"Microlise France","article_publisher":"https:\/\/www.facebook.com\/MicroliseFR\/","article_modified_time":"2024-06-12T10:48:02+00:00","og_image":[{"width":960,"height":560,"url":"https:\/\/www.microlise.com\/wp-content\/uploads\/2016\/10\/microlise-driver-communication.jpg","type":"image\/jpeg"}],"twitter_card":"summary_large_image","twitter_site":"@microlise","twitter_misc":{"Dur\u00e9e de lecture estim\u00e9e":"1 minute"},"schema":{"@context":"https:\/\/schema.org","@graph":[{"@type":"WebPage","@id":"https:\/\/www.microlise.com\/fr\/produits\/flotte-telematique\/gestion-des-conducteurs\/","url":"https:\/\/www.microlise.com\/fr\/produits\/flotte-telematique\/gestion-des-conducteurs\/","name":"Am\u00e9liorer les communications du pilote de flotte avec Microlise","isPartOf":{"@id":"https:\/\/www.microlise.com\/fr\/#website"},"primaryImageOfPage":{"@id":"https:\/\/www.microlise.com\/fr\/produits\/flotte-telematique\/gestion-des-conducteurs\/#primaryimage"},"image":{"@id":"https:\/\/www.microlise.com\/fr\/produits\/flotte-telematique\/gestion-des-conducteurs\/#primaryimage"},"thumbnailUrl":"https:\/\/www.microlise.com\/wp-content\/uploads\/2016\/10\/microlise-driver-communication.jpg","datePublished":"2016-10-17T10:39:00+00:00","dateModified":"2024-06-12T10:48:02+00:00","description":"Le module de communication de pilote de Microlise est con\u00e7u pour faciliter une meilleure communication de conducteur, de client et de directeur. Un tableau de bord de tablette affiche le texte et les communications vocales","breadcrumb":{"@id":"https:\/\/www.microlise.com\/fr\/produits\/flotte-telematique\/gestion-des-conducteurs\/#breadcrumb"},"inLanguage":"fr-FR","potentialAction":[{"@type":"ReadAction","target":["https:\/\/www.microlise.com\/fr\/produits\/flotte-telematique\/gestion-des-conducteurs\/"]}]},{"@type":"ImageObject","inLanguage":"fr-FR","@id":"https:\/\/www.microlise.com\/fr\/produits\/flotte-telematique\/gestion-des-conducteurs\/#primaryimage","url":"https:\/\/www.microlise.com\/wp-content\/uploads\/2016\/10\/microlise-driver-communication.jpg","contentUrl":"https:\/\/www.microlise.com\/wp-content\/uploads\/2016\/10\/microlise-driver-communication.jpg","width":960,"height":560,"caption":"In-cab touchscreen device displaying a call from Home Depot for fleet tracking."},{"@type":"BreadcrumbList","@id":"https:\/\/www.microlise.com\/fr\/produits\/flotte-telematique\/gestion-des-conducteurs\/#breadcrumb","itemListElement":[{"@type":"ListItem","position":1,"name":"Home","item":"https:\/\/www.microlise.com\/fr\/"},{"@type":"ListItem","position":2,"name":"Gestion de flotte","item":"https:\/\/www.microlise.com\/fr\/produits\/flotte-telematique\/"},{"@type":"ListItem","position":3,"name":"Communication conducteurs"}]},{"@type":"WebSite","@id":"https:\/\/www.microlise.com\/fr\/#website","url":"https:\/\/www.microlise.com\/fr\/","name":"Microlise France","description":"Telematics, Transport &amp; Fleet Management Solutions","publisher":{"@id":"https:\/\/www.microlise.com\/fr\/#organization"},"alternateName":"Microlise","potentialAction":[{"@type":"SearchAction","target":{"@type":"EntryPoint","urlTemplate":"https:\/\/www.microlise.com\/fr\/?s={search_term_string}"},"query-input":{"@type":"PropertyValueSpecification","valueRequired":true,"valueName":"search_term_string"}}],"inLanguage":"fr-FR"},{"@type":"Organization","@id":"https:\/\/www.microlise.com\/fr\/#organization","name":"Microlise","alternateName":"Microlise","url":"https:\/\/www.microlise.com\/fr\/","logo":{"@type":"ImageObject","inLanguage":"fr-FR","@id":"https:\/\/www.microlise.com\/fr\/#\/schema\/logo\/image\/","url":"https:\/\/www.microlise.com\/wp-content\/uploads\/2024\/06\/cropped-Microlise-Logo-Primary-Electric-1.png","contentUrl":"https:\/\/www.microlise.com\/wp-content\/uploads\/2024\/06\/cropped-Microlise-Logo-Primary-Electric-1.png","width":235,"height":30,"caption":"Microlise"},"image":{"@id":"https:\/\/www.microlise.com\/fr\/#\/schema\/logo\/image\/"},"sameAs":["https:\/\/www.facebook.com\/MicroliseFR\/","https:\/\/x.com\/microlise","https:\/\/www.linkedin.com\/company\/microlise","https:\/\/www.youtube.com\/user\/MicroliseLtd"]}]}},"cmb2":{"microlise_product_metabox":{"microlise_product_header":"","microlise_product_title":"","microlise_product_use_title":"","microlise_product_intro":"","microlise_product_header_image":"https:\/\/www.microlise.com\/wp-content\/uploads\/2021\/08\/swirls-1.jpg","microlise_product_header_image_id":"40804","microlise_product_use_header_image":"on","microlise_product_cta":"","microlise_product_hctatxt":"Une d\u00e9monstration personnalis\u00e9e","microlise_product_hctaurl":"https:\/\/www.microlise.com\/fr\/demo-demande\/","microlise_product_hctabgcolor":"#01CBDE","microlise_product_hctatcolor":"#151D25","microlise_product_hctatxt2":"Get Started","microlise_product_hctaurl2":"https:\/\/www.microlise.com\/fr\/quisommes-nous\/contacteznous\/","microlise_product_hctabgcolor2":"#dcff66","microlise_product_hctatcolor2":"#151D25","microlise_product_content":"","microlise_product_sub_title":"","microlise_product_vtype":"vimeo","microlise_product_VID":"666690056","microlise_product_Vcode":"","microlise_product_case_study":"","microlise_product_cimage":"","microlise_product_cimage_id":"","microlise_product_ctitle":"","microlise_product_ct_color":"#151D25","microlise_product_ccontent":"","microlise_product_ccontent_color":"#151D25","microlise_product_crbtn_text":"","microlise_product_crbtn_link":"","microlise_product_crbbgcolor":"#01CBDE","microlise_product_crbtcolor":"#151D25","microlise_product_crbgcolor":"#DCFF66","microlise_product_brochure":"","microlise_product_brtype":"brochure","microlise_product_bimage":"https:\/\/www.microlise.com\/wp-content\/uploads\/2014\/11\/product-overview-cover-fr.png","microlise_product_bimage_id":"23503","microlise_product_btitle":"Pour en savoir plus, t\u00e9l\u00e9charger notre brochure de produits","microlise_product_bt_color":"#151D25","microlise_product_bcontent":"D\u00e9couvrez comment les solutions Microlise permettent aux gestionnaires de flotte de proposer un meilleur service \u00e0 leurs clients tout en am\u00e9liorant la productivit\u00e9, la s\u00e9curit\u00e9 et en r\u00e9duisant les co\u00fbts et l'impact sur l'environnement.","microlise_product_bcontent_color":"#151D25","microlise_product_brbtn_text":"T\u00e9l\u00e9charger la brochure","microlise_product_brbbgcolor":"#01CBDE","microlise_product_brbtcolor":"#151D25","microlise_product_brbgcolor":"#DCFF66","microlise_product_hide_brochure":"","microlise_product_rimage":"","microlise_product_rimage_id":"","microlise_product_rtitle":"","microlise_product_rt_color":"","microlise_product_rcontent":"","microlise_product_rcontent_color":"","microlise_product_rebgcolor":"","microlise_product_rebtn_text":"","microlise_product_hide_report":"","microlise_product_benefit":"","microlise_product_bctatxt":"Demander une d\u00e9mo","microlise_product_bctaurl":"https:\/\/www.microlise.com\/fr\/demo-demande\/","microlise_product_bctabgcolor":"#dcff66","microlise_product_bctatcolor":"#151D25","microlise_product_benefits":[{"icon_id":40453,"icon":"https:\/\/www.microlise.com\/wp-content\/uploads\/2024\/06\/enhance-communication.png","title":"Am\u00e9liorez la communication avec vos conducteurs","intro":"Communiquez en toute s\u00e9curit\u00e9, de mani\u00e8re s\u00e9curis\u00e9e et efficace avec vos conducteurs pour g\u00e9rer leurs missions et leur fournir toutes les informations requises pour effectuer leurs t\u00e2ches avec succ\u00e8s.","ctatext":"","ctaurl":false,"cbgcolor":"#01CBDE","ctxtcolor":"#151D25"},{"icon_id":40729,"icon":"https:\/\/www.microlise.com\/wp-content\/uploads\/2024\/06\/streamline-driver-management.png","title":"Rationalisez la gestion de vos conducteurs","intro":"G\u00e9rez tr\u00e8s simplement les listes des t\u00e2ches \u00e0 faire effectuer par vos conducteurs et vos salari\u00e9s et communiquez-leur les \u00e9ventuelles modifications en temps r\u00e9el.","ctatext":"","ctaurl":false,"cbgcolor":"#01CBDE","ctxtcolor":"#151D25"},{"icon_id":40735,"icon":"https:\/\/www.microlise.com\/wp-content\/uploads\/2024\/06\/track-fleet-in-real-time.png","title":"Des itin\u00e9raires adapt\u00e9s au type de v\u00e9hicule","intro":"Les itin\u00e9raires pr\u00e9vus dans les outils d'optimisation sont remis au chauffeur avec les itin\u00e9raires appropri\u00e9s pour le v\u00e9hicule qu'il conduit.","cbgcolor":"#01CBDE","ctxtcolor":"#151D25"}],"microlise_product_feature":"","microlise_product_features":[{"img_type":"landscape","image_id":18618,"image":"https:\/\/www.microlise.com\/wp-content\/uploads\/2020\/12\/two-way-messaging.jpg","video_id":"","video":false,"title":"Messagerie bidirectionnelle","intro":"Communiquez avec vos chauffeurs via l'appareil embarqu\u00e9, aussi bien par des appels vocaux que par messagerie instantan\u00e9e. Qu'il s'agisse d'une simple mise \u00e0 jour de la livraison ou d'une demande d'informations, cet outil de communication vous permet de rester connect\u00e9 avec le terrain.","ctatext":"","ctaurl":false,"cbgcolor":"#01CBDE","ctxtcolor":"#151D25"},{"img_type":"landscape","image_id":18606,"image":"https:\/\/www.microlise.com\/wp-content\/uploads\/2020\/12\/satellie-navigation.jpg","video_id":"","video":false,"title":"Navigation GPS assist\u00e9e (avec attributs Poids Lourds)","intro":"Importez les itin\u00e9raires pr\u00e9vus depuis votre logiciel d'optimisation et communiquez<strong>-<\/strong>les directement \u00e0 vos conducteurs. La navigation par satellite peut \u00eatre optimis\u00e9e pour les poids lourds et selon les sp\u00e9cificit\u00e9s requises (taille, hauteur, mati\u00e8res transport\u00e9es, ...) en guidant les v\u00e9hicules uniquement le long des routes ad\u00e9quates.","ctatext":"","ctaurl":false,"cbgcolor":"#01CBDE","ctxtcolor":"#151D25"},{"img_type":"landscape","image_id":18600,"image":"https:\/\/www.microlise.com\/wp-content\/uploads\/2020\/12\/hands-free-phone.jpg","video_id":"","video":false,"title":"T\u00e9l\u00e9phone mains libres + Liste de contacts","intro":"Am\u00e9liorez la s\u00e9curit\u00e9 de vos conducteurs et des autres usagers de la route en utilisant uniquement les appels t\u00e9l\u00e9phoniques mains libres. Donnez \u00e9galement \u00e0 vos conducteurs les contacts dont ils ont besoin, quand ils en ont besoin. Des informations contextuelles relatives \u00e0 leur mission sont ainsi disponibles sur l'interface embarqu\u00e9e pour communiquer si besoin avec le client ou le site \u00e0 visiter.","ctatext":"","ctaurl":false,"cbgcolor":"#01CBDE","ctxtcolor":"#151D25"},{"img_type":"landscape","image_id":18612,"image":"https:\/\/www.microlise.com\/wp-content\/uploads\/2020\/12\/task-management.jpg","title":"Gestion des t\u00e2ches","intro":"Attribuez de nouvelles t\u00e2ches \u00e0 vos conducteurs ou modifiez les t\u00e2ches existantes en temps r\u00e9el pendant qu'ils sont sur la route.","cbgcolor":"#01CBDE","ctxtcolor":"#151D25"}],"microlise_product_anfeature":"","microlise_product_anfeatures":[{"img_type":"landscape","cbgcolor":"#01CBDE","ctxtcolor":"#151D25"}],"microlise_product_thirdfeature":"","microlise_product_thirdfeatures":[{"img_type":"landscape","cbgcolor":"#01CBDE","ctxtcolor":"#151D25"}],"microlise_product_faq":"","microlise_product_faqtitle":"","microlise_product_faqs":"","microlise_product_strip":"","microlise_product_stitle":"","microlise_product_sbtntext":"","microlise_product_sbtnurl":""}},"_links":{"self":[{"href":"https:\/\/www.microlise.com\/fr\/wp-json\/wp\/v2\/product\/15762","targetHints":{"allow":["GET"]}}],"collection":[{"href":"https:\/\/www.microlise.com\/fr\/wp-json\/wp\/v2\/product"}],"about":[{"href":"https:\/\/www.microlise.com\/fr\/wp-json\/wp\/v2\/types\/product"}],"up":[{"embeddable":true,"href":"https:\/\/www.microlise.com\/fr\/wp-json\/wp\/v2\/product\/15752"}],"wp:featuredmedia":[{"embeddable":true,"href":"https:\/\/www.microlise.com\/fr\/wp-json\/wp\/v2\/media\/28749"}],"wp:attachment":[{"href":"https:\/\/www.microlise.com\/fr\/wp-json\/wp\/v2\/media?parent=15762"}],"wp:term":[{"taxonomy":"category","embeddable":true,"href":"https:\/\/www.microlise.com\/fr\/wp-json\/wp\/v2\/categories?post=15762"}],"curies":[{"name":"wp","href":"https:\/\/api.w.org\/{rel}","templated":true}]}}