{"id":15761,"date":"2016-10-17T11:39:00","date_gmt":"2016-10-17T10:39:00","guid":{"rendered":"https:\/\/www.microlise.com\/fleet-management\/flotte-conformite-et-securite\/"},"modified":"2024-06-12T11:51:45","modified_gmt":"2024-06-12T10:51:45","slug":"flotte-conformite-et-securite","status":"publish","type":"product","link":"https:\/\/www.microlise.com\/fr\/produits\/flotte-conformite-et-securite\/","title":{"rendered":"S\u00e9curit\u00e9 &amp; Conformit\u00e9"},"content":{"rendered":"<p>La s\u00e9curit\u00e9 et le respect de la r\u00e8glementation sont les priorit\u00e9s \u00e9videntes de nombreux exploitants de flottes de v\u00e9hicules.<\/p>\n<p>Gr\u00e2ce au t\u00e9l\u00e9chargement \u00e0 distance des donn\u00e9es du chronotachygraphe, carte conducteur et m\u00e9moire de masse, restez en conformit\u00e9 avec la r\u00e8glementation en vigueur, \u00e9conomisez du temps et des ressources.<\/p>\n<p>En utilisant en plus notre tablette embarqu\u00e9e, un PDA ou un smartphone pour contr\u00f4ler l&rsquo;\u00e9tat du v\u00e9hicule avant de partir sur la route (vehicle check), notre syst\u00e8me de cam\u00e9ras int\u00e9gr\u00e9es et notre enregistreur d&rsquo;incidents avec des analyses d\u00e9taill\u00e9es \u00e0 chaque milliseconde, vous aurez en mains un outil puissant qui vous permettra de limiter au maximum les risques d&rsquo;accidents, d&rsquo;atteindre les normes les plus \u00e9lev\u00e9es en termes de s\u00e9curit\u00e9 et de faire en sorte que vos v\u00e9hicules fonctionnent au quotidien comme sur des roulettes.<\/p>\n","protected":false},"excerpt":{"rendered":"<p>Assurez-vous que votre entreprise respecte les normes les plus strictes en mati\u00e8re de s\u00e9curit\u00e9 et de r\u00e8glementation. Surveillez et g\u00e9rez de fa\u00e7on proactive l&rsquo;\u00e9tat de vos v\u00e9hicules pour r\u00e9duire au minimum leurs temps d&rsquo;immobilisation et am\u00e9liorer le niveau global d&rsquo;efficacit\u00e9 de votre flotte.<\/p>\n","protected":false},"featured_media":41385,"parent":0,"menu_order":83,"template":"","categories":[1103],"class_list":["post-15761","product","type-product","status-publish","has-post-thumbnail","hentry","category-safety-health-compliance-fr","entry"],"yoast_head":"<!-- This site is optimized with the Yoast SEO Premium plugin v25.7.1 (Yoast SEO v27.3) - https:\/\/yoast.com\/product\/yoast-seo-premium-wordpress\/ -->\n<title>Logiciel de conformit\u00e9 de flotte | Atteindre la conformit\u00e9 du tachygraphe<\/title>\n<meta name=\"description\" content=\"Le logiciel Fleet Compliance de Microlise enregistre, surveille et stocke toute la documentation l\u00e9gale pour vous aider \u00e0 respecter les directives de conformit\u00e9 et de s\u00e9curit\u00e9 de VOSA.\" \/>\n<meta name=\"robots\" content=\"index, follow, max-snippet:-1, max-image-preview:large, max-video-preview:-1\" \/>\n<link rel=\"canonical\" href=\"https:\/\/www.microlise.com\/fr\/produits\/flotte-conformite-et-securite\/\" \/>\n<meta property=\"og:locale\" content=\"fr_FR\" \/>\n<meta property=\"og:type\" content=\"article\" \/>\n<meta property=\"og:title\" content=\"S\u00e9curit\u00e9 &amp; Conformit\u00e9\" \/>\n<meta property=\"og:description\" content=\"Le logiciel Fleet Compliance de Microlise enregistre, surveille et stocke toute la documentation l\u00e9gale pour vous aider \u00e0 respecter les directives de conformit\u00e9 et de s\u00e9curit\u00e9 de VOSA.\" \/>\n<meta property=\"og:url\" content=\"https:\/\/www.microlise.com\/fr\/produits\/flotte-conformite-et-securite\/\" \/>\n<meta property=\"og:site_name\" content=\"Microlise France\" \/>\n<meta property=\"article:publisher\" content=\"https:\/\/www.facebook.com\/MicroliseFR\/\" \/>\n<meta property=\"article:modified_time\" content=\"2024-06-12T10:51:45+00:00\" \/>\n<meta property=\"og:image\" content=\"https:\/\/www.microlise.com\/wp-content\/uploads\/2016\/10\/compliance-device.jpg\" \/>\n\t<meta property=\"og:image:width\" content=\"960\" \/>\n\t<meta property=\"og:image:height\" content=\"560\" \/>\n\t<meta property=\"og:image:type\" content=\"image\/jpeg\" \/>\n<meta name=\"twitter:card\" content=\"summary_large_image\" \/>\n<meta name=\"twitter:site\" content=\"@microlise\" \/>\n<meta name=\"twitter:label1\" content=\"Dur\u00e9e de lecture estim\u00e9e\" \/>\n\t<meta name=\"twitter:data1\" content=\"1 minute\" \/>\n<script type=\"application\/ld+json\" class=\"yoast-schema-graph\">{\"@context\":\"https:\\\/\\\/schema.org\",\"@graph\":[{\"@type\":\"WebPage\",\"@id\":\"https:\\\/\\\/www.microlise.com\\\/fr\\\/produits\\\/flotte-conformite-et-securite\\\/\",\"url\":\"https:\\\/\\\/www.microlise.com\\\/fr\\\/produits\\\/flotte-conformite-et-securite\\\/\",\"name\":\"Logiciel de conformit\u00e9 de flotte | Atteindre la conformit\u00e9 du tachygraphe\",\"isPartOf\":{\"@id\":\"https:\\\/\\\/www.microlise.com\\\/fr\\\/#website\"},\"primaryImageOfPage\":{\"@id\":\"https:\\\/\\\/www.microlise.com\\\/fr\\\/produits\\\/flotte-conformite-et-securite\\\/#primaryimage\"},\"image\":{\"@id\":\"https:\\\/\\\/www.microlise.com\\\/fr\\\/produits\\\/flotte-conformite-et-securite\\\/#primaryimage\"},\"thumbnailUrl\":\"https:\\\/\\\/www.microlise.com\\\/wp-content\\\/uploads\\\/2016\\\/10\\\/compliance-device.jpg\",\"datePublished\":\"2016-10-17T10:39:00+00:00\",\"dateModified\":\"2024-06-12T10:51:45+00:00\",\"description\":\"Le logiciel Fleet Compliance de Microlise enregistre, surveille et stocke toute la documentation l\u00e9gale pour vous aider \u00e0 respecter les directives de conformit\u00e9 et de s\u00e9curit\u00e9 de VOSA.\",\"breadcrumb\":{\"@id\":\"https:\\\/\\\/www.microlise.com\\\/fr\\\/produits\\\/flotte-conformite-et-securite\\\/#breadcrumb\"},\"inLanguage\":\"fr-FR\",\"potentialAction\":[{\"@type\":\"ReadAction\",\"target\":[\"https:\\\/\\\/www.microlise.com\\\/fr\\\/produits\\\/flotte-conformite-et-securite\\\/\"]}]},{\"@type\":\"ImageObject\",\"inLanguage\":\"fr-FR\",\"@id\":\"https:\\\/\\\/www.microlise.com\\\/fr\\\/produits\\\/flotte-conformite-et-securite\\\/#primaryimage\",\"url\":\"https:\\\/\\\/www.microlise.com\\\/wp-content\\\/uploads\\\/2016\\\/10\\\/compliance-device.jpg\",\"contentUrl\":\"https:\\\/\\\/www.microlise.com\\\/wp-content\\\/uploads\\\/2016\\\/10\\\/compliance-device.jpg\",\"width\":960,\"height\":560,\"caption\":\"safety and compliance device used to check tyre\"},{\"@type\":\"BreadcrumbList\",\"@id\":\"https:\\\/\\\/www.microlise.com\\\/fr\\\/produits\\\/flotte-conformite-et-securite\\\/#breadcrumb\",\"itemListElement\":[{\"@type\":\"ListItem\",\"position\":1,\"name\":\"Home\",\"item\":\"https:\\\/\\\/www.microlise.com\\\/fr\\\/\"},{\"@type\":\"ListItem\",\"position\":2,\"name\":\"S\u00e9curit\u00e9 &amp; Conformit\u00e9\"}]},{\"@type\":\"WebSite\",\"@id\":\"https:\\\/\\\/www.microlise.com\\\/fr\\\/#website\",\"url\":\"https:\\\/\\\/www.microlise.com\\\/fr\\\/\",\"name\":\"Microlise France\",\"description\":\"Telematics, Transport &amp; Fleet Management Solutions\",\"publisher\":{\"@id\":\"https:\\\/\\\/www.microlise.com\\\/fr\\\/#organization\"},\"alternateName\":\"Microlise\",\"potentialAction\":[{\"@type\":\"SearchAction\",\"target\":{\"@type\":\"EntryPoint\",\"urlTemplate\":\"https:\\\/\\\/www.microlise.com\\\/fr\\\/?s={search_term_string}\"},\"query-input\":{\"@type\":\"PropertyValueSpecification\",\"valueRequired\":true,\"valueName\":\"search_term_string\"}}],\"inLanguage\":\"fr-FR\"},{\"@type\":\"Organization\",\"@id\":\"https:\\\/\\\/www.microlise.com\\\/fr\\\/#organization\",\"name\":\"Microlise\",\"alternateName\":\"Microlise\",\"url\":\"https:\\\/\\\/www.microlise.com\\\/fr\\\/\",\"logo\":{\"@type\":\"ImageObject\",\"inLanguage\":\"fr-FR\",\"@id\":\"https:\\\/\\\/www.microlise.com\\\/fr\\\/#\\\/schema\\\/logo\\\/image\\\/\",\"url\":\"https:\\\/\\\/www.microlise.com\\\/wp-content\\\/uploads\\\/2024\\\/06\\\/cropped-Microlise-Logo-Primary-Electric-1.png\",\"contentUrl\":\"https:\\\/\\\/www.microlise.com\\\/wp-content\\\/uploads\\\/2024\\\/06\\\/cropped-Microlise-Logo-Primary-Electric-1.png\",\"width\":235,\"height\":30,\"caption\":\"Microlise\"},\"image\":{\"@id\":\"https:\\\/\\\/www.microlise.com\\\/fr\\\/#\\\/schema\\\/logo\\\/image\\\/\"},\"sameAs\":[\"https:\\\/\\\/www.facebook.com\\\/MicroliseFR\\\/\",\"https:\\\/\\\/x.com\\\/microlise\",\"https:\\\/\\\/www.linkedin.com\\\/company\\\/microlise\",\"https:\\\/\\\/www.youtube.com\\\/user\\\/MicroliseLtd\"]}]}<\/script>\n<!-- \/ Yoast SEO Premium plugin. -->","yoast_head_json":{"title":"Logiciel de conformit\u00e9 de flotte | Atteindre la conformit\u00e9 du tachygraphe","description":"Le logiciel Fleet Compliance de Microlise enregistre, surveille et stocke toute la documentation l\u00e9gale pour vous aider \u00e0 respecter les directives de conformit\u00e9 et de s\u00e9curit\u00e9 de VOSA.","robots":{"index":"index","follow":"follow","max-snippet":"max-snippet:-1","max-image-preview":"max-image-preview:large","max-video-preview":"max-video-preview:-1"},"canonical":"https:\/\/www.microlise.com\/fr\/produits\/flotte-conformite-et-securite\/","og_locale":"fr_FR","og_type":"article","og_title":"S\u00e9curit\u00e9 &amp; Conformit\u00e9","og_description":"Le logiciel Fleet Compliance de Microlise enregistre, surveille et stocke toute la documentation l\u00e9gale pour vous aider \u00e0 respecter les directives de conformit\u00e9 et de s\u00e9curit\u00e9 de VOSA.","og_url":"https:\/\/www.microlise.com\/fr\/produits\/flotte-conformite-et-securite\/","og_site_name":"Microlise France","article_publisher":"https:\/\/www.facebook.com\/MicroliseFR\/","article_modified_time":"2024-06-12T10:51:45+00:00","og_image":[{"width":960,"height":560,"url":"https:\/\/www.microlise.com\/wp-content\/uploads\/2016\/10\/compliance-device.jpg","type":"image\/jpeg"}],"twitter_card":"summary_large_image","twitter_site":"@microlise","twitter_misc":{"Dur\u00e9e de lecture estim\u00e9e":"1 minute"},"schema":{"@context":"https:\/\/schema.org","@graph":[{"@type":"WebPage","@id":"https:\/\/www.microlise.com\/fr\/produits\/flotte-conformite-et-securite\/","url":"https:\/\/www.microlise.com\/fr\/produits\/flotte-conformite-et-securite\/","name":"Logiciel de conformit\u00e9 de flotte | Atteindre la conformit\u00e9 du tachygraphe","isPartOf":{"@id":"https:\/\/www.microlise.com\/fr\/#website"},"primaryImageOfPage":{"@id":"https:\/\/www.microlise.com\/fr\/produits\/flotte-conformite-et-securite\/#primaryimage"},"image":{"@id":"https:\/\/www.microlise.com\/fr\/produits\/flotte-conformite-et-securite\/#primaryimage"},"thumbnailUrl":"https:\/\/www.microlise.com\/wp-content\/uploads\/2016\/10\/compliance-device.jpg","datePublished":"2016-10-17T10:39:00+00:00","dateModified":"2024-06-12T10:51:45+00:00","description":"Le logiciel Fleet Compliance de Microlise enregistre, surveille et stocke toute la documentation l\u00e9gale pour vous aider \u00e0 respecter les directives de conformit\u00e9 et de s\u00e9curit\u00e9 de VOSA.","breadcrumb":{"@id":"https:\/\/www.microlise.com\/fr\/produits\/flotte-conformite-et-securite\/#breadcrumb"},"inLanguage":"fr-FR","potentialAction":[{"@type":"ReadAction","target":["https:\/\/www.microlise.com\/fr\/produits\/flotte-conformite-et-securite\/"]}]},{"@type":"ImageObject","inLanguage":"fr-FR","@id":"https:\/\/www.microlise.com\/fr\/produits\/flotte-conformite-et-securite\/#primaryimage","url":"https:\/\/www.microlise.com\/wp-content\/uploads\/2016\/10\/compliance-device.jpg","contentUrl":"https:\/\/www.microlise.com\/wp-content\/uploads\/2016\/10\/compliance-device.jpg","width":960,"height":560,"caption":"safety and compliance device used to check tyre"},{"@type":"BreadcrumbList","@id":"https:\/\/www.microlise.com\/fr\/produits\/flotte-conformite-et-securite\/#breadcrumb","itemListElement":[{"@type":"ListItem","position":1,"name":"Home","item":"https:\/\/www.microlise.com\/fr\/"},{"@type":"ListItem","position":2,"name":"S\u00e9curit\u00e9 &amp; Conformit\u00e9"}]},{"@type":"WebSite","@id":"https:\/\/www.microlise.com\/fr\/#website","url":"https:\/\/www.microlise.com\/fr\/","name":"Microlise France","description":"Telematics, Transport &amp; Fleet Management Solutions","publisher":{"@id":"https:\/\/www.microlise.com\/fr\/#organization"},"alternateName":"Microlise","potentialAction":[{"@type":"SearchAction","target":{"@type":"EntryPoint","urlTemplate":"https:\/\/www.microlise.com\/fr\/?s={search_term_string}"},"query-input":{"@type":"PropertyValueSpecification","valueRequired":true,"valueName":"search_term_string"}}],"inLanguage":"fr-FR"},{"@type":"Organization","@id":"https:\/\/www.microlise.com\/fr\/#organization","name":"Microlise","alternateName":"Microlise","url":"https:\/\/www.microlise.com\/fr\/","logo":{"@type":"ImageObject","inLanguage":"fr-FR","@id":"https:\/\/www.microlise.com\/fr\/#\/schema\/logo\/image\/","url":"https:\/\/www.microlise.com\/wp-content\/uploads\/2024\/06\/cropped-Microlise-Logo-Primary-Electric-1.png","contentUrl":"https:\/\/www.microlise.com\/wp-content\/uploads\/2024\/06\/cropped-Microlise-Logo-Primary-Electric-1.png","width":235,"height":30,"caption":"Microlise"},"image":{"@id":"https:\/\/www.microlise.com\/fr\/#\/schema\/logo\/image\/"},"sameAs":["https:\/\/www.facebook.com\/MicroliseFR\/","https:\/\/x.com\/microlise","https:\/\/www.linkedin.com\/company\/microlise","https:\/\/www.youtube.com\/user\/MicroliseLtd"]}]}},"cmb2":{"microlise_product_metabox":{"microlise_product_header":"","microlise_product_title":"","microlise_product_use_title":"","microlise_product_intro":"","microlise_product_header_image":"https:\/\/www.microlise.com\/wp-content\/uploads\/2016\/10\/home-banner.jpg","microlise_product_header_image_id":"40944","microlise_product_use_header_image":"on","microlise_product_cta":"","microlise_product_hctatxt":"Une d\u00e9monstration personnalis\u00e9e","microlise_product_hctaurl":"https:\/\/www.microlise.com\/fr\/demo-demande\/","microlise_product_hctabgcolor":"#dcff66","microlise_product_hctatcolor":"#151D25","microlise_product_hctatxt2":"","microlise_product_hctaurl2":"","microlise_product_hctabgcolor2":"","microlise_product_hctatcolor2":"#151D25","microlise_product_content":"","microlise_product_sub_title":"Respect de la r\u00e9glementation et S\u00e9curit\u00e9","microlise_product_vtype":"vimeo","microlise_product_VID":"666689697","microlise_product_Vcode":"","microlise_product_case_study":"","microlise_product_cimage":"","microlise_product_cimage_id":"","microlise_product_ctitle":"","microlise_product_ct_color":"#151D25","microlise_product_ccontent":"","microlise_product_ccontent_color":"#151D25","microlise_product_crbtn_text":"","microlise_product_crbtn_link":"","microlise_product_crbbgcolor":"#01CBDE","microlise_product_crbtcolor":"#151D25","microlise_product_crbgcolor":"#DCFF66","microlise_product_brochure":"","microlise_product_brtype":"brochure","microlise_product_bimage":"https:\/\/www.microlise.com\/wp-content\/uploads\/2014\/11\/product-overview-cover-fr.png","microlise_product_bimage_id":"23503","microlise_product_btitle":"Pour en savoir plus, t\u00e9l\u00e9charger notre brochure produit","microlise_product_bt_color":"#151D25","microlise_product_bcontent":"D\u00e9couvrez comment les solutions Microlise permettent aux gestionnaires de flotte de proposer un meilleur service \u00e0 leurs clients tout en am\u00e9liorant la productivit\u00e9, la s\u00e9curit\u00e9 et en r\u00e9duisant les co\u00fbts et l'impact sur l'environnement","microlise_product_bcontent_color":"#151D25","microlise_product_brbtn_text":"T\u00e9l\u00e9charger la brochure","microlise_product_brbbgcolor":"#01CBDE","microlise_product_brbtcolor":"#151D25","microlise_product_brbgcolor":"#DCFF66","microlise_product_hide_brochure":"","microlise_product_rimage":"","microlise_product_rimage_id":"","microlise_product_rtitle":"","microlise_product_rt_color":"","microlise_product_rcontent":"","microlise_product_rcontent_color":"","microlise_product_rebgcolor":"","microlise_product_rebtn_text":"","microlise_product_hide_report":"","microlise_product_benefit":"","microlise_product_bctatxt":"","microlise_product_bctaurl":"","microlise_product_bctabgcolor":"#01CBDE","microlise_product_bctatcolor":"#151D25","microlise_product_benefits":[{"cbgcolor":"#01CBDE","ctxtcolor":"#151D25"}],"microlise_product_feature":"","microlise_product_features":[{"img_type":"landscape","cbgcolor":"#01CBDE","ctxtcolor":"#151D25"}],"microlise_product_anfeature":"","microlise_product_anfeatures":[{"img_type":"landscape","cbgcolor":"#01CBDE","ctxtcolor":"#151D25"}],"microlise_product_thirdfeature":"","microlise_product_thirdfeatures":[{"img_type":"landscape","cbgcolor":"#01CBDE","ctxtcolor":"#151D25"}],"microlise_product_faq":"","microlise_product_faqtitle":"","microlise_product_faqs":"","microlise_product_strip":"","microlise_product_stitle":"","microlise_product_sbtntext":"","microlise_product_sbtnurl":""}},"_links":{"self":[{"href":"https:\/\/www.microlise.com\/fr\/wp-json\/wp\/v2\/product\/15761","targetHints":{"allow":["GET"]}}],"collection":[{"href":"https:\/\/www.microlise.com\/fr\/wp-json\/wp\/v2\/product"}],"about":[{"href":"https:\/\/www.microlise.com\/fr\/wp-json\/wp\/v2\/types\/product"}],"wp:featuredmedia":[{"embeddable":true,"href":"https:\/\/www.microlise.com\/fr\/wp-json\/wp\/v2\/media\/41385"}],"wp:attachment":[{"href":"https:\/\/www.microlise.com\/fr\/wp-json\/wp\/v2\/media?parent=15761"}],"wp:term":[{"taxonomy":"category","embeddable":true,"href":"https:\/\/www.microlise.com\/fr\/wp-json\/wp\/v2\/categories?post=15761"}],"curies":[{"name":"wp","href":"https:\/\/api.w.org\/{rel}","templated":true}]}}