{"id":15760,"date":"2016-09-27T21:03:00","date_gmt":"2016-09-27T20:03:00","guid":{"rendered":"https:\/\/www.microlise.com\/fleet-management\/systemes-de-camera-de-flotte\/"},"modified":"2024-06-12T11:51:52","modified_gmt":"2024-06-12T10:51:52","slug":"systemes-de-camera-de-flotte","status":"publish","type":"product","link":"https:\/\/www.microlise.com\/fr\/produits\/flotte-conformite-et-securite\/systemes-de-camera-de-flotte\/","title":{"rendered":"Solution multi-Cam\u00e9ra"},"content":{"rendered":"<p>Notre solution multi-cam\u00e9ras est con\u00e7ue pour les op\u00e9rateurs d&rsquo;aujourd&rsquo;hui. Assortie du module Microlise Fleet Performance, les utilisateurs peuvent rapidement et facilement t\u00e9l\u00e9charger des images provenant d&rsquo;un incident directement depuis l&rsquo;\u00e9cran de lecture du v\u00e9hicule.<\/p>\n","protected":false},"excerpt":{"rendered":"<p>R\u00e9duisez les risques et les co\u00fbts d&rsquo;assurance, augmentez la s\u00e9curit\u00e9 et rassurez les conducteurs gr\u00e2ce \u00e0 notre solution de cam\u00e9ras int\u00e9gr\u00e9es.<\/p>\n","protected":false},"featured_media":28778,"parent":15761,"menu_order":30,"template":"","categories":[1106],"class_list":["post-15760","product","type-product","status-publish","has-post-thumbnail","hentry","category-integrated-cameras-fr","entry"],"yoast_head":"<!-- This site is optimized with the Yoast SEO Premium plugin v25.7.1 (Yoast SEO v27.4) - https:\/\/yoast.com\/product\/yoast-seo-premium-wordpress\/ -->\n<title>Syst\u00e8mes de cam\u00e9ra de flotte | Fleet Dash Cams Fournisseurs | Microlise<\/title>\n<meta name=\"description\" content=\"Microlise fournir et installer des cam\u00e9ras de tableau de bord pour les v\u00e9hicules de la flotte commerciale. Les dash-cam\u00e9ras et les cam\u00e9ras incab int\u00e9gr\u00e9es de la flotte font face aux accidents de 80%.\" \/>\n<meta name=\"robots\" content=\"index, follow, max-snippet:-1, max-image-preview:large, max-video-preview:-1\" \/>\n<link rel=\"canonical\" href=\"https:\/\/www.microlise.com\/fr\/produits\/flotte-conformite-et-securite\/systemes-de-camera-de-flotte\/\" \/>\n<meta property=\"og:locale\" content=\"fr_FR\" \/>\n<meta property=\"og:type\" content=\"article\" \/>\n<meta property=\"og:title\" content=\"Solution multi-Cam\u00e9ra\" \/>\n<meta property=\"og:description\" content=\"Microlise fournir et installer des cam\u00e9ras de tableau de bord pour les v\u00e9hicules de la flotte commerciale. Les dash-cam\u00e9ras et les cam\u00e9ras incab int\u00e9gr\u00e9es de la flotte font face aux accidents de 80%.\" \/>\n<meta property=\"og:url\" content=\"https:\/\/www.microlise.com\/fr\/produits\/flotte-conformite-et-securite\/systemes-de-camera-de-flotte\/\" \/>\n<meta property=\"og:site_name\" content=\"Microlise France\" \/>\n<meta property=\"article:publisher\" content=\"https:\/\/www.facebook.com\/MicroliseFR\/\" \/>\n<meta property=\"article:modified_time\" content=\"2024-06-12T10:51:52+00:00\" \/>\n<meta property=\"og:image\" content=\"https:\/\/www.microlise.com\/wp-content\/uploads\/2016\/09\/microlise-multi-camera-solution.jpg\" \/>\n\t<meta property=\"og:image:width\" content=\"960\" \/>\n\t<meta property=\"og:image:height\" content=\"560\" \/>\n\t<meta property=\"og:image:type\" content=\"image\/jpeg\" \/>\n<meta name=\"twitter:card\" content=\"summary_large_image\" \/>\n<meta name=\"twitter:site\" content=\"@microlise\" \/>\n<meta name=\"twitter:label1\" content=\"Dur\u00e9e de lecture estim\u00e9e\" \/>\n\t<meta name=\"twitter:data1\" content=\"1 minute\" \/>\n<script type=\"application\/ld+json\" class=\"yoast-schema-graph\">{\"@context\":\"https:\\\/\\\/schema.org\",\"@graph\":[{\"@type\":\"WebPage\",\"@id\":\"https:\\\/\\\/www.microlise.com\\\/fr\\\/produits\\\/flotte-conformite-et-securite\\\/systemes-de-camera-de-flotte\\\/\",\"url\":\"https:\\\/\\\/www.microlise.com\\\/fr\\\/produits\\\/flotte-conformite-et-securite\\\/systemes-de-camera-de-flotte\\\/\",\"name\":\"Syst\u00e8mes de cam\u00e9ra de flotte | Fleet Dash Cams Fournisseurs | Microlise\",\"isPartOf\":{\"@id\":\"https:\\\/\\\/www.microlise.com\\\/fr\\\/#website\"},\"primaryImageOfPage\":{\"@id\":\"https:\\\/\\\/www.microlise.com\\\/fr\\\/produits\\\/flotte-conformite-et-securite\\\/systemes-de-camera-de-flotte\\\/#primaryimage\"},\"image\":{\"@id\":\"https:\\\/\\\/www.microlise.com\\\/fr\\\/produits\\\/flotte-conformite-et-securite\\\/systemes-de-camera-de-flotte\\\/#primaryimage\"},\"thumbnailUrl\":\"https:\\\/\\\/www.microlise.com\\\/wp-content\\\/uploads\\\/2016\\\/09\\\/microlise-multi-camera-solution.jpg\",\"datePublished\":\"2016-09-27T20:03:00+00:00\",\"dateModified\":\"2024-06-12T10:51:52+00:00\",\"description\":\"Microlise fournir et installer des cam\u00e9ras de tableau de bord pour les v\u00e9hicules de la flotte commerciale. Les dash-cam\u00e9ras et les cam\u00e9ras incab int\u00e9gr\u00e9es de la flotte font face aux accidents de 80%.\",\"breadcrumb\":{\"@id\":\"https:\\\/\\\/www.microlise.com\\\/fr\\\/produits\\\/flotte-conformite-et-securite\\\/systemes-de-camera-de-flotte\\\/#breadcrumb\"},\"inLanguage\":\"fr-FR\",\"potentialAction\":[{\"@type\":\"ReadAction\",\"target\":[\"https:\\\/\\\/www.microlise.com\\\/fr\\\/produits\\\/flotte-conformite-et-securite\\\/systemes-de-camera-de-flotte\\\/\"]}]},{\"@type\":\"ImageObject\",\"inLanguage\":\"fr-FR\",\"@id\":\"https:\\\/\\\/www.microlise.com\\\/fr\\\/produits\\\/flotte-conformite-et-securite\\\/systemes-de-camera-de-flotte\\\/#primaryimage\",\"url\":\"https:\\\/\\\/www.microlise.com\\\/wp-content\\\/uploads\\\/2016\\\/09\\\/microlise-multi-camera-solution.jpg\",\"contentUrl\":\"https:\\\/\\\/www.microlise.com\\\/wp-content\\\/uploads\\\/2016\\\/09\\\/microlise-multi-camera-solution.jpg\",\"width\":960,\"height\":560,\"caption\":\"Microlise GPS tracking and fleet management system for commercial vehicles.\"},{\"@type\":\"BreadcrumbList\",\"@id\":\"https:\\\/\\\/www.microlise.com\\\/fr\\\/produits\\\/flotte-conformite-et-securite\\\/systemes-de-camera-de-flotte\\\/#breadcrumb\",\"itemListElement\":[{\"@type\":\"ListItem\",\"position\":1,\"name\":\"Home\",\"item\":\"https:\\\/\\\/www.microlise.com\\\/fr\\\/\"},{\"@type\":\"ListItem\",\"position\":2,\"name\":\"S\u00e9curit\u00e9 &amp; Conformit\u00e9\",\"item\":\"https:\\\/\\\/www.microlise.com\\\/fr\\\/produits\\\/flotte-conformite-et-securite\\\/\"},{\"@type\":\"ListItem\",\"position\":3,\"name\":\"Solution multi-Cam\u00e9ra\"}]},{\"@type\":\"WebSite\",\"@id\":\"https:\\\/\\\/www.microlise.com\\\/fr\\\/#website\",\"url\":\"https:\\\/\\\/www.microlise.com\\\/fr\\\/\",\"name\":\"Microlise France\",\"description\":\"Telematics, Transport &amp; Fleet Management Solutions\",\"publisher\":{\"@id\":\"https:\\\/\\\/www.microlise.com\\\/fr\\\/#organization\"},\"alternateName\":\"Microlise\",\"potentialAction\":[{\"@type\":\"SearchAction\",\"target\":{\"@type\":\"EntryPoint\",\"urlTemplate\":\"https:\\\/\\\/www.microlise.com\\\/fr\\\/?s={search_term_string}\"},\"query-input\":{\"@type\":\"PropertyValueSpecification\",\"valueRequired\":true,\"valueName\":\"search_term_string\"}}],\"inLanguage\":\"fr-FR\"},{\"@type\":\"Organization\",\"@id\":\"https:\\\/\\\/www.microlise.com\\\/fr\\\/#organization\",\"name\":\"Microlise\",\"alternateName\":\"Microlise\",\"url\":\"https:\\\/\\\/www.microlise.com\\\/fr\\\/\",\"logo\":{\"@type\":\"ImageObject\",\"inLanguage\":\"fr-FR\",\"@id\":\"https:\\\/\\\/www.microlise.com\\\/fr\\\/#\\\/schema\\\/logo\\\/image\\\/\",\"url\":\"https:\\\/\\\/www.microlise.com\\\/wp-content\\\/uploads\\\/2024\\\/06\\\/cropped-Microlise-Logo-Primary-Electric-1.png\",\"contentUrl\":\"https:\\\/\\\/www.microlise.com\\\/wp-content\\\/uploads\\\/2024\\\/06\\\/cropped-Microlise-Logo-Primary-Electric-1.png\",\"width\":235,\"height\":30,\"caption\":\"Microlise\"},\"image\":{\"@id\":\"https:\\\/\\\/www.microlise.com\\\/fr\\\/#\\\/schema\\\/logo\\\/image\\\/\"},\"sameAs\":[\"https:\\\/\\\/www.facebook.com\\\/MicroliseFR\\\/\",\"https:\\\/\\\/x.com\\\/microlise\",\"https:\\\/\\\/www.linkedin.com\\\/company\\\/microlise\",\"https:\\\/\\\/www.youtube.com\\\/user\\\/MicroliseLtd\"]}]}<\/script>\n<!-- \/ Yoast SEO Premium plugin. -->","yoast_head_json":{"title":"Syst\u00e8mes de cam\u00e9ra de flotte | Fleet Dash Cams Fournisseurs | Microlise","description":"Microlise fournir et installer des cam\u00e9ras de tableau de bord pour les v\u00e9hicules de la flotte commerciale. Les dash-cam\u00e9ras et les cam\u00e9ras incab int\u00e9gr\u00e9es de la flotte font face aux accidents de 80%.","robots":{"index":"index","follow":"follow","max-snippet":"max-snippet:-1","max-image-preview":"max-image-preview:large","max-video-preview":"max-video-preview:-1"},"canonical":"https:\/\/www.microlise.com\/fr\/produits\/flotte-conformite-et-securite\/systemes-de-camera-de-flotte\/","og_locale":"fr_FR","og_type":"article","og_title":"Solution multi-Cam\u00e9ra","og_description":"Microlise fournir et installer des cam\u00e9ras de tableau de bord pour les v\u00e9hicules de la flotte commerciale. Les dash-cam\u00e9ras et les cam\u00e9ras incab int\u00e9gr\u00e9es de la flotte font face aux accidents de 80%.","og_url":"https:\/\/www.microlise.com\/fr\/produits\/flotte-conformite-et-securite\/systemes-de-camera-de-flotte\/","og_site_name":"Microlise France","article_publisher":"https:\/\/www.facebook.com\/MicroliseFR\/","article_modified_time":"2024-06-12T10:51:52+00:00","og_image":[{"width":960,"height":560,"url":"https:\/\/www.microlise.com\/wp-content\/uploads\/2016\/09\/microlise-multi-camera-solution.jpg","type":"image\/jpeg"}],"twitter_card":"summary_large_image","twitter_site":"@microlise","twitter_misc":{"Dur\u00e9e de lecture estim\u00e9e":"1 minute"},"schema":{"@context":"https:\/\/schema.org","@graph":[{"@type":"WebPage","@id":"https:\/\/www.microlise.com\/fr\/produits\/flotte-conformite-et-securite\/systemes-de-camera-de-flotte\/","url":"https:\/\/www.microlise.com\/fr\/produits\/flotte-conformite-et-securite\/systemes-de-camera-de-flotte\/","name":"Syst\u00e8mes de cam\u00e9ra de flotte | Fleet Dash Cams Fournisseurs | Microlise","isPartOf":{"@id":"https:\/\/www.microlise.com\/fr\/#website"},"primaryImageOfPage":{"@id":"https:\/\/www.microlise.com\/fr\/produits\/flotte-conformite-et-securite\/systemes-de-camera-de-flotte\/#primaryimage"},"image":{"@id":"https:\/\/www.microlise.com\/fr\/produits\/flotte-conformite-et-securite\/systemes-de-camera-de-flotte\/#primaryimage"},"thumbnailUrl":"https:\/\/www.microlise.com\/wp-content\/uploads\/2016\/09\/microlise-multi-camera-solution.jpg","datePublished":"2016-09-27T20:03:00+00:00","dateModified":"2024-06-12T10:51:52+00:00","description":"Microlise fournir et installer des cam\u00e9ras de tableau de bord pour les v\u00e9hicules de la flotte commerciale. Les dash-cam\u00e9ras et les cam\u00e9ras incab int\u00e9gr\u00e9es de la flotte font face aux accidents de 80%.","breadcrumb":{"@id":"https:\/\/www.microlise.com\/fr\/produits\/flotte-conformite-et-securite\/systemes-de-camera-de-flotte\/#breadcrumb"},"inLanguage":"fr-FR","potentialAction":[{"@type":"ReadAction","target":["https:\/\/www.microlise.com\/fr\/produits\/flotte-conformite-et-securite\/systemes-de-camera-de-flotte\/"]}]},{"@type":"ImageObject","inLanguage":"fr-FR","@id":"https:\/\/www.microlise.com\/fr\/produits\/flotte-conformite-et-securite\/systemes-de-camera-de-flotte\/#primaryimage","url":"https:\/\/www.microlise.com\/wp-content\/uploads\/2016\/09\/microlise-multi-camera-solution.jpg","contentUrl":"https:\/\/www.microlise.com\/wp-content\/uploads\/2016\/09\/microlise-multi-camera-solution.jpg","width":960,"height":560,"caption":"Microlise GPS tracking and fleet management system for commercial vehicles."},{"@type":"BreadcrumbList","@id":"https:\/\/www.microlise.com\/fr\/produits\/flotte-conformite-et-securite\/systemes-de-camera-de-flotte\/#breadcrumb","itemListElement":[{"@type":"ListItem","position":1,"name":"Home","item":"https:\/\/www.microlise.com\/fr\/"},{"@type":"ListItem","position":2,"name":"S\u00e9curit\u00e9 &amp; Conformit\u00e9","item":"https:\/\/www.microlise.com\/fr\/produits\/flotte-conformite-et-securite\/"},{"@type":"ListItem","position":3,"name":"Solution multi-Cam\u00e9ra"}]},{"@type":"WebSite","@id":"https:\/\/www.microlise.com\/fr\/#website","url":"https:\/\/www.microlise.com\/fr\/","name":"Microlise France","description":"Telematics, Transport &amp; Fleet Management Solutions","publisher":{"@id":"https:\/\/www.microlise.com\/fr\/#organization"},"alternateName":"Microlise","potentialAction":[{"@type":"SearchAction","target":{"@type":"EntryPoint","urlTemplate":"https:\/\/www.microlise.com\/fr\/?s={search_term_string}"},"query-input":{"@type":"PropertyValueSpecification","valueRequired":true,"valueName":"search_term_string"}}],"inLanguage":"fr-FR"},{"@type":"Organization","@id":"https:\/\/www.microlise.com\/fr\/#organization","name":"Microlise","alternateName":"Microlise","url":"https:\/\/www.microlise.com\/fr\/","logo":{"@type":"ImageObject","inLanguage":"fr-FR","@id":"https:\/\/www.microlise.com\/fr\/#\/schema\/logo\/image\/","url":"https:\/\/www.microlise.com\/wp-content\/uploads\/2024\/06\/cropped-Microlise-Logo-Primary-Electric-1.png","contentUrl":"https:\/\/www.microlise.com\/wp-content\/uploads\/2024\/06\/cropped-Microlise-Logo-Primary-Electric-1.png","width":235,"height":30,"caption":"Microlise"},"image":{"@id":"https:\/\/www.microlise.com\/fr\/#\/schema\/logo\/image\/"},"sameAs":["https:\/\/www.facebook.com\/MicroliseFR\/","https:\/\/x.com\/microlise","https:\/\/www.linkedin.com\/company\/microlise","https:\/\/www.youtube.com\/user\/MicroliseLtd"]}]}},"cmb2":{"microlise_product_metabox":{"microlise_product_header":"","microlise_product_title":"","microlise_product_use_title":"","microlise_product_intro":"","microlise_product_header_image":"https:\/\/www.microlise.com\/wp-content\/uploads\/2021\/08\/swirls-1.jpg","microlise_product_header_image_id":"40804","microlise_product_use_header_image":"on","microlise_product_cta":"","microlise_product_hctatxt":"Une d\u00e9monstration personnalis\u00e9e","microlise_product_hctaurl":"https:\/\/www.microlise.com\/fr\/demo-demande\/","microlise_product_hctabgcolor":"#01CBDE","microlise_product_hctatcolor":"#151D25","microlise_product_hctatxt2":"Get Started","microlise_product_hctaurl2":"https:\/\/www.microlise.com\/fr\/quisommes-nous\/contacteznous\/","microlise_product_hctabgcolor2":"#dcff66","microlise_product_hctatcolor2":"#151D25","microlise_product_content":"","microlise_product_sub_title":"","microlise_product_vtype":"vimeo","microlise_product_VID":"666690666","microlise_product_Vcode":"","microlise_product_case_study":"","microlise_product_cimage":"","microlise_product_cimage_id":"","microlise_product_ctitle":"","microlise_product_ct_color":"#151D25","microlise_product_ccontent":"","microlise_product_ccontent_color":"#151D25","microlise_product_crbtn_text":"","microlise_product_crbtn_link":"","microlise_product_crbbgcolor":"#01CBDE","microlise_product_crbtcolor":"#151D25","microlise_product_crbgcolor":"#DCFF66","microlise_product_brochure":"","microlise_product_brtype":"brochure","microlise_product_bimage":"https:\/\/www.microlise.com\/wp-content\/uploads\/2014\/11\/product-overview-cover-fr.png","microlise_product_bimage_id":"23503","microlise_product_btitle":"Pour en savoir plus, t\u00e9l\u00e9charger notre brochure produit","microlise_product_bt_color":"#151D25","microlise_product_bcontent":"D\u00e9couvrez comment les solutions Microlise permettent aux gestionnaires de flotte de proposer un meilleur service \u00e0 leurs clients tout en am\u00e9liorant la productivit\u00e9, la s\u00e9curit\u00e9 et en r\u00e9duisant les co\u00fbts et l'impact sur l'environnement","microlise_product_bcontent_color":"#151D25","microlise_product_brbtn_text":"T\u00e9l\u00e9charger la brochure","microlise_product_brbbgcolor":"#01CBDE","microlise_product_brbtcolor":"#151D25","microlise_product_brbgcolor":"#DCFF66","microlise_product_hide_brochure":"","microlise_product_rimage":"","microlise_product_rimage_id":"","microlise_product_rtitle":"","microlise_product_rt_color":"","microlise_product_rcontent":"","microlise_product_rcontent_color":"","microlise_product_rebgcolor":"","microlise_product_rebtn_text":"","microlise_product_hide_report":"","microlise_product_benefit":"","microlise_product_bctatxt":"Demander une d\u00e9mo","microlise_product_bctaurl":"https:\/\/www.microlise.com\/fr\/demo-demande\/","microlise_product_bctabgcolor":"#01CBDE","microlise_product_bctatcolor":"#151D25","microlise_product_benefits":[{"icon_id":40669,"icon":"https:\/\/www.microlise.com\/wp-content\/uploads\/2024\/06\/reduce-insurance-costs.png","title":"R\u00e9duisez vos co\u00fbts d'assurance","intro":"De nombreux assureurs vous proposeront des tarifs tr\u00e8s incitatifs si vous utilisez une solution t\u00e9l\u00e9matique avec des cam\u00e9ras. C'est parce qu'ils comprennent qu'une flotte dot\u00e9e de tels syst\u00e8mes pr\u00e9sente un profil de risque plus faible.","ctatext":"","ctaurl":false,"cbgcolor":"#01CBDE","ctxtcolor":"#151D25"},{"icon_id":40495,"icon":"https:\/\/www.microlise.com\/wp-content\/uploads\/2024\/06\/focus-safety.png","title":"Am\u00e9liorez la s\u00e9curit\u00e9","intro":"Les cam\u00e9ras rendent les routes plus s\u00fbres pour tous et sont les t\u00e9moins du non-respect des normes de s\u00e9curit\u00e9.","ctatext":"","ctaurl":false,"cbgcolor":"#01CBDE","ctxtcolor":"#151D25"},{"icon_id":40471,"icon":"https:\/\/www.microlise.com\/wp-content\/uploads\/2024\/06\/establish-liability-quickly.png","title":"\u00c9tablissez rapidement les responsabilit\u00e9s","intro":"Les cam\u00e9ras jouent un r\u00f4le essentiel dans la premi\u00e8re d\u00e9claration d'un sinistre (First Notification of Loss ou FNOL), ce qui permet de mieux contr\u00f4ler le processus de r\u00e9clamation et de signaler les incidents d\u00e8s que possible.","cbgcolor":"#01CBDE","ctxtcolor":"#151D25"}],"microlise_product_feature":"","microlise_product_features":[{"img_type":"landscape","image_id":18906,"image":"https:\/\/www.microlise.com\/wp-content\/uploads\/2020\/12\/remote-retrieval-of-footage.jpg","video_id":"","video":false,"title":"T\u00e9l\u00e9chargements \u00e0 distance","intro":"Soyez le premier \u00e0 faire une d\u00e9claration en cas d'incident et \u00e9tablissez les v\u00e9ritables responsabilit\u00e9s en quelques minutes. Les images captur\u00e9es servent \u00e9galement de support de formation aux conducteurs dans le cadre des formations cibl\u00e9es ax\u00e9es sur les incidents et les accidents \u00e9vit\u00e9s de justesse.","ctatext":"","ctaurl":false,"cbgcolor":"#01CBDE","ctxtcolor":"#151D25"},{"img_type":"landscape","image_id":18888,"image":"https:\/\/www.microlise.com\/wp-content\/uploads\/2020\/12\/incident-footage-analysis.jpg","video_id":"","video":false,"title":"Int\u00e9gration avec la t\u00e9l\u00e9matique","intro":"Les images de la cam\u00e9ra peuvent \u00eatre consult\u00e9es en m\u00eame temps que les donn\u00e9es de l'enregistreur d'incidents pour encore mieux comprendre les causes exactes du sinistre.","ctatext":"","ctaurl":false,"cbgcolor":"#01CBDE","ctxtcolor":"#151D25"},{"img_type":"landscape","image_id":18894,"image":"https:\/\/www.microlise.com\/wp-content\/uploads\/2020\/12\/low-res-pre-download.jpg","video_id":"","video":false,"title":"T\u00e9l\u00e9chargement basse r\u00e9solution","intro":"Dans les cas o\u00f9 l'heure pr\u00e9cise d'un incident est inconnue, les images de pr\u00e9visualisation peuvent d'abord \u00eatre visualis\u00e9es en basse r\u00e9solution. Les images haute d\u00e9finition de meilleure qualit\u00e9 peuvent ensuite \u00eatre t\u00e9l\u00e9charg\u00e9es plus rapidement, ce qui permet d'\u00e9conomiser du temps et d'acc\u00e9l\u00e9rer le processus de r\u00e9clamation.","ctatext":"","ctaurl":false,"cbgcolor":"#01CBDE","ctxtcolor":"#151D25"},{"img_type":"landscape","image_id":18882,"image":"https:\/\/www.microlise.com\/wp-content\/uploads\/2020\/12\/camera-health-status.jpg","video_id":"","video":false,"title":"Surveillance de l'\u00e9tat de fonctionnement des cam\u00e9ras","intro":"Vous pouvez v\u00e9rifier l'\u00e9tat de n'importe quelle cam\u00e9ra de votre flotte, en temps r\u00e9el, pour savoir si elle est enti\u00e8rement op\u00e9rationnelle et pr\u00eate \u00e0 fonctionner.","ctatext":"","ctaurl":false,"cbgcolor":"#01CBDE","ctxtcolor":"#151D25"},{"img_type":"landscape","image_id":18900,"image":"https:\/\/www.microlise.com\/wp-content\/uploads\/2020\/12\/multi-camera-solution.jpg","title":"La Garantie Microlise","intro":"Notre solution Cam\u00e9ras, riche en fonctionnalit\u00e9s et si utile pour am\u00e9liorer la s\u00e9curit\u00e9 est assortie du support et de la garantie Microlise","cbgcolor":"#01CBDE","ctxtcolor":"#151D25"}],"microlise_product_anfeature":"","microlise_product_anfeatures":[{"img_type":"landscape","cbgcolor":"#01CBDE","ctxtcolor":"#151D25"}],"microlise_product_thirdfeature":"","microlise_product_thirdfeatures":[{"img_type":"landscape","cbgcolor":"#01CBDE","ctxtcolor":"#151D25"}],"microlise_product_faq":"","microlise_product_faqtitle":"","microlise_product_faqs":"","microlise_product_strip":"","microlise_product_stitle":"","microlise_product_sbtntext":"","microlise_product_sbtnurl":""}},"_links":{"self":[{"href":"https:\/\/www.microlise.com\/fr\/wp-json\/wp\/v2\/product\/15760","targetHints":{"allow":["GET"]}}],"collection":[{"href":"https:\/\/www.microlise.com\/fr\/wp-json\/wp\/v2\/product"}],"about":[{"href":"https:\/\/www.microlise.com\/fr\/wp-json\/wp\/v2\/types\/product"}],"up":[{"embeddable":true,"href":"https:\/\/www.microlise.com\/fr\/wp-json\/wp\/v2\/product\/15761"}],"wp:featuredmedia":[{"embeddable":true,"href":"https:\/\/www.microlise.com\/fr\/wp-json\/wp\/v2\/media\/28778"}],"wp:attachment":[{"href":"https:\/\/www.microlise.com\/fr\/wp-json\/wp\/v2\/media?parent=15760"}],"wp:term":[{"taxonomy":"category","embeddable":true,"href":"https:\/\/www.microlise.com\/fr\/wp-json\/wp\/v2\/categories?post=15760"}],"curies":[{"name":"wp","href":"https:\/\/api.w.org\/{rel}","templated":true}]}}