{"id":15759,"date":"2016-09-27T21:00:00","date_gmt":"2016-09-27T20:00:00","guid":{"rendered":"https:\/\/www.microlise.com\/fleet-management\/vehicule-sante\/"},"modified":"2024-06-12T11:52:00","modified_gmt":"2024-06-12T10:52:00","slug":"vehicule-sante","status":"publish","type":"product","link":"https:\/\/www.microlise.com\/fr\/produits\/flotte-conformite-et-securite\/vehicule-sante\/","title":{"rendered":"\u00c9tat &amp; Maintenance des v\u00e9hicules"},"content":{"rendered":"<p>Les indicateurs moteur et les codes de diagnostic sont transmis \u00e0 distance pour donner \u00e0 votre atelier des informations pr\u00e9cises sur l&rsquo;\u00e9tat des v\u00e9hicules.<\/p>\n","protected":false},"excerpt":{"rendered":"<p>R\u00e9duisez les temps d&rsquo;immobilisation des v\u00e9hicules et am\u00e9liorez l&rsquo;efficacit\u00e9 de votre planning de maintenance gr\u00e2ce \u00e0 la suite de rapports Microlise sur l&rsquo;\u00e9tat des v\u00e9hicules.<\/p>\n","protected":false},"featured_media":41394,"parent":15761,"menu_order":89,"template":"","categories":[1108],"class_list":["post-15759","product","type-product","status-publish","has-post-thumbnail","hentry","category-vehicle-health-safety-health-compliance-fr","entry"],"yoast_head":"<!-- This site is optimized with the Yoast SEO Premium plugin v25.7.1 (Yoast SEO v27.4) - https:\/\/yoast.com\/product\/yoast-seo-premium-wordpress\/ -->\n<title>Logiciels et services de maintenance de flotte | Microlise<\/title>\n<meta name=\"description\" content=\"Logiciel d&#039;entretien de la flotte con\u00e7u pour vous aider \u00e0 \u00e9viter les pannes de v\u00e9hicules et d&#039;installations impr\u00e9vues et co\u00fbteuses. Rappels automatis\u00e9s pour vous aider \u00e0 am\u00e9liorer la sant\u00e9 de votre v\u00e9hicule\" \/>\n<meta name=\"robots\" content=\"index, follow, max-snippet:-1, max-image-preview:large, max-video-preview:-1\" \/>\n<link rel=\"canonical\" href=\"https:\/\/www.microlise.com\/fr\/produits\/flotte-conformite-et-securite\/vehicule-sante\/\" \/>\n<meta property=\"og:locale\" content=\"fr_FR\" \/>\n<meta property=\"og:type\" content=\"article\" \/>\n<meta property=\"og:title\" content=\"\u00c9tat &amp; Maintenance des v\u00e9hicules\" \/>\n<meta property=\"og:description\" content=\"Logiciel d&#039;entretien de la flotte con\u00e7u pour vous aider \u00e0 \u00e9viter les pannes de v\u00e9hicules et d&#039;installations impr\u00e9vues et co\u00fbteuses. Rappels automatis\u00e9s pour vous aider \u00e0 am\u00e9liorer la sant\u00e9 de votre v\u00e9hicule\" \/>\n<meta property=\"og:url\" content=\"https:\/\/www.microlise.com\/fr\/produits\/flotte-conformite-et-securite\/vehicule-sante\/\" \/>\n<meta property=\"og:site_name\" content=\"Microlise France\" \/>\n<meta property=\"article:publisher\" content=\"https:\/\/www.facebook.com\/MicroliseFR\/\" \/>\n<meta property=\"article:modified_time\" content=\"2024-06-12T10:52:00+00:00\" \/>\n<meta property=\"og:image\" content=\"https:\/\/www.microlise.com\/wp-content\/uploads\/2016\/09\/vehicle-health-1.jpg\" \/>\n\t<meta property=\"og:image:width\" content=\"960\" \/>\n\t<meta property=\"og:image:height\" content=\"560\" \/>\n\t<meta property=\"og:image:type\" content=\"image\/jpeg\" \/>\n<meta name=\"twitter:card\" content=\"summary_large_image\" \/>\n<meta name=\"twitter:site\" content=\"@microlise\" \/>\n<meta name=\"twitter:label1\" content=\"Dur\u00e9e de lecture estim\u00e9e\" \/>\n\t<meta name=\"twitter:data1\" content=\"1 minute\" \/>\n<script type=\"application\/ld+json\" class=\"yoast-schema-graph\">{\"@context\":\"https:\\\/\\\/schema.org\",\"@graph\":[{\"@type\":\"WebPage\",\"@id\":\"https:\\\/\\\/www.microlise.com\\\/fr\\\/produits\\\/flotte-conformite-et-securite\\\/vehicule-sante\\\/\",\"url\":\"https:\\\/\\\/www.microlise.com\\\/fr\\\/produits\\\/flotte-conformite-et-securite\\\/vehicule-sante\\\/\",\"name\":\"Logiciels et services de maintenance de flotte | Microlise\",\"isPartOf\":{\"@id\":\"https:\\\/\\\/www.microlise.com\\\/fr\\\/#website\"},\"primaryImageOfPage\":{\"@id\":\"https:\\\/\\\/www.microlise.com\\\/fr\\\/produits\\\/flotte-conformite-et-securite\\\/vehicule-sante\\\/#primaryimage\"},\"image\":{\"@id\":\"https:\\\/\\\/www.microlise.com\\\/fr\\\/produits\\\/flotte-conformite-et-securite\\\/vehicule-sante\\\/#primaryimage\"},\"thumbnailUrl\":\"https:\\\/\\\/www.microlise.com\\\/wp-content\\\/uploads\\\/2016\\\/09\\\/vehicle-health-1.jpg\",\"datePublished\":\"2016-09-27T20:00:00+00:00\",\"dateModified\":\"2024-06-12T10:52:00+00:00\",\"description\":\"Logiciel d'entretien de la flotte con\u00e7u pour vous aider \u00e0 \u00e9viter les pannes de v\u00e9hicules et d'installations impr\u00e9vues et co\u00fbteuses. Rappels automatis\u00e9s pour vous aider \u00e0 am\u00e9liorer la sant\u00e9 de votre v\u00e9hicule\",\"breadcrumb\":{\"@id\":\"https:\\\/\\\/www.microlise.com\\\/fr\\\/produits\\\/flotte-conformite-et-securite\\\/vehicule-sante\\\/#breadcrumb\"},\"inLanguage\":\"fr-FR\",\"potentialAction\":[{\"@type\":\"ReadAction\",\"target\":[\"https:\\\/\\\/www.microlise.com\\\/fr\\\/produits\\\/flotte-conformite-et-securite\\\/vehicule-sante\\\/\"]}]},{\"@type\":\"ImageObject\",\"inLanguage\":\"fr-FR\",\"@id\":\"https:\\\/\\\/www.microlise.com\\\/fr\\\/produits\\\/flotte-conformite-et-securite\\\/vehicule-sante\\\/#primaryimage\",\"url\":\"https:\\\/\\\/www.microlise.com\\\/wp-content\\\/uploads\\\/2016\\\/09\\\/vehicle-health-1.jpg\",\"contentUrl\":\"https:\\\/\\\/www.microlise.com\\\/wp-content\\\/uploads\\\/2016\\\/09\\\/vehicle-health-1.jpg\",\"width\":960,\"height\":560,\"caption\":\"engineer doing\"},{\"@type\":\"BreadcrumbList\",\"@id\":\"https:\\\/\\\/www.microlise.com\\\/fr\\\/produits\\\/flotte-conformite-et-securite\\\/vehicule-sante\\\/#breadcrumb\",\"itemListElement\":[{\"@type\":\"ListItem\",\"position\":1,\"name\":\"Home\",\"item\":\"https:\\\/\\\/www.microlise.com\\\/fr\\\/\"},{\"@type\":\"ListItem\",\"position\":2,\"name\":\"S\u00e9curit\u00e9 &amp; Conformit\u00e9\",\"item\":\"https:\\\/\\\/www.microlise.com\\\/fr\\\/produits\\\/flotte-conformite-et-securite\\\/\"},{\"@type\":\"ListItem\",\"position\":3,\"name\":\"\u00c9tat &amp; Maintenance des v\u00e9hicules\"}]},{\"@type\":\"WebSite\",\"@id\":\"https:\\\/\\\/www.microlise.com\\\/fr\\\/#website\",\"url\":\"https:\\\/\\\/www.microlise.com\\\/fr\\\/\",\"name\":\"Microlise France\",\"description\":\"Telematics, Transport &amp; Fleet Management Solutions\",\"publisher\":{\"@id\":\"https:\\\/\\\/www.microlise.com\\\/fr\\\/#organization\"},\"alternateName\":\"Microlise\",\"potentialAction\":[{\"@type\":\"SearchAction\",\"target\":{\"@type\":\"EntryPoint\",\"urlTemplate\":\"https:\\\/\\\/www.microlise.com\\\/fr\\\/?s={search_term_string}\"},\"query-input\":{\"@type\":\"PropertyValueSpecification\",\"valueRequired\":true,\"valueName\":\"search_term_string\"}}],\"inLanguage\":\"fr-FR\"},{\"@type\":\"Organization\",\"@id\":\"https:\\\/\\\/www.microlise.com\\\/fr\\\/#organization\",\"name\":\"Microlise\",\"alternateName\":\"Microlise\",\"url\":\"https:\\\/\\\/www.microlise.com\\\/fr\\\/\",\"logo\":{\"@type\":\"ImageObject\",\"inLanguage\":\"fr-FR\",\"@id\":\"https:\\\/\\\/www.microlise.com\\\/fr\\\/#\\\/schema\\\/logo\\\/image\\\/\",\"url\":\"https:\\\/\\\/www.microlise.com\\\/wp-content\\\/uploads\\\/2024\\\/06\\\/cropped-Microlise-Logo-Primary-Electric-1.png\",\"contentUrl\":\"https:\\\/\\\/www.microlise.com\\\/wp-content\\\/uploads\\\/2024\\\/06\\\/cropped-Microlise-Logo-Primary-Electric-1.png\",\"width\":235,\"height\":30,\"caption\":\"Microlise\"},\"image\":{\"@id\":\"https:\\\/\\\/www.microlise.com\\\/fr\\\/#\\\/schema\\\/logo\\\/image\\\/\"},\"sameAs\":[\"https:\\\/\\\/www.facebook.com\\\/MicroliseFR\\\/\",\"https:\\\/\\\/x.com\\\/microlise\",\"https:\\\/\\\/www.linkedin.com\\\/company\\\/microlise\",\"https:\\\/\\\/www.youtube.com\\\/user\\\/MicroliseLtd\"]}]}<\/script>\n<!-- \/ Yoast SEO Premium plugin. -->","yoast_head_json":{"title":"Logiciels et services de maintenance de flotte | Microlise","description":"Logiciel d'entretien de la flotte con\u00e7u pour vous aider \u00e0 \u00e9viter les pannes de v\u00e9hicules et d'installations impr\u00e9vues et co\u00fbteuses. Rappels automatis\u00e9s pour vous aider \u00e0 am\u00e9liorer la sant\u00e9 de votre v\u00e9hicule","robots":{"index":"index","follow":"follow","max-snippet":"max-snippet:-1","max-image-preview":"max-image-preview:large","max-video-preview":"max-video-preview:-1"},"canonical":"https:\/\/www.microlise.com\/fr\/produits\/flotte-conformite-et-securite\/vehicule-sante\/","og_locale":"fr_FR","og_type":"article","og_title":"\u00c9tat &amp; Maintenance des v\u00e9hicules","og_description":"Logiciel d'entretien de la flotte con\u00e7u pour vous aider \u00e0 \u00e9viter les pannes de v\u00e9hicules et d'installations impr\u00e9vues et co\u00fbteuses. Rappels automatis\u00e9s pour vous aider \u00e0 am\u00e9liorer la sant\u00e9 de votre v\u00e9hicule","og_url":"https:\/\/www.microlise.com\/fr\/produits\/flotte-conformite-et-securite\/vehicule-sante\/","og_site_name":"Microlise France","article_publisher":"https:\/\/www.facebook.com\/MicroliseFR\/","article_modified_time":"2024-06-12T10:52:00+00:00","og_image":[{"width":960,"height":560,"url":"https:\/\/www.microlise.com\/wp-content\/uploads\/2016\/09\/vehicle-health-1.jpg","type":"image\/jpeg"}],"twitter_card":"summary_large_image","twitter_site":"@microlise","twitter_misc":{"Dur\u00e9e de lecture estim\u00e9e":"1 minute"},"schema":{"@context":"https:\/\/schema.org","@graph":[{"@type":"WebPage","@id":"https:\/\/www.microlise.com\/fr\/produits\/flotte-conformite-et-securite\/vehicule-sante\/","url":"https:\/\/www.microlise.com\/fr\/produits\/flotte-conformite-et-securite\/vehicule-sante\/","name":"Logiciels et services de maintenance de flotte | Microlise","isPartOf":{"@id":"https:\/\/www.microlise.com\/fr\/#website"},"primaryImageOfPage":{"@id":"https:\/\/www.microlise.com\/fr\/produits\/flotte-conformite-et-securite\/vehicule-sante\/#primaryimage"},"image":{"@id":"https:\/\/www.microlise.com\/fr\/produits\/flotte-conformite-et-securite\/vehicule-sante\/#primaryimage"},"thumbnailUrl":"https:\/\/www.microlise.com\/wp-content\/uploads\/2016\/09\/vehicle-health-1.jpg","datePublished":"2016-09-27T20:00:00+00:00","dateModified":"2024-06-12T10:52:00+00:00","description":"Logiciel d'entretien de la flotte con\u00e7u pour vous aider \u00e0 \u00e9viter les pannes de v\u00e9hicules et d'installations impr\u00e9vues et co\u00fbteuses. Rappels automatis\u00e9s pour vous aider \u00e0 am\u00e9liorer la sant\u00e9 de votre v\u00e9hicule","breadcrumb":{"@id":"https:\/\/www.microlise.com\/fr\/produits\/flotte-conformite-et-securite\/vehicule-sante\/#breadcrumb"},"inLanguage":"fr-FR","potentialAction":[{"@type":"ReadAction","target":["https:\/\/www.microlise.com\/fr\/produits\/flotte-conformite-et-securite\/vehicule-sante\/"]}]},{"@type":"ImageObject","inLanguage":"fr-FR","@id":"https:\/\/www.microlise.com\/fr\/produits\/flotte-conformite-et-securite\/vehicule-sante\/#primaryimage","url":"https:\/\/www.microlise.com\/wp-content\/uploads\/2016\/09\/vehicle-health-1.jpg","contentUrl":"https:\/\/www.microlise.com\/wp-content\/uploads\/2016\/09\/vehicle-health-1.jpg","width":960,"height":560,"caption":"engineer doing"},{"@type":"BreadcrumbList","@id":"https:\/\/www.microlise.com\/fr\/produits\/flotte-conformite-et-securite\/vehicule-sante\/#breadcrumb","itemListElement":[{"@type":"ListItem","position":1,"name":"Home","item":"https:\/\/www.microlise.com\/fr\/"},{"@type":"ListItem","position":2,"name":"S\u00e9curit\u00e9 &amp; Conformit\u00e9","item":"https:\/\/www.microlise.com\/fr\/produits\/flotte-conformite-et-securite\/"},{"@type":"ListItem","position":3,"name":"\u00c9tat &amp; Maintenance des v\u00e9hicules"}]},{"@type":"WebSite","@id":"https:\/\/www.microlise.com\/fr\/#website","url":"https:\/\/www.microlise.com\/fr\/","name":"Microlise France","description":"Telematics, Transport &amp; Fleet Management Solutions","publisher":{"@id":"https:\/\/www.microlise.com\/fr\/#organization"},"alternateName":"Microlise","potentialAction":[{"@type":"SearchAction","target":{"@type":"EntryPoint","urlTemplate":"https:\/\/www.microlise.com\/fr\/?s={search_term_string}"},"query-input":{"@type":"PropertyValueSpecification","valueRequired":true,"valueName":"search_term_string"}}],"inLanguage":"fr-FR"},{"@type":"Organization","@id":"https:\/\/www.microlise.com\/fr\/#organization","name":"Microlise","alternateName":"Microlise","url":"https:\/\/www.microlise.com\/fr\/","logo":{"@type":"ImageObject","inLanguage":"fr-FR","@id":"https:\/\/www.microlise.com\/fr\/#\/schema\/logo\/image\/","url":"https:\/\/www.microlise.com\/wp-content\/uploads\/2024\/06\/cropped-Microlise-Logo-Primary-Electric-1.png","contentUrl":"https:\/\/www.microlise.com\/wp-content\/uploads\/2024\/06\/cropped-Microlise-Logo-Primary-Electric-1.png","width":235,"height":30,"caption":"Microlise"},"image":{"@id":"https:\/\/www.microlise.com\/fr\/#\/schema\/logo\/image\/"},"sameAs":["https:\/\/www.facebook.com\/MicroliseFR\/","https:\/\/x.com\/microlise","https:\/\/www.linkedin.com\/company\/microlise","https:\/\/www.youtube.com\/user\/MicroliseLtd"]}]}},"cmb2":{"microlise_product_metabox":{"microlise_product_header":"","microlise_product_title":"","microlise_product_use_title":"","microlise_product_intro":"","microlise_product_header_image":"https:\/\/www.microlise.com\/wp-content\/uploads\/2020\/04\/swirls-5.jpg","microlise_product_header_image_id":"40845","microlise_product_use_header_image":"on","microlise_product_cta":"","microlise_product_hctatxt":"Une d\u00e9monstration personnalis\u00e9e","microlise_product_hctaurl":"https:\/\/www.microlise.com\/fr\/demo-demande\/","microlise_product_hctabgcolor":"#01CBDE","microlise_product_hctatcolor":"#151D25","microlise_product_hctatxt2":"","microlise_product_hctaurl2":"","microlise_product_hctabgcolor2":"","microlise_product_hctatcolor2":"#151D25","microlise_product_content":"","microlise_product_sub_title":"","microlise_product_vtype":"vimeo","microlise_product_VID":"668193269","microlise_product_Vcode":"","microlise_product_case_study":"","microlise_product_cimage":"","microlise_product_cimage_id":"","microlise_product_ctitle":"","microlise_product_ct_color":"#151D25","microlise_product_ccontent":"","microlise_product_ccontent_color":"#151D25","microlise_product_crbtn_text":"","microlise_product_crbtn_link":"","microlise_product_crbbgcolor":"#01CBDE","microlise_product_crbtcolor":"#151D25","microlise_product_crbgcolor":"#DCFF66","microlise_product_brochure":"","microlise_product_brtype":"brochure","microlise_product_bimage":"https:\/\/www.microlise.com\/wp-content\/uploads\/2014\/11\/product-overview-cover-fr.png","microlise_product_bimage_id":"23503","microlise_product_btitle":"Pour en savoir plus, t\u00e9l\u00e9charger notre brochure produit","microlise_product_bt_color":"#151D25","microlise_product_bcontent":"D\u00e9couvrez comment les solutions Microlise permettent aux gestionnaires de flotte de proposer un meilleur service \u00e0 leurs clients tout en am\u00e9liorant la productivit\u00e9, la s\u00e9curit\u00e9 et en r\u00e9duisant les co\u00fbts et l'impact sur l'environnement","microlise_product_bcontent_color":"#151D25","microlise_product_brbtn_text":"T\u00e9l\u00e9charger la brochure","microlise_product_brbbgcolor":"#01CBDE","microlise_product_brbtcolor":"#151D25","microlise_product_brbgcolor":"#DCFF66","microlise_product_hide_brochure":"","microlise_product_rimage":"","microlise_product_rimage_id":"","microlise_product_rtitle":"","microlise_product_rt_color":"","microlise_product_rcontent":"","microlise_product_rcontent_color":"","microlise_product_rebgcolor":"","microlise_product_rebtn_text":"","microlise_product_hide_report":"","microlise_product_benefit":"","microlise_product_bctatxt":"Demander une d\u00e9mo","microlise_product_bctaurl":"https:\/\/www.microlise.com\/fr\/demo-demande\/","microlise_product_bctabgcolor":"#01CBDE","microlise_product_bctatcolor":"#151D25","microlise_product_benefits":[{"icon_id":40573,"icon":"https:\/\/www.microlise.com\/wp-content\/uploads\/2024\/06\/increase-vehicle-uptime.png","title":"Augmentez le temps de disponibilit\u00e9 de vos v\u00e9hicules","intro":"Les \u00e9tats sur la maintenance des v\u00e9hicules communiquent \u00e0 vos techniciens des informations sur l'\u00e9tat des v\u00e9hicules avant m\u00eame que ceux-ci ne soient arriv\u00e9s \u00e0 votre atelier. Cela contribue \u00e0 r\u00e9duire le temps perdu \u00e0 attendre les pi\u00e8ces de rechange.","ctatext":"","ctaurl":false,"cbgcolor":"#01CBDE","ctxtcolor":"#151D25"},{"icon_id":40411,"icon":"https:\/\/www.microlise.com\/wp-content\/uploads\/2024\/06\/avoid-unexpected-disruption.png","title":"\u00c9vitez les perturbations inattendues","intro":"Gr\u00e2ce \u00e0 la t\u00e9l\u00e9matique et les donn\u00e9es envoy\u00e9es en quasi-temps r\u00e9el \u00e0 votre atelier, les indicateurs concernant l'\u00e9tat du moteur peuvent donner le signal d'un besoin de maintenance imminent et avant que cela ne vienne perturber votre exploitation.","ctatext":"","ctaurl":false,"cbgcolor":"#01CBDE","ctxtcolor":"#151D25"},{"icon_id":40483,"icon":"https:\/\/www.microlise.com\/wp-content\/uploads\/2024\/06\/focus-fleet-utilisation.png","title":"Fiabilit\u00e9 am\u00e9lior\u00e9e de la flotte","intro":"Avec une approche proactive de la maintenance, bas\u00e9e sur des donn\u00e9es r\u00e9elles plut\u00f4t que sur le nombre d'heures d'utilisation, votre flotte restera op\u00e9rationnelle plus longtemps.  ","cbgcolor":"#01CBDE","ctxtcolor":"#151D25"}],"microlise_product_feature":"","microlise_product_features":[{"img_type":"landscape","image_id":18730,"image":"https:\/\/www.microlise.com\/wp-content\/uploads\/2016\/09\/vehicle-health-reporting.jpg","video_id":"","video":false,"title":"Rapports sur l'\u00e9tat des v\u00e9hicules","intro":"La temp\u00e9rature du moteur et les niveaux de pression sont suivis en temps quasi r\u00e9el pour avertir votre \u00e9quipe lorsque des signaux indiquent que quelque chose d'inhabituel se produit dans le moteur. Ce d\u00e9tail, accompagn\u00e9 d'une foule d'autres informations, peut aider vos techniciens \u00e0 comprendre la cause des probl\u00e8mes et \u00e0 les r\u00e9soudre rapidement.","ctatext":"","ctaurl":false,"cbgcolor":"#01CBDE","ctxtcolor":"#151D25"},{"img_type":"landscape","image_id":18718,"image":"https:\/\/www.microlise.com\/wp-content\/uploads\/2016\/09\/diagnostic-trouble-codes.jpg","video_id":"","video":false,"title":"Codes de diagnostic - d\u00e9fauts","intro":"Les codes de diagnostic - d\u00e9fauts du v\u00e9hicule peuvent \u00eatre trait\u00e9s dans notre syst\u00e8me, afin de g\u00e9n\u00e9rer des alertes proactives et de permettre la fourniture des plus hauts niveaux de service.","ctatext":"","ctaurl":false,"cbgcolor":"#01CBDE","ctxtcolor":"#151D25"},{"img_type":"landscape","image_id":18736,"image":"https:\/\/www.microlise.com\/wp-content\/uploads\/2016\/09\/vehicle-walkaround-checks.jpg","title":"Contr\u00f4le visuel des v\u00e9hicules par vos conducteurs","intro":"La fonction de contr\u00f4le visuel des v\u00e9hicules (Vehicle Check), compl\u00e8tement personnalisable, peut \u00eatre d\u00e9ploy\u00e9e non seulement pour s'assurer que vos conducteurs effectuent tous les contr\u00f4les conformes \u00e0 la r\u00e9glementation et \u00e0 la politique de l'entreprise, mais aussi pour signaler qu'un v\u00e9hicule a besoin d'une op\u00e9ration de maintenance.","cbgcolor":"#01CBDE","ctxtcolor":"#151D25"}],"microlise_product_anfeature":"","microlise_product_anfeatures":[{"img_type":"landscape","cbgcolor":"#01CBDE","ctxtcolor":"#151D25"}],"microlise_product_thirdfeature":"","microlise_product_thirdfeatures":[{"img_type":"landscape","cbgcolor":"#01CBDE","ctxtcolor":"#151D25"}],"microlise_product_faq":"","microlise_product_faqtitle":"","microlise_product_faqs":"","microlise_product_strip":"","microlise_product_stitle":"","microlise_product_sbtntext":"","microlise_product_sbtnurl":""}},"_links":{"self":[{"href":"https:\/\/www.microlise.com\/fr\/wp-json\/wp\/v2\/product\/15759","targetHints":{"allow":["GET"]}}],"collection":[{"href":"https:\/\/www.microlise.com\/fr\/wp-json\/wp\/v2\/product"}],"about":[{"href":"https:\/\/www.microlise.com\/fr\/wp-json\/wp\/v2\/types\/product"}],"up":[{"embeddable":true,"href":"https:\/\/www.microlise.com\/fr\/wp-json\/wp\/v2\/product\/15761"}],"wp:featuredmedia":[{"embeddable":true,"href":"https:\/\/www.microlise.com\/fr\/wp-json\/wp\/v2\/media\/41394"}],"wp:attachment":[{"href":"https:\/\/www.microlise.com\/fr\/wp-json\/wp\/v2\/media?parent=15759"}],"wp:term":[{"taxonomy":"category","embeddable":true,"href":"https:\/\/www.microlise.com\/fr\/wp-json\/wp\/v2\/categories?post=15759"}],"curies":[{"name":"wp","href":"https:\/\/api.w.org\/{rel}","templated":true}]}}