{"id":15758,"date":"2016-09-27T21:00:00","date_gmt":"2016-09-27T20:00:00","guid":{"rendered":"https:\/\/www.microlise.com\/fleet-management\/flotte-telematique\/systemes-de-suivi-de-vehicules\/"},"modified":"2024-06-12T11:48:13","modified_gmt":"2024-06-12T10:48:13","slug":"suivi-de-flotte","status":"publish","type":"product","link":"https:\/\/www.microlise.com\/fr\/produits\/flotte-telematique\/suivi-de-flotte\/","title":{"rendered":"Suivi &amp; Activit\u00e9 des v\u00e9hicules"},"content":{"rendered":"<p>Mesurez la productivit\u00e9 de chaque v\u00e9hicule et identifiez ceux qui ne sont pas assez utilis\u00e9s. Et, en g\u00e9olocalisant vos points d\u2019int\u00e9r\u00eat, vous pouvez \u00eatre pr\u00e9venu de l\u2019arriv\u00e9e ou du d\u00e9part d\u2019un v\u00e9hicule sur un site particulier.<\/p>\n","protected":false},"excerpt":{"rendered":"<p>Le suivi des v\u00e9hicules vous permet de conna\u00eetre instantan\u00e9ment la position de toute votre flotte ou d&rsquo;un v\u00e9hicule en particulier et d&rsquo;acc\u00e9der \u00e9galement \u00e0 tout l&rsquo;historique des trajets effectu\u00e9s. <\/p>\n","protected":false},"featured_media":41394,"parent":15752,"menu_order":38,"template":"","categories":[1100],"class_list":["post-15758","product","type-product","status-publish","has-post-thumbnail","hentry","category-vehicle-tracking-utilisation-fr","entry"],"yoast_head":"<!-- This site is optimized with the Yoast SEO Premium plugin v25.7.1 (Yoast SEO v27.3) - https:\/\/yoast.com\/product\/yoast-seo-premium-wordpress\/ -->\n<title>Sp\u00e9cialistes du syst\u00e8me de suivi des v\u00e9hicules de la flotte | Microlise<\/title>\n<meta name=\"description\" content=\"Intuitive et simple \u00e0 installer des solutions de suivi de v\u00e9hicules de flotte. Inscrivez l&#039;heure, le kilom\u00e9trage et l&#039;emplacement de chacun de vos v\u00e9hicules dans l&#039;historique et en temps r\u00e9el.\" \/>\n<meta name=\"robots\" content=\"index, follow, max-snippet:-1, max-image-preview:large, max-video-preview:-1\" \/>\n<link rel=\"canonical\" href=\"https:\/\/www.microlise.com\/fr\/produits\/flotte-telematique\/suivi-de-flotte\/\" \/>\n<meta property=\"og:locale\" content=\"fr_FR\" \/>\n<meta property=\"og:type\" content=\"article\" \/>\n<meta property=\"og:title\" content=\"Suivi &amp; Activit\u00e9 des v\u00e9hicules\" \/>\n<meta property=\"og:description\" content=\"Intuitive et simple \u00e0 installer des solutions de suivi de v\u00e9hicules de flotte. Inscrivez l&#039;heure, le kilom\u00e9trage et l&#039;emplacement de chacun de vos v\u00e9hicules dans l&#039;historique et en temps r\u00e9el.\" \/>\n<meta property=\"og:url\" content=\"https:\/\/www.microlise.com\/fr\/produits\/flotte-telematique\/suivi-de-flotte\/\" \/>\n<meta property=\"og:site_name\" content=\"Microlise France\" \/>\n<meta property=\"article:publisher\" content=\"https:\/\/www.facebook.com\/MicroliseFR\/\" \/>\n<meta property=\"article:modified_time\" content=\"2024-06-12T10:48:13+00:00\" \/>\n<meta property=\"og:image\" content=\"https:\/\/www.microlise.com\/wp-content\/uploads\/2016\/09\/vehicle-health-1.jpg\" \/>\n\t<meta property=\"og:image:width\" content=\"960\" \/>\n\t<meta property=\"og:image:height\" content=\"560\" \/>\n\t<meta property=\"og:image:type\" content=\"image\/jpeg\" \/>\n<meta name=\"twitter:card\" content=\"summary_large_image\" \/>\n<meta name=\"twitter:site\" content=\"@microlise\" \/>\n<meta name=\"twitter:label1\" content=\"Dur\u00e9e de lecture estim\u00e9e\" \/>\n\t<meta name=\"twitter:data1\" content=\"1 minute\" \/>\n<script type=\"application\/ld+json\" class=\"yoast-schema-graph\">{\"@context\":\"https:\\\/\\\/schema.org\",\"@graph\":[{\"@type\":\"WebPage\",\"@id\":\"https:\\\/\\\/www.microlise.com\\\/fr\\\/produits\\\/flotte-telematique\\\/suivi-de-flotte\\\/\",\"url\":\"https:\\\/\\\/www.microlise.com\\\/fr\\\/produits\\\/flotte-telematique\\\/suivi-de-flotte\\\/\",\"name\":\"Sp\u00e9cialistes du syst\u00e8me de suivi des v\u00e9hicules de la flotte | Microlise\",\"isPartOf\":{\"@id\":\"https:\\\/\\\/www.microlise.com\\\/fr\\\/#website\"},\"primaryImageOfPage\":{\"@id\":\"https:\\\/\\\/www.microlise.com\\\/fr\\\/produits\\\/flotte-telematique\\\/suivi-de-flotte\\\/#primaryimage\"},\"image\":{\"@id\":\"https:\\\/\\\/www.microlise.com\\\/fr\\\/produits\\\/flotte-telematique\\\/suivi-de-flotte\\\/#primaryimage\"},\"thumbnailUrl\":\"https:\\\/\\\/www.microlise.com\\\/wp-content\\\/uploads\\\/2016\\\/09\\\/vehicle-health-1.jpg\",\"datePublished\":\"2016-09-27T20:00:00+00:00\",\"dateModified\":\"2024-06-12T10:48:13+00:00\",\"description\":\"Intuitive et simple \u00e0 installer des solutions de suivi de v\u00e9hicules de flotte. Inscrivez l'heure, le kilom\u00e9trage et l'emplacement de chacun de vos v\u00e9hicules dans l'historique et en temps r\u00e9el.\",\"breadcrumb\":{\"@id\":\"https:\\\/\\\/www.microlise.com\\\/fr\\\/produits\\\/flotte-telematique\\\/suivi-de-flotte\\\/#breadcrumb\"},\"inLanguage\":\"fr-FR\",\"potentialAction\":[{\"@type\":\"ReadAction\",\"target\":[\"https:\\\/\\\/www.microlise.com\\\/fr\\\/produits\\\/flotte-telematique\\\/suivi-de-flotte\\\/\"]}]},{\"@type\":\"ImageObject\",\"inLanguage\":\"fr-FR\",\"@id\":\"https:\\\/\\\/www.microlise.com\\\/fr\\\/produits\\\/flotte-telematique\\\/suivi-de-flotte\\\/#primaryimage\",\"url\":\"https:\\\/\\\/www.microlise.com\\\/wp-content\\\/uploads\\\/2016\\\/09\\\/vehicle-health-1.jpg\",\"contentUrl\":\"https:\\\/\\\/www.microlise.com\\\/wp-content\\\/uploads\\\/2016\\\/09\\\/vehicle-health-1.jpg\",\"width\":960,\"height\":560,\"caption\":\"engineer doing\"},{\"@type\":\"BreadcrumbList\",\"@id\":\"https:\\\/\\\/www.microlise.com\\\/fr\\\/produits\\\/flotte-telematique\\\/suivi-de-flotte\\\/#breadcrumb\",\"itemListElement\":[{\"@type\":\"ListItem\",\"position\":1,\"name\":\"Home\",\"item\":\"https:\\\/\\\/www.microlise.com\\\/fr\\\/\"},{\"@type\":\"ListItem\",\"position\":2,\"name\":\"Gestion de flotte\",\"item\":\"https:\\\/\\\/www.microlise.com\\\/fr\\\/produits\\\/flotte-telematique\\\/\"},{\"@type\":\"ListItem\",\"position\":3,\"name\":\"Suivi &amp; Activit\u00e9 des v\u00e9hicules\"}]},{\"@type\":\"WebSite\",\"@id\":\"https:\\\/\\\/www.microlise.com\\\/fr\\\/#website\",\"url\":\"https:\\\/\\\/www.microlise.com\\\/fr\\\/\",\"name\":\"Microlise France\",\"description\":\"Telematics, Transport &amp; Fleet Management Solutions\",\"publisher\":{\"@id\":\"https:\\\/\\\/www.microlise.com\\\/fr\\\/#organization\"},\"alternateName\":\"Microlise\",\"potentialAction\":[{\"@type\":\"SearchAction\",\"target\":{\"@type\":\"EntryPoint\",\"urlTemplate\":\"https:\\\/\\\/www.microlise.com\\\/fr\\\/?s={search_term_string}\"},\"query-input\":{\"@type\":\"PropertyValueSpecification\",\"valueRequired\":true,\"valueName\":\"search_term_string\"}}],\"inLanguage\":\"fr-FR\"},{\"@type\":\"Organization\",\"@id\":\"https:\\\/\\\/www.microlise.com\\\/fr\\\/#organization\",\"name\":\"Microlise\",\"alternateName\":\"Microlise\",\"url\":\"https:\\\/\\\/www.microlise.com\\\/fr\\\/\",\"logo\":{\"@type\":\"ImageObject\",\"inLanguage\":\"fr-FR\",\"@id\":\"https:\\\/\\\/www.microlise.com\\\/fr\\\/#\\\/schema\\\/logo\\\/image\\\/\",\"url\":\"https:\\\/\\\/www.microlise.com\\\/wp-content\\\/uploads\\\/2024\\\/06\\\/cropped-Microlise-Logo-Primary-Electric-1.png\",\"contentUrl\":\"https:\\\/\\\/www.microlise.com\\\/wp-content\\\/uploads\\\/2024\\\/06\\\/cropped-Microlise-Logo-Primary-Electric-1.png\",\"width\":235,\"height\":30,\"caption\":\"Microlise\"},\"image\":{\"@id\":\"https:\\\/\\\/www.microlise.com\\\/fr\\\/#\\\/schema\\\/logo\\\/image\\\/\"},\"sameAs\":[\"https:\\\/\\\/www.facebook.com\\\/MicroliseFR\\\/\",\"https:\\\/\\\/x.com\\\/microlise\",\"https:\\\/\\\/www.linkedin.com\\\/company\\\/microlise\",\"https:\\\/\\\/www.youtube.com\\\/user\\\/MicroliseLtd\"]}]}<\/script>\n<!-- \/ Yoast SEO Premium plugin. -->","yoast_head_json":{"title":"Sp\u00e9cialistes du syst\u00e8me de suivi des v\u00e9hicules de la flotte | Microlise","description":"Intuitive et simple \u00e0 installer des solutions de suivi de v\u00e9hicules de flotte. Inscrivez l'heure, le kilom\u00e9trage et l'emplacement de chacun de vos v\u00e9hicules dans l'historique et en temps r\u00e9el.","robots":{"index":"index","follow":"follow","max-snippet":"max-snippet:-1","max-image-preview":"max-image-preview:large","max-video-preview":"max-video-preview:-1"},"canonical":"https:\/\/www.microlise.com\/fr\/produits\/flotte-telematique\/suivi-de-flotte\/","og_locale":"fr_FR","og_type":"article","og_title":"Suivi &amp; Activit\u00e9 des v\u00e9hicules","og_description":"Intuitive et simple \u00e0 installer des solutions de suivi de v\u00e9hicules de flotte. Inscrivez l'heure, le kilom\u00e9trage et l'emplacement de chacun de vos v\u00e9hicules dans l'historique et en temps r\u00e9el.","og_url":"https:\/\/www.microlise.com\/fr\/produits\/flotte-telematique\/suivi-de-flotte\/","og_site_name":"Microlise France","article_publisher":"https:\/\/www.facebook.com\/MicroliseFR\/","article_modified_time":"2024-06-12T10:48:13+00:00","og_image":[{"width":960,"height":560,"url":"https:\/\/www.microlise.com\/wp-content\/uploads\/2016\/09\/vehicle-health-1.jpg","type":"image\/jpeg"}],"twitter_card":"summary_large_image","twitter_site":"@microlise","twitter_misc":{"Dur\u00e9e de lecture estim\u00e9e":"1 minute"},"schema":{"@context":"https:\/\/schema.org","@graph":[{"@type":"WebPage","@id":"https:\/\/www.microlise.com\/fr\/produits\/flotte-telematique\/suivi-de-flotte\/","url":"https:\/\/www.microlise.com\/fr\/produits\/flotte-telematique\/suivi-de-flotte\/","name":"Sp\u00e9cialistes du syst\u00e8me de suivi des v\u00e9hicules de la flotte | Microlise","isPartOf":{"@id":"https:\/\/www.microlise.com\/fr\/#website"},"primaryImageOfPage":{"@id":"https:\/\/www.microlise.com\/fr\/produits\/flotte-telematique\/suivi-de-flotte\/#primaryimage"},"image":{"@id":"https:\/\/www.microlise.com\/fr\/produits\/flotte-telematique\/suivi-de-flotte\/#primaryimage"},"thumbnailUrl":"https:\/\/www.microlise.com\/wp-content\/uploads\/2016\/09\/vehicle-health-1.jpg","datePublished":"2016-09-27T20:00:00+00:00","dateModified":"2024-06-12T10:48:13+00:00","description":"Intuitive et simple \u00e0 installer des solutions de suivi de v\u00e9hicules de flotte. Inscrivez l'heure, le kilom\u00e9trage et l'emplacement de chacun de vos v\u00e9hicules dans l'historique et en temps r\u00e9el.","breadcrumb":{"@id":"https:\/\/www.microlise.com\/fr\/produits\/flotte-telematique\/suivi-de-flotte\/#breadcrumb"},"inLanguage":"fr-FR","potentialAction":[{"@type":"ReadAction","target":["https:\/\/www.microlise.com\/fr\/produits\/flotte-telematique\/suivi-de-flotte\/"]}]},{"@type":"ImageObject","inLanguage":"fr-FR","@id":"https:\/\/www.microlise.com\/fr\/produits\/flotte-telematique\/suivi-de-flotte\/#primaryimage","url":"https:\/\/www.microlise.com\/wp-content\/uploads\/2016\/09\/vehicle-health-1.jpg","contentUrl":"https:\/\/www.microlise.com\/wp-content\/uploads\/2016\/09\/vehicle-health-1.jpg","width":960,"height":560,"caption":"engineer doing"},{"@type":"BreadcrumbList","@id":"https:\/\/www.microlise.com\/fr\/produits\/flotte-telematique\/suivi-de-flotte\/#breadcrumb","itemListElement":[{"@type":"ListItem","position":1,"name":"Home","item":"https:\/\/www.microlise.com\/fr\/"},{"@type":"ListItem","position":2,"name":"Gestion de flotte","item":"https:\/\/www.microlise.com\/fr\/produits\/flotte-telematique\/"},{"@type":"ListItem","position":3,"name":"Suivi &amp; Activit\u00e9 des v\u00e9hicules"}]},{"@type":"WebSite","@id":"https:\/\/www.microlise.com\/fr\/#website","url":"https:\/\/www.microlise.com\/fr\/","name":"Microlise France","description":"Telematics, Transport &amp; Fleet Management Solutions","publisher":{"@id":"https:\/\/www.microlise.com\/fr\/#organization"},"alternateName":"Microlise","potentialAction":[{"@type":"SearchAction","target":{"@type":"EntryPoint","urlTemplate":"https:\/\/www.microlise.com\/fr\/?s={search_term_string}"},"query-input":{"@type":"PropertyValueSpecification","valueRequired":true,"valueName":"search_term_string"}}],"inLanguage":"fr-FR"},{"@type":"Organization","@id":"https:\/\/www.microlise.com\/fr\/#organization","name":"Microlise","alternateName":"Microlise","url":"https:\/\/www.microlise.com\/fr\/","logo":{"@type":"ImageObject","inLanguage":"fr-FR","@id":"https:\/\/www.microlise.com\/fr\/#\/schema\/logo\/image\/","url":"https:\/\/www.microlise.com\/wp-content\/uploads\/2024\/06\/cropped-Microlise-Logo-Primary-Electric-1.png","contentUrl":"https:\/\/www.microlise.com\/wp-content\/uploads\/2024\/06\/cropped-Microlise-Logo-Primary-Electric-1.png","width":235,"height":30,"caption":"Microlise"},"image":{"@id":"https:\/\/www.microlise.com\/fr\/#\/schema\/logo\/image\/"},"sameAs":["https:\/\/www.facebook.com\/MicroliseFR\/","https:\/\/x.com\/microlise","https:\/\/www.linkedin.com\/company\/microlise","https:\/\/www.youtube.com\/user\/MicroliseLtd"]}]}},"cmb2":{"microlise_product_metabox":{"microlise_product_header":"","microlise_product_title":"","microlise_product_use_title":"","microlise_product_intro":"\u00c9quip\u00e9 d'une des meilleures solutions t\u00e9l\u00e9matiques du march\u00e9, sachez o\u00f9 se trouvent l'ensemble de vos v\u00e9hicules en temps r\u00e9el et am\u00e9liorez ainsi la s\u00e9curit\u00e9 et l'efficacit\u00e9 de vos op\u00e9rations. Gr\u00e2ce \u00e0 toutes les informations disponibles, comprenez comment vos ressources sont utilis\u00e9es pour rechercher la meilleure productivit\u00e9 possible.","microlise_product_header_image":"https:\/\/www.microlise.com\/wp-content\/uploads\/2016\/09\/home-banner.png","microlise_product_header_image_id":"40798","microlise_product_use_header_image":"on","microlise_product_cta":"","microlise_product_hctatxt":"Une d\u00e9monstration personnalis\u00e9e","microlise_product_hctaurl":"https:\/\/www.microlise.com\/fr\/demo-demande\/","microlise_product_hctabgcolor":"#01CBDE","microlise_product_hctatcolor":"#151D25","microlise_product_hctatxt2":"Get Started","microlise_product_hctaurl2":"https:\/\/www.microlise.com\/fr\/quisommes-nous\/contacteznous\/","microlise_product_hctabgcolor2":"#dcff66","microlise_product_hctatcolor2":"#151D25","microlise_product_content":"","microlise_product_sub_title":"","microlise_product_vtype":"vimeo","microlise_product_VID":"666692550","microlise_product_Vcode":"","microlise_product_case_study":"","microlise_product_cimage":"","microlise_product_cimage_id":"","microlise_product_ctitle":"","microlise_product_ct_color":"#151D25","microlise_product_ccontent":"","microlise_product_ccontent_color":"#151D25","microlise_product_crbtn_text":"","microlise_product_crbtn_link":"","microlise_product_crbbgcolor":"#01CBDE","microlise_product_crbtcolor":"#151D25","microlise_product_crbgcolor":"#DCFF66","microlise_product_brochure":"","microlise_product_brtype":"brochure","microlise_product_bimage":"https:\/\/www.microlise.com\/wp-content\/uploads\/2023\/07\/product-overview-cover.png","microlise_product_bimage_id":"32201","microlise_product_btitle":"Pour en savoir plus, t\u00e9l\u00e9charger notre brochure produit","microlise_product_bt_color":"#151D25","microlise_product_bcontent":"D\u00e9couvrez comment les solutions Microlise permettent aux gestionnaires de flotte de proposer un meilleur service \u00e0 leurs clients tout en am\u00e9liorant la productivit\u00e9, la s\u00e9curit\u00e9 et en r\u00e9duisant les co\u00fbts et l'impact sur l'environnement","microlise_product_bcontent_color":"#151D25","microlise_product_brbtn_text":"T\u00e9l\u00e9charger la brochure","microlise_product_brbbgcolor":"#01CBDE","microlise_product_brbtcolor":"#151D25","microlise_product_brbgcolor":"#DCFF66","microlise_product_hide_brochure":"","microlise_product_rimage":"","microlise_product_rimage_id":"","microlise_product_rtitle":"","microlise_product_rt_color":"","microlise_product_rcontent":"","microlise_product_rcontent_color":"","microlise_product_rebgcolor":"","microlise_product_rebtn_text":"","microlise_product_hide_report":"","microlise_product_benefit":"","microlise_product_bctatxt":"Demander une d\u00e9mo","microlise_product_bctaurl":"https:\/\/www.microlise.com\/fr\/demo-demande\/","microlise_product_bctabgcolor":"#dcff66","microlise_product_bctatcolor":"#151D25","microlise_product_benefits":[{"icon_id":40627,"icon":"https:\/\/www.microlise.com\/wp-content\/uploads\/2024\/06\/real-time-visibility.png","title":"Une meilleure visibilit\u00e9 sur votre flotte en temps r\u00e9el","intro":"Devenez proactif en connaissant rapidement et pr\u00e9cis\u00e9ment l'emplacement et le statut de chacune des ressources de votre flotte. Vous pouvez ainsi r\u00e9pondre plus efficacement aux requ\u00eates de vos clients.","ctatext":"","ctaurl":false,"cbgcolor":"#01CBDE","ctxtcolor":"#151D25"},{"icon_id":40483,"icon":"https:\/\/www.microlise.com\/wp-content\/uploads\/2024\/06\/focus-fleet-utilisation.png","title":"Maximisez l'utilisation de vos ressources","intro":"Identifiez plus facilement les v\u00e9hicules sous-utilis\u00e9s et maximisez ainsi leur utilisation pour am\u00e9liorer votre productivit\u00e9 et votre rentabilit\u00e9.","ctatext":"","ctaurl":false,"cbgcolor":"#01CBDE","ctxtcolor":"#151D25"},{"icon_id":40693,"icon":"https:\/\/www.microlise.com\/wp-content\/uploads\/2024\/06\/reduce-risk.png","title":"R\u00e9duisez vos risques concernant le vol ou la perte de vos ressources","intro":"Le suivi en temps r\u00e9el de vos v\u00e9hicules et de vos remorques vous offre une visibilit\u00e9 pr\u00e9cise sur leur emplacement \u00e0 tout moment de la journ\u00e9e. Vous avez ainsi la garantie que vos ressources ne sont ni vol\u00e9es ni \u00e9gar\u00e9es.","cbgcolor":"#01CBDE","ctxtcolor":"#151D25"}],"microlise_product_feature":"","microlise_product_features":[{"img_type":"landscape","image_id":18546,"image":"https:\/\/www.microlise.com\/wp-content\/uploads\/2020\/12\/live-fleet-visibility.jpg","video_id":"","video":false,"title":"Visibilit\u00e9 de votre flotte en temps r\u00e9el","intro":"Sachez instantan\u00e9ment o\u00f9 se trouvent tous les v\u00e9hicules de votre flotte sur une carte interactive et riche en fonctionnalit\u00e9s. Visionnez l'ensemble des trajets en mode playback pour voir exactement o\u00f9 sont all\u00e9s vos v\u00e9hicules et quels itin\u00e9raires ils ont emprunt\u00e9s. Utilisez la fonction Recherche du V\u00e9hicule le Plus Proche pour conna\u00eetre quels sont les v\u00e9hicules disponibles autours d'un endroit pr\u00e9cis.","ctatext":"","ctaurl":false,"cbgcolor":"#01CBDE","ctxtcolor":"#151D25"},{"img_type":"landscape","image_id":18564,"image":"https:\/\/www.microlise.com\/wp-content\/uploads\/2020\/12\/vehicle-utilisation.jpg","video_id":"","video":false,"title":"Activit\u00e9 et rendement des v\u00e9hicules","intro":"Visualisez et t\u00e9l\u00e9chargez des rapports qui vous indiquent si l'un de vos v\u00e9hicules est sous-employ\u00e9 par rapport \u00e0 son potentiel. Cela peut vous aider \u00e0 utiliser votre flotte de mani\u00e8re plus efficace, r\u00e9duire potentiellement sa taille ou rechercher de nouvelles activit\u00e9s pour maximiser son utilisation et sa productivit\u00e9.","ctatext":"","ctaurl":false,"cbgcolor":"#01CBDE","ctxtcolor":"#151D25"},{"img_type":"landscape","image_id":18534,"image":"https:\/\/www.microlise.com\/wp-content\/uploads\/2020\/12\/geofencing.jpg","video_id":"","video":false,"title":"Geofencing","intro":"G\u00e9olocalisez et enregistrez les sites que vous utilisez dans vos activit\u00e9s pour \u00eatre alert\u00e9 quand un v\u00e9hicule s\u2019approche d\u2019un d\u00e9p\u00f4t ou des locaux d'un client. Des notifications automatiques peuvent alors alerter l'\u00e9quipe de r\u00e9ception pour \u00eatre s\u00fbr qu'elle soit pr\u00eate et minimiser ainsi les temps d'attente ou de traitement.","ctatext":"","ctaurl":false,"cbgcolor":"#01CBDE","ctxtcolor":"#151D25"},{"img_type":"landscape","image_id":18552,"image":"https:\/\/www.microlise.com\/wp-content\/uploads\/2020\/12\/proximity-search.jpg","video_id":"","video":false,"title":"Recherche des v\u00e9hicules les plus proches","intro":"Peut-\u00eatre avez-vous d\u00e9j\u00e0 re\u00e7u des plaintes sur la fa\u00e7on dont sont conduits vos v\u00e9hicules sur la route, en citant une heure et un endroit pr\u00e9cis ? Ou peut-\u00eatre recherchez-vous le v\u00e9hicule le plus proche du site d'un client afin d'effectuer une collecte de derni\u00e8re minute ? Vous pouvez d\u00e9sormais lancer une recherche rapide pour savoir si l'un de vos v\u00e9hicules se trouve ou se trouvait \u00e0 proximit\u00e9 d'un lieu pr\u00e9cis et prendre ainsi les mesures ad\u00e9quates.","ctatext":"","ctaurl":false,"cbgcolor":"#01CBDE","ctxtcolor":"#151D25"},{"img_type":"landscape","image_id":18540,"image":"https:\/\/www.microlise.com\/wp-content\/uploads\/2020\/12\/historical-playback.jpg","video_id":"","video":false,"title":"Rejouez le trajet emprunt\u00e9 par votre v\u00e9hicule","intro":"Rep\u00e9rez l'emplacement de vos v\u00e9hicules et voyez o\u00f9 ils se sont rendus et quels itin\u00e9raires ils ont emprunt\u00e9s au cours des 90 derniers jours. Vous avez ainsi acc\u00e8s en un seul coup d'oeil \u00e0 l'int\u00e9gralit\u00e9 de l'itin\u00e9raire parcouru sans avoir besoin de parcourir des tableaux d'activit\u00e9 d\u00e9taill\u00e9s .","ctatext":"","ctaurl":false,"cbgcolor":"#01CBDE","ctxtcolor":"#151D25"},{"img_type":"landscape","image_id":18528,"image":"https:\/\/www.microlise.com\/wp-content\/uploads\/2020\/12\/asset-tracking.jpg","title":"Suivi de vos autres ressources (remorques, ...)","intro":"Gr\u00e2ce aux rapports de localisation et d'activit\u00e9, ainsi que la g\u00e9n\u00e9ration d'alertes concernant des mouvements non autoris\u00e9s, g\u00e9rez votre flotte de ressources de mani\u00e8re plus proactive. Contr\u00f4lez son utilisation et sa productivit\u00e9, ne perdez plus jamais de remorques, \u00e9gar\u00e9es dans la nature ou sur le parking d'un entrep\u00f4t et luttez activement contre le vol.","cbgcolor":"#01CBDE","ctxtcolor":"#151D25"}],"microlise_product_anfeature":"","microlise_product_anfeatures":[{"img_type":"landscape","cbgcolor":"#01CBDE","ctxtcolor":"#151D25"}],"microlise_product_thirdfeature":"","microlise_product_thirdfeatures":[{"img_type":"landscape","cbgcolor":"#01CBDE","ctxtcolor":"#151D25"}],"microlise_product_faq":"","microlise_product_faqtitle":"","microlise_product_faqs":"","microlise_product_strip":"","microlise_product_stitle":"","microlise_product_sbtntext":"","microlise_product_sbtnurl":""}},"_links":{"self":[{"href":"https:\/\/www.microlise.com\/fr\/wp-json\/wp\/v2\/product\/15758","targetHints":{"allow":["GET"]}}],"collection":[{"href":"https:\/\/www.microlise.com\/fr\/wp-json\/wp\/v2\/product"}],"about":[{"href":"https:\/\/www.microlise.com\/fr\/wp-json\/wp\/v2\/types\/product"}],"up":[{"embeddable":true,"href":"https:\/\/www.microlise.com\/fr\/wp-json\/wp\/v2\/product\/15752"}],"wp:featuredmedia":[{"embeddable":true,"href":"https:\/\/www.microlise.com\/fr\/wp-json\/wp\/v2\/media\/41394"}],"wp:attachment":[{"href":"https:\/\/www.microlise.com\/fr\/wp-json\/wp\/v2\/media?parent=15758"}],"wp:term":[{"taxonomy":"category","embeddable":true,"href":"https:\/\/www.microlise.com\/fr\/wp-json\/wp\/v2\/categories?post=15758"}],"curies":[{"name":"wp","href":"https:\/\/api.w.org\/{rel}","templated":true}]}}