{"id":15757,"date":"2016-09-27T20:59:00","date_gmt":"2016-09-27T19:59:00","guid":{"rendered":"https:\/\/www.microlise.com\/fleet-management\/gestion-de-la-flotte-securite\/"},"modified":"2024-06-12T11:51:49","modified_gmt":"2024-06-12T10:51:49","slug":"gestion-de-la-flotte-securite","status":"publish","type":"product","link":"https:\/\/www.microlise.com\/fr\/produits\/flotte-conformite-et-securite\/gestion-de-la-flotte-securite\/","title":{"rendered":"S\u00e9curit\u00e9 de la flotte"},"content":{"rendered":"<p>Nos clients sont parvenus \u00e0 r\u00e9duire de plus de 90% les exc\u00e8s de vitesse et de plus de 70% le nombre d&rsquo;incidents en utilisant les produits Microlise d\u00e9di\u00e9s \u00e0 la s\u00e9curit\u00e9. Ils contribuent \u00e9galement \u00e0 diminuer les co\u00fbts des r\u00e9clamations et le temps d&rsquo;immobilisation des v\u00e9hicules.<\/p>\n","protected":false},"excerpt":{"rendered":"<p>Am\u00e9liorez sensiblement la s\u00e9curit\u00e9 globale de votre flotte en analysant la vitesse, la direction, la position de l&rsquo;acc\u00e9l\u00e9rateur, le freinage, l&rsquo;\u00e9tat de l&rsquo;ABS, les rapports de vitesse enclench\u00e9s, le r\u00e9gulateur de vitesse et l&#8217;embrayage pour avoir une vue d&rsquo;ensemble des \u00e9v\u00e9nements survenus avant et apr\u00e8s un incident.<\/p>\n","protected":false},"featured_media":41402,"parent":15761,"menu_order":61,"template":"","categories":[1105],"class_list":["post-15757","product","type-product","status-publish","has-post-thumbnail","hentry","category-safety-management-fr","entry"],"yoast_head":"<!-- This site is optimized with the Yoast SEO Premium plugin v25.7.1 (Yoast SEO v27.3) - https:\/\/yoast.com\/product\/yoast-seo-premium-wordpress\/ -->\n<title>Gestion de la s\u00e9curit\u00e9 de la flotte | Services de s\u00e9curit\u00e9 de la flotte | Microlise<\/title>\n<meta name=\"description\" content=\"Le module de gestion de la s\u00e9curit\u00e9 de la flotte comporte un enregistreur de donn\u00e9es d&#039;incident qui vous permet de comprendre exactement ce que le conducteur et le v\u00e9hicule faisaient avant et apr\u00e8s un incident.\" \/>\n<meta name=\"robots\" content=\"index, follow, max-snippet:-1, max-image-preview:large, max-video-preview:-1\" \/>\n<link rel=\"canonical\" href=\"https:\/\/www.microlise.com\/fr\/produits\/flotte-conformite-et-securite\/gestion-de-la-flotte-securite\/\" \/>\n<meta property=\"og:locale\" content=\"fr_FR\" \/>\n<meta property=\"og:type\" content=\"article\" \/>\n<meta property=\"og:title\" content=\"S\u00e9curit\u00e9 de la flotte\" \/>\n<meta property=\"og:description\" content=\"Le module de gestion de la s\u00e9curit\u00e9 de la flotte comporte un enregistreur de donn\u00e9es d&#039;incident qui vous permet de comprendre exactement ce que le conducteur et le v\u00e9hicule faisaient avant et apr\u00e8s un incident.\" \/>\n<meta property=\"og:url\" content=\"https:\/\/www.microlise.com\/fr\/produits\/flotte-conformite-et-securite\/gestion-de-la-flotte-securite\/\" \/>\n<meta property=\"og:site_name\" content=\"Microlise France\" \/>\n<meta property=\"article:publisher\" content=\"https:\/\/www.facebook.com\/MicroliseFR\/\" \/>\n<meta property=\"article:modified_time\" content=\"2024-06-12T10:51:49+00:00\" \/>\n<meta property=\"og:image\" content=\"https:\/\/www.microlise.com\/wp-content\/uploads\/2016\/09\/MAN.png\" \/>\n\t<meta property=\"og:image:width\" content=\"960\" \/>\n\t<meta property=\"og:image:height\" content=\"560\" \/>\n\t<meta property=\"og:image:type\" content=\"image\/png\" \/>\n<meta name=\"twitter:card\" content=\"summary_large_image\" \/>\n<meta name=\"twitter:site\" content=\"@microlise\" \/>\n<meta name=\"twitter:label1\" content=\"Dur\u00e9e de lecture estim\u00e9e\" \/>\n\t<meta name=\"twitter:data1\" content=\"1 minute\" \/>\n<script type=\"application\/ld+json\" class=\"yoast-schema-graph\">{\"@context\":\"https:\\\/\\\/schema.org\",\"@graph\":[{\"@type\":\"WebPage\",\"@id\":\"https:\\\/\\\/www.microlise.com\\\/fr\\\/produits\\\/flotte-conformite-et-securite\\\/gestion-de-la-flotte-securite\\\/\",\"url\":\"https:\\\/\\\/www.microlise.com\\\/fr\\\/produits\\\/flotte-conformite-et-securite\\\/gestion-de-la-flotte-securite\\\/\",\"name\":\"Gestion de la s\u00e9curit\u00e9 de la flotte | Services de s\u00e9curit\u00e9 de la flotte | Microlise\",\"isPartOf\":{\"@id\":\"https:\\\/\\\/www.microlise.com\\\/fr\\\/#website\"},\"primaryImageOfPage\":{\"@id\":\"https:\\\/\\\/www.microlise.com\\\/fr\\\/produits\\\/flotte-conformite-et-securite\\\/gestion-de-la-flotte-securite\\\/#primaryimage\"},\"image\":{\"@id\":\"https:\\\/\\\/www.microlise.com\\\/fr\\\/produits\\\/flotte-conformite-et-securite\\\/gestion-de-la-flotte-securite\\\/#primaryimage\"},\"thumbnailUrl\":\"https:\\\/\\\/www.microlise.com\\\/wp-content\\\/uploads\\\/2016\\\/09\\\/MAN.png\",\"datePublished\":\"2016-09-27T19:59:00+00:00\",\"dateModified\":\"2024-06-12T10:51:49+00:00\",\"description\":\"Le module de gestion de la s\u00e9curit\u00e9 de la flotte comporte un enregistreur de donn\u00e9es d'incident qui vous permet de comprendre exactement ce que le conducteur et le v\u00e9hicule faisaient avant et apr\u00e8s un incident.\",\"breadcrumb\":{\"@id\":\"https:\\\/\\\/www.microlise.com\\\/fr\\\/produits\\\/flotte-conformite-et-securite\\\/gestion-de-la-flotte-securite\\\/#breadcrumb\"},\"inLanguage\":\"fr-FR\",\"potentialAction\":[{\"@type\":\"ReadAction\",\"target\":[\"https:\\\/\\\/www.microlise.com\\\/fr\\\/produits\\\/flotte-conformite-et-securite\\\/gestion-de-la-flotte-securite\\\/\"]}]},{\"@type\":\"ImageObject\",\"inLanguage\":\"fr-FR\",\"@id\":\"https:\\\/\\\/www.microlise.com\\\/fr\\\/produits\\\/flotte-conformite-et-securite\\\/gestion-de-la-flotte-securite\\\/#primaryimage\",\"url\":\"https:\\\/\\\/www.microlise.com\\\/wp-content\\\/uploads\\\/2016\\\/09\\\/MAN.png\",\"contentUrl\":\"https:\\\/\\\/www.microlise.com\\\/wp-content\\\/uploads\\\/2016\\\/09\\\/MAN.png\",\"width\":960,\"height\":560,\"caption\":\"MAN lorry\"},{\"@type\":\"BreadcrumbList\",\"@id\":\"https:\\\/\\\/www.microlise.com\\\/fr\\\/produits\\\/flotte-conformite-et-securite\\\/gestion-de-la-flotte-securite\\\/#breadcrumb\",\"itemListElement\":[{\"@type\":\"ListItem\",\"position\":1,\"name\":\"Home\",\"item\":\"https:\\\/\\\/www.microlise.com\\\/fr\\\/\"},{\"@type\":\"ListItem\",\"position\":2,\"name\":\"S\u00e9curit\u00e9 &amp; Conformit\u00e9\",\"item\":\"https:\\\/\\\/www.microlise.com\\\/fr\\\/produits\\\/flotte-conformite-et-securite\\\/\"},{\"@type\":\"ListItem\",\"position\":3,\"name\":\"S\u00e9curit\u00e9 de la flotte\"}]},{\"@type\":\"WebSite\",\"@id\":\"https:\\\/\\\/www.microlise.com\\\/fr\\\/#website\",\"url\":\"https:\\\/\\\/www.microlise.com\\\/fr\\\/\",\"name\":\"Microlise France\",\"description\":\"Telematics, Transport &amp; Fleet Management Solutions\",\"publisher\":{\"@id\":\"https:\\\/\\\/www.microlise.com\\\/fr\\\/#organization\"},\"alternateName\":\"Microlise\",\"potentialAction\":[{\"@type\":\"SearchAction\",\"target\":{\"@type\":\"EntryPoint\",\"urlTemplate\":\"https:\\\/\\\/www.microlise.com\\\/fr\\\/?s={search_term_string}\"},\"query-input\":{\"@type\":\"PropertyValueSpecification\",\"valueRequired\":true,\"valueName\":\"search_term_string\"}}],\"inLanguage\":\"fr-FR\"},{\"@type\":\"Organization\",\"@id\":\"https:\\\/\\\/www.microlise.com\\\/fr\\\/#organization\",\"name\":\"Microlise\",\"alternateName\":\"Microlise\",\"url\":\"https:\\\/\\\/www.microlise.com\\\/fr\\\/\",\"logo\":{\"@type\":\"ImageObject\",\"inLanguage\":\"fr-FR\",\"@id\":\"https:\\\/\\\/www.microlise.com\\\/fr\\\/#\\\/schema\\\/logo\\\/image\\\/\",\"url\":\"https:\\\/\\\/www.microlise.com\\\/wp-content\\\/uploads\\\/2024\\\/06\\\/cropped-Microlise-Logo-Primary-Electric-1.png\",\"contentUrl\":\"https:\\\/\\\/www.microlise.com\\\/wp-content\\\/uploads\\\/2024\\\/06\\\/cropped-Microlise-Logo-Primary-Electric-1.png\",\"width\":235,\"height\":30,\"caption\":\"Microlise\"},\"image\":{\"@id\":\"https:\\\/\\\/www.microlise.com\\\/fr\\\/#\\\/schema\\\/logo\\\/image\\\/\"},\"sameAs\":[\"https:\\\/\\\/www.facebook.com\\\/MicroliseFR\\\/\",\"https:\\\/\\\/x.com\\\/microlise\",\"https:\\\/\\\/www.linkedin.com\\\/company\\\/microlise\",\"https:\\\/\\\/www.youtube.com\\\/user\\\/MicroliseLtd\"]}]}<\/script>\n<!-- \/ Yoast SEO Premium plugin. -->","yoast_head_json":{"title":"Gestion de la s\u00e9curit\u00e9 de la flotte | Services de s\u00e9curit\u00e9 de la flotte | Microlise","description":"Le module de gestion de la s\u00e9curit\u00e9 de la flotte comporte un enregistreur de donn\u00e9es d'incident qui vous permet de comprendre exactement ce que le conducteur et le v\u00e9hicule faisaient avant et apr\u00e8s un incident.","robots":{"index":"index","follow":"follow","max-snippet":"max-snippet:-1","max-image-preview":"max-image-preview:large","max-video-preview":"max-video-preview:-1"},"canonical":"https:\/\/www.microlise.com\/fr\/produits\/flotte-conformite-et-securite\/gestion-de-la-flotte-securite\/","og_locale":"fr_FR","og_type":"article","og_title":"S\u00e9curit\u00e9 de la flotte","og_description":"Le module de gestion de la s\u00e9curit\u00e9 de la flotte comporte un enregistreur de donn\u00e9es d'incident qui vous permet de comprendre exactement ce que le conducteur et le v\u00e9hicule faisaient avant et apr\u00e8s un incident.","og_url":"https:\/\/www.microlise.com\/fr\/produits\/flotte-conformite-et-securite\/gestion-de-la-flotte-securite\/","og_site_name":"Microlise France","article_publisher":"https:\/\/www.facebook.com\/MicroliseFR\/","article_modified_time":"2024-06-12T10:51:49+00:00","og_image":[{"width":960,"height":560,"url":"https:\/\/www.microlise.com\/wp-content\/uploads\/2016\/09\/MAN.png","type":"image\/png"}],"twitter_card":"summary_large_image","twitter_site":"@microlise","twitter_misc":{"Dur\u00e9e de lecture estim\u00e9e":"1 minute"},"schema":{"@context":"https:\/\/schema.org","@graph":[{"@type":"WebPage","@id":"https:\/\/www.microlise.com\/fr\/produits\/flotte-conformite-et-securite\/gestion-de-la-flotte-securite\/","url":"https:\/\/www.microlise.com\/fr\/produits\/flotte-conformite-et-securite\/gestion-de-la-flotte-securite\/","name":"Gestion de la s\u00e9curit\u00e9 de la flotte | Services de s\u00e9curit\u00e9 de la flotte | Microlise","isPartOf":{"@id":"https:\/\/www.microlise.com\/fr\/#website"},"primaryImageOfPage":{"@id":"https:\/\/www.microlise.com\/fr\/produits\/flotte-conformite-et-securite\/gestion-de-la-flotte-securite\/#primaryimage"},"image":{"@id":"https:\/\/www.microlise.com\/fr\/produits\/flotte-conformite-et-securite\/gestion-de-la-flotte-securite\/#primaryimage"},"thumbnailUrl":"https:\/\/www.microlise.com\/wp-content\/uploads\/2016\/09\/MAN.png","datePublished":"2016-09-27T19:59:00+00:00","dateModified":"2024-06-12T10:51:49+00:00","description":"Le module de gestion de la s\u00e9curit\u00e9 de la flotte comporte un enregistreur de donn\u00e9es d'incident qui vous permet de comprendre exactement ce que le conducteur et le v\u00e9hicule faisaient avant et apr\u00e8s un incident.","breadcrumb":{"@id":"https:\/\/www.microlise.com\/fr\/produits\/flotte-conformite-et-securite\/gestion-de-la-flotte-securite\/#breadcrumb"},"inLanguage":"fr-FR","potentialAction":[{"@type":"ReadAction","target":["https:\/\/www.microlise.com\/fr\/produits\/flotte-conformite-et-securite\/gestion-de-la-flotte-securite\/"]}]},{"@type":"ImageObject","inLanguage":"fr-FR","@id":"https:\/\/www.microlise.com\/fr\/produits\/flotte-conformite-et-securite\/gestion-de-la-flotte-securite\/#primaryimage","url":"https:\/\/www.microlise.com\/wp-content\/uploads\/2016\/09\/MAN.png","contentUrl":"https:\/\/www.microlise.com\/wp-content\/uploads\/2016\/09\/MAN.png","width":960,"height":560,"caption":"MAN lorry"},{"@type":"BreadcrumbList","@id":"https:\/\/www.microlise.com\/fr\/produits\/flotte-conformite-et-securite\/gestion-de-la-flotte-securite\/#breadcrumb","itemListElement":[{"@type":"ListItem","position":1,"name":"Home","item":"https:\/\/www.microlise.com\/fr\/"},{"@type":"ListItem","position":2,"name":"S\u00e9curit\u00e9 &amp; Conformit\u00e9","item":"https:\/\/www.microlise.com\/fr\/produits\/flotte-conformite-et-securite\/"},{"@type":"ListItem","position":3,"name":"S\u00e9curit\u00e9 de la flotte"}]},{"@type":"WebSite","@id":"https:\/\/www.microlise.com\/fr\/#website","url":"https:\/\/www.microlise.com\/fr\/","name":"Microlise France","description":"Telematics, Transport &amp; Fleet Management Solutions","publisher":{"@id":"https:\/\/www.microlise.com\/fr\/#organization"},"alternateName":"Microlise","potentialAction":[{"@type":"SearchAction","target":{"@type":"EntryPoint","urlTemplate":"https:\/\/www.microlise.com\/fr\/?s={search_term_string}"},"query-input":{"@type":"PropertyValueSpecification","valueRequired":true,"valueName":"search_term_string"}}],"inLanguage":"fr-FR"},{"@type":"Organization","@id":"https:\/\/www.microlise.com\/fr\/#organization","name":"Microlise","alternateName":"Microlise","url":"https:\/\/www.microlise.com\/fr\/","logo":{"@type":"ImageObject","inLanguage":"fr-FR","@id":"https:\/\/www.microlise.com\/fr\/#\/schema\/logo\/image\/","url":"https:\/\/www.microlise.com\/wp-content\/uploads\/2024\/06\/cropped-Microlise-Logo-Primary-Electric-1.png","contentUrl":"https:\/\/www.microlise.com\/wp-content\/uploads\/2024\/06\/cropped-Microlise-Logo-Primary-Electric-1.png","width":235,"height":30,"caption":"Microlise"},"image":{"@id":"https:\/\/www.microlise.com\/fr\/#\/schema\/logo\/image\/"},"sameAs":["https:\/\/www.facebook.com\/MicroliseFR\/","https:\/\/x.com\/microlise","https:\/\/www.linkedin.com\/company\/microlise","https:\/\/www.youtube.com\/user\/MicroliseLtd"]}]}},"cmb2":{"microlise_product_metabox":{"microlise_product_header":"","microlise_product_title":"","microlise_product_use_title":"","microlise_product_intro":"","microlise_product_header_image":"https:\/\/www.microlise.com\/wp-content\/uploads\/2016\/09\/home-banner.png","microlise_product_header_image_id":"40798","microlise_product_use_header_image":"on","microlise_product_cta":"","microlise_product_hctatxt":"Une d\u00e9monstration personnalis\u00e9e","microlise_product_hctaurl":"https:\/\/www.microlise.com\/fr\/demo-demande\/","microlise_product_hctabgcolor":"#dcff66","microlise_product_hctatcolor":"#151D25","microlise_product_hctatxt2":"","microlise_product_hctaurl2":"","microlise_product_hctabgcolor2":"","microlise_product_hctatcolor2":"#151D25","microlise_product_content":"","microlise_product_sub_title":"","microlise_product_vtype":"vimeo","microlise_product_VID":"666690407","microlise_product_Vcode":"","microlise_product_case_study":"","microlise_product_cimage":"","microlise_product_cimage_id":"","microlise_product_ctitle":"","microlise_product_ct_color":"#151D25","microlise_product_ccontent":"","microlise_product_ccontent_color":"#151D25","microlise_product_crbtn_text":"","microlise_product_crbtn_link":"","microlise_product_crbbgcolor":"#01CBDE","microlise_product_crbtcolor":"#151D25","microlise_product_crbgcolor":"#DCFF66","microlise_product_brochure":"","microlise_product_brtype":"brochure","microlise_product_bimage":"https:\/\/www.microlise.com\/wp-content\/uploads\/2014\/11\/product-overview-cover-fr.png","microlise_product_bimage_id":"23503","microlise_product_btitle":"Pour en savoir plus, t\u00e9l\u00e9charger notre brochure produit","microlise_product_bt_color":"#151D25","microlise_product_bcontent":"D\u00e9couvrez comment les solutions Microlise permettent aux gestionnaires de flotte de proposer un meilleur service \u00e0 leurs clients tout en am\u00e9liorant la productivit\u00e9, la s\u00e9curit\u00e9 et en r\u00e9duisant les co\u00fbts et l'impact sur l'environnement","microlise_product_bcontent_color":"#151D25","microlise_product_brbtn_text":"T\u00e9l\u00e9charger la brochure","microlise_product_brbbgcolor":"#01CBDE","microlise_product_brbtcolor":"#151D25","microlise_product_brbgcolor":"#DCFF66","microlise_product_hide_brochure":"","microlise_product_rimage":"","microlise_product_rimage_id":"","microlise_product_rtitle":"","microlise_product_rt_color":"","microlise_product_rcontent":"","microlise_product_rcontent_color":"","microlise_product_rebgcolor":"","microlise_product_rebtn_text":"","microlise_product_hide_report":"","microlise_product_benefit":"","microlise_product_bctatxt":"Demander une d\u00e9mo","microlise_product_bctaurl":"https:\/\/www.microlise.com\/fr\/demo-demande\/","microlise_product_bctabgcolor":"#01CBDE","microlise_product_bctatcolor":"#151D25","microlise_product_benefits":[{"icon_id":40561,"icon":"https:\/\/www.microlise.com\/wp-content\/uploads\/2024\/06\/increase-fleet-safety-levels.png","title":"Am\u00e9liorez le niveau de s\u00e9curit\u00e9 de votre flotte","intro":"Utilisez des rapports d\u00e9taill\u00e9s sur les performances de vos conducteurs pour am\u00e9liorer pr\u00e9cis\u00e9ment les comportements de conduite.\r\nAyez conscience des mauvaises pratiques et agissez pour augmenter le niveau global de s\u00e9curit\u00e9.","ctatext":"","ctaurl":false,"cbgcolor":"#01CBDE","ctxtcolor":"#151D25"},{"icon_id":40615,"icon":"https:\/\/www.microlise.com\/wp-content\/uploads\/2024\/06\/protect-your-drivers.png","title":"Prot\u00e9gez vos conducteurs","intro":"Faites-vous une id\u00e9e pr\u00e9cise de tous les incidents qui se produisent sur votre flotte pour mieux en comprendre les raisons et conna\u00eetre ainsi toutes les pistes d'am\u00e9lioration des comportements de vos conducteurs.","ctatext":"","ctaurl":false,"cbgcolor":"#01CBDE","ctxtcolor":"#151D25"},{"icon_id":40429,"icon":"https:\/\/www.microlise.com\/wp-content\/uploads\/2024\/06\/defend-against-false-claims.png","title":"D\u00e9fendez-vous contre les fausses r\u00e9clamations","intro":"Utilisez les donn\u00e9es pour d\u00e9montrer les v\u00e9ritables responsabilit\u00e9s lors d'un incident.\r\nR\u00e9duisez le temps consacr\u00e9 \u00e0 r\u00e9soudre les plaintes d'o\u00f9 qu'elles viennent.\r\nEt vous maximiserez ainsi le temps pass\u00e9 par vos v\u00e9hicules sur la route.","cbgcolor":"#01CBDE","ctxtcolor":"#151D25"}],"microlise_product_feature":"","microlise_product_features":[{"img_type":"landscape","image_id":18675,"image":"https:\/\/www.microlise.com\/wp-content\/uploads\/2020\/12\/incident-analysis.jpg","video_id":"","video":false,"title":"Analyse des incidents","intro":"Des informations tr\u00e8s d\u00e9taill\u00e9es sont enregistr\u00e9es dans notre dispositif d'enregistrement embarqu\u00e9. Lorsqu'un incident survient, le bo\u00eetier enregistre les param\u00e8tres du v\u00e9hicule et les envoie imm\u00e9diatement sous forme de paquets via le r\u00e9seau mobile vers une zone de stockage s\u00e9curis\u00e9e.","ctatext":"","ctaurl":false,"cbgcolor":"#01CBDE","ctxtcolor":"#151D25"},{"img_type":"landscape","image_id":18663,"image":"https:\/\/www.microlise.com\/wp-content\/uploads\/2020\/12\/contextual-speeding.jpg","video_id":"","video":false,"title":"Contr\u00f4le des exc\u00e8s de vitesse","intro":"Le contr\u00f4le des d\u00e9passements de vitesse fonctionne par comparaison de la vitesse r\u00e9elle du v\u00e9hicule avec la limite fix\u00e9e sur la portion de route consid\u00e9r\u00e9e.","ctatext":"","ctaurl":false,"cbgcolor":"#01CBDE","ctxtcolor":"#151D25"},{"img_type":"landscape","image_id":18681,"image":"https:\/\/www.microlise.com\/wp-content\/uploads\/2020\/12\/panic-alarm.jpg","title":"Bouton d'Alarme","intro":"Permettez \u00e0 vos conducteurs d'avoir l'esprit plus tranquille gr\u00e2ce \u00e0 un dispositif d'alarme embarqu\u00e9 qui, lorsqu'il est activ\u00e9, envoie un signal de d\u00e9tresse pr\u00e9d\u00e9termin\u00e9 au Bureau Transport ou \u00e0 un autre emplacement pr\u00e9-d\u00e9termin\u00e9. Contribuez ainsi \u00e0 am\u00e9liorer la s\u00e9curit\u00e9 de vos conducteurs lors du transport de chargements de valeur par exemple.","cbgcolor":"#01CBDE","ctxtcolor":"#151D25"}],"microlise_product_anfeature":"","microlise_product_anfeatures":[{"img_type":"landscape","cbgcolor":"#01CBDE","ctxtcolor":"#151D25"}],"microlise_product_thirdfeature":"","microlise_product_thirdfeatures":[{"img_type":"landscape","cbgcolor":"#01CBDE","ctxtcolor":"#151D25"}],"microlise_product_faq":"","microlise_product_faqtitle":"","microlise_product_faqs":"","microlise_product_strip":"","microlise_product_stitle":"","microlise_product_sbtntext":"","microlise_product_sbtnurl":""}},"_links":{"self":[{"href":"https:\/\/www.microlise.com\/fr\/wp-json\/wp\/v2\/product\/15757","targetHints":{"allow":["GET"]}}],"collection":[{"href":"https:\/\/www.microlise.com\/fr\/wp-json\/wp\/v2\/product"}],"about":[{"href":"https:\/\/www.microlise.com\/fr\/wp-json\/wp\/v2\/types\/product"}],"up":[{"embeddable":true,"href":"https:\/\/www.microlise.com\/fr\/wp-json\/wp\/v2\/product\/15761"}],"wp:featuredmedia":[{"embeddable":true,"href":"https:\/\/www.microlise.com\/fr\/wp-json\/wp\/v2\/media\/41402"}],"wp:attachment":[{"href":"https:\/\/www.microlise.com\/fr\/wp-json\/wp\/v2\/media?parent=15757"}],"wp:term":[{"taxonomy":"category","embeddable":true,"href":"https:\/\/www.microlise.com\/fr\/wp-json\/wp\/v2\/categories?post=15757"}],"curies":[{"name":"wp","href":"https:\/\/api.w.org\/{rel}","templated":true}]}}