{"id":15756,"date":"2016-09-27T20:59:00","date_gmt":"2016-09-27T19:59:00","guid":{"rendered":"https:\/\/www.microlise.com\/fleet-management\/telechargement-de-tachygraphe-numerique-a-distance\/"},"modified":"2024-06-12T11:51:56","modified_gmt":"2024-06-12T10:51:56","slug":"telechargement-de-tachygraphe-numerique-a-distance","status":"publish","type":"product","link":"https:\/\/www.microlise.com\/fr\/produits\/flotte-conformite-et-securite\/telechargement-de-tachygraphe-numerique-a-distance\/","title":{"rendered":"Gestion du chronotachygraphe"},"content":{"rendered":"<p>Le module permet le t\u00e9l\u00e9chargement \u00e0 distance et automatique des donn\u00e9es du chronotachygraphe quel que soit l&rsquo;endroit o\u00f9 le v\u00e9hicule se trouve. Les donn\u00e9es peuvent ainsi \u00eatre envoy\u00e9es directement \u00e0 votre logiciel de gestion sociale ou de paye.<\/p>\n","protected":false},"excerpt":{"rendered":"<p>Le fait d&rsquo;avoir un chronotachygraphe num\u00e9rique rend la vie plus facile tant pour la direction que pour les conducteurs car cela supprime la corv\u00e9e de collecte manuelle des donn\u00e9es.<\/p>\n","protected":false},"featured_media":28791,"parent":15761,"menu_order":82,"template":"","categories":[1107],"class_list":["post-15756","product","type-product","status-publish","has-post-thumbnail","hentry","category-remote-digital-tachograph-download-fr","entry"],"yoast_head":"<!-- This site is optimized with the Yoast SEO Premium plugin v25.7.1 (Yoast SEO v27.3) - https:\/\/yoast.com\/product\/yoast-seo-premium-wordpress\/ -->\n<title>P\u00e9riph\u00e9riques et logiciels de t\u00e9l\u00e9chargement de tachygraphes num\u00e9riques \u00e0 distance<\/title>\n<meta name=\"description\" content=\"Le t\u00e9l\u00e9chargement de tachygraphes num\u00e9riques \u00e0 distance simplifie la vie des gestionnaires et des chauffeurs en supprimant l&#039;administration de la collecte manuelle des donn\u00e9es tachym\u00e9triques. Analysez les donn\u00e9es instantan\u00e9ment.\" \/>\n<meta name=\"robots\" content=\"index, follow, max-snippet:-1, max-image-preview:large, max-video-preview:-1\" \/>\n<link rel=\"canonical\" href=\"https:\/\/www.microlise.com\/fr\/produits\/flotte-conformite-et-securite\/telechargement-de-tachygraphe-numerique-a-distance\/\" \/>\n<meta property=\"og:locale\" content=\"fr_FR\" \/>\n<meta property=\"og:type\" content=\"article\" \/>\n<meta property=\"og:title\" content=\"Gestion du chronotachygraphe\" \/>\n<meta property=\"og:description\" content=\"Le t\u00e9l\u00e9chargement de tachygraphes num\u00e9riques \u00e0 distance simplifie la vie des gestionnaires et des chauffeurs en supprimant l&#039;administration de la collecte manuelle des donn\u00e9es tachym\u00e9triques. Analysez les donn\u00e9es instantan\u00e9ment.\" \/>\n<meta property=\"og:url\" content=\"https:\/\/www.microlise.com\/fr\/produits\/flotte-conformite-et-securite\/telechargement-de-tachygraphe-numerique-a-distance\/\" \/>\n<meta property=\"og:site_name\" content=\"Microlise France\" \/>\n<meta property=\"article:publisher\" content=\"https:\/\/www.facebook.com\/MicroliseFR\/\" \/>\n<meta property=\"article:modified_time\" content=\"2024-06-12T10:51:56+00:00\" \/>\n<meta property=\"og:image\" content=\"https:\/\/www.microlise.com\/wp-content\/uploads\/2016\/09\/microlise-tachograph-management.jpg\" \/>\n\t<meta property=\"og:image:width\" content=\"960\" \/>\n\t<meta property=\"og:image:height\" content=\"560\" \/>\n\t<meta property=\"og:image:type\" content=\"image\/jpeg\" \/>\n<meta name=\"twitter:card\" content=\"summary_large_image\" \/>\n<meta name=\"twitter:site\" content=\"@microlise\" \/>\n<meta name=\"twitter:label1\" content=\"Dur\u00e9e de lecture estim\u00e9e\" \/>\n\t<meta name=\"twitter:data1\" content=\"1 minute\" \/>\n<script type=\"application\/ld+json\" class=\"yoast-schema-graph\">{\"@context\":\"https:\\\/\\\/schema.org\",\"@graph\":[{\"@type\":\"WebPage\",\"@id\":\"https:\\\/\\\/www.microlise.com\\\/fr\\\/produits\\\/flotte-conformite-et-securite\\\/telechargement-de-tachygraphe-numerique-a-distance\\\/\",\"url\":\"https:\\\/\\\/www.microlise.com\\\/fr\\\/produits\\\/flotte-conformite-et-securite\\\/telechargement-de-tachygraphe-numerique-a-distance\\\/\",\"name\":\"P\u00e9riph\u00e9riques et logiciels de t\u00e9l\u00e9chargement de tachygraphes num\u00e9riques \u00e0 distance\",\"isPartOf\":{\"@id\":\"https:\\\/\\\/www.microlise.com\\\/fr\\\/#website\"},\"primaryImageOfPage\":{\"@id\":\"https:\\\/\\\/www.microlise.com\\\/fr\\\/produits\\\/flotte-conformite-et-securite\\\/telechargement-de-tachygraphe-numerique-a-distance\\\/#primaryimage\"},\"image\":{\"@id\":\"https:\\\/\\\/www.microlise.com\\\/fr\\\/produits\\\/flotte-conformite-et-securite\\\/telechargement-de-tachygraphe-numerique-a-distance\\\/#primaryimage\"},\"thumbnailUrl\":\"https:\\\/\\\/www.microlise.com\\\/wp-content\\\/uploads\\\/2016\\\/09\\\/microlise-tachograph-management.jpg\",\"datePublished\":\"2016-09-27T19:59:00+00:00\",\"dateModified\":\"2024-06-12T10:51:56+00:00\",\"description\":\"Le t\u00e9l\u00e9chargement de tachygraphes num\u00e9riques \u00e0 distance simplifie la vie des gestionnaires et des chauffeurs en supprimant l'administration de la collecte manuelle des donn\u00e9es tachym\u00e9triques. Analysez les donn\u00e9es instantan\u00e9ment.\",\"breadcrumb\":{\"@id\":\"https:\\\/\\\/www.microlise.com\\\/fr\\\/produits\\\/flotte-conformite-et-securite\\\/telechargement-de-tachygraphe-numerique-a-distance\\\/#breadcrumb\"},\"inLanguage\":\"fr-FR\",\"potentialAction\":[{\"@type\":\"ReadAction\",\"target\":[\"https:\\\/\\\/www.microlise.com\\\/fr\\\/produits\\\/flotte-conformite-et-securite\\\/telechargement-de-tachygraphe-numerique-a-distance\\\/\"]}]},{\"@type\":\"ImageObject\",\"inLanguage\":\"fr-FR\",\"@id\":\"https:\\\/\\\/www.microlise.com\\\/fr\\\/produits\\\/flotte-conformite-et-securite\\\/telechargement-de-tachygraphe-numerique-a-distance\\\/#primaryimage\",\"url\":\"https:\\\/\\\/www.microlise.com\\\/wp-content\\\/uploads\\\/2016\\\/09\\\/microlise-tachograph-management.jpg\",\"contentUrl\":\"https:\\\/\\\/www.microlise.com\\\/wp-content\\\/uploads\\\/2016\\\/09\\\/microlise-tachograph-management.jpg\",\"width\":960,\"height\":560,\"caption\":\"Advanced fleet tracking and telematics solutions for transportation efficiency.\"},{\"@type\":\"BreadcrumbList\",\"@id\":\"https:\\\/\\\/www.microlise.com\\\/fr\\\/produits\\\/flotte-conformite-et-securite\\\/telechargement-de-tachygraphe-numerique-a-distance\\\/#breadcrumb\",\"itemListElement\":[{\"@type\":\"ListItem\",\"position\":1,\"name\":\"Home\",\"item\":\"https:\\\/\\\/www.microlise.com\\\/fr\\\/\"},{\"@type\":\"ListItem\",\"position\":2,\"name\":\"S\u00e9curit\u00e9 &amp; Conformit\u00e9\",\"item\":\"https:\\\/\\\/www.microlise.com\\\/fr\\\/produits\\\/flotte-conformite-et-securite\\\/\"},{\"@type\":\"ListItem\",\"position\":3,\"name\":\"Gestion du chronotachygraphe\"}]},{\"@type\":\"WebSite\",\"@id\":\"https:\\\/\\\/www.microlise.com\\\/fr\\\/#website\",\"url\":\"https:\\\/\\\/www.microlise.com\\\/fr\\\/\",\"name\":\"Microlise France\",\"description\":\"Telematics, Transport &amp; Fleet Management Solutions\",\"publisher\":{\"@id\":\"https:\\\/\\\/www.microlise.com\\\/fr\\\/#organization\"},\"alternateName\":\"Microlise\",\"potentialAction\":[{\"@type\":\"SearchAction\",\"target\":{\"@type\":\"EntryPoint\",\"urlTemplate\":\"https:\\\/\\\/www.microlise.com\\\/fr\\\/?s={search_term_string}\"},\"query-input\":{\"@type\":\"PropertyValueSpecification\",\"valueRequired\":true,\"valueName\":\"search_term_string\"}}],\"inLanguage\":\"fr-FR\"},{\"@type\":\"Organization\",\"@id\":\"https:\\\/\\\/www.microlise.com\\\/fr\\\/#organization\",\"name\":\"Microlise\",\"alternateName\":\"Microlise\",\"url\":\"https:\\\/\\\/www.microlise.com\\\/fr\\\/\",\"logo\":{\"@type\":\"ImageObject\",\"inLanguage\":\"fr-FR\",\"@id\":\"https:\\\/\\\/www.microlise.com\\\/fr\\\/#\\\/schema\\\/logo\\\/image\\\/\",\"url\":\"https:\\\/\\\/www.microlise.com\\\/wp-content\\\/uploads\\\/2024\\\/06\\\/cropped-Microlise-Logo-Primary-Electric-1.png\",\"contentUrl\":\"https:\\\/\\\/www.microlise.com\\\/wp-content\\\/uploads\\\/2024\\\/06\\\/cropped-Microlise-Logo-Primary-Electric-1.png\",\"width\":235,\"height\":30,\"caption\":\"Microlise\"},\"image\":{\"@id\":\"https:\\\/\\\/www.microlise.com\\\/fr\\\/#\\\/schema\\\/logo\\\/image\\\/\"},\"sameAs\":[\"https:\\\/\\\/www.facebook.com\\\/MicroliseFR\\\/\",\"https:\\\/\\\/x.com\\\/microlise\",\"https:\\\/\\\/www.linkedin.com\\\/company\\\/microlise\",\"https:\\\/\\\/www.youtube.com\\\/user\\\/MicroliseLtd\"]}]}<\/script>\n<!-- \/ Yoast SEO Premium plugin. -->","yoast_head_json":{"title":"P\u00e9riph\u00e9riques et logiciels de t\u00e9l\u00e9chargement de tachygraphes num\u00e9riques \u00e0 distance","description":"Le t\u00e9l\u00e9chargement de tachygraphes num\u00e9riques \u00e0 distance simplifie la vie des gestionnaires et des chauffeurs en supprimant l'administration de la collecte manuelle des donn\u00e9es tachym\u00e9triques. Analysez les donn\u00e9es instantan\u00e9ment.","robots":{"index":"index","follow":"follow","max-snippet":"max-snippet:-1","max-image-preview":"max-image-preview:large","max-video-preview":"max-video-preview:-1"},"canonical":"https:\/\/www.microlise.com\/fr\/produits\/flotte-conformite-et-securite\/telechargement-de-tachygraphe-numerique-a-distance\/","og_locale":"fr_FR","og_type":"article","og_title":"Gestion du chronotachygraphe","og_description":"Le t\u00e9l\u00e9chargement de tachygraphes num\u00e9riques \u00e0 distance simplifie la vie des gestionnaires et des chauffeurs en supprimant l'administration de la collecte manuelle des donn\u00e9es tachym\u00e9triques. Analysez les donn\u00e9es instantan\u00e9ment.","og_url":"https:\/\/www.microlise.com\/fr\/produits\/flotte-conformite-et-securite\/telechargement-de-tachygraphe-numerique-a-distance\/","og_site_name":"Microlise France","article_publisher":"https:\/\/www.facebook.com\/MicroliseFR\/","article_modified_time":"2024-06-12T10:51:56+00:00","og_image":[{"width":960,"height":560,"url":"https:\/\/www.microlise.com\/wp-content\/uploads\/2016\/09\/microlise-tachograph-management.jpg","type":"image\/jpeg"}],"twitter_card":"summary_large_image","twitter_site":"@microlise","twitter_misc":{"Dur\u00e9e de lecture estim\u00e9e":"1 minute"},"schema":{"@context":"https:\/\/schema.org","@graph":[{"@type":"WebPage","@id":"https:\/\/www.microlise.com\/fr\/produits\/flotte-conformite-et-securite\/telechargement-de-tachygraphe-numerique-a-distance\/","url":"https:\/\/www.microlise.com\/fr\/produits\/flotte-conformite-et-securite\/telechargement-de-tachygraphe-numerique-a-distance\/","name":"P\u00e9riph\u00e9riques et logiciels de t\u00e9l\u00e9chargement de tachygraphes num\u00e9riques \u00e0 distance","isPartOf":{"@id":"https:\/\/www.microlise.com\/fr\/#website"},"primaryImageOfPage":{"@id":"https:\/\/www.microlise.com\/fr\/produits\/flotte-conformite-et-securite\/telechargement-de-tachygraphe-numerique-a-distance\/#primaryimage"},"image":{"@id":"https:\/\/www.microlise.com\/fr\/produits\/flotte-conformite-et-securite\/telechargement-de-tachygraphe-numerique-a-distance\/#primaryimage"},"thumbnailUrl":"https:\/\/www.microlise.com\/wp-content\/uploads\/2016\/09\/microlise-tachograph-management.jpg","datePublished":"2016-09-27T19:59:00+00:00","dateModified":"2024-06-12T10:51:56+00:00","description":"Le t\u00e9l\u00e9chargement de tachygraphes num\u00e9riques \u00e0 distance simplifie la vie des gestionnaires et des chauffeurs en supprimant l'administration de la collecte manuelle des donn\u00e9es tachym\u00e9triques. Analysez les donn\u00e9es instantan\u00e9ment.","breadcrumb":{"@id":"https:\/\/www.microlise.com\/fr\/produits\/flotte-conformite-et-securite\/telechargement-de-tachygraphe-numerique-a-distance\/#breadcrumb"},"inLanguage":"fr-FR","potentialAction":[{"@type":"ReadAction","target":["https:\/\/www.microlise.com\/fr\/produits\/flotte-conformite-et-securite\/telechargement-de-tachygraphe-numerique-a-distance\/"]}]},{"@type":"ImageObject","inLanguage":"fr-FR","@id":"https:\/\/www.microlise.com\/fr\/produits\/flotte-conformite-et-securite\/telechargement-de-tachygraphe-numerique-a-distance\/#primaryimage","url":"https:\/\/www.microlise.com\/wp-content\/uploads\/2016\/09\/microlise-tachograph-management.jpg","contentUrl":"https:\/\/www.microlise.com\/wp-content\/uploads\/2016\/09\/microlise-tachograph-management.jpg","width":960,"height":560,"caption":"Advanced fleet tracking and telematics solutions for transportation efficiency."},{"@type":"BreadcrumbList","@id":"https:\/\/www.microlise.com\/fr\/produits\/flotte-conformite-et-securite\/telechargement-de-tachygraphe-numerique-a-distance\/#breadcrumb","itemListElement":[{"@type":"ListItem","position":1,"name":"Home","item":"https:\/\/www.microlise.com\/fr\/"},{"@type":"ListItem","position":2,"name":"S\u00e9curit\u00e9 &amp; Conformit\u00e9","item":"https:\/\/www.microlise.com\/fr\/produits\/flotte-conformite-et-securite\/"},{"@type":"ListItem","position":3,"name":"Gestion du chronotachygraphe"}]},{"@type":"WebSite","@id":"https:\/\/www.microlise.com\/fr\/#website","url":"https:\/\/www.microlise.com\/fr\/","name":"Microlise France","description":"Telematics, Transport &amp; Fleet Management Solutions","publisher":{"@id":"https:\/\/www.microlise.com\/fr\/#organization"},"alternateName":"Microlise","potentialAction":[{"@type":"SearchAction","target":{"@type":"EntryPoint","urlTemplate":"https:\/\/www.microlise.com\/fr\/?s={search_term_string}"},"query-input":{"@type":"PropertyValueSpecification","valueRequired":true,"valueName":"search_term_string"}}],"inLanguage":"fr-FR"},{"@type":"Organization","@id":"https:\/\/www.microlise.com\/fr\/#organization","name":"Microlise","alternateName":"Microlise","url":"https:\/\/www.microlise.com\/fr\/","logo":{"@type":"ImageObject","inLanguage":"fr-FR","@id":"https:\/\/www.microlise.com\/fr\/#\/schema\/logo\/image\/","url":"https:\/\/www.microlise.com\/wp-content\/uploads\/2024\/06\/cropped-Microlise-Logo-Primary-Electric-1.png","contentUrl":"https:\/\/www.microlise.com\/wp-content\/uploads\/2024\/06\/cropped-Microlise-Logo-Primary-Electric-1.png","width":235,"height":30,"caption":"Microlise"},"image":{"@id":"https:\/\/www.microlise.com\/fr\/#\/schema\/logo\/image\/"},"sameAs":["https:\/\/www.facebook.com\/MicroliseFR\/","https:\/\/x.com\/microlise","https:\/\/www.linkedin.com\/company\/microlise","https:\/\/www.youtube.com\/user\/MicroliseLtd"]}]}},"cmb2":{"microlise_product_metabox":{"microlise_product_header":"","microlise_product_title":"","microlise_product_use_title":"","microlise_product_intro":"","microlise_product_header_image":"https:\/\/www.microlise.com\/wp-content\/uploads\/2016\/09\/swirls-2.jpg","microlise_product_header_image_id":"40812","microlise_product_use_header_image":"on","microlise_product_cta":"","microlise_product_hctatxt":"Une d\u00e9monstration personnalis\u00e9e","microlise_product_hctaurl":"https:\/\/www.microlise.com\/fr\/demo-demande\/","microlise_product_hctabgcolor":"#dcff66","microlise_product_hctatcolor":"#151D25","microlise_product_hctatxt2":"","microlise_product_hctaurl2":"","microlise_product_hctabgcolor2":"","microlise_product_hctatcolor2":"#151D25","microlise_product_content":"","microlise_product_sub_title":"","microlise_product_vtype":"vimeo","microlise_product_VID":"667707910","microlise_product_Vcode":"","microlise_product_case_study":"","microlise_product_cimage":"","microlise_product_cimage_id":"","microlise_product_ctitle":"","microlise_product_ct_color":"#151D25","microlise_product_ccontent":"","microlise_product_ccontent_color":"#151D25","microlise_product_crbtn_text":"","microlise_product_crbtn_link":"","microlise_product_crbbgcolor":"#01CBDE","microlise_product_crbtcolor":"#151D25","microlise_product_crbgcolor":"#DCFF66","microlise_product_brochure":"","microlise_product_brtype":"brochure","microlise_product_bimage":"https:\/\/www.microlise.com\/wp-content\/uploads\/2014\/11\/product-overview-cover-fr.png","microlise_product_bimage_id":"23503","microlise_product_btitle":"Pour en savoir plus, t\u00e9l\u00e9charger notre brochure produit","microlise_product_bt_color":"#151D25","microlise_product_bcontent":"D\u00e9couvrez comment les solutions Microlise permettent aux gestionnaires de flotte de proposer un meilleur service \u00e0 leurs clients tout en am\u00e9liorant la productivit\u00e9, la s\u00e9curit\u00e9 et en r\u00e9duisant les co\u00fbts et l'impact sur l'environnement","microlise_product_bcontent_color":"#151D25","microlise_product_brbtn_text":"T\u00e9l\u00e9charger la brochure","microlise_product_brbbgcolor":"#01CBDE","microlise_product_brbtcolor":"#151D25","microlise_product_brbgcolor":"#DCFF66","microlise_product_hide_brochure":"","microlise_product_rimage":"","microlise_product_rimage_id":"","microlise_product_rtitle":"","microlise_product_rt_color":"","microlise_product_rcontent":"","microlise_product_rcontent_color":"","microlise_product_rebgcolor":"","microlise_product_rebtn_text":"","microlise_product_hide_report":"","microlise_product_benefit":"","microlise_product_bctatxt":"Demander une d\u00e9mo","microlise_product_bctaurl":"https:\/\/www.microlise.com\/fr\/demo-demande\/","microlise_product_bctabgcolor":"#01CBDE","microlise_product_bctatcolor":"#151D25","microlise_product_benefits":[{"icon_id":40639,"icon":"https:\/\/www.microlise.com\/wp-content\/uploads\/2024\/06\/reduce-admin-overhead.png","title":"R\u00e9duisez vos charges administratives","intro":"Organiser le t\u00e9l\u00e9chargement de tous vos chronotachygraphes num\u00e9riques n'est plus un d\u00e9fi logistique puisque les donn\u00e9es peuvent \u00eatre maintenant t\u00e9l\u00e9charg\u00e9es \u00e0 distance et en toute s\u00e9curit\u00e9 via le r\u00e9seau mobile.","ctatext":"","ctaurl":false,"cbgcolor":"#01CBDE","ctxtcolor":"#151D25"},{"icon_id":40459,"icon":"https:\/\/www.microlise.com\/wp-content\/uploads\/2024\/06\/ensure-compliance.png","title":"Respectez la r\u00e8glementation","intro":"Soyez serein en sachant d\u00e9sormais que toutes les donn\u00e9es de vos chronotachygraphes num\u00e9riques seront t\u00e9l\u00e9charg\u00e9es sans erreurs, en totale conformit\u00e9 avec la r\u00e8glementation en vigueur.","ctatext":"","ctaurl":false,"cbgcolor":"#01CBDE","ctxtcolor":"#151D25"},{"icon_id":40705,"icon":"https:\/\/www.microlise.com\/wp-content\/uploads\/2024\/06\/reduce-vehicle-downtime.png","title":"R\u00e9duisez les temps d'arr\u00eat des v\u00e9hicules","intro":"Maintenez vos v\u00e9hicules plus longtemps sur la route pour g\u00e9n\u00e9rer de nouveaux revenus plut\u00f4t que de les immobiliser pour t\u00e9l\u00e9charger manuellement les donn\u00e9es des chronotachygraphes.","cbgcolor":"#01CBDE","ctxtcolor":"#151D25"}],"microlise_product_feature":"","microlise_product_features":[{"img_type":"landscape","image_id":41434,"image":"https:\/\/www.microlise.com\/wp-content\/uploads\/2016\/09\/TM02-TruAnalysis03RTD-1.png","video_id":"","video":false,"title":"Donn\u00e9es de la carte conducteur","intro":"Les donn\u00e9es sur les heures de conduite peuvent \u00eatre obtenues automatiquement lorsque les v\u00e9hicules sont en d\u00e9placement, ce qui \u00e9vite au conducteur de pr\u00e9senter sa carte dans un d\u00e9p\u00f4t ou de t\u00e9l\u00e9charger manuellement les donn\u00e9es \u00e0 l'aide d'une cl\u00e9 USB, une t\u00e2che laborieuse et difficile lorsque les v\u00e9hicules sont \u00e9loign\u00e9s.","ctatext":"","ctaurl":false,"cbgcolor":"#01CBDE","ctxtcolor":"#151D25"},{"img_type":"landscape","image_id":41428,"image":"https:\/\/www.microlise.com\/wp-content\/uploads\/2016\/09\/TAC-01-RDT-1.png","title":"Donn\u00e9es du v\u00e9hicule","intro":"Outre les donn\u00e9es de la carte conducteur, la m\u00e9moire de masse du chronotachygraphe, dont les logs d'activit\u00e9, des \u00e9v\u00e9nements, des d\u00e9fauts, des vitesses et les donn\u00e9es d'\u00e9talonnage de l'appareil peuvent \u00eatre transmis \u00e0 distance.","cbgcolor":"#01CBDE","ctxtcolor":"#151D25"}],"microlise_product_anfeature":"","microlise_product_anfeatures":[{"img_type":"landscape","cbgcolor":"#01CBDE","ctxtcolor":"#151D25"}],"microlise_product_thirdfeature":"","microlise_product_thirdfeatures":[{"img_type":"landscape","cbgcolor":"#01CBDE","ctxtcolor":"#151D25"}],"microlise_product_faq":"","microlise_product_faqtitle":"","microlise_product_faqs":"","microlise_product_strip":"","microlise_product_stitle":"","microlise_product_sbtntext":"","microlise_product_sbtnurl":""}},"_links":{"self":[{"href":"https:\/\/www.microlise.com\/fr\/wp-json\/wp\/v2\/product\/15756","targetHints":{"allow":["GET"]}}],"collection":[{"href":"https:\/\/www.microlise.com\/fr\/wp-json\/wp\/v2\/product"}],"about":[{"href":"https:\/\/www.microlise.com\/fr\/wp-json\/wp\/v2\/types\/product"}],"up":[{"embeddable":true,"href":"https:\/\/www.microlise.com\/fr\/wp-json\/wp\/v2\/product\/15761"}],"wp:featuredmedia":[{"embeddable":true,"href":"https:\/\/www.microlise.com\/fr\/wp-json\/wp\/v2\/media\/28791"}],"wp:attachment":[{"href":"https:\/\/www.microlise.com\/fr\/wp-json\/wp\/v2\/media?parent=15756"}],"wp:term":[{"taxonomy":"category","embeddable":true,"href":"https:\/\/www.microlise.com\/fr\/wp-json\/wp\/v2\/categories?post=15756"}],"curies":[{"name":"wp","href":"https:\/\/api.w.org\/{rel}","templated":true}]}}