{"id":15755,"date":"2016-09-27T20:58:00","date_gmt":"2016-09-27T19:58:00","guid":{"rendered":"https:\/\/www.microlise.com\/fleet-management\/flotte-telematique\/performance-des-conducteurs\/"},"modified":"2025-06-20T14:41:51","modified_gmt":"2025-06-20T13:41:51","slug":"performance-des-conducteurs","status":"publish","type":"product","link":"https:\/\/www.microlise.com\/fr\/produits\/flotte-telematique\/performance-des-conducteurs\/","title":{"rendered":"Performances des conducteurs"},"content":{"rendered":"<p>Le module de gestion des conducteurs fournit une vue d\u00e9taill\u00e9e des performances. Fort de ces \u00e9l\u00e9ments, vous pouvez d\u00e9briefer vos conducteurs et dispenser des formations cibl\u00e9es l\u00e0 o\u00f9 elles sont le plus n\u00e9cessaires.<\/p>\n","protected":false},"excerpt":{"rendered":"<p>Avec le suivi des performances de vos conducteurs, donnez \u00e0 ces derniers les moyens de s\u2019am\u00e9liorer et, en m\u00eame temps, enregistrez des progr\u00e8s significatifs en termes de co\u00fbt et d\u2019efficacit\u00e9.<\/p>\n","protected":false},"featured_media":28743,"parent":15752,"menu_order":16,"template":"","categories":[1101],"class_list":["post-15755","product","type-product","status-publish","has-post-thumbnail","hentry","category-driver-performance-fr","entry"],"yoast_head":"<!-- This site is optimized with the Yoast SEO Premium plugin v25.7.1 (Yoast SEO v27.3) - https:\/\/yoast.com\/product\/yoast-seo-premium-wordpress\/ -->\n<title>Gestion des pilotes de flotte | Syst\u00e8me de surveillance du rendement du conducteur<\/title>\n<meta name=\"description\" content=\"Surveiller et am\u00e9liorer les performances de conduite avec l&#039;avantage d&#039;un comportement de conduite d\u00e9taill\u00e9 infor. Les conducteurs et les gestionnaires de parc peuvent examiner les donn\u00e9es avant, pendant et apr\u00e8s\" \/>\n<meta name=\"robots\" content=\"index, follow, max-snippet:-1, max-image-preview:large, max-video-preview:-1\" \/>\n<link rel=\"canonical\" href=\"https:\/\/www.microlise.com\/fr\/produits\/flotte-telematique\/performance-des-conducteurs\/\" \/>\n<meta property=\"og:locale\" content=\"fr_FR\" \/>\n<meta property=\"og:type\" content=\"article\" \/>\n<meta property=\"og:title\" content=\"Performances des conducteurs\" \/>\n<meta property=\"og:description\" content=\"Surveiller et am\u00e9liorer les performances de conduite avec l&#039;avantage d&#039;un comportement de conduite d\u00e9taill\u00e9 infor. Les conducteurs et les gestionnaires de parc peuvent examiner les donn\u00e9es avant, pendant et apr\u00e8s\" \/>\n<meta property=\"og:url\" content=\"https:\/\/www.microlise.com\/fr\/produits\/flotte-telematique\/performance-des-conducteurs\/\" \/>\n<meta property=\"og:site_name\" content=\"Microlise France\" \/>\n<meta property=\"article:publisher\" content=\"https:\/\/www.facebook.com\/MicroliseFR\/\" \/>\n<meta property=\"article:modified_time\" content=\"2025-06-20T13:41:51+00:00\" \/>\n<meta property=\"og:image\" content=\"https:\/\/www.microlise.com\/wp-content\/uploads\/2016\/09\/microlise-driver-performance.jpg\" \/>\n\t<meta property=\"og:image:width\" content=\"960\" \/>\n\t<meta property=\"og:image:height\" content=\"560\" \/>\n\t<meta property=\"og:image:type\" content=\"image\/jpeg\" \/>\n<meta name=\"twitter:card\" content=\"summary_large_image\" \/>\n<meta name=\"twitter:site\" content=\"@microlise\" \/>\n<meta name=\"twitter:label1\" content=\"Dur\u00e9e de lecture estim\u00e9e\" \/>\n\t<meta name=\"twitter:data1\" content=\"1 minute\" \/>\n<script type=\"application\/ld+json\" class=\"yoast-schema-graph\">{\"@context\":\"https:\\\/\\\/schema.org\",\"@graph\":[{\"@type\":\"WebPage\",\"@id\":\"https:\\\/\\\/www.microlise.com\\\/fr\\\/produits\\\/flotte-telematique\\\/performance-des-conducteurs\\\/\",\"url\":\"https:\\\/\\\/www.microlise.com\\\/fr\\\/produits\\\/flotte-telematique\\\/performance-des-conducteurs\\\/\",\"name\":\"Gestion des pilotes de flotte | Syst\u00e8me de surveillance du rendement du conducteur\",\"isPartOf\":{\"@id\":\"https:\\\/\\\/www.microlise.com\\\/fr\\\/#website\"},\"primaryImageOfPage\":{\"@id\":\"https:\\\/\\\/www.microlise.com\\\/fr\\\/produits\\\/flotte-telematique\\\/performance-des-conducteurs\\\/#primaryimage\"},\"image\":{\"@id\":\"https:\\\/\\\/www.microlise.com\\\/fr\\\/produits\\\/flotte-telematique\\\/performance-des-conducteurs\\\/#primaryimage\"},\"thumbnailUrl\":\"https:\\\/\\\/www.microlise.com\\\/wp-content\\\/uploads\\\/2016\\\/09\\\/microlise-driver-performance.jpg\",\"datePublished\":\"2016-09-27T19:58:00+00:00\",\"dateModified\":\"2025-06-20T13:41:51+00:00\",\"description\":\"Surveiller et am\u00e9liorer les performances de conduite avec l'avantage d'un comportement de conduite d\u00e9taill\u00e9 infor. Les conducteurs et les gestionnaires de parc peuvent examiner les donn\u00e9es avant, pendant et apr\u00e8s\",\"breadcrumb\":{\"@id\":\"https:\\\/\\\/www.microlise.com\\\/fr\\\/produits\\\/flotte-telematique\\\/performance-des-conducteurs\\\/#breadcrumb\"},\"inLanguage\":\"fr-FR\",\"potentialAction\":[{\"@type\":\"ReadAction\",\"target\":[\"https:\\\/\\\/www.microlise.com\\\/fr\\\/produits\\\/flotte-telematique\\\/performance-des-conducteurs\\\/\"]}]},{\"@type\":\"ImageObject\",\"inLanguage\":\"fr-FR\",\"@id\":\"https:\\\/\\\/www.microlise.com\\\/fr\\\/produits\\\/flotte-telematique\\\/performance-des-conducteurs\\\/#primaryimage\",\"url\":\"https:\\\/\\\/www.microlise.com\\\/wp-content\\\/uploads\\\/2016\\\/09\\\/microlise-driver-performance.jpg\",\"contentUrl\":\"https:\\\/\\\/www.microlise.com\\\/wp-content\\\/uploads\\\/2016\\\/09\\\/microlise-driver-performance.jpg\",\"width\":960,\"height\":560,\"caption\":\"Truck driver operating vehicle dashboard with telematics technology.\"},{\"@type\":\"BreadcrumbList\",\"@id\":\"https:\\\/\\\/www.microlise.com\\\/fr\\\/produits\\\/flotte-telematique\\\/performance-des-conducteurs\\\/#breadcrumb\",\"itemListElement\":[{\"@type\":\"ListItem\",\"position\":1,\"name\":\"Home\",\"item\":\"https:\\\/\\\/www.microlise.com\\\/fr\\\/\"},{\"@type\":\"ListItem\",\"position\":2,\"name\":\"Gestion de flotte\",\"item\":\"https:\\\/\\\/www.microlise.com\\\/fr\\\/produits\\\/flotte-telematique\\\/\"},{\"@type\":\"ListItem\",\"position\":3,\"name\":\"Performances des conducteurs\"}]},{\"@type\":\"WebSite\",\"@id\":\"https:\\\/\\\/www.microlise.com\\\/fr\\\/#website\",\"url\":\"https:\\\/\\\/www.microlise.com\\\/fr\\\/\",\"name\":\"Microlise France\",\"description\":\"Telematics, Transport &amp; Fleet Management Solutions\",\"publisher\":{\"@id\":\"https:\\\/\\\/www.microlise.com\\\/fr\\\/#organization\"},\"alternateName\":\"Microlise\",\"potentialAction\":[{\"@type\":\"SearchAction\",\"target\":{\"@type\":\"EntryPoint\",\"urlTemplate\":\"https:\\\/\\\/www.microlise.com\\\/fr\\\/?s={search_term_string}\"},\"query-input\":{\"@type\":\"PropertyValueSpecification\",\"valueRequired\":true,\"valueName\":\"search_term_string\"}}],\"inLanguage\":\"fr-FR\"},{\"@type\":\"Organization\",\"@id\":\"https:\\\/\\\/www.microlise.com\\\/fr\\\/#organization\",\"name\":\"Microlise\",\"alternateName\":\"Microlise\",\"url\":\"https:\\\/\\\/www.microlise.com\\\/fr\\\/\",\"logo\":{\"@type\":\"ImageObject\",\"inLanguage\":\"fr-FR\",\"@id\":\"https:\\\/\\\/www.microlise.com\\\/fr\\\/#\\\/schema\\\/logo\\\/image\\\/\",\"url\":\"https:\\\/\\\/www.microlise.com\\\/wp-content\\\/uploads\\\/2024\\\/06\\\/cropped-Microlise-Logo-Primary-Electric-1.png\",\"contentUrl\":\"https:\\\/\\\/www.microlise.com\\\/wp-content\\\/uploads\\\/2024\\\/06\\\/cropped-Microlise-Logo-Primary-Electric-1.png\",\"width\":235,\"height\":30,\"caption\":\"Microlise\"},\"image\":{\"@id\":\"https:\\\/\\\/www.microlise.com\\\/fr\\\/#\\\/schema\\\/logo\\\/image\\\/\"},\"sameAs\":[\"https:\\\/\\\/www.facebook.com\\\/MicroliseFR\\\/\",\"https:\\\/\\\/x.com\\\/microlise\",\"https:\\\/\\\/www.linkedin.com\\\/company\\\/microlise\",\"https:\\\/\\\/www.youtube.com\\\/user\\\/MicroliseLtd\"]}]}<\/script>\n<!-- \/ Yoast SEO Premium plugin. -->","yoast_head_json":{"title":"Gestion des pilotes de flotte | Syst\u00e8me de surveillance du rendement du conducteur","description":"Surveiller et am\u00e9liorer les performances de conduite avec l'avantage d'un comportement de conduite d\u00e9taill\u00e9 infor. Les conducteurs et les gestionnaires de parc peuvent examiner les donn\u00e9es avant, pendant et apr\u00e8s","robots":{"index":"index","follow":"follow","max-snippet":"max-snippet:-1","max-image-preview":"max-image-preview:large","max-video-preview":"max-video-preview:-1"},"canonical":"https:\/\/www.microlise.com\/fr\/produits\/flotte-telematique\/performance-des-conducteurs\/","og_locale":"fr_FR","og_type":"article","og_title":"Performances des conducteurs","og_description":"Surveiller et am\u00e9liorer les performances de conduite avec l'avantage d'un comportement de conduite d\u00e9taill\u00e9 infor. Les conducteurs et les gestionnaires de parc peuvent examiner les donn\u00e9es avant, pendant et apr\u00e8s","og_url":"https:\/\/www.microlise.com\/fr\/produits\/flotte-telematique\/performance-des-conducteurs\/","og_site_name":"Microlise France","article_publisher":"https:\/\/www.facebook.com\/MicroliseFR\/","article_modified_time":"2025-06-20T13:41:51+00:00","og_image":[{"width":960,"height":560,"url":"https:\/\/www.microlise.com\/wp-content\/uploads\/2016\/09\/microlise-driver-performance.jpg","type":"image\/jpeg"}],"twitter_card":"summary_large_image","twitter_site":"@microlise","twitter_misc":{"Dur\u00e9e de lecture estim\u00e9e":"1 minute"},"schema":{"@context":"https:\/\/schema.org","@graph":[{"@type":"WebPage","@id":"https:\/\/www.microlise.com\/fr\/produits\/flotte-telematique\/performance-des-conducteurs\/","url":"https:\/\/www.microlise.com\/fr\/produits\/flotte-telematique\/performance-des-conducteurs\/","name":"Gestion des pilotes de flotte | Syst\u00e8me de surveillance du rendement du conducteur","isPartOf":{"@id":"https:\/\/www.microlise.com\/fr\/#website"},"primaryImageOfPage":{"@id":"https:\/\/www.microlise.com\/fr\/produits\/flotte-telematique\/performance-des-conducteurs\/#primaryimage"},"image":{"@id":"https:\/\/www.microlise.com\/fr\/produits\/flotte-telematique\/performance-des-conducteurs\/#primaryimage"},"thumbnailUrl":"https:\/\/www.microlise.com\/wp-content\/uploads\/2016\/09\/microlise-driver-performance.jpg","datePublished":"2016-09-27T19:58:00+00:00","dateModified":"2025-06-20T13:41:51+00:00","description":"Surveiller et am\u00e9liorer les performances de conduite avec l'avantage d'un comportement de conduite d\u00e9taill\u00e9 infor. Les conducteurs et les gestionnaires de parc peuvent examiner les donn\u00e9es avant, pendant et apr\u00e8s","breadcrumb":{"@id":"https:\/\/www.microlise.com\/fr\/produits\/flotte-telematique\/performance-des-conducteurs\/#breadcrumb"},"inLanguage":"fr-FR","potentialAction":[{"@type":"ReadAction","target":["https:\/\/www.microlise.com\/fr\/produits\/flotte-telematique\/performance-des-conducteurs\/"]}]},{"@type":"ImageObject","inLanguage":"fr-FR","@id":"https:\/\/www.microlise.com\/fr\/produits\/flotte-telematique\/performance-des-conducteurs\/#primaryimage","url":"https:\/\/www.microlise.com\/wp-content\/uploads\/2016\/09\/microlise-driver-performance.jpg","contentUrl":"https:\/\/www.microlise.com\/wp-content\/uploads\/2016\/09\/microlise-driver-performance.jpg","width":960,"height":560,"caption":"Truck driver operating vehicle dashboard with telematics technology."},{"@type":"BreadcrumbList","@id":"https:\/\/www.microlise.com\/fr\/produits\/flotte-telematique\/performance-des-conducteurs\/#breadcrumb","itemListElement":[{"@type":"ListItem","position":1,"name":"Home","item":"https:\/\/www.microlise.com\/fr\/"},{"@type":"ListItem","position":2,"name":"Gestion de flotte","item":"https:\/\/www.microlise.com\/fr\/produits\/flotte-telematique\/"},{"@type":"ListItem","position":3,"name":"Performances des conducteurs"}]},{"@type":"WebSite","@id":"https:\/\/www.microlise.com\/fr\/#website","url":"https:\/\/www.microlise.com\/fr\/","name":"Microlise France","description":"Telematics, Transport &amp; Fleet Management Solutions","publisher":{"@id":"https:\/\/www.microlise.com\/fr\/#organization"},"alternateName":"Microlise","potentialAction":[{"@type":"SearchAction","target":{"@type":"EntryPoint","urlTemplate":"https:\/\/www.microlise.com\/fr\/?s={search_term_string}"},"query-input":{"@type":"PropertyValueSpecification","valueRequired":true,"valueName":"search_term_string"}}],"inLanguage":"fr-FR"},{"@type":"Organization","@id":"https:\/\/www.microlise.com\/fr\/#organization","name":"Microlise","alternateName":"Microlise","url":"https:\/\/www.microlise.com\/fr\/","logo":{"@type":"ImageObject","inLanguage":"fr-FR","@id":"https:\/\/www.microlise.com\/fr\/#\/schema\/logo\/image\/","url":"https:\/\/www.microlise.com\/wp-content\/uploads\/2024\/06\/cropped-Microlise-Logo-Primary-Electric-1.png","contentUrl":"https:\/\/www.microlise.com\/wp-content\/uploads\/2024\/06\/cropped-Microlise-Logo-Primary-Electric-1.png","width":235,"height":30,"caption":"Microlise"},"image":{"@id":"https:\/\/www.microlise.com\/fr\/#\/schema\/logo\/image\/"},"sameAs":["https:\/\/www.facebook.com\/MicroliseFR\/","https:\/\/x.com\/microlise","https:\/\/www.linkedin.com\/company\/microlise","https:\/\/www.youtube.com\/user\/MicroliseLtd"]}]}},"cmb2":{"microlise_product_metabox":{"microlise_product_header":"","microlise_product_title":"","microlise_product_use_title":"","microlise_product_intro":"Obtenez un engagement plus \u00e9lev\u00e9 de vos conducteurs et une am\u00e9lioration de leurs performances.\r\nR\u00e9duisez ainsi vos co\u00fbts de carburant, l'usure de vos v\u00e9hicules tout en am\u00e9liorant la s\u00e9curit\u00e9.","microlise_product_header_image":"https:\/\/www.microlise.com\/wp-content\/uploads\/2016\/09\/swirls-2.jpg","microlise_product_header_image_id":"40812","microlise_product_use_header_image":"on","microlise_product_cta":"","microlise_product_hctatxt":"Une d\u00e9monstration personnalis\u00e9e","microlise_product_hctaurl":"https:\/\/www.microlise.com\/fr\/demo-demande\/","microlise_product_hctabgcolor":"#01CBDE","microlise_product_hctatcolor":"#151D25","microlise_product_hctatxt2":"Get Started","microlise_product_hctaurl2":"https:\/\/www.microlise.com\/fr\/quisommes-nous\/contacteznous\/","microlise_product_hctabgcolor2":"#dcff66","microlise_product_hctatcolor2":"#151D25","microlise_product_content":"","microlise_product_sub_title":"Aidez vos conducteurs en am\u00e9liorant leurs performances","microlise_product_vtype":"vimeo","microlise_product_VID":"666690239","microlise_product_Vcode":"","microlise_product_case_study":"","microlise_product_cimage":"","microlise_product_cimage_id":"","microlise_product_ctitle":"","microlise_product_ct_color":"#151D25","microlise_product_ccontent":"","microlise_product_ccontent_color":"#151D25","microlise_product_crbtn_text":"","microlise_product_crbtn_link":"","microlise_product_crbbgcolor":"#01CBDE","microlise_product_crbtcolor":"#151D25","microlise_product_crbgcolor":"#DCFF66","microlise_product_brochure":"","microlise_product_brtype":"brochure","microlise_product_bimage":"https:\/\/www.microlise.com\/wp-content\/uploads\/2014\/11\/product-overview-cover-fr.png","microlise_product_bimage_id":"23503","microlise_product_btitle":"Pour en savoir plus, t\u00e9l\u00e9charger notre brochure de produits","microlise_product_bt_color":"#151D25","microlise_product_bcontent":"D\u00e9couvrez comment les solutions Microlise permettent aux gestionnaires de flotte de proposer un meilleur service \u00e0 leurs clients tout en am\u00e9liorant la productivit\u00e9, la s\u00e9curit\u00e9 et en r\u00e9duisant les co\u00fbts et l'impact sur l'environnement.","microlise_product_bcontent_color":"#151D25","microlise_product_brbtn_text":"T\u00e9l\u00e9charger la brochure","microlise_product_brbbgcolor":"#01CBDE","microlise_product_brbtcolor":"#151D25","microlise_product_brbgcolor":"#DCFF66","microlise_product_hide_brochure":"","microlise_product_rimage":"","microlise_product_rimage_id":"","microlise_product_rtitle":"","microlise_product_rt_color":"","microlise_product_rcontent":"","microlise_product_rcontent_color":"","microlise_product_rebgcolor":"","microlise_product_rebtn_text":"","microlise_product_hide_report":"","microlise_product_benefit":"","microlise_product_bctatxt":"Demander une d\u00e9mo","microlise_product_bctaurl":"https:\/\/www.microlise.com\/fr\/demo-demande\/","microlise_product_bctabgcolor":"#dcff66","microlise_product_bctatcolor":"#151D25","microlise_product_benefits":[{"icon_id":40693,"icon":"https:\/\/www.microlise.com\/wp-content\/uploads\/2024\/06\/reduce-risk.png","title":"Optimisez les co\u00fbts de votre flotte","intro":"Une meilleure gestion de vos conducteurs et l'augmentation de leurs performances contribuent \u00e0 r\u00e9duire les co\u00fbts de carburant et d'entretien des v\u00e9hicules.","ctatext":"","ctaurl":false,"cbgcolor":"#01CBDE","ctxtcolor":"#151D25"},{"icon_id":40537,"icon":"https:\/\/www.microlise.com\/wp-content\/uploads\/2024\/06\/improve-fleet-safety.png","title":"Am\u00e9liorez la s\u00e9curit\u00e9","intro":"En am\u00e9liorant les performances de vos conducteurs et leur comportement de conduite, vous r\u00e9duirez les risques d'accidents.","ctatext":"","ctaurl":false,"cbgcolor":"#01CBDE","ctxtcolor":"#151D25"},{"icon_id":40441,"icon":"https:\/\/www.microlise.com\/wp-content\/uploads\/2024\/06\/empower-fleet-drivers.png","title":"Donnez \u00e0 vos conducteurs des outils de mesure et de comparaison","intro":"Renforcez la mobilisation de vos conducteurs en leur fournissant un acc\u00e8s direct \u00e0 leurs donn\u00e9es et aux analyses de leurs performances.","cbgcolor":"#01CBDE","ctxtcolor":"#151D25"}],"microlise_product_feature":"","microlise_product_features":[{"img_type":"landscape","image_id":18565,"image":"https:\/\/www.microlise.com\/wp-content\/uploads\/2020\/12\/driver-performance.jpg","video_id":"","video":false,"title":"Application d'auto-\u00e9valuation du style de conduite : Driver Excellence","intro":"L'application Driver Excellence donne aux conducteurs des informations d\u00e9taill\u00e9es sur leurs performances de conduite, une analyse de leur comportement en mettant en lumi\u00e8re l\u00e0 o\u00f9 des am\u00e9liorations peuvent \u00eatre n\u00e9cessaires. Les conducteurs ont leurs propres identifiants de connexion tandis que les Managers peuvent suivre un groupe plus \u00e9largi.","ctatext":"","ctaurl":false,"cbgcolor":"#01CBDE","ctxtcolor":"#151D25"},{"img_type":"landscape","image_id":18577,"image":"https:\/\/www.microlise.com\/wp-content\/uploads\/2020\/12\/driving-style-rating.jpg","video_id":"","video":false,"title":"Notation du style de conduite","intro":"Les informations sur les performances des conducteurs sont \u00e9galement fournies dans un rapport synth\u00e9tique qui \u00e9value tous les crit\u00e8res individuels de performance et propose \u00e9galement une note globale. Un classement permet d'identifier tr\u00e8s facilement les comportements \u00e0 risque et de mettre en \u00e9vidence les probl\u00e8mes n\u00e9cessitant une attention particuli\u00e8re.","ctatext":"","ctaurl":false,"cbgcolor":"#01CBDE","ctxtcolor":"#151D25"},{"img_type":"landscape","image_id":18571,"image":"https:\/\/www.microlise.com\/wp-content\/uploads\/2020\/12\/driving-style-debrief.jpg","video_id":"","video":false,"title":"D\u00e9briefing et compte-rendu sur le style de conduite","intro":"Gagnez du temps et am\u00e9liorez votre efficacit\u00e9 en d\u00e9briefant seulement les conducteurs qui n\u00e9cessitent un d\u00e9briefing particulier.","ctatext":"","ctaurl":false,"cbgcolor":"#01CBDE","ctxtcolor":"#151D25"},{"img_type":"landscape","image_id":18583,"image":"https:\/\/www.microlise.com\/wp-content\/uploads\/2020\/12\/in-cab-driver-feedback.jpg","title":"Retour d'informations en Cabine (DFM)","intro":"Les incidents de conduite sont communiqu\u00e9s en temps r\u00e9el au conducteur, ce qui lui donne la possibilit\u00e9 d'am\u00e9liorer rapidement son comportement de conduite et donc ses performances.","cbgcolor":"#01CBDE","ctxtcolor":"#151D25"}],"microlise_product_anfeature":"","microlise_product_anfeatures":[{"img_type":"landscape","cbgcolor":"#01CBDE","ctxtcolor":"#151D25"}],"microlise_product_thirdfeature":"","microlise_product_thirdfeatures":[{"img_type":"landscape","cbgcolor":"#01CBDE","ctxtcolor":"#151D25"}],"microlise_product_faq":"","microlise_product_faqtitle":"","microlise_product_faqs":"","microlise_product_strip":"","microlise_product_stitle":"","microlise_product_sbtntext":"","microlise_product_sbtnurl":""}},"_links":{"self":[{"href":"https:\/\/www.microlise.com\/fr\/wp-json\/wp\/v2\/product\/15755","targetHints":{"allow":["GET"]}}],"collection":[{"href":"https:\/\/www.microlise.com\/fr\/wp-json\/wp\/v2\/product"}],"about":[{"href":"https:\/\/www.microlise.com\/fr\/wp-json\/wp\/v2\/types\/product"}],"up":[{"embeddable":true,"href":"https:\/\/www.microlise.com\/fr\/wp-json\/wp\/v2\/product\/15752"}],"wp:featuredmedia":[{"embeddable":true,"href":"https:\/\/www.microlise.com\/fr\/wp-json\/wp\/v2\/media\/28743"}],"wp:attachment":[{"href":"https:\/\/www.microlise.com\/fr\/wp-json\/wp\/v2\/media?parent=15755"}],"wp:term":[{"taxonomy":"category","embeddable":true,"href":"https:\/\/www.microlise.com\/fr\/wp-json\/wp\/v2\/categories?post=15755"}],"curies":[{"name":"wp","href":"https:\/\/api.w.org\/{rel}","templated":true}]}}