{"id":15754,"date":"2014-11-06T13:58:00","date_gmt":"2014-11-06T13:58:00","guid":{"rendered":"https:\/\/www.microlise.com\/fleet-management\/logiciel-de-preuve-electronique-de-livraison\/"},"modified":"2025-06-26T09:47:01","modified_gmt":"2025-06-26T08:47:01","slug":"logiciel-de-preuve-electronique-de-livraison","status":"publish","type":"product","link":"https:\/\/www.microlise.com\/fr\/produits\/gestion-de-la-livraison\/logiciel-de-preuve-electronique-de-livraison\/","title":{"rendered":"Preuve de livraison"},"content":{"rendered":"<h2 style=\"text-align: center;\">Logiciel de preuve de livraison \u00e9lectronique<\/h2>\n<p style=\"text-align: center;\">Toutes les activit\u00e9s de livraison sont suivies \u00e9lectroniquement et le logiciel comprend des fonctionnalit\u00e9s suppl\u00e9mentaires telles que la gestion des t\u00e2ches, la communication avec les conducteurs, l&rsquo;acc\u00e8s \u00e0 des notes sur les sites \u00e0 visiter et aux informations concernant les manifestes de transport.<\/p>\n<p style=\"text-align: center;\">Nos clients constatent une r\u00e9duction de 10% des retours de marchandises et une r\u00e9duction de 80% du temps de gestion.<\/p>\n","protected":false},"excerpt":{"rendered":"<p>Le produit Preuve de livraison (Proof of Delivery ou POD) est une solution z\u00e9ro papier con\u00e7ue pour fournir une visibilit\u00e9 compl\u00e8te et pr\u00e9cise sur les op\u00e9rations de livraison. <\/p>\n","protected":false},"featured_media":28898,"parent":15767,"menu_order":96,"template":"","categories":[1117,1115],"class_list":["post-15754","product","type-product","status-publish","has-post-thumbnail","hentry","category-proof-of-delivery-delivery-management-fr","category-delivery-management-fr","entry"],"yoast_head":"<!-- This site is optimized with the Yoast SEO Premium plugin v25.7.1 (Yoast SEO v27.3) - https:\/\/yoast.com\/product\/yoast-seo-premium-wordpress\/ -->\n<title>Logiciel \u00e9lectronique de preuve de livraison de la flotte (POD) | Microlise<\/title>\n<meta name=\"description\" content=\"Notre logiciel de preuve de livraison \u00e9lectronique est une solution sans papier con\u00e7ue pour fournir une visibilit\u00e9 compl\u00e8te des op\u00e9rations de livraison. Suivre toutes les activit\u00e9s de livraison avec pr\u00e9cision\" \/>\n<meta name=\"robots\" content=\"index, follow, max-snippet:-1, max-image-preview:large, max-video-preview:-1\" \/>\n<link rel=\"canonical\" href=\"https:\/\/www.microlise.com\/fr\/produits\/gestion-de-la-livraison\/logiciel-de-preuve-electronique-de-livraison\/\" \/>\n<meta property=\"og:locale\" content=\"fr_FR\" \/>\n<meta property=\"og:type\" content=\"article\" \/>\n<meta property=\"og:title\" content=\"Preuve de livraison\" \/>\n<meta property=\"og:description\" content=\"Notre logiciel de preuve de livraison \u00e9lectronique est une solution sans papier con\u00e7ue pour fournir une visibilit\u00e9 compl\u00e8te des op\u00e9rations de livraison. Suivre toutes les activit\u00e9s de livraison avec pr\u00e9cision\" \/>\n<meta property=\"og:url\" content=\"https:\/\/www.microlise.com\/fr\/produits\/gestion-de-la-livraison\/logiciel-de-preuve-electronique-de-livraison\/\" \/>\n<meta property=\"og:site_name\" content=\"Microlise France\" \/>\n<meta property=\"article:publisher\" content=\"https:\/\/www.facebook.com\/MicroliseFR\/\" \/>\n<meta property=\"article:modified_time\" content=\"2025-06-26T08:47:01+00:00\" \/>\n<meta property=\"og:image\" content=\"https:\/\/www.microlise.com\/wp-content\/uploads\/2014\/11\/microlise-proof-of-delivery.jpg\" \/>\n\t<meta property=\"og:image:width\" content=\"960\" \/>\n\t<meta property=\"og:image:height\" content=\"560\" \/>\n\t<meta property=\"og:image:type\" content=\"image\/jpeg\" \/>\n<meta name=\"twitter:card\" content=\"summary_large_image\" \/>\n<meta name=\"twitter:site\" content=\"@microlise\" \/>\n<meta name=\"twitter:label1\" content=\"Dur\u00e9e de lecture estim\u00e9e\" \/>\n\t<meta name=\"twitter:data1\" content=\"1 minute\" \/>\n<script type=\"application\/ld+json\" class=\"yoast-schema-graph\">{\"@context\":\"https:\\\/\\\/schema.org\",\"@graph\":[{\"@type\":\"WebPage\",\"@id\":\"https:\\\/\\\/www.microlise.com\\\/fr\\\/produits\\\/gestion-de-la-livraison\\\/logiciel-de-preuve-electronique-de-livraison\\\/\",\"url\":\"https:\\\/\\\/www.microlise.com\\\/fr\\\/produits\\\/gestion-de-la-livraison\\\/logiciel-de-preuve-electronique-de-livraison\\\/\",\"name\":\"Logiciel \u00e9lectronique de preuve de livraison de la flotte (POD) | Microlise\",\"isPartOf\":{\"@id\":\"https:\\\/\\\/www.microlise.com\\\/fr\\\/#website\"},\"primaryImageOfPage\":{\"@id\":\"https:\\\/\\\/www.microlise.com\\\/fr\\\/produits\\\/gestion-de-la-livraison\\\/logiciel-de-preuve-electronique-de-livraison\\\/#primaryimage\"},\"image\":{\"@id\":\"https:\\\/\\\/www.microlise.com\\\/fr\\\/produits\\\/gestion-de-la-livraison\\\/logiciel-de-preuve-electronique-de-livraison\\\/#primaryimage\"},\"thumbnailUrl\":\"https:\\\/\\\/www.microlise.com\\\/wp-content\\\/uploads\\\/2014\\\/11\\\/microlise-proof-of-delivery.jpg\",\"datePublished\":\"2014-11-06T13:58:00+00:00\",\"dateModified\":\"2025-06-26T08:47:01+00:00\",\"description\":\"Notre logiciel de preuve de livraison \u00e9lectronique est une solution sans papier con\u00e7ue pour fournir une visibilit\u00e9 compl\u00e8te des op\u00e9rations de livraison. Suivre toutes les activit\u00e9s de livraison avec pr\u00e9cision\",\"breadcrumb\":{\"@id\":\"https:\\\/\\\/www.microlise.com\\\/fr\\\/produits\\\/gestion-de-la-livraison\\\/logiciel-de-preuve-electronique-de-livraison\\\/#breadcrumb\"},\"inLanguage\":\"fr-FR\",\"potentialAction\":[{\"@type\":\"ReadAction\",\"target\":[\"https:\\\/\\\/www.microlise.com\\\/fr\\\/produits\\\/gestion-de-la-livraison\\\/logiciel-de-preuve-electronique-de-livraison\\\/\"]}]},{\"@type\":\"ImageObject\",\"inLanguage\":\"fr-FR\",\"@id\":\"https:\\\/\\\/www.microlise.com\\\/fr\\\/produits\\\/gestion-de-la-livraison\\\/logiciel-de-preuve-electronique-de-livraison\\\/#primaryimage\",\"url\":\"https:\\\/\\\/www.microlise.com\\\/wp-content\\\/uploads\\\/2014\\\/11\\\/microlise-proof-of-delivery.jpg\",\"contentUrl\":\"https:\\\/\\\/www.microlise.com\\\/wp-content\\\/uploads\\\/2014\\\/11\\\/microlise-proof-of-delivery.jpg\",\"width\":960,\"height\":560,\"caption\":\"Efficient parcel delivery tracking using Microlise technology for logistics optimisation.\"},{\"@type\":\"BreadcrumbList\",\"@id\":\"https:\\\/\\\/www.microlise.com\\\/fr\\\/produits\\\/gestion-de-la-livraison\\\/logiciel-de-preuve-electronique-de-livraison\\\/#breadcrumb\",\"itemListElement\":[{\"@type\":\"ListItem\",\"position\":1,\"name\":\"Home\",\"item\":\"https:\\\/\\\/www.microlise.com\\\/fr\\\/\"},{\"@type\":\"ListItem\",\"position\":2,\"name\":\"Gestion des Livraisons\",\"item\":\"https:\\\/\\\/www.microlise.com\\\/fr\\\/produits\\\/gestion-de-la-livraison\\\/\"},{\"@type\":\"ListItem\",\"position\":3,\"name\":\"Preuve de livraison\"}]},{\"@type\":\"WebSite\",\"@id\":\"https:\\\/\\\/www.microlise.com\\\/fr\\\/#website\",\"url\":\"https:\\\/\\\/www.microlise.com\\\/fr\\\/\",\"name\":\"Microlise France\",\"description\":\"Telematics, Transport &amp; Fleet Management Solutions\",\"publisher\":{\"@id\":\"https:\\\/\\\/www.microlise.com\\\/fr\\\/#organization\"},\"alternateName\":\"Microlise\",\"potentialAction\":[{\"@type\":\"SearchAction\",\"target\":{\"@type\":\"EntryPoint\",\"urlTemplate\":\"https:\\\/\\\/www.microlise.com\\\/fr\\\/?s={search_term_string}\"},\"query-input\":{\"@type\":\"PropertyValueSpecification\",\"valueRequired\":true,\"valueName\":\"search_term_string\"}}],\"inLanguage\":\"fr-FR\"},{\"@type\":\"Organization\",\"@id\":\"https:\\\/\\\/www.microlise.com\\\/fr\\\/#organization\",\"name\":\"Microlise\",\"alternateName\":\"Microlise\",\"url\":\"https:\\\/\\\/www.microlise.com\\\/fr\\\/\",\"logo\":{\"@type\":\"ImageObject\",\"inLanguage\":\"fr-FR\",\"@id\":\"https:\\\/\\\/www.microlise.com\\\/fr\\\/#\\\/schema\\\/logo\\\/image\\\/\",\"url\":\"https:\\\/\\\/www.microlise.com\\\/wp-content\\\/uploads\\\/2024\\\/06\\\/cropped-Microlise-Logo-Primary-Electric-1.png\",\"contentUrl\":\"https:\\\/\\\/www.microlise.com\\\/wp-content\\\/uploads\\\/2024\\\/06\\\/cropped-Microlise-Logo-Primary-Electric-1.png\",\"width\":235,\"height\":30,\"caption\":\"Microlise\"},\"image\":{\"@id\":\"https:\\\/\\\/www.microlise.com\\\/fr\\\/#\\\/schema\\\/logo\\\/image\\\/\"},\"sameAs\":[\"https:\\\/\\\/www.facebook.com\\\/MicroliseFR\\\/\",\"https:\\\/\\\/x.com\\\/microlise\",\"https:\\\/\\\/www.linkedin.com\\\/company\\\/microlise\",\"https:\\\/\\\/www.youtube.com\\\/user\\\/MicroliseLtd\"]}]}<\/script>\n<!-- \/ Yoast SEO Premium plugin. -->","yoast_head_json":{"title":"Logiciel \u00e9lectronique de preuve de livraison de la flotte (POD) | Microlise","description":"Notre logiciel de preuve de livraison \u00e9lectronique est une solution sans papier con\u00e7ue pour fournir une visibilit\u00e9 compl\u00e8te des op\u00e9rations de livraison. Suivre toutes les activit\u00e9s de livraison avec pr\u00e9cision","robots":{"index":"index","follow":"follow","max-snippet":"max-snippet:-1","max-image-preview":"max-image-preview:large","max-video-preview":"max-video-preview:-1"},"canonical":"https:\/\/www.microlise.com\/fr\/produits\/gestion-de-la-livraison\/logiciel-de-preuve-electronique-de-livraison\/","og_locale":"fr_FR","og_type":"article","og_title":"Preuve de livraison","og_description":"Notre logiciel de preuve de livraison \u00e9lectronique est une solution sans papier con\u00e7ue pour fournir une visibilit\u00e9 compl\u00e8te des op\u00e9rations de livraison. Suivre toutes les activit\u00e9s de livraison avec pr\u00e9cision","og_url":"https:\/\/www.microlise.com\/fr\/produits\/gestion-de-la-livraison\/logiciel-de-preuve-electronique-de-livraison\/","og_site_name":"Microlise France","article_publisher":"https:\/\/www.facebook.com\/MicroliseFR\/","article_modified_time":"2025-06-26T08:47:01+00:00","og_image":[{"width":960,"height":560,"url":"https:\/\/www.microlise.com\/wp-content\/uploads\/2014\/11\/microlise-proof-of-delivery.jpg","type":"image\/jpeg"}],"twitter_card":"summary_large_image","twitter_site":"@microlise","twitter_misc":{"Dur\u00e9e de lecture estim\u00e9e":"1 minute"},"schema":{"@context":"https:\/\/schema.org","@graph":[{"@type":"WebPage","@id":"https:\/\/www.microlise.com\/fr\/produits\/gestion-de-la-livraison\/logiciel-de-preuve-electronique-de-livraison\/","url":"https:\/\/www.microlise.com\/fr\/produits\/gestion-de-la-livraison\/logiciel-de-preuve-electronique-de-livraison\/","name":"Logiciel \u00e9lectronique de preuve de livraison de la flotte (POD) | Microlise","isPartOf":{"@id":"https:\/\/www.microlise.com\/fr\/#website"},"primaryImageOfPage":{"@id":"https:\/\/www.microlise.com\/fr\/produits\/gestion-de-la-livraison\/logiciel-de-preuve-electronique-de-livraison\/#primaryimage"},"image":{"@id":"https:\/\/www.microlise.com\/fr\/produits\/gestion-de-la-livraison\/logiciel-de-preuve-electronique-de-livraison\/#primaryimage"},"thumbnailUrl":"https:\/\/www.microlise.com\/wp-content\/uploads\/2014\/11\/microlise-proof-of-delivery.jpg","datePublished":"2014-11-06T13:58:00+00:00","dateModified":"2025-06-26T08:47:01+00:00","description":"Notre logiciel de preuve de livraison \u00e9lectronique est une solution sans papier con\u00e7ue pour fournir une visibilit\u00e9 compl\u00e8te des op\u00e9rations de livraison. Suivre toutes les activit\u00e9s de livraison avec pr\u00e9cision","breadcrumb":{"@id":"https:\/\/www.microlise.com\/fr\/produits\/gestion-de-la-livraison\/logiciel-de-preuve-electronique-de-livraison\/#breadcrumb"},"inLanguage":"fr-FR","potentialAction":[{"@type":"ReadAction","target":["https:\/\/www.microlise.com\/fr\/produits\/gestion-de-la-livraison\/logiciel-de-preuve-electronique-de-livraison\/"]}]},{"@type":"ImageObject","inLanguage":"fr-FR","@id":"https:\/\/www.microlise.com\/fr\/produits\/gestion-de-la-livraison\/logiciel-de-preuve-electronique-de-livraison\/#primaryimage","url":"https:\/\/www.microlise.com\/wp-content\/uploads\/2014\/11\/microlise-proof-of-delivery.jpg","contentUrl":"https:\/\/www.microlise.com\/wp-content\/uploads\/2014\/11\/microlise-proof-of-delivery.jpg","width":960,"height":560,"caption":"Efficient parcel delivery tracking using Microlise technology for logistics optimisation."},{"@type":"BreadcrumbList","@id":"https:\/\/www.microlise.com\/fr\/produits\/gestion-de-la-livraison\/logiciel-de-preuve-electronique-de-livraison\/#breadcrumb","itemListElement":[{"@type":"ListItem","position":1,"name":"Home","item":"https:\/\/www.microlise.com\/fr\/"},{"@type":"ListItem","position":2,"name":"Gestion des Livraisons","item":"https:\/\/www.microlise.com\/fr\/produits\/gestion-de-la-livraison\/"},{"@type":"ListItem","position":3,"name":"Preuve de livraison"}]},{"@type":"WebSite","@id":"https:\/\/www.microlise.com\/fr\/#website","url":"https:\/\/www.microlise.com\/fr\/","name":"Microlise France","description":"Telematics, Transport &amp; Fleet Management Solutions","publisher":{"@id":"https:\/\/www.microlise.com\/fr\/#organization"},"alternateName":"Microlise","potentialAction":[{"@type":"SearchAction","target":{"@type":"EntryPoint","urlTemplate":"https:\/\/www.microlise.com\/fr\/?s={search_term_string}"},"query-input":{"@type":"PropertyValueSpecification","valueRequired":true,"valueName":"search_term_string"}}],"inLanguage":"fr-FR"},{"@type":"Organization","@id":"https:\/\/www.microlise.com\/fr\/#organization","name":"Microlise","alternateName":"Microlise","url":"https:\/\/www.microlise.com\/fr\/","logo":{"@type":"ImageObject","inLanguage":"fr-FR","@id":"https:\/\/www.microlise.com\/fr\/#\/schema\/logo\/image\/","url":"https:\/\/www.microlise.com\/wp-content\/uploads\/2024\/06\/cropped-Microlise-Logo-Primary-Electric-1.png","contentUrl":"https:\/\/www.microlise.com\/wp-content\/uploads\/2024\/06\/cropped-Microlise-Logo-Primary-Electric-1.png","width":235,"height":30,"caption":"Microlise"},"image":{"@id":"https:\/\/www.microlise.com\/fr\/#\/schema\/logo\/image\/"},"sameAs":["https:\/\/www.facebook.com\/MicroliseFR\/","https:\/\/x.com\/microlise","https:\/\/www.linkedin.com\/company\/microlise","https:\/\/www.youtube.com\/user\/MicroliseLtd"]}]}},"cmb2":{"microlise_product_metabox":{"microlise_product_header":"","microlise_product_title":"","microlise_product_use_title":"","microlise_product_intro":"","microlise_product_header_image":"https:\/\/www.microlise.com\/wp-content\/uploads\/2016\/09\/home-banner.png","microlise_product_header_image_id":"40798","microlise_product_use_header_image":"on","microlise_product_cta":"","microlise_product_hctatxt":"Une d\u00e9monstration personnalis\u00e9e","microlise_product_hctaurl":"https:\/\/www.microlise.com\/fr\/demo-demande\/","microlise_product_hctabgcolor":"#dcff66","microlise_product_hctatcolor":"#151D25","microlise_product_hctatxt2":"","microlise_product_hctaurl2":"","microlise_product_hctabgcolor2":"","microlise_product_hctatcolor2":"#151D25","microlise_product_content":"","microlise_product_sub_title":"","microlise_product_vtype":"vimeo","microlise_product_VID":"666691367","microlise_product_Vcode":"","microlise_product_case_study":"","microlise_product_cimage":"","microlise_product_cimage_id":"","microlise_product_ctitle":"","microlise_product_ct_color":"#151D25","microlise_product_ccontent":"","microlise_product_ccontent_color":"#151D25","microlise_product_crbtn_text":"","microlise_product_crbtn_link":"","microlise_product_crbbgcolor":"#01CBDE","microlise_product_crbtcolor":"#151D25","microlise_product_crbgcolor":"#DCFF66","microlise_product_brochure":"","microlise_product_brtype":"brochure","microlise_product_bimage":"https:\/\/www.microlise.com\/wp-content\/uploads\/2014\/11\/french-product-brochure.png","microlise_product_bimage_id":"46609","microlise_product_btitle":"Pour en savoir plus, t\u00e9l\u00e9charger notre brochure produit","microlise_product_bt_color":"#151D25","microlise_product_bcontent":"D\u00e9couvrez comment les solutions Microlise permettent aux gestionnaires de flotte de proposer un meilleur service \u00e0 leurs clients tout en am\u00e9liorant la productivit\u00e9, la s\u00e9curit\u00e9 et en r\u00e9duisant les co\u00fbts et l'impact sur l'environnement.","microlise_product_bcontent_color":"#151D25","microlise_product_brbtn_text":"T\u00e9l\u00e9charger la brochure","microlise_product_brbbgcolor":"#01CBDE","microlise_product_brbtcolor":"#151D25","microlise_product_brbgcolor":"#DCFF66","microlise_product_hide_brochure":"","microlise_product_rimage":"","microlise_product_rimage_id":"","microlise_product_rtitle":"","microlise_product_rt_color":"","microlise_product_rcontent":"","microlise_product_rcontent_color":"","microlise_product_rebgcolor":"","microlise_product_rebtn_text":"","microlise_product_hide_report":"","microlise_product_benefit":"","microlise_product_bctatxt":"Demander une d\u00e9mo","microlise_product_bctaurl":"https:\/\/www.microlise.com\/fr\/demo-demande\/","microlise_product_bctabgcolor":"#01CBDE","microlise_product_bctatcolor":"#151D25","microlise_product_benefits":[{"icon_id":40435,"icon":"https:\/\/www.microlise.com\/wp-content\/uploads\/2024\/06\/eliminate-delivery-paperwork.png","title":"R\u00e9duisez l'administration et la paperasse","intro":"Passez au z\u00e9ro papier et gardez une trace num\u00e9rique de toutes les informations relatives aux livraisons et visites de sites, avec un \u00e9tat d'avancement enregistr\u00e9 et disponible en temps r\u00e9el.","ctatext":"","ctaurl":false,"cbgcolor":"#01CBDE","ctxtcolor":"#151D25"},{"icon_id":40723,"icon":"https:\/\/www.microlise.com\/wp-content\/uploads\/2024\/06\/simplify-management-of-exceptions.png","title":"Simplifiez-vous la gestion des litiges","intro":"Conservez des traces indiscutables en cas d'incident ou de litige, gr\u00e2ce \u00e0 la fonctionnalit\u00e9 de prise de photos. Cela vous permettra de r\u00e9soudre tous vos litiges plus facilement.","ctatext":"","ctaurl":false,"cbgcolor":"#01CBDE","ctxtcolor":"#151D25"},{"icon_id":40735,"icon":"https:\/\/www.microlise.com\/wp-content\/uploads\/2024\/06\/track-fleet-in-real-time.png","title":"G\u00e9rez les itin\u00e9raires en temps r\u00e9el","intro":"G\u00e9rez facilement et \u00e0 distance la charge de travail de vos conducteurs pour r\u00e9pondre aux demandes de vos clients et leur assurer une plus grande satisfaction &amp; qualit\u00e9 de service","cbgcolor":"#01CBDE","ctxtcolor":"#151D25"}],"microlise_product_feature":"","microlise_product_features":[{"img_type":"portrait","image_id":46581,"image":"https:\/\/www.microlise.com\/wp-content\/uploads\/2014\/11\/info-conteneur-1-1.png","video_id":"","video":false,"title":"Gestion des envois","intro":"Les informations de livraison sont transmises au chauffeur, lui permettant ainsi de visualiser la marchandise livr\u00e9e et de d\u00e9clarer les articles non livrables, d'indiquer le nombre exact d'articles livr\u00e9s ou de justifier la non-livraison. Des photos des articles endommag\u00e9s ou des collectes ponctuelles peuvent \u00e9galement \u00eatre prises.","ctatext":"","ctaurl":false,"cbgcolor":"#01CBDE","ctxtcolor":"#151D25"},{"img_type":"landscape","image_id":28734,"image":"https:\/\/www.microlise.com\/wp-content\/uploads\/2014\/11\/POD-06-Customisation2.png","video_id":30671,"video":"https:\/\/www.microlise.com\/wp-content\/uploads\/2014\/11\/POD-06-Customisation3.mp4","title":"Param\u00e9trage des t\u00e2ches\/activit\u00e9s par secteur en toute autonomie","intro":"Le mode de livraison \/ d'enl\u00e8vement peut \u00eatre param\u00e9tr\u00e9 diff\u00e9remment selon vos besoins et par vous-m\u00eame , en toute autonomie. Par exemple, il est possible qu'une preuve d'incident\/litige ne soit requise uniquement lorsqu'un probl\u00e8me est d\u00e9tect\u00e9. Sinon, l'ePOD peut \u00eatre \u00e9galement param\u00e9tr\u00e9 afin de contr\u00f4ler\/scanner chaque article de l'exp\u00e9dition. C'est \u00e0 vous de d\u00e9cider ce qui est le mieux pour votre entreprise. Cet ajustement aux process particuliers de votre entreprise vous apportera une meilleure efficacit\u00e9 op\u00e9rationnelle tout en facilitant la vie de vos conducteurs et exploitants.","ctatext":"","ctaurl":false,"cbgcolor":"#01CBDE","ctxtcolor":"#151D25"},{"img_type":"landscape","image_id":19407,"image":"https:\/\/www.microlise.com\/wp-content\/uploads\/2020\/12\/proof-of-presence.jpg","video_id":"","video":false,"title":"Preuve de pr\u00e9sence","intro":"\u00c0 l'arriv\u00e9e sur un site, selon votre param\u00e9trage des t\u00e2ches, le conducteur peut \u00eatre invit\u00e9 \u00e0 scanner un code \u00e0 barres ou un QR code afin de prouver qu'il \u00e9tait bien pr\u00e9sent, \u00e0 l'heure attendue.","ctatext":"","ctaurl":false,"cbgcolor":"#01CBDE","ctxtcolor":"#151D25"},{"img_type":"landscape","image_id":19413,"image":"https:\/\/www.microlise.com\/wp-content\/uploads\/2020\/12\/sign-on-glass.jpg","video_id":"","video":false,"title":"Signature sur \u00e9cran","intro":"La capture de la signature sur l'\u00e9cran r\u00e9duit la paperasse et l'administration, tout en augmentant la productivit\u00e9 et l'int\u00e9gration entre les diff\u00e9rents syst\u00e8mes mis en place dans votre entreprise. Tous les d\u00e9tails de la livraison sont enregistr\u00e9s, avec la possibilit\u00e9 d'envoyer automatiquement une confirmation directement au client final. Cela r\u00e9duit la paperasse inutile, rationalise le processus de livraison et am\u00e9liore la satisfaction de vos clients.","ctatext":"","ctaurl":false,"cbgcolor":"#01CBDE","ctxtcolor":"#151D25"},{"img_type":"landscape","image_id":28112,"image":"https:\/\/www.microlise.com\/wp-content\/uploads\/2014\/11\/POD-03-Damaged-Box.png","video_id":30683,"video":"https:\/\/www.microlise.com\/wp-content\/uploads\/2014\/11\/POD-03-Damaged-Box.mp4","title":"Gestion des exceptions","intro":"Vos marchandises peuvent exiger d'\u00eatre num\u00e9ris\u00e9es\/scann\u00e9es soit pour confirmer la livraison\/collecte effective de chaque article, soit uniquement lorsqu'il s'agit par exemple de produits de grande valeur. Les besoins diff\u00e9rents en mati\u00e8re de contr\u00f4le et de num\u00e9risation peuvent \u00eatre d\u00e9finis pour une m\u00eame exp\u00e9dition, du conteneur jusqu'\u00e0 l'article individuel.\r\n\r\nEt si les articles livr\u00e9s sont endommag\u00e9s, les conducteurs peuvent fournir toutes les informations requises, y compris les images, les ajustements de quantit\u00e9 et les raisons de la non-livraison, vous permettant ainsi qu'\u00e0 votre \u00e9quipe de service client de r\u00e9pondre rapidement aux probl\u00e8mes.","ctatext":"","ctaurl":false,"cbgcolor":"#01CBDE","ctxtcolor":"#151D25"},{"img_type":"landscape","image_id":28118,"image":"https:\/\/www.microlise.com\/wp-content\/uploads\/2014\/11\/POD-05-Loading-1.png","video_id":30689,"video":"https:\/\/www.microlise.com\/wp-content\/uploads\/2014\/11\/POD-05-Loading-1.mp4","title":"Chargement des v\u00e9hicules","intro":"Le module de chargement des v\u00e9hicules propose deux m\u00e9thodes de chargement des marchandises - soit dans l'ordre inverse de la livraison, soit par type de produit, par exemple \u00c9picerie, Produits Frais ou Surgel\u00e9s. Lorsque les articles sont scann\u00e9s, le syst\u00e8me se met automatiquement \u00e0 jour pour offrir une visibilit\u00e9 sur le contenu de chaque envoi.","ctatext":"","ctaurl":false,"cbgcolor":"#01CBDE","ctxtcolor":"#151D25"},{"img_type":"landscape","image_id":28722,"image":"https:\/\/www.microlise.com\/wp-content\/uploads\/2014\/11\/POD-04-Reporting.png","video_id":30695,"video":"https:\/\/www.microlise.com\/wp-content\/uploads\/2014\/11\/POD-04-Reporting-2.mp4","title":"Rapports","intro":"Une suite compl\u00e8te de rapports est disponible pour prendre en charge une analyse d\u00e9taill\u00e9e des performances de livraison.","cbgcolor":"#01CBDE","ctxtcolor":"#151D25"}],"microlise_product_anfeature":"","microlise_product_anfeatures":[{"img_type":"landscape","cbgcolor":"#01CBDE","ctxtcolor":"#151D25"}],"microlise_product_thirdfeature":"","microlise_product_thirdfeatures":[{"img_type":"landscape","cbgcolor":"#01CBDE","ctxtcolor":"#151D25"}],"microlise_product_faq":"","microlise_product_faqtitle":"","microlise_product_faqs":"","microlise_product_strip":"","microlise_product_stitle":"","microlise_product_sbtntext":"","microlise_product_sbtnurl":""}},"_links":{"self":[{"href":"https:\/\/www.microlise.com\/fr\/wp-json\/wp\/v2\/product\/15754","targetHints":{"allow":["GET"]}}],"collection":[{"href":"https:\/\/www.microlise.com\/fr\/wp-json\/wp\/v2\/product"}],"about":[{"href":"https:\/\/www.microlise.com\/fr\/wp-json\/wp\/v2\/types\/product"}],"up":[{"embeddable":true,"href":"https:\/\/www.microlise.com\/fr\/wp-json\/wp\/v2\/product\/15767"}],"wp:featuredmedia":[{"embeddable":true,"href":"https:\/\/www.microlise.com\/fr\/wp-json\/wp\/v2\/media\/28898"}],"wp:attachment":[{"href":"https:\/\/www.microlise.com\/fr\/wp-json\/wp\/v2\/media?parent=15754"}],"wp:term":[{"taxonomy":"category","embeddable":true,"href":"https:\/\/www.microlise.com\/fr\/wp-json\/wp\/v2\/categories?post=15754"}],"curies":[{"name":"wp","href":"https:\/\/api.w.org\/{rel}","templated":true}]}}