{"id":15753,"date":"2014-11-06T13:58:00","date_gmt":"2014-11-06T13:58:00","guid":{"rendered":"https:\/\/www.microlise.com\/fleet-management\/analyse-de-flotte\/"},"modified":"2025-07-15T14:58:15","modified_gmt":"2025-07-15T13:58:15","slug":"analyse-de-flotte","status":"publish","type":"product","link":"https:\/\/www.microlise.com\/fr\/produits\/analyse-de-flotte\/","title":{"rendered":"Gestion des Tourn\u00e9es"},"content":{"rendered":"<p>Avec notre module de Journey Management, vous pourrez non seulement r\u00e9duire le nombre de kilom\u00e8tres parcourus, mais aussi utiliser l\u2019outil pour vous aider \u00e0 am\u00e9liorer sans cesse votre plan de transport en utilisant intelligemment les donn\u00e9es r\u00e9elles en provenance du terrain : meilleurs itin\u00e9raires, nouveaux horaires, \u2026<\/p>\n<p>Et vous pourrez comparer ce qui s\u2019est r\u00e9ellement produit par rapport \u00e0 ce que vous aviez pr\u00e9vu.<\/p>\n<p>Nos modules sont con\u00e7us pour vous aider \u00e0 proposer \u00e0 vos clients un meilleur service en identifiant et en corrigeant les probl\u00e8mes potentiels qui ne se sont pas encore produits et en communiquant proactivement avec eux.<\/p>\n","protected":false},"excerpt":{"rendered":"<p>Assurez un service proactif \u00e0 vos clients en surveillant en temps r\u00e9el le statut des trajets par rapport au planning pr\u00e9vu.<\/p>\n<p>Avec les rapports sur le kilom\u00e9trage parcouru, vous pourrez d\u00e9briefer vos conducteurs par exception concernant leur respect des itin\u00e9raires et du planning.<\/p>\n","protected":false},"featured_media":41158,"parent":0,"menu_order":57,"template":"","categories":[1109],"class_list":["post-15753","product","type-product","status-publish","has-post-thumbnail","hentry","category-journey-management-fr","entry"],"yoast_head":"<!-- This site is optimized with the Yoast SEO Premium plugin v25.7.1 (Yoast SEO v27.3) - https:\/\/yoast.com\/product\/yoast-seo-premium-wordpress\/ -->\n<title>Analyse de la flotte et rapports sur le kilom\u00e9trage de la flotte | Microlise<\/title>\n<meta name=\"description\" content=\"Les rapports d&#039;analyse de flotte et de flotte d\u00e9taill\u00e9s en temps r\u00e9el de Microlise fournissent aux gestionnaires de flotte une vision beaucoup plus sophistiqu\u00e9e de la fa\u00e7on dont les v\u00e9hicules sont conduits sur le terrain\" \/>\n<meta name=\"robots\" content=\"index, follow, max-snippet:-1, max-image-preview:large, max-video-preview:-1\" \/>\n<link rel=\"canonical\" href=\"https:\/\/www.microlise.com\/fr\/produits\/analyse-de-flotte\/\" \/>\n<meta property=\"og:locale\" content=\"fr_FR\" \/>\n<meta property=\"og:type\" content=\"article\" \/>\n<meta property=\"og:title\" content=\"Gestion des Tourn\u00e9es\" \/>\n<meta property=\"og:description\" content=\"Les rapports d&#039;analyse de flotte et de flotte d\u00e9taill\u00e9s en temps r\u00e9el de Microlise fournissent aux gestionnaires de flotte une vision beaucoup plus sophistiqu\u00e9e de la fa\u00e7on dont les v\u00e9hicules sont conduits sur le terrain\" \/>\n<meta property=\"og:url\" content=\"https:\/\/www.microlise.com\/fr\/produits\/analyse-de-flotte\/\" \/>\n<meta property=\"og:site_name\" content=\"Microlise France\" \/>\n<meta property=\"article:publisher\" content=\"https:\/\/www.facebook.com\/MicroliseFR\/\" \/>\n<meta property=\"article:modified_time\" content=\"2025-07-15T13:58:15+00:00\" \/>\n<meta property=\"og:image\" content=\"https:\/\/www.microlise.com\/wp-content\/uploads\/2014\/11\/journey-management-lorry.jpg\" \/>\n\t<meta property=\"og:image:width\" content=\"960\" \/>\n\t<meta property=\"og:image:height\" content=\"560\" \/>\n\t<meta property=\"og:image:type\" content=\"image\/jpeg\" \/>\n<meta name=\"twitter:card\" content=\"summary_large_image\" \/>\n<meta name=\"twitter:site\" content=\"@microlise\" \/>\n<meta name=\"twitter:label1\" content=\"Dur\u00e9e de lecture estim\u00e9e\" \/>\n\t<meta name=\"twitter:data1\" content=\"1 minute\" \/>\n<script type=\"application\/ld+json\" class=\"yoast-schema-graph\">{\"@context\":\"https:\\\/\\\/schema.org\",\"@graph\":[{\"@type\":\"WebPage\",\"@id\":\"https:\\\/\\\/www.microlise.com\\\/fr\\\/produits\\\/analyse-de-flotte\\\/\",\"url\":\"https:\\\/\\\/www.microlise.com\\\/fr\\\/produits\\\/analyse-de-flotte\\\/\",\"name\":\"Analyse de la flotte et rapports sur le kilom\u00e9trage de la flotte | Microlise\",\"isPartOf\":{\"@id\":\"https:\\\/\\\/www.microlise.com\\\/fr\\\/#website\"},\"primaryImageOfPage\":{\"@id\":\"https:\\\/\\\/www.microlise.com\\\/fr\\\/produits\\\/analyse-de-flotte\\\/#primaryimage\"},\"image\":{\"@id\":\"https:\\\/\\\/www.microlise.com\\\/fr\\\/produits\\\/analyse-de-flotte\\\/#primaryimage\"},\"thumbnailUrl\":\"https:\\\/\\\/www.microlise.com\\\/wp-content\\\/uploads\\\/2014\\\/11\\\/journey-management-lorry.jpg\",\"datePublished\":\"2014-11-06T13:58:00+00:00\",\"dateModified\":\"2025-07-15T13:58:15+00:00\",\"description\":\"Les rapports d'analyse de flotte et de flotte d\u00e9taill\u00e9s en temps r\u00e9el de Microlise fournissent aux gestionnaires de flotte une vision beaucoup plus sophistiqu\u00e9e de la fa\u00e7on dont les v\u00e9hicules sont conduits sur le terrain\",\"breadcrumb\":{\"@id\":\"https:\\\/\\\/www.microlise.com\\\/fr\\\/produits\\\/analyse-de-flotte\\\/#breadcrumb\"},\"inLanguage\":\"fr-FR\",\"potentialAction\":[{\"@type\":\"ReadAction\",\"target\":[\"https:\\\/\\\/www.microlise.com\\\/fr\\\/produits\\\/analyse-de-flotte\\\/\"]}]},{\"@type\":\"ImageObject\",\"inLanguage\":\"fr-FR\",\"@id\":\"https:\\\/\\\/www.microlise.com\\\/fr\\\/produits\\\/analyse-de-flotte\\\/#primaryimage\",\"url\":\"https:\\\/\\\/www.microlise.com\\\/wp-content\\\/uploads\\\/2014\\\/11\\\/journey-management-lorry.jpg\",\"contentUrl\":\"https:\\\/\\\/www.microlise.com\\\/wp-content\\\/uploads\\\/2014\\\/11\\\/journey-management-lorry.jpg\",\"width\":960,\"height\":560},{\"@type\":\"BreadcrumbList\",\"@id\":\"https:\\\/\\\/www.microlise.com\\\/fr\\\/produits\\\/analyse-de-flotte\\\/#breadcrumb\",\"itemListElement\":[{\"@type\":\"ListItem\",\"position\":1,\"name\":\"Home\",\"item\":\"https:\\\/\\\/www.microlise.com\\\/fr\\\/\"},{\"@type\":\"ListItem\",\"position\":2,\"name\":\"Gestion des Tourn\u00e9es\"}]},{\"@type\":\"WebSite\",\"@id\":\"https:\\\/\\\/www.microlise.com\\\/fr\\\/#website\",\"url\":\"https:\\\/\\\/www.microlise.com\\\/fr\\\/\",\"name\":\"Microlise France\",\"description\":\"Telematics, Transport &amp; Fleet Management Solutions\",\"publisher\":{\"@id\":\"https:\\\/\\\/www.microlise.com\\\/fr\\\/#organization\"},\"alternateName\":\"Microlise\",\"potentialAction\":[{\"@type\":\"SearchAction\",\"target\":{\"@type\":\"EntryPoint\",\"urlTemplate\":\"https:\\\/\\\/www.microlise.com\\\/fr\\\/?s={search_term_string}\"},\"query-input\":{\"@type\":\"PropertyValueSpecification\",\"valueRequired\":true,\"valueName\":\"search_term_string\"}}],\"inLanguage\":\"fr-FR\"},{\"@type\":\"Organization\",\"@id\":\"https:\\\/\\\/www.microlise.com\\\/fr\\\/#organization\",\"name\":\"Microlise\",\"alternateName\":\"Microlise\",\"url\":\"https:\\\/\\\/www.microlise.com\\\/fr\\\/\",\"logo\":{\"@type\":\"ImageObject\",\"inLanguage\":\"fr-FR\",\"@id\":\"https:\\\/\\\/www.microlise.com\\\/fr\\\/#\\\/schema\\\/logo\\\/image\\\/\",\"url\":\"https:\\\/\\\/www.microlise.com\\\/wp-content\\\/uploads\\\/2024\\\/06\\\/cropped-Microlise-Logo-Primary-Electric-1.png\",\"contentUrl\":\"https:\\\/\\\/www.microlise.com\\\/wp-content\\\/uploads\\\/2024\\\/06\\\/cropped-Microlise-Logo-Primary-Electric-1.png\",\"width\":235,\"height\":30,\"caption\":\"Microlise\"},\"image\":{\"@id\":\"https:\\\/\\\/www.microlise.com\\\/fr\\\/#\\\/schema\\\/logo\\\/image\\\/\"},\"sameAs\":[\"https:\\\/\\\/www.facebook.com\\\/MicroliseFR\\\/\",\"https:\\\/\\\/x.com\\\/microlise\",\"https:\\\/\\\/www.linkedin.com\\\/company\\\/microlise\",\"https:\\\/\\\/www.youtube.com\\\/user\\\/MicroliseLtd\"]}]}<\/script>\n<!-- \/ Yoast SEO Premium plugin. -->","yoast_head_json":{"title":"Analyse de la flotte et rapports sur le kilom\u00e9trage de la flotte | Microlise","description":"Les rapports d'analyse de flotte et de flotte d\u00e9taill\u00e9s en temps r\u00e9el de Microlise fournissent aux gestionnaires de flotte une vision beaucoup plus sophistiqu\u00e9e de la fa\u00e7on dont les v\u00e9hicules sont conduits sur le terrain","robots":{"index":"index","follow":"follow","max-snippet":"max-snippet:-1","max-image-preview":"max-image-preview:large","max-video-preview":"max-video-preview:-1"},"canonical":"https:\/\/www.microlise.com\/fr\/produits\/analyse-de-flotte\/","og_locale":"fr_FR","og_type":"article","og_title":"Gestion des Tourn\u00e9es","og_description":"Les rapports d'analyse de flotte et de flotte d\u00e9taill\u00e9s en temps r\u00e9el de Microlise fournissent aux gestionnaires de flotte une vision beaucoup plus sophistiqu\u00e9e de la fa\u00e7on dont les v\u00e9hicules sont conduits sur le terrain","og_url":"https:\/\/www.microlise.com\/fr\/produits\/analyse-de-flotte\/","og_site_name":"Microlise France","article_publisher":"https:\/\/www.facebook.com\/MicroliseFR\/","article_modified_time":"2025-07-15T13:58:15+00:00","og_image":[{"width":960,"height":560,"url":"https:\/\/www.microlise.com\/wp-content\/uploads\/2014\/11\/journey-management-lorry.jpg","type":"image\/jpeg"}],"twitter_card":"summary_large_image","twitter_site":"@microlise","twitter_misc":{"Dur\u00e9e de lecture estim\u00e9e":"1 minute"},"schema":{"@context":"https:\/\/schema.org","@graph":[{"@type":"WebPage","@id":"https:\/\/www.microlise.com\/fr\/produits\/analyse-de-flotte\/","url":"https:\/\/www.microlise.com\/fr\/produits\/analyse-de-flotte\/","name":"Analyse de la flotte et rapports sur le kilom\u00e9trage de la flotte | Microlise","isPartOf":{"@id":"https:\/\/www.microlise.com\/fr\/#website"},"primaryImageOfPage":{"@id":"https:\/\/www.microlise.com\/fr\/produits\/analyse-de-flotte\/#primaryimage"},"image":{"@id":"https:\/\/www.microlise.com\/fr\/produits\/analyse-de-flotte\/#primaryimage"},"thumbnailUrl":"https:\/\/www.microlise.com\/wp-content\/uploads\/2014\/11\/journey-management-lorry.jpg","datePublished":"2014-11-06T13:58:00+00:00","dateModified":"2025-07-15T13:58:15+00:00","description":"Les rapports d'analyse de flotte et de flotte d\u00e9taill\u00e9s en temps r\u00e9el de Microlise fournissent aux gestionnaires de flotte une vision beaucoup plus sophistiqu\u00e9e de la fa\u00e7on dont les v\u00e9hicules sont conduits sur le terrain","breadcrumb":{"@id":"https:\/\/www.microlise.com\/fr\/produits\/analyse-de-flotte\/#breadcrumb"},"inLanguage":"fr-FR","potentialAction":[{"@type":"ReadAction","target":["https:\/\/www.microlise.com\/fr\/produits\/analyse-de-flotte\/"]}]},{"@type":"ImageObject","inLanguage":"fr-FR","@id":"https:\/\/www.microlise.com\/fr\/produits\/analyse-de-flotte\/#primaryimage","url":"https:\/\/www.microlise.com\/wp-content\/uploads\/2014\/11\/journey-management-lorry.jpg","contentUrl":"https:\/\/www.microlise.com\/wp-content\/uploads\/2014\/11\/journey-management-lorry.jpg","width":960,"height":560},{"@type":"BreadcrumbList","@id":"https:\/\/www.microlise.com\/fr\/produits\/analyse-de-flotte\/#breadcrumb","itemListElement":[{"@type":"ListItem","position":1,"name":"Home","item":"https:\/\/www.microlise.com\/fr\/"},{"@type":"ListItem","position":2,"name":"Gestion des Tourn\u00e9es"}]},{"@type":"WebSite","@id":"https:\/\/www.microlise.com\/fr\/#website","url":"https:\/\/www.microlise.com\/fr\/","name":"Microlise France","description":"Telematics, Transport &amp; Fleet Management Solutions","publisher":{"@id":"https:\/\/www.microlise.com\/fr\/#organization"},"alternateName":"Microlise","potentialAction":[{"@type":"SearchAction","target":{"@type":"EntryPoint","urlTemplate":"https:\/\/www.microlise.com\/fr\/?s={search_term_string}"},"query-input":{"@type":"PropertyValueSpecification","valueRequired":true,"valueName":"search_term_string"}}],"inLanguage":"fr-FR"},{"@type":"Organization","@id":"https:\/\/www.microlise.com\/fr\/#organization","name":"Microlise","alternateName":"Microlise","url":"https:\/\/www.microlise.com\/fr\/","logo":{"@type":"ImageObject","inLanguage":"fr-FR","@id":"https:\/\/www.microlise.com\/fr\/#\/schema\/logo\/image\/","url":"https:\/\/www.microlise.com\/wp-content\/uploads\/2024\/06\/cropped-Microlise-Logo-Primary-Electric-1.png","contentUrl":"https:\/\/www.microlise.com\/wp-content\/uploads\/2024\/06\/cropped-Microlise-Logo-Primary-Electric-1.png","width":235,"height":30,"caption":"Microlise"},"image":{"@id":"https:\/\/www.microlise.com\/fr\/#\/schema\/logo\/image\/"},"sameAs":["https:\/\/www.facebook.com\/MicroliseFR\/","https:\/\/x.com\/microlise","https:\/\/www.linkedin.com\/company\/microlise","https:\/\/www.youtube.com\/user\/MicroliseLtd"]}]}},"cmb2":{"microlise_product_metabox":{"microlise_product_header":"","microlise_product_title":"","microlise_product_use_title":"","microlise_product_intro":"","microlise_product_header_image":"https:\/\/www.microlise.com\/wp-content\/uploads\/2016\/10\/home-banner.jpg","microlise_product_header_image_id":"40944","microlise_product_use_header_image":"on","microlise_product_cta":"","microlise_product_hctatxt":"Une d\u00e9monstration personnalis\u00e9e","microlise_product_hctaurl":"https:\/\/www.microlise.com\/fr\/demo-demande\/","microlise_product_hctabgcolor":"#01CBDE","microlise_product_hctatcolor":"#151D25","microlise_product_hctatxt2":"","microlise_product_hctaurl2":"","microlise_product_hctabgcolor2":"","microlise_product_hctatcolor2":"#151D25","microlise_product_content":"","microlise_product_sub_title":"Gestion et analyse des trajets","microlise_product_vtype":"vimeo","microlise_product_VID":"666689573","microlise_product_Vcode":"","microlise_product_case_study":"","microlise_product_cimage":"","microlise_product_cimage_id":"","microlise_product_ctitle":"","microlise_product_ct_color":"#151D25","microlise_product_ccontent":"","microlise_product_ccontent_color":"#151D25","microlise_product_crbtn_text":"","microlise_product_crbtn_link":"","microlise_product_crbbgcolor":"#01CBDE","microlise_product_crbtcolor":"#151D25","microlise_product_crbgcolor":"#DCFF66","microlise_product_brochure":"","microlise_product_brtype":"brochure","microlise_product_bimage":"https:\/\/www.microlise.com\/wp-content\/uploads\/2014\/11\/french-product-brochure.png","microlise_product_bimage_id":"46609","microlise_product_btitle":"Pour en savoir plus, t\u00e9l\u00e9charger notre brochure produit","microlise_product_bt_color":"#151D25","microlise_product_bcontent":"D\u00e9couvrez comment les solutions Microlise permettent aux gestionnaires de flotte de proposer un meilleur service \u00e0 leurs clients tout en am\u00e9liorant la productivit\u00e9, la s\u00e9curit\u00e9 et en r\u00e9duisant les co\u00fbts et l'impact sur l'environnement","microlise_product_bcontent_color":"#151D25","microlise_product_brbtn_text":"T\u00e9l\u00e9charger la brochure","microlise_product_brbbgcolor":"#01CBDE","microlise_product_brbtcolor":"#151D25","microlise_product_brbgcolor":"#DCFF66","microlise_product_hide_brochure":"","microlise_product_rimage":"","microlise_product_rimage_id":"","microlise_product_rtitle":"","microlise_product_rt_color":"","microlise_product_rcontent":"","microlise_product_rcontent_color":"","microlise_product_rebgcolor":"","microlise_product_rebtn_text":"","microlise_product_hide_report":"","microlise_product_benefit":"","microlise_product_bctatxt":"","microlise_product_bctaurl":"","microlise_product_bctabgcolor":"#01CBDE","microlise_product_bctatcolor":"#151D25","microlise_product_benefits":[{"cbgcolor":"#01CBDE","ctxtcolor":"#151D25"}],"microlise_product_feature":"","microlise_product_features":[{"img_type":"landscape","cbgcolor":"#01CBDE","ctxtcolor":"#151D25"}],"microlise_product_anfeature":"","microlise_product_anfeatures":[{"img_type":"landscape","cbgcolor":"#01CBDE","ctxtcolor":"#151D25"}],"microlise_product_thirdfeature":"","microlise_product_thirdfeatures":[{"img_type":"landscape","cbgcolor":"#01CBDE","ctxtcolor":"#151D25"}],"microlise_product_faq":"","microlise_product_faqtitle":"","microlise_product_faqs":"","microlise_product_strip":"","microlise_product_stitle":"","microlise_product_sbtntext":"","microlise_product_sbtnurl":""}},"_links":{"self":[{"href":"https:\/\/www.microlise.com\/fr\/wp-json\/wp\/v2\/product\/15753","targetHints":{"allow":["GET"]}}],"collection":[{"href":"https:\/\/www.microlise.com\/fr\/wp-json\/wp\/v2\/product"}],"about":[{"href":"https:\/\/www.microlise.com\/fr\/wp-json\/wp\/v2\/types\/product"}],"wp:featuredmedia":[{"embeddable":true,"href":"https:\/\/www.microlise.com\/fr\/wp-json\/wp\/v2\/media\/41158"}],"wp:attachment":[{"href":"https:\/\/www.microlise.com\/fr\/wp-json\/wp\/v2\/media?parent=15753"}],"wp:term":[{"taxonomy":"category","embeddable":true,"href":"https:\/\/www.microlise.com\/fr\/wp-json\/wp\/v2\/categories?post=15753"}],"curies":[{"name":"wp","href":"https:\/\/api.w.org\/{rel}","templated":true}]}}