{"id":15752,"date":"2014-11-03T13:56:00","date_gmt":"2014-11-03T13:56:00","guid":{"rendered":"https:\/\/www.microlise.com\/fleet-management\/flotte-telematique\/"},"modified":"2024-06-12T11:49:46","modified_gmt":"2024-06-12T10:49:46","slug":"flotte-telematique","status":"publish","type":"product","link":"https:\/\/www.microlise.com\/fr\/produits\/flotte-telematique\/","title":{"rendered":"Gestion de flotte"},"content":{"rendered":"<p>Gr\u00e2ce \u00e0 notre \u00e9quipement embarqu\u00e9 \u00e0 bord des v\u00e9hicules et notre interface utilisateur intuitive, vous pouvez rester en contact avec vos ressources o\u00f9 qu\u2019elles soient, rep\u00e9rer pr\u00e9cis\u00e9ment o\u00f9 elles se trouvent, o\u00f9 elles sont all\u00e9es et vers o\u00f9 elles se dirigent. Vous pouvez m\u00eame reprogrammer leur planning en temps r\u00e9el depuis votre bureau.<\/p>\n<p>Nos solutions vous permettent d&rsquo;affecter vos v\u00e9hicules et vos conducteurs l\u00e0 o\u00f9 ils seront les plus efficaces. Et en connaissant les comportements de conduite de chacun de vos conducteurs, vous pourrez \u00e9galement axer vos formations vers ceux o\u00f9 elles auront l&rsquo;impact le plus positif sur votre niveau de performance globale.<\/p>\n<p>Microlise vous aidera \u00e9galement \u00e0 am\u00e9liorer la communication avec vos conducteurs et vos clients, en vous proposant une solution de t\u00e9l\u00e9phonie mains libres, s\u00fbre, avec des co\u00fbts de communication ma\u00eetris\u00e9s, et une messagerie bi-directionnelle performante pour garder le contact avec vos conducteurs.<\/p>\n","protected":false},"excerpt":{"rendered":"<p>Les syst\u00e8mes d\u2019informatique embarqu\u00e9e de Microlise vous aident \u00e0 maximiser les performances de vos conducteurs et \u00e0 optimiser la gestion et l\u2019\u00e9tat de vos v\u00e9hicules. En r\u00e9duisant votre consommation de carburant, vous r\u00e9duisez votre impact sur l\u2019environnement et vos co\u00fbts. Et vous pouvez atteindre un niveau de services plus \u00e9lev\u00e9 en maximisant l\u2019utilisation de vos ressources et leur efficacit\u00e9 op\u00e9rationnelle.<\/p>\n","protected":false},"featured_media":41377,"parent":0,"menu_order":21,"template":"","categories":[1097],"class_list":["post-15752","product","type-product","status-publish","has-post-thumbnail","hentry","category-telematics-fr","entry"],"yoast_head":"<!-- This site is optimized with the Yoast SEO Premium plugin v25.7.1 (Yoast SEO v27.3) - https:\/\/yoast.com\/product\/yoast-seo-premium-wordpress\/ -->\n<title>T\u00e9l\u00e9matique de flotte commerciale | Syst\u00e8mes t\u00e9l\u00e9matiques de v\u00e9hicules<\/title>\n<meta name=\"description\" content=\"Les syst\u00e8mes t\u00e9l\u00e9matiques de la flotte commerciale Microlise sont con\u00e7us pour aider \u00e0 am\u00e9liorer l&#039;utilisation des v\u00e9hicules, r\u00e9duire les co\u00fbts de carburant du parc automobile, am\u00e9liorer les performances du conducteur et bien plus encore.\" \/>\n<meta name=\"robots\" content=\"index, follow, max-snippet:-1, max-image-preview:large, max-video-preview:-1\" \/>\n<link rel=\"canonical\" href=\"https:\/\/www.microlise.com\/fr\/produits\/flotte-telematique\/\" \/>\n<meta property=\"og:locale\" content=\"fr_FR\" \/>\n<meta property=\"og:type\" content=\"article\" \/>\n<meta property=\"og:title\" content=\"Gestion de flotte\" \/>\n<meta property=\"og:description\" content=\"Les syst\u00e8mes t\u00e9l\u00e9matiques de la flotte commerciale Microlise sont con\u00e7us pour aider \u00e0 am\u00e9liorer l&#039;utilisation des v\u00e9hicules, r\u00e9duire les co\u00fbts de carburant du parc automobile, am\u00e9liorer les performances du conducteur et bien plus encore.\" \/>\n<meta property=\"og:url\" content=\"https:\/\/www.microlise.com\/fr\/produits\/flotte-telematique\/\" \/>\n<meta property=\"og:site_name\" content=\"Microlise France\" \/>\n<meta property=\"article:publisher\" content=\"https:\/\/www.facebook.com\/MicroliseFR\/\" \/>\n<meta property=\"article:modified_time\" content=\"2024-06-12T10:49:46+00:00\" \/>\n<meta property=\"og:image\" content=\"https:\/\/www.microlise.com\/wp-content\/uploads\/2014\/11\/fleet-telematics-1-1.jpg\" \/>\n\t<meta property=\"og:image:width\" content=\"960\" \/>\n\t<meta property=\"og:image:height\" content=\"560\" \/>\n\t<meta property=\"og:image:type\" content=\"image\/jpeg\" \/>\n<meta name=\"twitter:card\" content=\"summary_large_image\" \/>\n<meta name=\"twitter:site\" content=\"@microlise\" \/>\n<meta name=\"twitter:label1\" content=\"Dur\u00e9e de lecture estim\u00e9e\" \/>\n\t<meta name=\"twitter:data1\" content=\"1 minute\" \/>\n<script type=\"application\/ld+json\" class=\"yoast-schema-graph\">{\"@context\":\"https:\\\/\\\/schema.org\",\"@graph\":[{\"@type\":\"WebPage\",\"@id\":\"https:\\\/\\\/www.microlise.com\\\/fr\\\/produits\\\/flotte-telematique\\\/\",\"url\":\"https:\\\/\\\/www.microlise.com\\\/fr\\\/produits\\\/flotte-telematique\\\/\",\"name\":\"T\u00e9l\u00e9matique de flotte commerciale | Syst\u00e8mes t\u00e9l\u00e9matiques de v\u00e9hicules\",\"isPartOf\":{\"@id\":\"https:\\\/\\\/www.microlise.com\\\/fr\\\/#website\"},\"primaryImageOfPage\":{\"@id\":\"https:\\\/\\\/www.microlise.com\\\/fr\\\/produits\\\/flotte-telematique\\\/#primaryimage\"},\"image\":{\"@id\":\"https:\\\/\\\/www.microlise.com\\\/fr\\\/produits\\\/flotte-telematique\\\/#primaryimage\"},\"thumbnailUrl\":\"https:\\\/\\\/www.microlise.com\\\/wp-content\\\/uploads\\\/2014\\\/11\\\/fleet-telematics-1-1.jpg\",\"datePublished\":\"2014-11-03T13:56:00+00:00\",\"dateModified\":\"2024-06-12T10:49:46+00:00\",\"description\":\"Les syst\u00e8mes t\u00e9l\u00e9matiques de la flotte commerciale Microlise sont con\u00e7us pour aider \u00e0 am\u00e9liorer l'utilisation des v\u00e9hicules, r\u00e9duire les co\u00fbts de carburant du parc automobile, am\u00e9liorer les performances du conducteur et bien plus encore.\",\"breadcrumb\":{\"@id\":\"https:\\\/\\\/www.microlise.com\\\/fr\\\/produits\\\/flotte-telematique\\\/#breadcrumb\"},\"inLanguage\":\"fr-FR\",\"potentialAction\":[{\"@type\":\"ReadAction\",\"target\":[\"https:\\\/\\\/www.microlise.com\\\/fr\\\/produits\\\/flotte-telematique\\\/\"]}]},{\"@type\":\"ImageObject\",\"inLanguage\":\"fr-FR\",\"@id\":\"https:\\\/\\\/www.microlise.com\\\/fr\\\/produits\\\/flotte-telematique\\\/#primaryimage\",\"url\":\"https:\\\/\\\/www.microlise.com\\\/wp-content\\\/uploads\\\/2014\\\/11\\\/fleet-telematics-1-1.jpg\",\"contentUrl\":\"https:\\\/\\\/www.microlise.com\\\/wp-content\\\/uploads\\\/2014\\\/11\\\/fleet-telematics-1-1.jpg\",\"width\":960,\"height\":560,\"caption\":\"Efficient logistics with Microlise transport management solutions, ensuring real-time tracking and fleet optimisation for modern supply chains.\"},{\"@type\":\"BreadcrumbList\",\"@id\":\"https:\\\/\\\/www.microlise.com\\\/fr\\\/produits\\\/flotte-telematique\\\/#breadcrumb\",\"itemListElement\":[{\"@type\":\"ListItem\",\"position\":1,\"name\":\"Home\",\"item\":\"https:\\\/\\\/www.microlise.com\\\/fr\\\/\"},{\"@type\":\"ListItem\",\"position\":2,\"name\":\"Gestion de flotte\"}]},{\"@type\":\"WebSite\",\"@id\":\"https:\\\/\\\/www.microlise.com\\\/fr\\\/#website\",\"url\":\"https:\\\/\\\/www.microlise.com\\\/fr\\\/\",\"name\":\"Microlise France\",\"description\":\"Telematics, Transport &amp; Fleet Management Solutions\",\"publisher\":{\"@id\":\"https:\\\/\\\/www.microlise.com\\\/fr\\\/#organization\"},\"alternateName\":\"Microlise\",\"potentialAction\":[{\"@type\":\"SearchAction\",\"target\":{\"@type\":\"EntryPoint\",\"urlTemplate\":\"https:\\\/\\\/www.microlise.com\\\/fr\\\/?s={search_term_string}\"},\"query-input\":{\"@type\":\"PropertyValueSpecification\",\"valueRequired\":true,\"valueName\":\"search_term_string\"}}],\"inLanguage\":\"fr-FR\"},{\"@type\":\"Organization\",\"@id\":\"https:\\\/\\\/www.microlise.com\\\/fr\\\/#organization\",\"name\":\"Microlise\",\"alternateName\":\"Microlise\",\"url\":\"https:\\\/\\\/www.microlise.com\\\/fr\\\/\",\"logo\":{\"@type\":\"ImageObject\",\"inLanguage\":\"fr-FR\",\"@id\":\"https:\\\/\\\/www.microlise.com\\\/fr\\\/#\\\/schema\\\/logo\\\/image\\\/\",\"url\":\"https:\\\/\\\/www.microlise.com\\\/wp-content\\\/uploads\\\/2024\\\/06\\\/cropped-Microlise-Logo-Primary-Electric-1.png\",\"contentUrl\":\"https:\\\/\\\/www.microlise.com\\\/wp-content\\\/uploads\\\/2024\\\/06\\\/cropped-Microlise-Logo-Primary-Electric-1.png\",\"width\":235,\"height\":30,\"caption\":\"Microlise\"},\"image\":{\"@id\":\"https:\\\/\\\/www.microlise.com\\\/fr\\\/#\\\/schema\\\/logo\\\/image\\\/\"},\"sameAs\":[\"https:\\\/\\\/www.facebook.com\\\/MicroliseFR\\\/\",\"https:\\\/\\\/x.com\\\/microlise\",\"https:\\\/\\\/www.linkedin.com\\\/company\\\/microlise\",\"https:\\\/\\\/www.youtube.com\\\/user\\\/MicroliseLtd\"]}]}<\/script>\n<!-- \/ Yoast SEO Premium plugin. -->","yoast_head_json":{"title":"T\u00e9l\u00e9matique de flotte commerciale | Syst\u00e8mes t\u00e9l\u00e9matiques de v\u00e9hicules","description":"Les syst\u00e8mes t\u00e9l\u00e9matiques de la flotte commerciale Microlise sont con\u00e7us pour aider \u00e0 am\u00e9liorer l'utilisation des v\u00e9hicules, r\u00e9duire les co\u00fbts de carburant du parc automobile, am\u00e9liorer les performances du conducteur et bien plus encore.","robots":{"index":"index","follow":"follow","max-snippet":"max-snippet:-1","max-image-preview":"max-image-preview:large","max-video-preview":"max-video-preview:-1"},"canonical":"https:\/\/www.microlise.com\/fr\/produits\/flotte-telematique\/","og_locale":"fr_FR","og_type":"article","og_title":"Gestion de flotte","og_description":"Les syst\u00e8mes t\u00e9l\u00e9matiques de la flotte commerciale Microlise sont con\u00e7us pour aider \u00e0 am\u00e9liorer l'utilisation des v\u00e9hicules, r\u00e9duire les co\u00fbts de carburant du parc automobile, am\u00e9liorer les performances du conducteur et bien plus encore.","og_url":"https:\/\/www.microlise.com\/fr\/produits\/flotte-telematique\/","og_site_name":"Microlise France","article_publisher":"https:\/\/www.facebook.com\/MicroliseFR\/","article_modified_time":"2024-06-12T10:49:46+00:00","og_image":[{"width":960,"height":560,"url":"https:\/\/www.microlise.com\/wp-content\/uploads\/2014\/11\/fleet-telematics-1-1.jpg","type":"image\/jpeg"}],"twitter_card":"summary_large_image","twitter_site":"@microlise","twitter_misc":{"Dur\u00e9e de lecture estim\u00e9e":"1 minute"},"schema":{"@context":"https:\/\/schema.org","@graph":[{"@type":"WebPage","@id":"https:\/\/www.microlise.com\/fr\/produits\/flotte-telematique\/","url":"https:\/\/www.microlise.com\/fr\/produits\/flotte-telematique\/","name":"T\u00e9l\u00e9matique de flotte commerciale | Syst\u00e8mes t\u00e9l\u00e9matiques de v\u00e9hicules","isPartOf":{"@id":"https:\/\/www.microlise.com\/fr\/#website"},"primaryImageOfPage":{"@id":"https:\/\/www.microlise.com\/fr\/produits\/flotte-telematique\/#primaryimage"},"image":{"@id":"https:\/\/www.microlise.com\/fr\/produits\/flotte-telematique\/#primaryimage"},"thumbnailUrl":"https:\/\/www.microlise.com\/wp-content\/uploads\/2014\/11\/fleet-telematics-1-1.jpg","datePublished":"2014-11-03T13:56:00+00:00","dateModified":"2024-06-12T10:49:46+00:00","description":"Les syst\u00e8mes t\u00e9l\u00e9matiques de la flotte commerciale Microlise sont con\u00e7us pour aider \u00e0 am\u00e9liorer l'utilisation des v\u00e9hicules, r\u00e9duire les co\u00fbts de carburant du parc automobile, am\u00e9liorer les performances du conducteur et bien plus encore.","breadcrumb":{"@id":"https:\/\/www.microlise.com\/fr\/produits\/flotte-telematique\/#breadcrumb"},"inLanguage":"fr-FR","potentialAction":[{"@type":"ReadAction","target":["https:\/\/www.microlise.com\/fr\/produits\/flotte-telematique\/"]}]},{"@type":"ImageObject","inLanguage":"fr-FR","@id":"https:\/\/www.microlise.com\/fr\/produits\/flotte-telematique\/#primaryimage","url":"https:\/\/www.microlise.com\/wp-content\/uploads\/2014\/11\/fleet-telematics-1-1.jpg","contentUrl":"https:\/\/www.microlise.com\/wp-content\/uploads\/2014\/11\/fleet-telematics-1-1.jpg","width":960,"height":560,"caption":"Efficient logistics with Microlise transport management solutions, ensuring real-time tracking and fleet optimisation for modern supply chains."},{"@type":"BreadcrumbList","@id":"https:\/\/www.microlise.com\/fr\/produits\/flotte-telematique\/#breadcrumb","itemListElement":[{"@type":"ListItem","position":1,"name":"Home","item":"https:\/\/www.microlise.com\/fr\/"},{"@type":"ListItem","position":2,"name":"Gestion de flotte"}]},{"@type":"WebSite","@id":"https:\/\/www.microlise.com\/fr\/#website","url":"https:\/\/www.microlise.com\/fr\/","name":"Microlise France","description":"Telematics, Transport &amp; Fleet Management Solutions","publisher":{"@id":"https:\/\/www.microlise.com\/fr\/#organization"},"alternateName":"Microlise","potentialAction":[{"@type":"SearchAction","target":{"@type":"EntryPoint","urlTemplate":"https:\/\/www.microlise.com\/fr\/?s={search_term_string}"},"query-input":{"@type":"PropertyValueSpecification","valueRequired":true,"valueName":"search_term_string"}}],"inLanguage":"fr-FR"},{"@type":"Organization","@id":"https:\/\/www.microlise.com\/fr\/#organization","name":"Microlise","alternateName":"Microlise","url":"https:\/\/www.microlise.com\/fr\/","logo":{"@type":"ImageObject","inLanguage":"fr-FR","@id":"https:\/\/www.microlise.com\/fr\/#\/schema\/logo\/image\/","url":"https:\/\/www.microlise.com\/wp-content\/uploads\/2024\/06\/cropped-Microlise-Logo-Primary-Electric-1.png","contentUrl":"https:\/\/www.microlise.com\/wp-content\/uploads\/2024\/06\/cropped-Microlise-Logo-Primary-Electric-1.png","width":235,"height":30,"caption":"Microlise"},"image":{"@id":"https:\/\/www.microlise.com\/fr\/#\/schema\/logo\/image\/"},"sameAs":["https:\/\/www.facebook.com\/MicroliseFR\/","https:\/\/x.com\/microlise","https:\/\/www.linkedin.com\/company\/microlise","https:\/\/www.youtube.com\/user\/MicroliseLtd"]}]}},"cmb2":{"microlise_product_metabox":{"microlise_product_header":"","microlise_product_title":"","microlise_product_use_title":"","microlise_product_intro":"Les syst\u00e8mes t\u00e9l\u00e9matiques Microlise sont con\u00e7us pour vous aider \u00e0 optimiser la gestion et l'utilisation de vos v\u00e9hicules, r\u00e9duire vos co\u00fbts de carburant et am\u00e9liorer les performances de vos conducteurs.\r\n","microlise_product_header_image":"https:\/\/www.microlise.com\/wp-content\/uploads\/2016\/10\/home-banner.jpg","microlise_product_header_image_id":"40944","microlise_product_use_header_image":"on","microlise_product_cta":"","microlise_product_hctatxt":"Une d\u00e9monstration personnalis\u00e9e","microlise_product_hctaurl":"https:\/\/www.microlise.com\/fr\/demo-demande\/","microlise_product_hctabgcolor":"#01CBDE","microlise_product_hctatcolor":"#151D25","microlise_product_hctatxt2":"Get Started","microlise_product_hctaurl2":"https:\/\/www.microlise.com\/fr\/quisommes-nous\/contacteznous\/","microlise_product_hctabgcolor2":"#dcff66","microlise_product_hctatcolor2":"#151D25","microlise_product_content":"","microlise_product_sub_title":"L'informatique embarqu\u00e9e pour les flottes de v\u00e9hicules","microlise_product_vtype":"vimeo","microlise_product_VID":"666689430","microlise_product_Vcode":"","microlise_product_case_study":"","microlise_product_cimage":"","microlise_product_cimage_id":"","microlise_product_ctitle":"","microlise_product_ct_color":"#151D25","microlise_product_ccontent":"","microlise_product_ccontent_color":"#151D25","microlise_product_crbtn_text":"","microlise_product_crbtn_link":"","microlise_product_crbbgcolor":"#01CBDE","microlise_product_crbtcolor":"#151D25","microlise_product_crbgcolor":"#DCFF66","microlise_product_brochure":"","microlise_product_brtype":"brochure","microlise_product_bimage":"https:\/\/www.microlise.com\/wp-content\/uploads\/2014\/11\/product-overview-cover-fr.png","microlise_product_bimage_id":"23503","microlise_product_btitle":"Pour en savoir plus, t\u00e9l\u00e9charger notre brochure produit","microlise_product_bt_color":"#151D25","microlise_product_bcontent":"D\u00e9couvrez comment les solutions Microlise permettent aux gestionnaires de flotte de proposer un meilleur service \u00e0 leurs clients tout en am\u00e9liorant la productivit\u00e9, la s\u00e9curit\u00e9 et en r\u00e9duisant les co\u00fbts et l'impact sur l'environnement","microlise_product_bcontent_color":"#151D25","microlise_product_brbtn_text":"T\u00e9l\u00e9charger la brochure","microlise_product_brbbgcolor":"#01CBDE","microlise_product_brbtcolor":"#151D25","microlise_product_brbgcolor":"#DCFF66","microlise_product_hide_brochure":"","microlise_product_rimage":"","microlise_product_rimage_id":"","microlise_product_rtitle":"","microlise_product_rt_color":"","microlise_product_rcontent":"","microlise_product_rcontent_color":"","microlise_product_rebgcolor":"","microlise_product_rebtn_text":"","microlise_product_hide_report":"","microlise_product_benefit":"","microlise_product_bctatxt":"Demander une d\u00e9mo","microlise_product_bctaurl":"https:\/\/www.microlise.com\/fr\/demo-demande\/","microlise_product_bctabgcolor":"#01CBDE","microlise_product_bctatcolor":"#151D25","microlise_product_benefits":[{"cbgcolor":"#01CBDE","ctxtcolor":"#151D25"}],"microlise_product_feature":"","microlise_product_features":[{"img_type":"landscape","cbgcolor":"#01CBDE","ctxtcolor":"#151D25"}],"microlise_product_anfeature":"","microlise_product_anfeatures":[{"img_type":"landscape","cbgcolor":"#01CBDE","ctxtcolor":"#151D25"}],"microlise_product_thirdfeature":"","microlise_product_thirdfeatures":[{"img_type":"landscape","cbgcolor":"#01CBDE","ctxtcolor":"#151D25"}],"microlise_product_faq":"","microlise_product_faqtitle":"","microlise_product_faqs":"","microlise_product_strip":"","microlise_product_stitle":"","microlise_product_sbtntext":"","microlise_product_sbtnurl":""}},"_links":{"self":[{"href":"https:\/\/www.microlise.com\/fr\/wp-json\/wp\/v2\/product\/15752","targetHints":{"allow":["GET"]}}],"collection":[{"href":"https:\/\/www.microlise.com\/fr\/wp-json\/wp\/v2\/product"}],"about":[{"href":"https:\/\/www.microlise.com\/fr\/wp-json\/wp\/v2\/types\/product"}],"wp:featuredmedia":[{"embeddable":true,"href":"https:\/\/www.microlise.com\/fr\/wp-json\/wp\/v2\/media\/41377"}],"wp:attachment":[{"href":"https:\/\/www.microlise.com\/fr\/wp-json\/wp\/v2\/media?parent=15752"}],"wp:term":[{"taxonomy":"category","embeddable":true,"href":"https:\/\/www.microlise.com\/fr\/wp-json\/wp\/v2\/categories?post=15752"}],"curies":[{"name":"wp","href":"https:\/\/api.w.org\/{rel}","templated":true}]}}