{"id":46538,"date":"2024-06-14T09:01:42","date_gmt":"2024-06-14T08:01:42","guid":{"rendered":"https:\/\/www.microlise.com\/microlise-third-party-data-processors\/"},"modified":"2025-06-25T18:01:28","modified_gmt":"2025-06-25T17:01:28","slug":"microlise-third-party-data-processors","status":"publish","type":"page","link":"https:\/\/www.microlise.com\/fr\/microlise-third-party-data-processors\/","title":{"rendered":"Processeurs de donn\u00e9es tiers de Microlise"},"content":{"rendered":"<div class=\"table-responsive table-responsive-scrollbar-top w-100\"><\/div>\n<div class=\"table-responsive\">\n<table class=\"table table-bordered\" width=\"2500\">\n<tbody>\n<tr>\n<th style=\"background-color: #dcff66;\">Entit\u00e9 tierce<\/th>\n<th style=\"background-color: #dcff66;\">Adresse<\/th>\n<th style=\"background-color: #dcff66;\">Nom du revendeur<\/th>\n<th style=\"background-color: #dcff66;\">Biens\/Services compris dans ce contrat<\/th>\n<th style=\"background-color: #dcff66;\">Services fournis pour<\/th>\n<th style=\"background-color: #dcff66;\">Dur\u00e9e du contrat (mois)<\/th>\n<th style=\"background-color: #dcff66;\">Cloud, sur site, hybrid<\/th>\n<th style=\"background-color: #dcff66;\">Type de donn\u00e9es g\u00e9r\u00e9es \/ trait\u00e9es<\/th>\n<th style=\"background-color: #dcff66;\">Chiffr\u00e9es pour le transfert Oui\/Non<\/th>\n<th style=\"background-color: #dcff66;\">Chiffr\u00e9es pour le stockage Oui\/Non<\/th>\n<th style=\"background-color: #dcff66;\">Donn\u00e9es stock\u00e9es hors site Oui\/Non<\/th>\n<th style=\"background-color: #dcff66;\">Sous-traitant ult\u00e9rieur soumis au GDPR Oui\/Non<\/th>\n<th style=\"background-color: #dcff66;\">Emplacement des services fournis<\/th>\n<th style=\"background-color: #dcff66;\">TRA<\/th>\n<th style=\"background-color: #dcff66;\">IDTA<\/th>\n<\/tr>\n<tr>\n<td width=\"262\"><strong>Symantec Messagelabs<\/strong><\/td>\n<td width=\"262\">Merchants House<br \/>\nLove Lane Industrial Estate<br \/>\nLove Lane<br \/>\nCirencester<br \/>\nGL3 4AB<br \/>\nUNITED KINGDOM<\/td>\n<td>CCS Media<\/td>\n<td>Protection d\u2019e-mail en Cloud de Symantec<\/td>\n<td>Si\u00e8ge, Pune, SaaS<\/td>\n<td>12 mois<\/td>\n<td>Cloud<\/td>\n<td>Email<\/td>\n<td>Oui<\/td>\n<td>Oui<\/td>\n<td>Oui<\/td>\n<td>Oui<\/td>\n<td>Europe<\/td>\n<td>Oui<\/td>\n<td>Oui<\/td>\n<\/tr>\n<tr>\n<td><strong>F5 Networks Limited (Silverline)<\/strong><\/td>\n<td>Chertsey Gate West, 43-47 London St, Chertsey KT16 8AP<\/td>\n<td>Softcat<\/td>\n<td>Pare-feu d\u2019application WEB (WAF) et protection DDoS<\/td>\n<td>SaaS<\/td>\n<td>36 mois<\/td>\n<td>Cloud<\/td>\n<td>Trafic des applications Microlise<\/td>\n<td>Oui<\/td>\n<td>Oui<\/td>\n<td>Non<\/td>\n<td>Oui<\/td>\n<td>Ouest USA<br \/>\nEst USA<br \/>\nLondres<br \/>\nAllemagne<br \/>\nSingapour<\/td>\n<td>Oui<\/td>\n<td>Oui<\/td>\n<\/tr>\n<tr>\n<td><strong>Whatfix<\/strong><\/td>\n<td>2107 North 1st Street<br \/>\nSuite 450<br \/>\nSan Jose<br \/>\nCA 95131<br \/>\nUSA<\/td>\n<td>N\/A<\/td>\n<td>Int\u00e9gration d\u2019auto-assistance, conseils et formations<\/td>\n<td>SaaS<\/td>\n<td>36 mois<\/td>\n<td>Cloud<\/td>\n<td>Donn\u00e9es d\u2019aide des applications Microlise<\/td>\n<td>Oui<\/td>\n<td>Oui<\/td>\n<td>Oui<\/td>\n<td>Oui<\/td>\n<td>USA<\/td>\n<td>Oui<\/td>\n<td>Oui<\/td>\n<\/tr>\n<tr>\n<td><strong>Intellisms<\/strong><\/td>\n<td>Arena Business Centre<br \/>\nHolyrood Close<br \/>\nPoole<br \/>\nDorset<br \/>\nBH17 7FJ<\/td>\n<td>N\/A<\/td>\n<td>Messagerie SMS<\/td>\n<td>Si\u00e8ge, SaaS<\/td>\n<td>Renouvelable<\/td>\n<td>Cloud<\/td>\n<td>Num\u00e9ros de t\u00e9l\u00e9phone et contenu des messages SMS dont les noms et adresses<\/td>\n<td>Non<\/td>\n<td>Oui<\/td>\n<td>Oui<\/td>\n<td>Oui<\/td>\n<td>Mondial<\/td>\n<td>Oui<\/td>\n<td>Oui<\/td>\n<\/tr>\n<tr>\n<td><strong>SOTI<\/strong><\/td>\n<td>5-7 Drury Lane<br \/>\nSolihull<br \/>\nB91 3BB<br \/>\nGB \u2013 UNITED KINGDOM<\/td>\n<td>N\/A<\/td>\n<td>Gestion d\u2019appareils mobiles<\/td>\n<td>SaaS<\/td>\n<td>36 mois<\/td>\n<td>Sur site et cloud<\/td>\n<td>Noms des conducteurs, num\u00e9ros tachy, sites et adresses<\/td>\n<td>Oui<\/td>\n<td>Oui<\/td>\n<td>Oui<\/td>\n<td>Oui<\/td>\n<td>Europe<\/td>\n<td>Oui<\/td>\n<td>Oui<\/td>\n<\/tr>\n<tr>\n<td><strong>Equinix &#8211; Powergate<\/strong><\/td>\n<td>Equinix LD9 (Powergate)<br \/>\nMicrolise Suite<br \/>\nUnit 1,VoltAvenue, London<br \/>\nNW10 6PW<\/td>\n<td>N\/A<\/td>\n<td width=\"276\">Locaux et \u00e9quipements Centre d\u2019h\u00e9bergement des donn\u00e9es principal<\/td>\n<td>Si\u00e8ge, SaaS<\/td>\n<td>36 mois<\/td>\n<td>Sur site<\/td>\n<td>Aucune donn\u00e9e<\/td>\n<td>N\/A<\/td>\n<td>N\/A<\/td>\n<td>N\/A<\/td>\n<td>Non<\/td>\n<td>Londres, GB<\/td>\n<td>N\/A<\/td>\n<td>N\/A<\/td>\n<\/tr>\n<tr>\n<td><strong>Digital Realty &#8211; Sovereign House<\/strong><\/td>\n<td>Sovereign House<br \/>\nMicrolise Suite<br \/>\n227 Marsh Wall, London,UK<br \/>\nE14 9SD<\/td>\n<td>N\/A<\/td>\n<td>Locaux et \u00e9quipements Centre d\u2019h\u00e9bergement des donn\u00e9es principal<\/td>\n<td>Si\u00e8ge, SaaS<\/td>\n<td>12 mois<\/td>\n<td>Sur site<\/td>\n<td>Aucune donn\u00e9e<\/td>\n<td>N\/A<\/td>\n<td>N\/A<\/td>\n<td>N\/A<\/td>\n<td>Non<\/td>\n<td>Londres, GB<\/td>\n<td>N\/A<\/td>\n<td>N\/A<\/td>\n<\/tr>\n<tr>\n<td><strong>ENVA<\/strong><\/td>\n<td>Enviro Building Private Road<br \/>\nNo 4 Colwick Industrial Estate<br \/>\nColwick<br \/>\nNottingham<br \/>\nNottinghamshire<br \/>\nNG4 2JT<\/td>\n<td>N\/A<\/td>\n<td>Destruction de donn\u00e9es num\u00e9riques hors-ligne et archiv\u00e9es<\/td>\n<td>Si\u00e8ge<\/td>\n<td>Renouvelable 60 jours<\/td>\n<td>Sur site<\/td>\n<td>Aucune donn\u00e9e<\/td>\n<td>N\/A<\/td>\n<td>N\/A<\/td>\n<td>N\/A<\/td>\n<td>Non<\/td>\n<td>Londres, GB<\/td>\n<td>N\/A<\/td>\n<td>N\/A<\/td>\n<\/tr>\n<tr>\n<td><strong>Microlise Telematics PVT LTD (Pune India) Propri\u00e9t\u00e9 et g\u00e9r\u00e9 par Microlise UK<\/strong> Owned and governed by Microlise UK<\/td>\n<td width=\"262\">4th Floor Pride Accord<br \/>\n547, Baner Rd<br \/>\nBaner, Pune<br \/>\nMaharashtra 411045<br \/>\nIndia<\/td>\n<td>N\/A<\/td>\n<td width=\"276\">D\u00e9veloppement logiciel et support mat\u00e9riel<\/td>\n<td>Si\u00e8ge<\/td>\n<td>N\/A<\/td>\n<td>Cloud, sur site<\/td>\n<td>Trafic des applications Microlise<\/td>\n<td>Oui<\/td>\n<td>Oui<\/td>\n<td>Oui<\/td>\n<td>Oui<\/td>\n<td>Pune, India<\/td>\n<td>Oui<\/td>\n<td>Oui<\/td>\n<\/tr>\n<tr>\n<td><b>Auth0<\/b><\/td>\n<td width=\"262\">\n<div class=\"x_elementToProof\">20 Farringdon Rd<br \/>\nLondon, EC1M 3HE, United Kingdom<\/div>\n<\/td>\n<td>N\/A<\/td>\n<td width=\"276\">\n<div class=\"x_elementToProof\">Identity As A service (Identit\u00e9 en tant que service ou IDaaD)<\/div>\n<\/td>\n<td>Plateforme SaaS<\/td>\n<td>12 mois<\/td>\n<td>Cloud<\/td>\n<td>\n<div class=\"x_elementToProof\">Nom, LoginInformation (Information de connexion)<\/div>\n<\/td>\n<td>Oui<\/td>\n<td>Oui<\/td>\n<td>Oui<\/td>\n<td>Oui<\/td>\n<td>GB \/ EU<\/td>\n<td>Oui<\/td>\n<td>Oui<\/td>\n<\/tr>\n<\/tbody>\n<\/table>\n<\/div>\n","protected":false},"excerpt":{"rendered":"<p>Entit\u00e9 tierce Adresse Nom du revendeur Biens\/Services compris dans ce contrat Services fournis pour Dur\u00e9e du contrat (mois) Cloud, sur site, hybrid Type de donn\u00e9es g\u00e9r\u00e9es \/ trait\u00e9es Chiffr\u00e9es pour le transfert Oui\/Non Chiffr\u00e9es pour le stockage Oui\/Non Donn\u00e9es stock\u00e9es hors site Oui\/Non Sous-traitant ult\u00e9rieur soumis au GDPR Oui\/Non Emplacement des services fournis TRA IDTA&hellip; <\/p>\n","protected":false},"author":68,"featured_media":0,"parent":0,"menu_order":39,"comment_status":"closed","ping_status":"closed","template":"","meta":{"footnotes":""},"class_list":["post-46538","page","type-page","status-publish","hentry","entry"],"yoast_head":"<!-- This site is optimized with the Yoast SEO Premium plugin v25.7.1 (Yoast SEO v27.4) - https:\/\/yoast.com\/product\/yoast-seo-premium-wordpress\/ -->\n<title>Processeurs de donn\u00e9es tiers de Microlise - Microlise France<\/title>\n<meta name=\"description\" content=\"14 juin 2024 - Processeurs de donn\u00e9es tiers de Microlise\" \/>\n<meta name=\"robots\" content=\"index, follow, max-snippet:-1, max-image-preview:large, max-video-preview:-1\" \/>\n<link rel=\"canonical\" href=\"https:\/\/www.microlise.com\/fr\/microlise-third-party-data-processors\/\" \/>\n<meta property=\"og:locale\" content=\"fr_FR\" \/>\n<meta property=\"og:type\" content=\"article\" \/>\n<meta property=\"og:title\" content=\"Processeurs de donn\u00e9es tiers de Microlise\" \/>\n<meta property=\"og:description\" content=\"14 juin 2024 - Processeurs de donn\u00e9es tiers de Microlise\" \/>\n<meta property=\"og:url\" content=\"https:\/\/www.microlise.com\/fr\/microlise-third-party-data-processors\/\" \/>\n<meta property=\"og:site_name\" content=\"Microlise France\" \/>\n<meta property=\"article:publisher\" content=\"https:\/\/www.facebook.com\/MicroliseFR\/\" \/>\n<meta property=\"article:modified_time\" content=\"2025-06-25T17:01:28+00:00\" \/>\n<meta property=\"og:image\" content=\"https:\/\/www.microlise.com\/wp-content\/uploads\/2024\/06\/cropped-Microlise-Logo-Primary-Electric-1.png\" \/>\n\t<meta property=\"og:image:width\" content=\"235\" \/>\n\t<meta property=\"og:image:height\" content=\"30\" \/>\n\t<meta property=\"og:image:type\" content=\"image\/png\" \/>\n<meta name=\"twitter:card\" content=\"summary_large_image\" \/>\n<meta name=\"twitter:site\" content=\"@microlise\" \/>\n<meta name=\"twitter:label1\" content=\"Dur\u00e9e de lecture estim\u00e9e\" \/>\n\t<meta name=\"twitter:data1\" content=\"2 minutes\" \/>\n<script type=\"application\/ld+json\" class=\"yoast-schema-graph\">{\"@context\":\"https:\\\/\\\/schema.org\",\"@graph\":[{\"@type\":\"WebPage\",\"@id\":\"https:\\\/\\\/www.microlise.com\\\/fr\\\/microlise-third-party-data-processors\\\/\",\"url\":\"https:\\\/\\\/www.microlise.com\\\/fr\\\/microlise-third-party-data-processors\\\/\",\"name\":\"Processeurs de donn\u00e9es tiers de Microlise - Microlise France\",\"isPartOf\":{\"@id\":\"https:\\\/\\\/www.microlise.com\\\/fr\\\/#website\"},\"datePublished\":\"2024-06-14T08:01:42+00:00\",\"dateModified\":\"2025-06-25T17:01:28+00:00\",\"description\":\"14 juin 2024 - Processeurs de donn\u00e9es tiers de Microlise\",\"breadcrumb\":{\"@id\":\"https:\\\/\\\/www.microlise.com\\\/fr\\\/microlise-third-party-data-processors\\\/#breadcrumb\"},\"inLanguage\":\"fr-FR\",\"potentialAction\":[{\"@type\":\"ReadAction\",\"target\":[\"https:\\\/\\\/www.microlise.com\\\/fr\\\/microlise-third-party-data-processors\\\/\"]}]},{\"@type\":\"BreadcrumbList\",\"@id\":\"https:\\\/\\\/www.microlise.com\\\/fr\\\/microlise-third-party-data-processors\\\/#breadcrumb\",\"itemListElement\":[{\"@type\":\"ListItem\",\"position\":1,\"name\":\"Home\",\"item\":\"https:\\\/\\\/www.microlise.com\\\/fr\\\/\"},{\"@type\":\"ListItem\",\"position\":2,\"name\":\"Processeurs de donn\u00e9es tiers de Microlise\"}]},{\"@type\":\"WebSite\",\"@id\":\"https:\\\/\\\/www.microlise.com\\\/fr\\\/#website\",\"url\":\"https:\\\/\\\/www.microlise.com\\\/fr\\\/\",\"name\":\"Microlise France\",\"description\":\"Telematics, Transport &amp; Fleet Management Solutions\",\"publisher\":{\"@id\":\"https:\\\/\\\/www.microlise.com\\\/fr\\\/#organization\"},\"alternateName\":\"Microlise\",\"potentialAction\":[{\"@type\":\"SearchAction\",\"target\":{\"@type\":\"EntryPoint\",\"urlTemplate\":\"https:\\\/\\\/www.microlise.com\\\/fr\\\/?s={search_term_string}\"},\"query-input\":{\"@type\":\"PropertyValueSpecification\",\"valueRequired\":true,\"valueName\":\"search_term_string\"}}],\"inLanguage\":\"fr-FR\"},{\"@type\":\"Organization\",\"@id\":\"https:\\\/\\\/www.microlise.com\\\/fr\\\/#organization\",\"name\":\"Microlise\",\"alternateName\":\"Microlise\",\"url\":\"https:\\\/\\\/www.microlise.com\\\/fr\\\/\",\"logo\":{\"@type\":\"ImageObject\",\"inLanguage\":\"fr-FR\",\"@id\":\"https:\\\/\\\/www.microlise.com\\\/fr\\\/#\\\/schema\\\/logo\\\/image\\\/\",\"url\":\"https:\\\/\\\/www.microlise.com\\\/wp-content\\\/uploads\\\/2024\\\/06\\\/cropped-Microlise-Logo-Primary-Electric-1.png\",\"contentUrl\":\"https:\\\/\\\/www.microlise.com\\\/wp-content\\\/uploads\\\/2024\\\/06\\\/cropped-Microlise-Logo-Primary-Electric-1.png\",\"width\":235,\"height\":30,\"caption\":\"Microlise\"},\"image\":{\"@id\":\"https:\\\/\\\/www.microlise.com\\\/fr\\\/#\\\/schema\\\/logo\\\/image\\\/\"},\"sameAs\":[\"https:\\\/\\\/www.facebook.com\\\/MicroliseFR\\\/\",\"https:\\\/\\\/x.com\\\/microlise\",\"https:\\\/\\\/www.linkedin.com\\\/company\\\/microlise\",\"https:\\\/\\\/www.youtube.com\\\/user\\\/MicroliseLtd\"]}]}<\/script>\n<!-- \/ Yoast SEO Premium plugin. -->","yoast_head_json":{"title":"Processeurs de donn\u00e9es tiers de Microlise - Microlise France","description":"14 juin 2024 - Processeurs de donn\u00e9es tiers de Microlise","robots":{"index":"index","follow":"follow","max-snippet":"max-snippet:-1","max-image-preview":"max-image-preview:large","max-video-preview":"max-video-preview:-1"},"canonical":"https:\/\/www.microlise.com\/fr\/microlise-third-party-data-processors\/","og_locale":"fr_FR","og_type":"article","og_title":"Processeurs de donn\u00e9es tiers de Microlise","og_description":"14 juin 2024 - Processeurs de donn\u00e9es tiers de Microlise","og_url":"https:\/\/www.microlise.com\/fr\/microlise-third-party-data-processors\/","og_site_name":"Microlise France","article_publisher":"https:\/\/www.facebook.com\/MicroliseFR\/","article_modified_time":"2025-06-25T17:01:28+00:00","og_image":[{"width":235,"height":30,"url":"https:\/\/www.microlise.com\/wp-content\/uploads\/2024\/06\/cropped-Microlise-Logo-Primary-Electric-1.png","type":"image\/png"}],"twitter_card":"summary_large_image","twitter_site":"@microlise","twitter_misc":{"Dur\u00e9e de lecture estim\u00e9e":"2 minutes"},"schema":{"@context":"https:\/\/schema.org","@graph":[{"@type":"WebPage","@id":"https:\/\/www.microlise.com\/fr\/microlise-third-party-data-processors\/","url":"https:\/\/www.microlise.com\/fr\/microlise-third-party-data-processors\/","name":"Processeurs de donn\u00e9es tiers de Microlise - Microlise France","isPartOf":{"@id":"https:\/\/www.microlise.com\/fr\/#website"},"datePublished":"2024-06-14T08:01:42+00:00","dateModified":"2025-06-25T17:01:28+00:00","description":"14 juin 2024 - Processeurs de donn\u00e9es tiers de Microlise","breadcrumb":{"@id":"https:\/\/www.microlise.com\/fr\/microlise-third-party-data-processors\/#breadcrumb"},"inLanguage":"fr-FR","potentialAction":[{"@type":"ReadAction","target":["https:\/\/www.microlise.com\/fr\/microlise-third-party-data-processors\/"]}]},{"@type":"BreadcrumbList","@id":"https:\/\/www.microlise.com\/fr\/microlise-third-party-data-processors\/#breadcrumb","itemListElement":[{"@type":"ListItem","position":1,"name":"Home","item":"https:\/\/www.microlise.com\/fr\/"},{"@type":"ListItem","position":2,"name":"Processeurs de donn\u00e9es tiers de Microlise"}]},{"@type":"WebSite","@id":"https:\/\/www.microlise.com\/fr\/#website","url":"https:\/\/www.microlise.com\/fr\/","name":"Microlise France","description":"Telematics, Transport &amp; Fleet Management Solutions","publisher":{"@id":"https:\/\/www.microlise.com\/fr\/#organization"},"alternateName":"Microlise","potentialAction":[{"@type":"SearchAction","target":{"@type":"EntryPoint","urlTemplate":"https:\/\/www.microlise.com\/fr\/?s={search_term_string}"},"query-input":{"@type":"PropertyValueSpecification","valueRequired":true,"valueName":"search_term_string"}}],"inLanguage":"fr-FR"},{"@type":"Organization","@id":"https:\/\/www.microlise.com\/fr\/#organization","name":"Microlise","alternateName":"Microlise","url":"https:\/\/www.microlise.com\/fr\/","logo":{"@type":"ImageObject","inLanguage":"fr-FR","@id":"https:\/\/www.microlise.com\/fr\/#\/schema\/logo\/image\/","url":"https:\/\/www.microlise.com\/wp-content\/uploads\/2024\/06\/cropped-Microlise-Logo-Primary-Electric-1.png","contentUrl":"https:\/\/www.microlise.com\/wp-content\/uploads\/2024\/06\/cropped-Microlise-Logo-Primary-Electric-1.png","width":235,"height":30,"caption":"Microlise"},"image":{"@id":"https:\/\/www.microlise.com\/fr\/#\/schema\/logo\/image\/"},"sameAs":["https:\/\/www.facebook.com\/MicroliseFR\/","https:\/\/x.com\/microlise","https:\/\/www.linkedin.com\/company\/microlise","https:\/\/www.youtube.com\/user\/MicroliseLtd"]}]}},"cmb2":{"microlise_home_banner_metabox":{"microlise_home_banner_title":"","microlise_home_banner_content":"","microlise_home_banner_image":"","microlise_home_banner_image_id":"","microlise_home_banner_vtype":"","microlise_home_banner_VID":"","microlise_home_banner_Vcode":"","microlise_home_banner_cta":"","microlise_home_banner_hctatxt":"","microlise_home_banner_hctaurl":"","microlise_home_banner_hctabgcolor":"","microlise_home_banner_hctatcolor":"","microlise_home_banner_hctatxt2":"","microlise_home_banner_hctaurl2":"","microlise_home_banner_hctabgcolor2":"","microlise_home_banner_hctatcolor2":""},"microlise_home_customersmetabox":{"microlise_home_customers_title":"","microlise_home_customers_logo":""},"microlise_home_infometabox":{"microlise_home_info_title":"","microlise_home_info_details":""},"microlise_home_product_metabox":{"microlise_home_product_details":""},"microlise_home_awards_metabox":{"microlise_home_awards_title":"","microlise_home_awards_sub_text":"","microlise_home_awards_logo":"","microlise_home_awards_logo_id":"","microlise_home_awards_link":"","microlise_home_awards_button":""},"microlise_home_faq_metabox":{"microlise_home_faq_title":"","microlise_home_faq_details":""},"microlise_page_metabox":{"microlise_page_title":"","microlise_page_use_title":"","microlise_page_btext":"","microlise_page_cta":"","microlise_page_hctatxt":"","microlise_page_hctaurl":"","microlise_page_hctabgcolor":"#01CBDE","microlise_page_hctatcolor":"#151D25","microlise_page_hctatxt2":"","microlise_page_hctaurl2":"","microlise_page_hctabgcolor2":"","microlise_page_hctatcolor2":"#151D25","microlise_page_video":"","microlise_page_vtype":"","microlise_page_VID":"","microlise_page_Vcode":""},"microlise_page_pometabox":{"microlise_page_embed":""},"microlise_page_fleet_metabox":{"microlise_page_fleet_case_study":"","microlise_page_fleet_cimage":"","microlise_page_fleet_cimage_id":"","microlise_page_fleet_ctitle":"","microlise_page_fleet_ct_color":"","microlise_page_fleet_ccontent":"","microlise_page_fleet_ccontent_color":"","microlise_page_fleet_crbtn_text":"","microlise_page_fleet_crbtn_link":"","microlise_page_fleet_crbbgcolor":"","microlise_page_fleet_crbtcolor":"","microlise_page_fleet_crbgcolor":"","microlise_page_fleet_brochure":"","microlise_page_fleet_brtype":"","microlise_page_fleet_bimage":"","microlise_page_fleet_bimage_id":"","microlise_page_fleet_btitle":"","microlise_page_fleet_bt_color":"","microlise_page_fleet_bcontent":"","microlise_page_fleet_bcontent_color":"","microlise_page_fleet_brbtn_text":"","microlise_page_fleet_brbbgcolor":"","microlise_page_fleet_brbtcolor":"","microlise_page_fleet_brbgcolor":"","microlise_page_fleet_hide_brochure":"","microlise_page_fleet_rimage":"","microlise_page_fleet_rimage_id":"","microlise_page_fleet_rtitle":"","microlise_page_fleet_rt_color":"","microlise_page_fleet_rcontent":"","microlise_page_fleet_rcontent_color":"","microlise_page_fleet_rebgcolor":"","microlise_page_fleet_rebtn_text":"","microlise_page_fleet_hide_report":"","microlise_page_fleet_benefit":"","microlise_page_fleet_bctatxt":"","microlise_page_fleet_bctaurl":"","microlise_page_fleet_bctabgcolor":"","microlise_page_fleet_bctatcolor":"","microlise_page_fleet_benefits":"","microlise_page_fleet_feature":"","microlise_page_fleet_features":"","microlise_page_fleet_anfeature":"","microlise_page_fleet_anfeatures":"","microlise_page_fleet_thirdfeature":"","microlise_page_fleet_thirdfeatures":"","microlise_page_fleet_faq":"","microlise_page_fleet_faqtitle":"","microlise_page_fleet_faqs":"","microlise_page_fleet_strip":"","microlise_page_fleet_stitle":"","microlise_page_fleet_sbtntext":"","microlise_page_fleet_sbtnurl":""}},"_links":{"self":[{"href":"https:\/\/www.microlise.com\/fr\/wp-json\/wp\/v2\/pages\/46538","targetHints":{"allow":["GET"]}}],"collection":[{"href":"https:\/\/www.microlise.com\/fr\/wp-json\/wp\/v2\/pages"}],"about":[{"href":"https:\/\/www.microlise.com\/fr\/wp-json\/wp\/v2\/types\/page"}],"author":[{"embeddable":true,"href":"https:\/\/www.microlise.com\/fr\/wp-json\/wp\/v2\/users\/68"}],"replies":[{"embeddable":true,"href":"https:\/\/www.microlise.com\/fr\/wp-json\/wp\/v2\/comments?post=46538"}],"version-history":[{"count":0,"href":"https:\/\/www.microlise.com\/fr\/wp-json\/wp\/v2\/pages\/46538\/revisions"}],"wp:attachment":[{"href":"https:\/\/www.microlise.com\/fr\/wp-json\/wp\/v2\/media?parent=46538"}],"curies":[{"name":"wp","href":"https:\/\/api.w.org\/{rel}","templated":true}]}}