{"id":30098,"date":"2021-11-09T14:59:31","date_gmt":"2021-11-09T14:59:31","guid":{"rendered":"https:\/\/www.microlise.com\/politique-de-cookies\/"},"modified":"2021-11-24T13:24:04","modified_gmt":"2021-11-24T13:24:04","slug":"politique-de-cookies","status":"publish","type":"page","link":"https:\/\/www.microlise.com\/fr\/politique-de-cookies\/","title":{"rendered":"Politique de cookies"},"content":{"rendered":"<div class=\"wpb-content-wrapper\"><p>[vc_row][vc_column][vc_column_text]<\/p>\n<h5 style=\"text-align: left;\">\u00c0 propos de cette politique de cookies<\/h5>\n<p style=\"text-align: left;\">La Politique de Cookies explique ce que sont les cookies et comment nous les utilisons. Nous vous recommandons de lire cette politique pour comprendre ce que sont les cookies, comment nous les utilisons, les types de cookies utilis\u00e9s, c&rsquo;est-\u00e0-dire les informations collect\u00e9es \u00e0 l&rsquo;aide des cookies et comment ces informations sont utilis\u00e9es et comment contr\u00f4ler les pr\u00e9f\u00e9rences de cookies. Pour plus d&rsquo;informations sur la mani\u00e8re dont nous utilisons, conservons et s\u00e9curisons vos donn\u00e9es personnelles, consultez notre <a href=\"https:\/\/www.microlise.com\/fr\/politique-de-confidentialite\/\">Politique de Confidentialit\u00e9<\/a>.<\/p>\n<p style=\"text-align: left;\">Vous pouvez \u00e0 tout moment modifier ou retirer votre consentement \u00e0 la D\u00e9claration relative aux Cookies sur notre site web.<\/p>\n<p style=\"text-align: left;\">En savoir plus sur qui nous sommes, comment vous pouvez nous contacter et comment nous traitons les donn\u00e9es personnelles dans notre <a href=\"https:\/\/www.microlise.com\/fr\/politique-de-confidentialite\/\">Politique de Confidentialit\u00e9<\/a>.<\/p>\n<p style=\"text-align: left;\">Votre consentement s\u2019applique aux domaines suivants : www.microlise.com<\/p>\n<div style=\"text-align: left;\">[user_consent_state]<\/div>\n<h5><\/h5>\n<h5 style=\"text-align: left;\">Que Sont les Cookies ?<\/h5>\n<p style=\"text-align: left;\">Les cookies sont de petits fichiers texte qui sont utilis\u00e9s pour stocker de petits \u00e9l\u00e9ments d\u2019information. Les cookies sont conserv\u00e9s sur votre appareil lorsque le site web est charg\u00e9 sur votre navigateur. Ces cookies nous aident \u00e0 faire fonctionner correctement le site web, \u00e0 le rendre plus s\u00fbr, \u00e0 offrir une meilleure exp\u00e9rience utilisateur, \u00e0 comprendre les performances du site web et \u00e0 analyser ce qui fonctionne et ce qui doit \u00eatre am\u00e9lior\u00e9.<\/p>\n<h5 style=\"text-align: left;\">Comment Utilisons-Nous les Cookies ?<\/h5>\n<p style=\"text-align: left;\">Comme la plupart des services en ligne, notre site web utilise des cookies internes et des cookies tiers \u00e0 plusieurs fins. Les cookies internes sont principalement n\u00e9cessaires au bon fonctionnement du site web et ne collectent aucune de vos donn\u00e9es personnelles identifiables.<\/p>\n<p style=\"text-align: left;\">Les cookies tiers utilis\u00e9s sur nos sites web servent principalement \u00e0 comprendre comment le site web fonctionne, comment vous interagissez avec notre site web, \u00e0 assurer la s\u00e9curit\u00e9 de nos services, \u00e0 fournir des publicit\u00e9s qui vous sont pertinentes et, dans l&rsquo;ensemble, \u00e0 vous fournir une meilleure exp\u00e9rience ainsi qu&rsquo;\u00e0 acc\u00e9l\u00e9rer vos interactions futures avec notre site web.<\/p>\n<h5 style=\"text-align: left;\">Quels Types de Cookies Utilisons-Nous ?<\/h5>\n<p style=\"text-align: left;\">Les cookies utilis\u00e9s sur notre site web sont regroup\u00e9s dans les cat\u00e9gories suivantes.<\/p>\n<p style=\"text-align: left;\"><strong>Essentiels :<\/strong> Certains cookies sont essentiels pour que vous puissiez b\u00e9n\u00e9ficier de toutes les fonctionnalit\u00e9s de notre site. Ils nous permettent de maintenir les sessions des utilisateurs et de pr\u00e9venir toute menace \u00e0 la s\u00e9curit\u00e9. Ils ne collectent ni ne stockent aucune information personnelle. Par exemple, ces cookies vous permettent de vous connecter \u00e0 votre compte et d&rsquo;ajouter des produits \u00e0 votre panier, et de quitter le site en toute s\u00e9curit\u00e9.<\/p>\n<p style=\"text-align: left;\"><strong>Statistiques :<\/strong> Ces cookies stockent des informations telles que le nombre de visiteurs du site web, le nombre de visiteurs uniques, les pages du site web qui ont \u00e9t\u00e9 visit\u00e9es, la source de la visite, etc. Ces donn\u00e9es nous aident \u00e0 comprendre et \u00e0 analyser les performances du site web et les points \u00e0 am\u00e9liorer.<\/p>\n<p style=\"text-align: left;\"><strong>Marketing :<\/strong> Notre site web affiche des publicit\u00e9s. Ces cookies sont utilis\u00e9s pour personnaliser les publicit\u00e9s que nous vous montrons afin qu&rsquo;elles soient pertinentes pour vous. Ces cookies nous aident \u00e9galement \u00e0 suivre l&rsquo;efficacit\u00e9 de ces campagnes publicitaires.<br \/>\nLes informations stock\u00e9es dans ces cookies peuvent \u00e9galement \u00eatre utilis\u00e9es par les fournisseurs de publicit\u00e9 tiers pour vous montrer des publicit\u00e9s sur d&rsquo;autres sites web sur le navigateur.<\/p>\n<p style=\"text-align: left;\"><strong>Fonctionnels :<\/strong> Ce sont les cookies qui aident certaines fonctionnalit\u00e9s non essentielles sur notre site web. Ces fonctionnalit\u00e9s comprennent l&rsquo;int\u00e9gration de contenus tels que des vid\u00e9os ou le partage de contenus du site web sur des plateformes de m\u00e9dias sociaux.<\/p>\n<p style=\"text-align: left;\"><strong>Pr\u00e9f\u00e9rences :<\/strong> Ces cookies nous aident \u00e0 stocker vos param\u00e8tres et pr\u00e9f\u00e9rences de navigation, comme les pr\u00e9f\u00e9rences linguistiques, afin de vous offrir une exp\u00e9rience plus efficace et am\u00e9lior\u00e9e lors de vos prochaines visites sur le site web.<\/p>\n<p style=\"text-align: left;\">La liste ci-dessous d\u00e9taille les cookies utilis\u00e9s sur notre site web.<\/p>\n<p style=\"text-align: left;\">[cookie_audit_category columns=\u00a0\u00bbcookie,description\u00a0\u00bb]<\/p>\n<h5><\/h5>\n<h5 style=\"text-align: left;\">Comment Puis-Je Contr\u00f4ler les Pr\u00e9f\u00e9rences de Cookies ?<\/h5>\n<p style=\"text-align: left;\">[wt_cli_manage_consent]<\/p>\n<p style=\"text-align: left;\">Vous pouvez modifier vos pr\u00e9f\u00e9rences de cookies \u00e0 tout moment en cliquant sur le lien ci-dessus. Vous pourrez ainsi revenir sur la banni\u00e8re de consentement aux cookies et modifier vos pr\u00e9f\u00e9rences ou retirer enti\u00e8rement votre consentement.<\/p>\n<p style=\"text-align: left;\">Les diff\u00e9rents navigateurs offrent par ailleurs diff\u00e9rentes m\u00e9thodes pour bloquer et supprimer les cookies utilis\u00e9s par les sites web. Vous pouvez modifier les param\u00e8tres de votre navigateur pour bloquer\/supprimer les cookies. Pour en savoir plus sur la mani\u00e8re de g\u00e9rer et de supprimer les cookies, consultez le site www.allaboutcookies.org.<\/p>\n<p>[\/vc_column_text][\/vc_column][\/vc_row]<\/p>\n<\/div>","protected":false},"excerpt":{"rendered":"<p>[vc_row][vc_column][vc_column_text] \u00c0 propos de cette politique de cookies La Politique de Cookies explique ce que sont les cookies et comment nous les utilisons. Nous vous recommandons de lire cette politique pour comprendre ce que sont les cookies, comment nous les utilisons, les types de cookies utilis\u00e9s, c&rsquo;est-\u00e0-dire les informations collect\u00e9es \u00e0 l&rsquo;aide des cookies et&hellip; <\/p>\n","protected":false},"author":1,"featured_media":0,"parent":0,"menu_order":64,"comment_status":"closed","ping_status":"closed","template":"","meta":{"footnotes":""},"class_list":["post-30098","page","type-page","status-publish","hentry","entry"],"yoast_head":"<!-- This site is optimized with the Yoast SEO Premium plugin v25.7.1 (Yoast SEO v27.5) - https:\/\/yoast.com\/product\/yoast-seo-premium-wordpress\/ -->\n<title>Politique de cookies - Microlise France<\/title>\n<meta name=\"description\" content=\"9 novembre 2021 - Politique de cookies\" \/>\n<meta name=\"robots\" content=\"index, follow, max-snippet:-1, max-image-preview:large, max-video-preview:-1\" \/>\n<link rel=\"canonical\" href=\"https:\/\/www.microlise.com\/fr\/politique-de-cookies\/\" \/>\n<meta property=\"og:locale\" content=\"fr_FR\" \/>\n<meta property=\"og:type\" content=\"article\" \/>\n<meta property=\"og:title\" content=\"Politique de cookies\" \/>\n<meta property=\"og:description\" content=\"9 novembre 2021 - Politique de cookies\" \/>\n<meta property=\"og:url\" content=\"https:\/\/www.microlise.com\/fr\/politique-de-cookies\/\" \/>\n<meta property=\"og:site_name\" content=\"Microlise France\" \/>\n<meta property=\"article:publisher\" content=\"https:\/\/www.facebook.com\/MicroliseFR\/\" \/>\n<meta property=\"article:modified_time\" content=\"2021-11-24T13:24:04+00:00\" \/>\n<meta property=\"og:image\" content=\"https:\/\/www.microlise.com\/wp-content\/uploads\/2024\/06\/cropped-Microlise-Logo-Primary-Electric-1.png\" \/>\n\t<meta property=\"og:image:width\" content=\"235\" \/>\n\t<meta property=\"og:image:height\" content=\"30\" \/>\n\t<meta property=\"og:image:type\" content=\"image\/png\" \/>\n<meta name=\"twitter:card\" content=\"summary_large_image\" \/>\n<meta name=\"twitter:site\" content=\"@microlise\" \/>\n<meta name=\"twitter:label1\" content=\"Dur\u00e9e de lecture estim\u00e9e\" \/>\n\t<meta name=\"twitter:data1\" content=\"4 minutes\" \/>\n<script type=\"application\/ld+json\" class=\"yoast-schema-graph\">{\"@context\":\"https:\\\/\\\/schema.org\",\"@graph\":[{\"@type\":\"WebPage\",\"@id\":\"https:\\\/\\\/www.microlise.com\\\/fr\\\/politique-de-cookies\\\/\",\"url\":\"https:\\\/\\\/www.microlise.com\\\/fr\\\/politique-de-cookies\\\/\",\"name\":\"Politique de cookies - Microlise France\",\"isPartOf\":{\"@id\":\"https:\\\/\\\/www.microlise.com\\\/fr\\\/#website\"},\"datePublished\":\"2021-11-09T14:59:31+00:00\",\"dateModified\":\"2021-11-24T13:24:04+00:00\",\"description\":\"9 novembre 2021 - Politique de cookies\",\"breadcrumb\":{\"@id\":\"https:\\\/\\\/www.microlise.com\\\/fr\\\/politique-de-cookies\\\/#breadcrumb\"},\"inLanguage\":\"fr-FR\",\"potentialAction\":[{\"@type\":\"ReadAction\",\"target\":[\"https:\\\/\\\/www.microlise.com\\\/fr\\\/politique-de-cookies\\\/\"]}]},{\"@type\":\"BreadcrumbList\",\"@id\":\"https:\\\/\\\/www.microlise.com\\\/fr\\\/politique-de-cookies\\\/#breadcrumb\",\"itemListElement\":[{\"@type\":\"ListItem\",\"position\":1,\"name\":\"Home\",\"item\":\"https:\\\/\\\/www.microlise.com\\\/fr\\\/\"},{\"@type\":\"ListItem\",\"position\":2,\"name\":\"Politique de cookies\"}]},{\"@type\":\"WebSite\",\"@id\":\"https:\\\/\\\/www.microlise.com\\\/fr\\\/#website\",\"url\":\"https:\\\/\\\/www.microlise.com\\\/fr\\\/\",\"name\":\"Microlise France\",\"description\":\"Telematics, Transport &amp; Fleet Management Solutions\",\"publisher\":{\"@id\":\"https:\\\/\\\/www.microlise.com\\\/fr\\\/#organization\"},\"alternateName\":\"Microlise\",\"potentialAction\":[{\"@type\":\"SearchAction\",\"target\":{\"@type\":\"EntryPoint\",\"urlTemplate\":\"https:\\\/\\\/www.microlise.com\\\/fr\\\/?s={search_term_string}\"},\"query-input\":{\"@type\":\"PropertyValueSpecification\",\"valueRequired\":true,\"valueName\":\"search_term_string\"}}],\"inLanguage\":\"fr-FR\"},{\"@type\":\"Organization\",\"@id\":\"https:\\\/\\\/www.microlise.com\\\/fr\\\/#organization\",\"name\":\"Microlise\",\"alternateName\":\"Microlise\",\"url\":\"https:\\\/\\\/www.microlise.com\\\/fr\\\/\",\"logo\":{\"@type\":\"ImageObject\",\"inLanguage\":\"fr-FR\",\"@id\":\"https:\\\/\\\/www.microlise.com\\\/fr\\\/#\\\/schema\\\/logo\\\/image\\\/\",\"url\":\"https:\\\/\\\/www.microlise.com\\\/wp-content\\\/uploads\\\/2024\\\/06\\\/cropped-Microlise-Logo-Primary-Electric-1.png\",\"contentUrl\":\"https:\\\/\\\/www.microlise.com\\\/wp-content\\\/uploads\\\/2024\\\/06\\\/cropped-Microlise-Logo-Primary-Electric-1.png\",\"width\":235,\"height\":30,\"caption\":\"Microlise\"},\"image\":{\"@id\":\"https:\\\/\\\/www.microlise.com\\\/fr\\\/#\\\/schema\\\/logo\\\/image\\\/\"},\"sameAs\":[\"https:\\\/\\\/www.facebook.com\\\/MicroliseFR\\\/\",\"https:\\\/\\\/x.com\\\/microlise\",\"https:\\\/\\\/www.linkedin.com\\\/company\\\/microlise\",\"https:\\\/\\\/www.youtube.com\\\/user\\\/MicroliseLtd\"]}]}<\/script>\n<!-- \/ Yoast SEO Premium plugin. -->","yoast_head_json":{"title":"Politique de cookies - Microlise France","description":"9 novembre 2021 - Politique de cookies","robots":{"index":"index","follow":"follow","max-snippet":"max-snippet:-1","max-image-preview":"max-image-preview:large","max-video-preview":"max-video-preview:-1"},"canonical":"https:\/\/www.microlise.com\/fr\/politique-de-cookies\/","og_locale":"fr_FR","og_type":"article","og_title":"Politique de cookies","og_description":"9 novembre 2021 - Politique de cookies","og_url":"https:\/\/www.microlise.com\/fr\/politique-de-cookies\/","og_site_name":"Microlise France","article_publisher":"https:\/\/www.facebook.com\/MicroliseFR\/","article_modified_time":"2021-11-24T13:24:04+00:00","og_image":[{"width":235,"height":30,"url":"https:\/\/www.microlise.com\/wp-content\/uploads\/2024\/06\/cropped-Microlise-Logo-Primary-Electric-1.png","type":"image\/png"}],"twitter_card":"summary_large_image","twitter_site":"@microlise","twitter_misc":{"Dur\u00e9e de lecture estim\u00e9e":"4 minutes"},"schema":{"@context":"https:\/\/schema.org","@graph":[{"@type":"WebPage","@id":"https:\/\/www.microlise.com\/fr\/politique-de-cookies\/","url":"https:\/\/www.microlise.com\/fr\/politique-de-cookies\/","name":"Politique de cookies - Microlise France","isPartOf":{"@id":"https:\/\/www.microlise.com\/fr\/#website"},"datePublished":"2021-11-09T14:59:31+00:00","dateModified":"2021-11-24T13:24:04+00:00","description":"9 novembre 2021 - Politique de cookies","breadcrumb":{"@id":"https:\/\/www.microlise.com\/fr\/politique-de-cookies\/#breadcrumb"},"inLanguage":"fr-FR","potentialAction":[{"@type":"ReadAction","target":["https:\/\/www.microlise.com\/fr\/politique-de-cookies\/"]}]},{"@type":"BreadcrumbList","@id":"https:\/\/www.microlise.com\/fr\/politique-de-cookies\/#breadcrumb","itemListElement":[{"@type":"ListItem","position":1,"name":"Home","item":"https:\/\/www.microlise.com\/fr\/"},{"@type":"ListItem","position":2,"name":"Politique de cookies"}]},{"@type":"WebSite","@id":"https:\/\/www.microlise.com\/fr\/#website","url":"https:\/\/www.microlise.com\/fr\/","name":"Microlise France","description":"Telematics, Transport &amp; Fleet Management Solutions","publisher":{"@id":"https:\/\/www.microlise.com\/fr\/#organization"},"alternateName":"Microlise","potentialAction":[{"@type":"SearchAction","target":{"@type":"EntryPoint","urlTemplate":"https:\/\/www.microlise.com\/fr\/?s={search_term_string}"},"query-input":{"@type":"PropertyValueSpecification","valueRequired":true,"valueName":"search_term_string"}}],"inLanguage":"fr-FR"},{"@type":"Organization","@id":"https:\/\/www.microlise.com\/fr\/#organization","name":"Microlise","alternateName":"Microlise","url":"https:\/\/www.microlise.com\/fr\/","logo":{"@type":"ImageObject","inLanguage":"fr-FR","@id":"https:\/\/www.microlise.com\/fr\/#\/schema\/logo\/image\/","url":"https:\/\/www.microlise.com\/wp-content\/uploads\/2024\/06\/cropped-Microlise-Logo-Primary-Electric-1.png","contentUrl":"https:\/\/www.microlise.com\/wp-content\/uploads\/2024\/06\/cropped-Microlise-Logo-Primary-Electric-1.png","width":235,"height":30,"caption":"Microlise"},"image":{"@id":"https:\/\/www.microlise.com\/fr\/#\/schema\/logo\/image\/"},"sameAs":["https:\/\/www.facebook.com\/MicroliseFR\/","https:\/\/x.com\/microlise","https:\/\/www.linkedin.com\/company\/microlise","https:\/\/www.youtube.com\/user\/MicroliseLtd"]}]}},"cmb2":{"microlise_home_banner_metabox":{"microlise_home_banner_title":"","microlise_home_banner_content":"","microlise_home_banner_image":"","microlise_home_banner_image_id":"","microlise_home_banner_vtype":"","microlise_home_banner_VID":"","microlise_home_banner_Vcode":"","microlise_home_banner_cta":"","microlise_home_banner_hctatxt":"","microlise_home_banner_hctaurl":"","microlise_home_banner_hctabgcolor":"","microlise_home_banner_hctatcolor":"","microlise_home_banner_hctatxt2":"","microlise_home_banner_hctaurl2":"","microlise_home_banner_hctabgcolor2":"","microlise_home_banner_hctatcolor2":""},"microlise_home_customersmetabox":{"microlise_home_customers_title":"","microlise_home_customers_logo":""},"microlise_home_infometabox":{"microlise_home_info_title":"","microlise_home_info_details":""},"microlise_home_product_metabox":{"microlise_home_product_details":""},"microlise_home_awards_metabox":{"microlise_home_awards_title":"","microlise_home_awards_sub_text":"","microlise_home_awards_logo":"","microlise_home_awards_logo_id":"","microlise_home_awards_link":"","microlise_home_awards_button":""},"microlise_home_faq_metabox":{"microlise_home_faq_title":"","microlise_home_faq_details":""},"microlise_page_metabox":{"microlise_page_title":"","microlise_page_use_title":"","microlise_page_btext":"","microlise_page_cta":"","microlise_page_hctatxt":"","microlise_page_hctaurl":"","microlise_page_hctabgcolor":"","microlise_page_hctatcolor":"","microlise_page_hctatxt2":"","microlise_page_hctaurl2":"","microlise_page_hctabgcolor2":"","microlise_page_hctatcolor2":"","microlise_page_video":"","microlise_page_vtype":"","microlise_page_VID":"","microlise_page_Vcode":""},"microlise_page_pometabox":{"microlise_page_embed":""},"microlise_page_fleet_metabox":{"microlise_page_fleet_case_study":"","microlise_page_fleet_cimage":"","microlise_page_fleet_cimage_id":"","microlise_page_fleet_ctitle":"","microlise_page_fleet_ct_color":"","microlise_page_fleet_ccontent":"","microlise_page_fleet_ccontent_color":"","microlise_page_fleet_crbtn_text":"","microlise_page_fleet_crbtn_link":"","microlise_page_fleet_crbbgcolor":"","microlise_page_fleet_crbtcolor":"","microlise_page_fleet_crbgcolor":"","microlise_page_fleet_brochure":"","microlise_page_fleet_brtype":"","microlise_page_fleet_bimage":"","microlise_page_fleet_bimage_id":"","microlise_page_fleet_btitle":"","microlise_page_fleet_bt_color":"","microlise_page_fleet_bcontent":"","microlise_page_fleet_bcontent_color":"","microlise_page_fleet_brbtn_text":"","microlise_page_fleet_brbbgcolor":"","microlise_page_fleet_brbtcolor":"","microlise_page_fleet_brbgcolor":"","microlise_page_fleet_hide_brochure":"","microlise_page_fleet_rimage":"","microlise_page_fleet_rimage_id":"","microlise_page_fleet_rtitle":"","microlise_page_fleet_rt_color":"","microlise_page_fleet_rcontent":"","microlise_page_fleet_rcontent_color":"","microlise_page_fleet_rebgcolor":"","microlise_page_fleet_rebtn_text":"","microlise_page_fleet_hide_report":"","microlise_page_fleet_benefit":"","microlise_page_fleet_bctatxt":"","microlise_page_fleet_bctaurl":"","microlise_page_fleet_bctabgcolor":"","microlise_page_fleet_bctatcolor":"","microlise_page_fleet_benefits":"","microlise_page_fleet_feature":"","microlise_page_fleet_features":"","microlise_page_fleet_anfeature":"","microlise_page_fleet_anfeatures":"","microlise_page_fleet_thirdfeature":"","microlise_page_fleet_thirdfeatures":"","microlise_page_fleet_faq":"","microlise_page_fleet_faqtitle":"","microlise_page_fleet_faqs":"","microlise_page_fleet_strip":"","microlise_page_fleet_stitle":"","microlise_page_fleet_sbtntext":"","microlise_page_fleet_sbtnurl":""}},"_links":{"self":[{"href":"https:\/\/www.microlise.com\/fr\/wp-json\/wp\/v2\/pages\/30098","targetHints":{"allow":["GET"]}}],"collection":[{"href":"https:\/\/www.microlise.com\/fr\/wp-json\/wp\/v2\/pages"}],"about":[{"href":"https:\/\/www.microlise.com\/fr\/wp-json\/wp\/v2\/types\/page"}],"author":[{"embeddable":true,"href":"https:\/\/www.microlise.com\/fr\/wp-json\/wp\/v2\/users\/1"}],"replies":[{"embeddable":true,"href":"https:\/\/www.microlise.com\/fr\/wp-json\/wp\/v2\/comments?post=30098"}],"version-history":[{"count":0,"href":"https:\/\/www.microlise.com\/fr\/wp-json\/wp\/v2\/pages\/30098\/revisions"}],"wp:attachment":[{"href":"https:\/\/www.microlise.com\/fr\/wp-json\/wp\/v2\/media?parent=30098"}],"curies":[{"name":"wp","href":"https:\/\/api.w.org\/{rel}","templated":true}]}}