{"id":15855,"date":"2018-10-10T08:08:00","date_gmt":"2018-10-10T07:08:00","guid":{"rendered":"https:\/\/www.microlise.com\/declaration-sur-lesclavage-moderne\/"},"modified":"2024-07-31T11:36:52","modified_gmt":"2024-07-31T10:36:52","slug":"lapolitique-sur-lesclavage-moderne","status":"publish","type":"page","link":"https:\/\/www.microlise.com\/fr\/lapolitique-sur-lesclavage-moderne\/","title":{"rendered":"La Politique de Microlise sur l\u2019Esclavage Moderne"},"content":{"rendered":"<div class=\"wpb-content-wrapper\"><p>[vc_row][vc_column][vc_column_text css=\u00a0\u00bb\u00a0\u00bb]<\/p>\n<p style=\"text-align: left;\">La Politique de Microlise sur l\u2019Esclavage Moderne est faite conform\u00e9ment \u00e0 la section 54(1) de la loi de 2015 sur l\u2019esclavage moderne applicable en Angleterre et au Pays de Galles \u00ab Modern Slavery Act 2015 \u00bb ainsi que la loi fran\u00e7aise du 5 ao\u00fbt 2013 et renferme toutes les mesures que nous avons prises pour nous assurer que Microlise et ses cha\u00eenes d\u2019approvisionnement luttent contre toute forme d\u2019esclavage et de traite des \u00eatres humains au cours de l\u2019exercice clos au 30 d\u00e9cembre 2023.<\/p>\n<p>[\/vc_column_text][\/vc_column][\/vc_row][vc_row][vc_column][vc_custom_heading text=\u00a0\u00bbIntroduction\u00a0\u00bb font_container=\u00a0\u00bbtag:h3|text_align:left\u00a0\u00bb use_theme_fonts=\u00a0\u00bbyes\u00a0\u00bb css=\u00a0\u00bb\u00a0\u00bb][vc_column_text css=\u00a0\u00bb\u00a0\u00bb]Microlise se consacre \u00e0 emp\u00eacher toutes formes contemporaines d\u2019esclavage et de traite d\u2019\u00eatres humains qui pourraient exister parmi ses activit\u00e9s. Nous veillons avec vigilance \u00e0 ce que nos fournisseurs respectent les principes d\u00e9finis dans cette d\u00e9claration.[\/vc_column_text][\/vc_column][\/vc_row][vc_row][vc_column][vc_custom_heading text=\u00a0\u00bbNos cha\u00eenes d\u2019approvisionnement\u00a0\u00bb font_container=\u00a0\u00bbtag:h3|text_align:left\u00a0\u00bb use_theme_fonts=\u00a0\u00bbyes\u00a0\u00bb css=\u00a0\u00bb\u00a0\u00bb][vc_column_text css=\u00a0\u00bb\u00a0\u00bb]Microlise est un fournisseur de mat\u00e9riel (hardware), logiciel (software) et de prestations professionnelles pour les constructeurs de v\u00e9hicules ainsi que pour les op\u00e9rateurs de flottes de v\u00e9hicules.<\/p>\n<p>\u00c0 l\u2019\u00e9chelle mondiale, nous employons 700 collaborateurs et collaboratrices. Nous op\u00e9rons au Royaume-Uni, en Irlande, en Europe, en Inde, en Australie et en Nouvelle Z\u00e9lande \u00e0 travers nos clients et leurs utilisations de nos produits et services dans leur flotte de v\u00e9hicules.<\/p>\n<p>Nous avons un chiffre d\u2019affaires annuel de 72 millions de Livres Sterling.[\/vc_column_text][\/vc_column][\/vc_row][vc_row][vc_column][vc_custom_heading text=\u00a0\u00bbNotre structure organisationnelle et op\u00e9rationnelle\u00a0\u00bb font_container=\u00a0\u00bbtag:h3|text_align:left\u00a0\u00bb use_theme_fonts=\u00a0\u00bbyes\u00a0\u00bb css=\u00a0\u00bb\u00a0\u00bb][vc_column_text css=\u00a0\u00bb\u00a0\u00bb]Nos cha\u00eenes principales d\u2019approvisionnement comprennent la fabrication d\u2019\u00e9quipements \u00e9lectriques, sous-assemblage au Royaume-Uni et mati\u00e8res premi\u00e8res venues d\u2019Extr\u00eame-Orient. D\u2019autres fournisseurs sont aussi utilis\u00e9s par exemple pour l\u2019\u00e9dition, l\u2019imprimerie, les services informatiques, les conf\u00e9rences, les formations, les consultants, les services marketing et les services relations publiques.[\/vc_column_text][\/vc_column][\/vc_row][vc_row][vc_column][vc_custom_heading text=\u00a0\u00bb\u00c9valuation des risques et contr\u00f4les pr\u00e9alables\u00a0\u00bb font_container=\u00a0\u00bbtag:h3|text_align:left\u00a0\u00bb use_theme_fonts=\u00a0\u00bbyes\u00a0\u00bb css=\u00a0\u00bb\u00a0\u00bb][vc_column_text css=\u00a0\u00bb\u00a0\u00bb]Les risques que ces cha\u00eenes d\u2019approvisionnement peuvent pr\u00e9senter ont \u00e9t\u00e9 mis en \u00e9vidence et nous nous effor\u00e7ons d\u2019\u00e9tudier les op\u00e9rations de nos fournisseurs en ce qui concerne l\u2019esclavage moderne et la traite des \u00eatres humains. Pour ce faire, nos fournisseurs doivent de remplir un questionnaire qui d\u00e9taille nos exigences relatives \u00e0 la responsabilit\u00e9 sociale. Nous leur demandons de s\u2019y conformer.<\/p>\n<p>Nous attendons de nos fournisseurs et de nos sous-traitants qu\u2019ils d\u00e9montrent une politique de tol\u00e9rance z\u00e9ro en mati\u00e8re d\u2019exploitation et de traite des \u00eatres humains. Dans ce but, tous nos nouveaux contrats ainsi que ceux en cours de renouvellement comportent une clause exigeant de nos fournisseurs et leurs sous-traitants de se conformer avec la Politique de Microlise sur l\u2019Esclavage Moderne. Microlise se r\u00e9serve le droit de mettre fin au contrat en cas de violation \u00e0 cette politique.<\/p>\n<p>Dans le cadre de notre processus d\u2019achat, nous nous engageons uniquement avec des fournisseurs et des sous-traitants qui ont confirm\u00e9 qu\u2019ils se conforment \u00e0 notre Politique. Microlise estime que son exposition \u00e0 l\u2019esclavage\/traite des \u00eatres humains est minime. Nous surveillons et g\u00e9rons les risques dans nos chaines d\u2019approvisionnement en \u00e9valuant les nouveaux fournisseurs et en contr\u00f4lant r\u00e9guli\u00e8rement les fournisseurs existants. Nous chercherons \u00e0 obtenir des garanties sp\u00e9cifiques de la part des fournisseurs dont l\u2019exposition aux risques est la plus haute.<\/p>\n<p>Nous avons mis en place une Politique de Lanceurs d\u2019Alerte afin d&rsquo;assurer une approche transparente pour le signalement de tout incident non conforme.<\/p>\n<p>Nous nous engageons \u00e0 mettre en \u0153uvre et \u00e0 appliquer des proc\u00e9dures et des contr\u00f4les efficaces pour minimiser le risque que la traite des \u00eatres humains et d&rsquo;autres pratiques d&rsquo;esclavage moderne s&rsquo;infiltrent dans nos op\u00e9rations commerciales ou nos cha\u00eenes d&rsquo;approvisionnement, et \u00e0 agir de mani\u00e8re \u00e9thique et int\u00e8gre dans toutes nos activit\u00e9s et relations commerciales. Nous attendons de nos employ\u00e9s qu&rsquo;ils se conforment pleinement \u00e0 notre Politique sur l\u2019Esclavage Moderne et \u00e0 nos proc\u00e9dures associ\u00e9es. Tout non-respect s&rsquo;exposerait \u00e0 des proc\u00e9dures disciplinaires. \u00c0 l&rsquo;heure actuelle, aucun incident de non-respect des lois et Politiques internes applicables n&rsquo;a \u00e9t\u00e9 signal\u00e9.[\/vc_column_text][\/vc_column][\/vc_row][vc_row][vc_column][vc_custom_heading text=\u00a0\u00bbFormation du personnel\u00a0\u00bb font_container=\u00a0\u00bbtag:h3|text_align:left\u00a0\u00bb use_theme_fonts=\u00a0\u00bbyes\u00a0\u00bb css=\u00a0\u00bb\u00a0\u00bb][vc_column_text css=\u00a0\u00bb\u00a0\u00bb]Nous fournissons une formation \u00e0 notre personnel cl\u00e9 pour assurer une meilleure compr\u00e9hension des dangers de l\u2019esclavage moderne et de la traite des \u00eatres humains. Nos politique et proc\u00e9dures visent \u00e0 att\u00e9nuer les risques d\u2019infiltration dans notre entreprise ou nos fournisseurs.[\/vc_column_text][\/vc_column][\/vc_row][vc_row][vc_column][vc_custom_heading text=\u00a0\u00bbActions futures\u00a0\u00bb font_container=\u00a0\u00bbtag:h3|text_align:left\u00a0\u00bb use_theme_fonts=\u00a0\u00bbyes\u00a0\u00bb css=\u00a0\u00bb\u00a0\u00bb][vc_column_text css=\u00a0\u00bb\u00a0\u00bb]Cette ann\u00e9e nous pr\u00e9voyons:<\/p>\n<ul>\n<li>Auditer nos principaux fournisseurs pour s&rsquo;assurer qu&rsquo;ils respectent leurs responsabilit\u00e9s sociales et la l\u00e9gislation.<\/li>\n<\/ul>\n<p>[\/vc_column_text][\/vc_column][\/vc_row][vc_row][vc_column][vc_column_text css=\u00a0\u00bb\u00a0\u00bb]Cette Politique a \u00e9t\u00e9 approuv\u00e9e par le Conseil d&rsquo;administration de Microlise plc, le 28 mai 2024.[\/vc_column_text][\/vc_column][\/vc_row]<\/p>\n<\/div>","protected":false},"excerpt":{"rendered":"<p>[vc_row][vc_column][vc_column_text css=\u00a0\u00bb\u00a0\u00bb] La Politique de Microlise sur l\u2019Esclavage Moderne est faite conform\u00e9ment \u00e0 la section 54(1) de la loi de 2015 sur l\u2019esclavage moderne applicable en Angleterre et au Pays de Galles \u00ab Modern Slavery Act 2015 \u00bb ainsi que la loi fran\u00e7aise du 5 ao\u00fbt 2013 et renferme toutes les mesures que nous avons&hellip; <\/p>\n","protected":false},"author":4,"featured_media":40273,"parent":0,"menu_order":162,"comment_status":"closed","ping_status":"closed","template":"","meta":{"footnotes":""},"class_list":["post-15855","page","type-page","status-publish","has-post-thumbnail","hentry","entry"],"yoast_head":"<!-- This site is optimized with the Yoast SEO Premium plugin v25.7.1 (Yoast SEO v27.4) - https:\/\/yoast.com\/product\/yoast-seo-premium-wordpress\/ -->\n<title>La Politique de Microlise sur l\u2019Esclavage Moderne - Microlise France<\/title>\n<meta name=\"description\" content=\"10 octobre 2018 - La Politique de Microlise sur l\u2019Esclavage Moderne\" \/>\n<meta name=\"robots\" content=\"index, follow, max-snippet:-1, max-image-preview:large, max-video-preview:-1\" \/>\n<link rel=\"canonical\" href=\"https:\/\/www.microlise.com\/fr\/lapolitique-sur-lesclavage-moderne\/\" \/>\n<meta property=\"og:locale\" content=\"fr_FR\" \/>\n<meta property=\"og:type\" content=\"article\" \/>\n<meta property=\"og:title\" content=\"La Politique de Microlise sur l\u2019Esclavage Moderne\" \/>\n<meta property=\"og:description\" content=\"10 octobre 2018 - La Politique de Microlise sur l\u2019Esclavage Moderne\" \/>\n<meta property=\"og:url\" content=\"https:\/\/www.microlise.com\/fr\/lapolitique-sur-lesclavage-moderne\/\" \/>\n<meta property=\"og:site_name\" content=\"Microlise France\" \/>\n<meta property=\"article:publisher\" content=\"https:\/\/www.facebook.com\/MicroliseFR\/\" \/>\n<meta property=\"article:modified_time\" content=\"2024-07-31T10:36:52+00:00\" \/>\n<meta property=\"og:image\" content=\"https:\/\/www.microlise.com\/wp-content\/uploads\/2024\/06\/home-banner.jpg\" \/>\n\t<meta property=\"og:image:width\" content=\"1673\" \/>\n\t<meta property=\"og:image:height\" content=\"938\" \/>\n\t<meta property=\"og:image:type\" content=\"image\/jpeg\" \/>\n<meta name=\"twitter:card\" content=\"summary_large_image\" \/>\n<meta name=\"twitter:site\" content=\"@microlise\" \/>\n<meta name=\"twitter:label1\" content=\"Dur\u00e9e de lecture estim\u00e9e\" \/>\n\t<meta name=\"twitter:data1\" content=\"4 minutes\" \/>\n<script type=\"application\/ld+json\" class=\"yoast-schema-graph\">{\"@context\":\"https:\\\/\\\/schema.org\",\"@graph\":[{\"@type\":\"WebPage\",\"@id\":\"https:\\\/\\\/www.microlise.com\\\/fr\\\/lapolitique-sur-lesclavage-moderne\\\/\",\"url\":\"https:\\\/\\\/www.microlise.com\\\/fr\\\/lapolitique-sur-lesclavage-moderne\\\/\",\"name\":\"La Politique de Microlise sur l\u2019Esclavage Moderne - Microlise France\",\"isPartOf\":{\"@id\":\"https:\\\/\\\/www.microlise.com\\\/fr\\\/#website\"},\"primaryImageOfPage\":{\"@id\":\"https:\\\/\\\/www.microlise.com\\\/fr\\\/lapolitique-sur-lesclavage-moderne\\\/#primaryimage\"},\"image\":{\"@id\":\"https:\\\/\\\/www.microlise.com\\\/fr\\\/lapolitique-sur-lesclavage-moderne\\\/#primaryimage\"},\"thumbnailUrl\":\"https:\\\/\\\/www.microlise.com\\\/wp-content\\\/uploads\\\/2024\\\/06\\\/home-banner.jpg\",\"datePublished\":\"2018-10-10T07:08:00+00:00\",\"dateModified\":\"2024-07-31T10:36:52+00:00\",\"description\":\"10 octobre 2018 - La Politique de Microlise sur l\u2019Esclavage Moderne\",\"breadcrumb\":{\"@id\":\"https:\\\/\\\/www.microlise.com\\\/fr\\\/lapolitique-sur-lesclavage-moderne\\\/#breadcrumb\"},\"inLanguage\":\"fr-FR\",\"potentialAction\":[{\"@type\":\"ReadAction\",\"target\":[\"https:\\\/\\\/www.microlise.com\\\/fr\\\/lapolitique-sur-lesclavage-moderne\\\/\"]}]},{\"@type\":\"ImageObject\",\"inLanguage\":\"fr-FR\",\"@id\":\"https:\\\/\\\/www.microlise.com\\\/fr\\\/lapolitique-sur-lesclavage-moderne\\\/#primaryimage\",\"url\":\"https:\\\/\\\/www.microlise.com\\\/wp-content\\\/uploads\\\/2024\\\/06\\\/home-banner.jpg\",\"contentUrl\":\"https:\\\/\\\/www.microlise.com\\\/wp-content\\\/uploads\\\/2024\\\/06\\\/home-banner.jpg\",\"width\":1673,\"height\":938,\"caption\":\"Advanced telematics and logistics analytics for transportation efficiency.\"},{\"@type\":\"BreadcrumbList\",\"@id\":\"https:\\\/\\\/www.microlise.com\\\/fr\\\/lapolitique-sur-lesclavage-moderne\\\/#breadcrumb\",\"itemListElement\":[{\"@type\":\"ListItem\",\"position\":1,\"name\":\"Home\",\"item\":\"https:\\\/\\\/www.microlise.com\\\/fr\\\/\"},{\"@type\":\"ListItem\",\"position\":2,\"name\":\"La Politique de Microlise sur l\u2019Esclavage Moderne\"}]},{\"@type\":\"WebSite\",\"@id\":\"https:\\\/\\\/www.microlise.com\\\/fr\\\/#website\",\"url\":\"https:\\\/\\\/www.microlise.com\\\/fr\\\/\",\"name\":\"Microlise France\",\"description\":\"Telematics, Transport &amp; Fleet Management Solutions\",\"publisher\":{\"@id\":\"https:\\\/\\\/www.microlise.com\\\/fr\\\/#organization\"},\"alternateName\":\"Microlise\",\"potentialAction\":[{\"@type\":\"SearchAction\",\"target\":{\"@type\":\"EntryPoint\",\"urlTemplate\":\"https:\\\/\\\/www.microlise.com\\\/fr\\\/?s={search_term_string}\"},\"query-input\":{\"@type\":\"PropertyValueSpecification\",\"valueRequired\":true,\"valueName\":\"search_term_string\"}}],\"inLanguage\":\"fr-FR\"},{\"@type\":\"Organization\",\"@id\":\"https:\\\/\\\/www.microlise.com\\\/fr\\\/#organization\",\"name\":\"Microlise\",\"alternateName\":\"Microlise\",\"url\":\"https:\\\/\\\/www.microlise.com\\\/fr\\\/\",\"logo\":{\"@type\":\"ImageObject\",\"inLanguage\":\"fr-FR\",\"@id\":\"https:\\\/\\\/www.microlise.com\\\/fr\\\/#\\\/schema\\\/logo\\\/image\\\/\",\"url\":\"https:\\\/\\\/www.microlise.com\\\/wp-content\\\/uploads\\\/2024\\\/06\\\/cropped-Microlise-Logo-Primary-Electric-1.png\",\"contentUrl\":\"https:\\\/\\\/www.microlise.com\\\/wp-content\\\/uploads\\\/2024\\\/06\\\/cropped-Microlise-Logo-Primary-Electric-1.png\",\"width\":235,\"height\":30,\"caption\":\"Microlise\"},\"image\":{\"@id\":\"https:\\\/\\\/www.microlise.com\\\/fr\\\/#\\\/schema\\\/logo\\\/image\\\/\"},\"sameAs\":[\"https:\\\/\\\/www.facebook.com\\\/MicroliseFR\\\/\",\"https:\\\/\\\/x.com\\\/microlise\",\"https:\\\/\\\/www.linkedin.com\\\/company\\\/microlise\",\"https:\\\/\\\/www.youtube.com\\\/user\\\/MicroliseLtd\"]}]}<\/script>\n<!-- \/ Yoast SEO Premium plugin. -->","yoast_head_json":{"title":"La Politique de Microlise sur l\u2019Esclavage Moderne - Microlise France","description":"10 octobre 2018 - La Politique de Microlise sur l\u2019Esclavage Moderne","robots":{"index":"index","follow":"follow","max-snippet":"max-snippet:-1","max-image-preview":"max-image-preview:large","max-video-preview":"max-video-preview:-1"},"canonical":"https:\/\/www.microlise.com\/fr\/lapolitique-sur-lesclavage-moderne\/","og_locale":"fr_FR","og_type":"article","og_title":"La Politique de Microlise sur l\u2019Esclavage Moderne","og_description":"10 octobre 2018 - La Politique de Microlise sur l\u2019Esclavage Moderne","og_url":"https:\/\/www.microlise.com\/fr\/lapolitique-sur-lesclavage-moderne\/","og_site_name":"Microlise France","article_publisher":"https:\/\/www.facebook.com\/MicroliseFR\/","article_modified_time":"2024-07-31T10:36:52+00:00","og_image":[{"width":1673,"height":938,"url":"https:\/\/www.microlise.com\/wp-content\/uploads\/2024\/06\/home-banner.jpg","type":"image\/jpeg"}],"twitter_card":"summary_large_image","twitter_site":"@microlise","twitter_misc":{"Dur\u00e9e de lecture estim\u00e9e":"4 minutes"},"schema":{"@context":"https:\/\/schema.org","@graph":[{"@type":"WebPage","@id":"https:\/\/www.microlise.com\/fr\/lapolitique-sur-lesclavage-moderne\/","url":"https:\/\/www.microlise.com\/fr\/lapolitique-sur-lesclavage-moderne\/","name":"La Politique de Microlise sur l\u2019Esclavage Moderne - Microlise France","isPartOf":{"@id":"https:\/\/www.microlise.com\/fr\/#website"},"primaryImageOfPage":{"@id":"https:\/\/www.microlise.com\/fr\/lapolitique-sur-lesclavage-moderne\/#primaryimage"},"image":{"@id":"https:\/\/www.microlise.com\/fr\/lapolitique-sur-lesclavage-moderne\/#primaryimage"},"thumbnailUrl":"https:\/\/www.microlise.com\/wp-content\/uploads\/2024\/06\/home-banner.jpg","datePublished":"2018-10-10T07:08:00+00:00","dateModified":"2024-07-31T10:36:52+00:00","description":"10 octobre 2018 - La Politique de Microlise sur l\u2019Esclavage Moderne","breadcrumb":{"@id":"https:\/\/www.microlise.com\/fr\/lapolitique-sur-lesclavage-moderne\/#breadcrumb"},"inLanguage":"fr-FR","potentialAction":[{"@type":"ReadAction","target":["https:\/\/www.microlise.com\/fr\/lapolitique-sur-lesclavage-moderne\/"]}]},{"@type":"ImageObject","inLanguage":"fr-FR","@id":"https:\/\/www.microlise.com\/fr\/lapolitique-sur-lesclavage-moderne\/#primaryimage","url":"https:\/\/www.microlise.com\/wp-content\/uploads\/2024\/06\/home-banner.jpg","contentUrl":"https:\/\/www.microlise.com\/wp-content\/uploads\/2024\/06\/home-banner.jpg","width":1673,"height":938,"caption":"Advanced telematics and logistics analytics for transportation efficiency."},{"@type":"BreadcrumbList","@id":"https:\/\/www.microlise.com\/fr\/lapolitique-sur-lesclavage-moderne\/#breadcrumb","itemListElement":[{"@type":"ListItem","position":1,"name":"Home","item":"https:\/\/www.microlise.com\/fr\/"},{"@type":"ListItem","position":2,"name":"La Politique de Microlise sur l\u2019Esclavage Moderne"}]},{"@type":"WebSite","@id":"https:\/\/www.microlise.com\/fr\/#website","url":"https:\/\/www.microlise.com\/fr\/","name":"Microlise France","description":"Telematics, Transport &amp; Fleet Management Solutions","publisher":{"@id":"https:\/\/www.microlise.com\/fr\/#organization"},"alternateName":"Microlise","potentialAction":[{"@type":"SearchAction","target":{"@type":"EntryPoint","urlTemplate":"https:\/\/www.microlise.com\/fr\/?s={search_term_string}"},"query-input":{"@type":"PropertyValueSpecification","valueRequired":true,"valueName":"search_term_string"}}],"inLanguage":"fr-FR"},{"@type":"Organization","@id":"https:\/\/www.microlise.com\/fr\/#organization","name":"Microlise","alternateName":"Microlise","url":"https:\/\/www.microlise.com\/fr\/","logo":{"@type":"ImageObject","inLanguage":"fr-FR","@id":"https:\/\/www.microlise.com\/fr\/#\/schema\/logo\/image\/","url":"https:\/\/www.microlise.com\/wp-content\/uploads\/2024\/06\/cropped-Microlise-Logo-Primary-Electric-1.png","contentUrl":"https:\/\/www.microlise.com\/wp-content\/uploads\/2024\/06\/cropped-Microlise-Logo-Primary-Electric-1.png","width":235,"height":30,"caption":"Microlise"},"image":{"@id":"https:\/\/www.microlise.com\/fr\/#\/schema\/logo\/image\/"},"sameAs":["https:\/\/www.facebook.com\/MicroliseFR\/","https:\/\/x.com\/microlise","https:\/\/www.linkedin.com\/company\/microlise","https:\/\/www.youtube.com\/user\/MicroliseLtd"]}]}},"cmb2":{"microlise_home_banner_metabox":{"microlise_home_banner_title":"","microlise_home_banner_content":"","microlise_home_banner_image":"","microlise_home_banner_image_id":"","microlise_home_banner_vtype":"","microlise_home_banner_VID":"","microlise_home_banner_Vcode":"","microlise_home_banner_cta":"","microlise_home_banner_hctatxt":"","microlise_home_banner_hctaurl":"","microlise_home_banner_hctabgcolor":"","microlise_home_banner_hctatcolor":"","microlise_home_banner_hctatxt2":"","microlise_home_banner_hctaurl2":"","microlise_home_banner_hctabgcolor2":"","microlise_home_banner_hctatcolor2":""},"microlise_home_customersmetabox":{"microlise_home_customers_title":"","microlise_home_customers_logo":""},"microlise_home_infometabox":{"microlise_home_info_title":"","microlise_home_info_details":""},"microlise_home_product_metabox":{"microlise_home_product_details":""},"microlise_home_awards_metabox":{"microlise_home_awards_title":"","microlise_home_awards_sub_text":"","microlise_home_awards_logo":"","microlise_home_awards_logo_id":"","microlise_home_awards_link":"","microlise_home_awards_button":""},"microlise_home_faq_metabox":{"microlise_home_faq_title":"","microlise_home_faq_details":""},"microlise_page_metabox":{"microlise_page_title":"","microlise_page_use_title":"","microlise_page_btext":"","microlise_page_cta":"","microlise_page_hctatxt":"","microlise_page_hctaurl":"","microlise_page_hctabgcolor":"#01CBDE","microlise_page_hctatcolor":"#151D25","microlise_page_hctatxt2":"","microlise_page_hctaurl2":"","microlise_page_hctabgcolor2":"","microlise_page_hctatcolor2":"#151D25","microlise_page_video":"","microlise_page_vtype":"","microlise_page_VID":"","microlise_page_Vcode":""},"microlise_page_pometabox":{"microlise_page_embed":""},"microlise_page_fleet_metabox":{"microlise_page_fleet_case_study":"","microlise_page_fleet_cimage":"","microlise_page_fleet_cimage_id":"","microlise_page_fleet_ctitle":"","microlise_page_fleet_ct_color":"","microlise_page_fleet_ccontent":"","microlise_page_fleet_ccontent_color":"","microlise_page_fleet_crbtn_text":"","microlise_page_fleet_crbtn_link":"","microlise_page_fleet_crbbgcolor":"","microlise_page_fleet_crbtcolor":"","microlise_page_fleet_crbgcolor":"","microlise_page_fleet_brochure":"","microlise_page_fleet_brtype":"","microlise_page_fleet_bimage":"","microlise_page_fleet_bimage_id":"","microlise_page_fleet_btitle":"","microlise_page_fleet_bt_color":"","microlise_page_fleet_bcontent":"","microlise_page_fleet_bcontent_color":"","microlise_page_fleet_brbtn_text":"","microlise_page_fleet_brbbgcolor":"","microlise_page_fleet_brbtcolor":"","microlise_page_fleet_brbgcolor":"","microlise_page_fleet_hide_brochure":"","microlise_page_fleet_rimage":"","microlise_page_fleet_rimage_id":"","microlise_page_fleet_rtitle":"","microlise_page_fleet_rt_color":"","microlise_page_fleet_rcontent":"","microlise_page_fleet_rcontent_color":"","microlise_page_fleet_rebgcolor":"","microlise_page_fleet_rebtn_text":"","microlise_page_fleet_hide_report":"","microlise_page_fleet_benefit":"","microlise_page_fleet_bctatxt":"","microlise_page_fleet_bctaurl":"","microlise_page_fleet_bctabgcolor":"","microlise_page_fleet_bctatcolor":"","microlise_page_fleet_benefits":"","microlise_page_fleet_feature":"","microlise_page_fleet_features":"","microlise_page_fleet_anfeature":"","microlise_page_fleet_anfeatures":"","microlise_page_fleet_thirdfeature":"","microlise_page_fleet_thirdfeatures":"","microlise_page_fleet_faq":"","microlise_page_fleet_faqtitle":"","microlise_page_fleet_faqs":"","microlise_page_fleet_strip":"","microlise_page_fleet_stitle":"","microlise_page_fleet_sbtntext":"","microlise_page_fleet_sbtnurl":""}},"_links":{"self":[{"href":"https:\/\/www.microlise.com\/fr\/wp-json\/wp\/v2\/pages\/15855","targetHints":{"allow":["GET"]}}],"collection":[{"href":"https:\/\/www.microlise.com\/fr\/wp-json\/wp\/v2\/pages"}],"about":[{"href":"https:\/\/www.microlise.com\/fr\/wp-json\/wp\/v2\/types\/page"}],"author":[{"embeddable":true,"href":"https:\/\/www.microlise.com\/fr\/wp-json\/wp\/v2\/users\/4"}],"replies":[{"embeddable":true,"href":"https:\/\/www.microlise.com\/fr\/wp-json\/wp\/v2\/comments?post=15855"}],"version-history":[{"count":0,"href":"https:\/\/www.microlise.com\/fr\/wp-json\/wp\/v2\/pages\/15855\/revisions"}],"wp:featuredmedia":[{"embeddable":true,"href":"https:\/\/www.microlise.com\/fr\/wp-json\/wp\/v2\/media\/40273"}],"wp:attachment":[{"href":"https:\/\/www.microlise.com\/fr\/wp-json\/wp\/v2\/media?parent=15855"}],"curies":[{"name":"wp","href":"https:\/\/api.w.org\/{rel}","templated":true}]}}