{"id":15844,"date":"2014-12-09T12:33:00","date_gmt":"2014-12-09T12:33:00","guid":{"rendered":"https:\/\/www.microlise.com\/services\/"},"modified":"2024-06-12T07:12:35","modified_gmt":"2024-06-12T06:12:35","slug":"services","status":"publish","type":"page","link":"https:\/\/www.microlise.com\/fr\/quisommes-nous\/services\/","title":{"rendered":"Services"},"content":{"rendered":"<div class=\"wpb-content-wrapper\"><p>[vc_row content_placement=\u00a0\u00bbmiddle\u00a0\u00bb css=\u00a0\u00bb.vc_custom_1608722070981{margin-top: 40px !important;margin-bottom: 40px !important;}\u00a0\u00bb][vc_column width=\u00a0\u00bb1\/2&Prime; el_class=\u00a0\u00bbwow animate__fadeInLeft pe-lg-5&Prime;][vc_single_image image=\u00a0\u00bb19950&Prime; img_size=\u00a0\u00bbmicrolise-hrect\u00a0\u00bb alignment=\u00a0\u00bbcenter\u00a0\u00bb style=\u00a0\u00bbvc_box_rounded\u00a0\u00bb css=\u00a0\u00bb\u00a0\u00bb el_class=\u00a0\u00bbshadow\u00a0\u00bb][\/vc_column][vc_column width=\u00a0\u00bb1\/2&Prime; el_class=\u00a0\u00bbwow animate__fadeInRight ps-lg-5&Prime;][vc_custom_heading text=\u00a0\u00bbConsulting\u00a0\u00bb use_theme_fonts=\u00a0\u00bbyes\u00a0\u00bb css=\u00a0\u00bb\u00a0\u00bb][vc_column_text css=\u00a0\u00bb\u00a0\u00bb]<\/p>\n<p style=\"text-align: left;\">Il est important de veiller \u00e0 ce que votre nouvelle solution \u00e9volue au m\u00eame rythme que votre entreprise. C\u2019est pourquoi vous aurez toujours la possibilit\u00e9 d\u2019avoir les conseils de nos experts qui travailleront en \u00e9troite collaboration avec vos \u00e9quipes pour tirer le meilleur parti de votre nouvelle solution dans les meilleurs d\u00e9lais.<\/p>\n<p>[\/vc_column_text][\/vc_column][\/vc_row][vc_row content_placement=\u00a0\u00bbmiddle\u00a0\u00bb css=\u00a0\u00bb.vc_custom_1608722087525{margin-bottom: 40px !important;}\u00a0\u00bb][vc_column width=\u00a0\u00bb1\/2&Prime; el_class=\u00a0\u00bbvc_col-sm-push-6 wow animate__fadeInRight ps-lg-5&Prime;][vc_single_image image=\u00a0\u00bb19956&Prime; img_size=\u00a0\u00bbmicrolise-hrect\u00a0\u00bb alignment=\u00a0\u00bbcenter\u00a0\u00bb style=\u00a0\u00bbvc_box_rounded\u00a0\u00bb css=\u00a0\u00bb\u00a0\u00bb el_class=\u00a0\u00bbshadow\u00a0\u00bb][\/vc_column][vc_column width=\u00a0\u00bb1\/2&Prime; el_class=\u00a0\u00bbvc_col-sm-pull-6 wow animate__fadeInLeft pe-lg-5&Prime;][vc_custom_heading text=\u00a0\u00bbSupport clients\u00a0\u00bb use_theme_fonts=\u00a0\u00bbyes\u00a0\u00bb css=\u00a0\u00bb\u00a0\u00bb][vc_column_text css=\u00a0\u00bb\u00a0\u00bb]<\/p>\n<p style=\"text-align: left;\">Microlise dispose d\u2019une \u00e9quipe d\u00e9di\u00e9e disponible 24 heures sur 24, 365 jours par an. Nous pouvons travailler en \u00e9troite collaboration avec vous et votre \u00e9quipe pour r\u00e9pondre \u00e0 vos questions, apporter un soutien et r\u00e9soudre tous les probl\u00e8mes rapidement et de mani\u00e8re fiable.<\/p>\n<p>[\/vc_column_text][\/vc_column][\/vc_row][vc_row content_placement=\u00a0\u00bbmiddle\u00a0\u00bb css=\u00a0\u00bb.vc_custom_1608722100467{margin-bottom: 40px !important;}\u00a0\u00bb][vc_column width=\u00a0\u00bb1\/2&Prime; el_class=\u00a0\u00bbwow animate__fadeInLeft pe-lg-5&Prime;][vc_single_image image=\u00a0\u00bb19968&Prime; img_size=\u00a0\u00bbmicrolise-hrect\u00a0\u00bb alignment=\u00a0\u00bbcenter\u00a0\u00bb style=\u00a0\u00bbvc_box_rounded\u00a0\u00bb css=\u00a0\u00bb\u00a0\u00bb el_class=\u00a0\u00bbshadow\u00a0\u00bb][\/vc_column][vc_column width=\u00a0\u00bb1\/2&Prime; el_class=\u00a0\u00bbwow animate__fadeInRight ps-lg-5&Prime;][vc_custom_heading text=\u00a0\u00bbService d\u00e9ploiement\u00a0\u00bb use_theme_fonts=\u00a0\u00bbyes\u00a0\u00bb css=\u00a0\u00bb\u00a0\u00bb][vc_column_text css=\u00a0\u00bb\u00a0\u00bb]<\/p>\n<p style=\"text-align: left;\">Il est important que vous ayez l\u2019assurance d\u2019avoir l\u2019appui d\u2019experts, surtout lorsque vient le temps de changer de syst\u00e8me ou de chercher de nouvelles fa\u00e7ons de g\u00e9rer vos op\u00e9rations. C\u2019est pourquoi vous aurez toujours une \u00e9quipe d\u00e9di\u00e9e qui veillera au bon d\u00e9roulement de ce changement cl\u00e9 pour votre entreprise et pour s\u2019assurer que vous en tiriez tous les b\u00e9n\u00e9fices le plus t\u00f4t possible.<\/p>\n<p>[\/vc_column_text][\/vc_column][\/vc_row][vc_row content_placement=\u00a0\u00bbmiddle\u00a0\u00bb css=\u00a0\u00bb.vc_custom_1608722109794{margin-bottom: 40px !important;}\u00a0\u00bb][vc_column width=\u00a0\u00bb1\/2&Prime; el_class=\u00a0\u00bbvc_col-sm-push-6 wow animate__fadeInRight ps-lg-5&Prime;][vc_single_image image=\u00a0\u00bb19944&Prime; img_size=\u00a0\u00bbmicrolise-hrect\u00a0\u00bb alignment=\u00a0\u00bbcenter\u00a0\u00bb style=\u00a0\u00bbvc_box_rounded\u00a0\u00bb css=\u00a0\u00bb\u00a0\u00bb el_class=\u00a0\u00bbshadow\u00a0\u00bb][\/vc_column][vc_column width=\u00a0\u00bb1\/2&Prime; el_class=\u00a0\u00bbvc_col-sm-pull-6 wow animate__fadeInLeft pe-lg-5&Prime;][vc_custom_heading text=\u00a0\u00bbGestion de compte\u00a0\u00bb use_theme_fonts=\u00a0\u00bbyes\u00a0\u00bb css=\u00a0\u00bb\u00a0\u00bb][vc_column_text css=\u00a0\u00bb\u00a0\u00bb]<\/p>\n<p style=\"text-align: left;\">Chaque client Microlise se voit affecter un charg\u00e9 de compte qui restera avec lui non seulement pendant la totalit\u00e9 du processus de vente, mais \u00e9galement tant qu\u2019il sera client. Autrement dit, vous aurez toujours chez Microlise un interlocuteur familier et amical qui conna\u00eet vos ant\u00e9c\u00e9dents.<\/p>\n<p>[\/vc_column_text][\/vc_column][\/vc_row][vc_row content_placement=\u00a0\u00bbmiddle\u00a0\u00bb css=\u00a0\u00bb.vc_custom_1608722122290{margin-bottom: 40px !important;}\u00a0\u00bb][vc_column width=\u00a0\u00bb1\/2&Prime; el_class=\u00a0\u00bbwow animate__fadeInLeft pe-lg-5&Prime;][vc_single_image image=\u00a0\u00bb19974&Prime; img_size=\u00a0\u00bbmicrolise-hrect\u00a0\u00bb alignment=\u00a0\u00bbcenter\u00a0\u00bb style=\u00a0\u00bbvc_box_rounded\u00a0\u00bb css=\u00a0\u00bb\u00a0\u00bb el_class=\u00a0\u00bbshadow\u00a0\u00bb][\/vc_column][vc_column width=\u00a0\u00bb1\/2&Prime; el_class=\u00a0\u00bbwow animate__fadeInRight ps-lg-5&Prime;][vc_custom_heading text=\u00a0\u00bbFormation\u00a0\u00bb use_theme_fonts=\u00a0\u00bbyes\u00a0\u00bb css=\u00a0\u00bb\u00a0\u00bb][vc_column_text css=\u00a0\u00bb\u00a0\u00bb]<\/p>\n<p style=\"text-align: left;\">Les diff\u00e9rents outils de formation sont \u00e0 votre service pour vous permettre de ma\u00eetriser nos solutions et en tirer le meilleur parti.<br \/>\n\u00c0 la fois par le biais de sessions individuelles et de tutoriels en libre-service accessibles en ligne via notre Portail de Connaissance, nous vous offrons tous les moyens disponibles pour que votre investissement soit un succ\u00e8s et que vous atteignez une pleine efficacit\u00e9 op\u00e9rationnelle.<\/p>\n<p>[\/vc_column_text][\/vc_column][\/vc_row]<\/p>\n<\/div>","protected":false},"excerpt":{"rendered":"<p>Nos services de support et de conseil sont l\u00e0 pour vous assurer de tirer le meilleur parti des technologies embarqu\u00e9es que vous avez d\u00e9ploy\u00e9es. De nos services d\u2019assistance et d\u2019apr\u00e8s-vente premiums aux r\u00e9unions et comit\u00e9s de pilotage sur site, jusqu\u2019aux supports de formation en ligne via notre portail d\u2019e-learning, nous vous offrons tous les outils n\u00e9cessaires pour assurer votre succ\u00e8s.<\/p>\n","protected":false},"author":47,"featured_media":40273,"parent":15839,"menu_order":107,"comment_status":"closed","ping_status":"closed","template":"","meta":{"footnotes":""},"class_list":["post-15844","page","type-page","status-publish","has-post-thumbnail","hentry","entry"],"yoast_head":"<!-- This site is optimized with the Yoast SEO Premium plugin v25.7.1 (Yoast SEO v27.3) - https:\/\/yoast.com\/product\/yoast-seo-premium-wordpress\/ -->\n<title>Services de gestion de flotte | Solutions de gestion de flotte<\/title>\n<meta name=\"description\" content=\"Microlise Fleet Management Services permet \u00e0 nos clients de r\u00e9duire les co\u00fbts d&#039;exploitation et l&#039;impact environnemental en maximisant l&#039;efficacit\u00e9 de leurs flottes.\" \/>\n<meta name=\"robots\" content=\"index, follow, max-snippet:-1, max-image-preview:large, max-video-preview:-1\" \/>\n<link rel=\"canonical\" href=\"https:\/\/www.microlise.com\/fr\/quisommes-nous\/services\/\" \/>\n<meta property=\"og:locale\" content=\"fr_FR\" \/>\n<meta property=\"og:type\" content=\"article\" \/>\n<meta property=\"og:title\" content=\"Services\" \/>\n<meta property=\"og:description\" content=\"Microlise Fleet Management Services permet \u00e0 nos clients de r\u00e9duire les co\u00fbts d&#039;exploitation et l&#039;impact environnemental en maximisant l&#039;efficacit\u00e9 de leurs flottes.\" \/>\n<meta property=\"og:url\" content=\"https:\/\/www.microlise.com\/fr\/quisommes-nous\/services\/\" \/>\n<meta property=\"og:site_name\" content=\"Microlise France\" \/>\n<meta property=\"article:publisher\" content=\"https:\/\/www.facebook.com\/MicroliseFR\/\" \/>\n<meta property=\"article:modified_time\" content=\"2024-06-12T06:12:35+00:00\" \/>\n<meta property=\"og:image\" content=\"https:\/\/www.microlise.com\/wp-content\/uploads\/2024\/06\/home-banner.jpg\" \/>\n\t<meta property=\"og:image:width\" content=\"1673\" \/>\n\t<meta property=\"og:image:height\" content=\"938\" \/>\n\t<meta property=\"og:image:type\" content=\"image\/jpeg\" \/>\n<meta name=\"twitter:card\" content=\"summary_large_image\" \/>\n<meta name=\"twitter:site\" content=\"@microlise\" \/>\n<meta name=\"twitter:label1\" content=\"Dur\u00e9e de lecture estim\u00e9e\" \/>\n\t<meta name=\"twitter:data1\" content=\"3 minutes\" \/>\n<script type=\"application\/ld+json\" class=\"yoast-schema-graph\">{\"@context\":\"https:\\\/\\\/schema.org\",\"@graph\":[{\"@type\":\"WebPage\",\"@id\":\"https:\\\/\\\/www.microlise.com\\\/fr\\\/quisommes-nous\\\/services\\\/\",\"url\":\"https:\\\/\\\/www.microlise.com\\\/fr\\\/quisommes-nous\\\/services\\\/\",\"name\":\"Services de gestion de flotte | Solutions de gestion de flotte\",\"isPartOf\":{\"@id\":\"https:\\\/\\\/www.microlise.com\\\/fr\\\/#website\"},\"primaryImageOfPage\":{\"@id\":\"https:\\\/\\\/www.microlise.com\\\/fr\\\/quisommes-nous\\\/services\\\/#primaryimage\"},\"image\":{\"@id\":\"https:\\\/\\\/www.microlise.com\\\/fr\\\/quisommes-nous\\\/services\\\/#primaryimage\"},\"thumbnailUrl\":\"https:\\\/\\\/www.microlise.com\\\/wp-content\\\/uploads\\\/2024\\\/06\\\/home-banner.jpg\",\"datePublished\":\"2014-12-09T12:33:00+00:00\",\"dateModified\":\"2024-06-12T06:12:35+00:00\",\"description\":\"Microlise Fleet Management Services permet \u00e0 nos clients de r\u00e9duire les co\u00fbts d'exploitation et l'impact environnemental en maximisant l'efficacit\u00e9 de leurs flottes.\",\"breadcrumb\":{\"@id\":\"https:\\\/\\\/www.microlise.com\\\/fr\\\/quisommes-nous\\\/services\\\/#breadcrumb\"},\"inLanguage\":\"fr-FR\",\"potentialAction\":[{\"@type\":\"ReadAction\",\"target\":[\"https:\\\/\\\/www.microlise.com\\\/fr\\\/quisommes-nous\\\/services\\\/\"]}]},{\"@type\":\"ImageObject\",\"inLanguage\":\"fr-FR\",\"@id\":\"https:\\\/\\\/www.microlise.com\\\/fr\\\/quisommes-nous\\\/services\\\/#primaryimage\",\"url\":\"https:\\\/\\\/www.microlise.com\\\/wp-content\\\/uploads\\\/2024\\\/06\\\/home-banner.jpg\",\"contentUrl\":\"https:\\\/\\\/www.microlise.com\\\/wp-content\\\/uploads\\\/2024\\\/06\\\/home-banner.jpg\",\"width\":1673,\"height\":938,\"caption\":\"Advanced telematics and logistics analytics for transportation efficiency.\"},{\"@type\":\"BreadcrumbList\",\"@id\":\"https:\\\/\\\/www.microlise.com\\\/fr\\\/quisommes-nous\\\/services\\\/#breadcrumb\",\"itemListElement\":[{\"@type\":\"ListItem\",\"position\":1,\"name\":\"Home\",\"item\":\"https:\\\/\\\/www.microlise.com\\\/fr\\\/\"},{\"@type\":\"ListItem\",\"position\":2,\"name\":\"Qui sommes-nous ?\",\"item\":\"https:\\\/\\\/www.microlise.com\\\/fr\\\/quisommes-nous\\\/\"},{\"@type\":\"ListItem\",\"position\":3,\"name\":\"Services\"}]},{\"@type\":\"WebSite\",\"@id\":\"https:\\\/\\\/www.microlise.com\\\/fr\\\/#website\",\"url\":\"https:\\\/\\\/www.microlise.com\\\/fr\\\/\",\"name\":\"Microlise France\",\"description\":\"Telematics, Transport &amp; Fleet Management Solutions\",\"publisher\":{\"@id\":\"https:\\\/\\\/www.microlise.com\\\/fr\\\/#organization\"},\"alternateName\":\"Microlise\",\"potentialAction\":[{\"@type\":\"SearchAction\",\"target\":{\"@type\":\"EntryPoint\",\"urlTemplate\":\"https:\\\/\\\/www.microlise.com\\\/fr\\\/?s={search_term_string}\"},\"query-input\":{\"@type\":\"PropertyValueSpecification\",\"valueRequired\":true,\"valueName\":\"search_term_string\"}}],\"inLanguage\":\"fr-FR\"},{\"@type\":\"Organization\",\"@id\":\"https:\\\/\\\/www.microlise.com\\\/fr\\\/#organization\",\"name\":\"Microlise\",\"alternateName\":\"Microlise\",\"url\":\"https:\\\/\\\/www.microlise.com\\\/fr\\\/\",\"logo\":{\"@type\":\"ImageObject\",\"inLanguage\":\"fr-FR\",\"@id\":\"https:\\\/\\\/www.microlise.com\\\/fr\\\/#\\\/schema\\\/logo\\\/image\\\/\",\"url\":\"https:\\\/\\\/www.microlise.com\\\/wp-content\\\/uploads\\\/2024\\\/06\\\/cropped-Microlise-Logo-Primary-Electric-1.png\",\"contentUrl\":\"https:\\\/\\\/www.microlise.com\\\/wp-content\\\/uploads\\\/2024\\\/06\\\/cropped-Microlise-Logo-Primary-Electric-1.png\",\"width\":235,\"height\":30,\"caption\":\"Microlise\"},\"image\":{\"@id\":\"https:\\\/\\\/www.microlise.com\\\/fr\\\/#\\\/schema\\\/logo\\\/image\\\/\"},\"sameAs\":[\"https:\\\/\\\/www.facebook.com\\\/MicroliseFR\\\/\",\"https:\\\/\\\/x.com\\\/microlise\",\"https:\\\/\\\/www.linkedin.com\\\/company\\\/microlise\",\"https:\\\/\\\/www.youtube.com\\\/user\\\/MicroliseLtd\"]}]}<\/script>\n<!-- \/ Yoast SEO Premium plugin. -->","yoast_head_json":{"title":"Services de gestion de flotte | Solutions de gestion de flotte","description":"Microlise Fleet Management Services permet \u00e0 nos clients de r\u00e9duire les co\u00fbts d'exploitation et l'impact environnemental en maximisant l'efficacit\u00e9 de leurs flottes.","robots":{"index":"index","follow":"follow","max-snippet":"max-snippet:-1","max-image-preview":"max-image-preview:large","max-video-preview":"max-video-preview:-1"},"canonical":"https:\/\/www.microlise.com\/fr\/quisommes-nous\/services\/","og_locale":"fr_FR","og_type":"article","og_title":"Services","og_description":"Microlise Fleet Management Services permet \u00e0 nos clients de r\u00e9duire les co\u00fbts d'exploitation et l'impact environnemental en maximisant l'efficacit\u00e9 de leurs flottes.","og_url":"https:\/\/www.microlise.com\/fr\/quisommes-nous\/services\/","og_site_name":"Microlise France","article_publisher":"https:\/\/www.facebook.com\/MicroliseFR\/","article_modified_time":"2024-06-12T06:12:35+00:00","og_image":[{"width":1673,"height":938,"url":"https:\/\/www.microlise.com\/wp-content\/uploads\/2024\/06\/home-banner.jpg","type":"image\/jpeg"}],"twitter_card":"summary_large_image","twitter_site":"@microlise","twitter_misc":{"Dur\u00e9e de lecture estim\u00e9e":"3 minutes"},"schema":{"@context":"https:\/\/schema.org","@graph":[{"@type":"WebPage","@id":"https:\/\/www.microlise.com\/fr\/quisommes-nous\/services\/","url":"https:\/\/www.microlise.com\/fr\/quisommes-nous\/services\/","name":"Services de gestion de flotte | Solutions de gestion de flotte","isPartOf":{"@id":"https:\/\/www.microlise.com\/fr\/#website"},"primaryImageOfPage":{"@id":"https:\/\/www.microlise.com\/fr\/quisommes-nous\/services\/#primaryimage"},"image":{"@id":"https:\/\/www.microlise.com\/fr\/quisommes-nous\/services\/#primaryimage"},"thumbnailUrl":"https:\/\/www.microlise.com\/wp-content\/uploads\/2024\/06\/home-banner.jpg","datePublished":"2014-12-09T12:33:00+00:00","dateModified":"2024-06-12T06:12:35+00:00","description":"Microlise Fleet Management Services permet \u00e0 nos clients de r\u00e9duire les co\u00fbts d'exploitation et l'impact environnemental en maximisant l'efficacit\u00e9 de leurs flottes.","breadcrumb":{"@id":"https:\/\/www.microlise.com\/fr\/quisommes-nous\/services\/#breadcrumb"},"inLanguage":"fr-FR","potentialAction":[{"@type":"ReadAction","target":["https:\/\/www.microlise.com\/fr\/quisommes-nous\/services\/"]}]},{"@type":"ImageObject","inLanguage":"fr-FR","@id":"https:\/\/www.microlise.com\/fr\/quisommes-nous\/services\/#primaryimage","url":"https:\/\/www.microlise.com\/wp-content\/uploads\/2024\/06\/home-banner.jpg","contentUrl":"https:\/\/www.microlise.com\/wp-content\/uploads\/2024\/06\/home-banner.jpg","width":1673,"height":938,"caption":"Advanced telematics and logistics analytics for transportation efficiency."},{"@type":"BreadcrumbList","@id":"https:\/\/www.microlise.com\/fr\/quisommes-nous\/services\/#breadcrumb","itemListElement":[{"@type":"ListItem","position":1,"name":"Home","item":"https:\/\/www.microlise.com\/fr\/"},{"@type":"ListItem","position":2,"name":"Qui sommes-nous ?","item":"https:\/\/www.microlise.com\/fr\/quisommes-nous\/"},{"@type":"ListItem","position":3,"name":"Services"}]},{"@type":"WebSite","@id":"https:\/\/www.microlise.com\/fr\/#website","url":"https:\/\/www.microlise.com\/fr\/","name":"Microlise France","description":"Telematics, Transport &amp; Fleet Management Solutions","publisher":{"@id":"https:\/\/www.microlise.com\/fr\/#organization"},"alternateName":"Microlise","potentialAction":[{"@type":"SearchAction","target":{"@type":"EntryPoint","urlTemplate":"https:\/\/www.microlise.com\/fr\/?s={search_term_string}"},"query-input":{"@type":"PropertyValueSpecification","valueRequired":true,"valueName":"search_term_string"}}],"inLanguage":"fr-FR"},{"@type":"Organization","@id":"https:\/\/www.microlise.com\/fr\/#organization","name":"Microlise","alternateName":"Microlise","url":"https:\/\/www.microlise.com\/fr\/","logo":{"@type":"ImageObject","inLanguage":"fr-FR","@id":"https:\/\/www.microlise.com\/fr\/#\/schema\/logo\/image\/","url":"https:\/\/www.microlise.com\/wp-content\/uploads\/2024\/06\/cropped-Microlise-Logo-Primary-Electric-1.png","contentUrl":"https:\/\/www.microlise.com\/wp-content\/uploads\/2024\/06\/cropped-Microlise-Logo-Primary-Electric-1.png","width":235,"height":30,"caption":"Microlise"},"image":{"@id":"https:\/\/www.microlise.com\/fr\/#\/schema\/logo\/image\/"},"sameAs":["https:\/\/www.facebook.com\/MicroliseFR\/","https:\/\/x.com\/microlise","https:\/\/www.linkedin.com\/company\/microlise","https:\/\/www.youtube.com\/user\/MicroliseLtd"]}]}},"cmb2":{"microlise_home_banner_metabox":{"microlise_home_banner_title":"","microlise_home_banner_content":"","microlise_home_banner_image":"","microlise_home_banner_image_id":"","microlise_home_banner_vtype":"","microlise_home_banner_VID":"","microlise_home_banner_Vcode":"","microlise_home_banner_cta":"","microlise_home_banner_hctatxt":"","microlise_home_banner_hctaurl":"","microlise_home_banner_hctabgcolor":"","microlise_home_banner_hctatcolor":"","microlise_home_banner_hctatxt2":"","microlise_home_banner_hctaurl2":"","microlise_home_banner_hctabgcolor2":"","microlise_home_banner_hctatcolor2":""},"microlise_home_customersmetabox":{"microlise_home_customers_title":"","microlise_home_customers_logo":""},"microlise_home_infometabox":{"microlise_home_info_title":"","microlise_home_info_details":""},"microlise_home_product_metabox":{"microlise_home_product_details":""},"microlise_home_awards_metabox":{"microlise_home_awards_title":"","microlise_home_awards_sub_text":"","microlise_home_awards_logo":"","microlise_home_awards_logo_id":"","microlise_home_awards_link":"","microlise_home_awards_button":""},"microlise_home_faq_metabox":{"microlise_home_faq_title":"","microlise_home_faq_details":""},"microlise_page_metabox":{"microlise_page_title":"","microlise_page_use_title":"","microlise_page_btext":"","microlise_page_cta":"","microlise_page_hctatxt":"","microlise_page_hctaurl":"","microlise_page_hctabgcolor":"#01CBDE","microlise_page_hctatcolor":"#151D25","microlise_page_hctatxt2":"","microlise_page_hctaurl2":"","microlise_page_hctabgcolor2":"","microlise_page_hctatcolor2":"#151D25","microlise_page_video":"","microlise_page_vtype":"","microlise_page_VID":"","microlise_page_Vcode":""},"microlise_page_pometabox":{"microlise_page_embed":""},"microlise_page_fleet_metabox":{"microlise_page_fleet_case_study":"","microlise_page_fleet_cimage":"","microlise_page_fleet_cimage_id":"","microlise_page_fleet_ctitle":"","microlise_page_fleet_ct_color":"","microlise_page_fleet_ccontent":"","microlise_page_fleet_ccontent_color":"","microlise_page_fleet_crbtn_text":"","microlise_page_fleet_crbtn_link":"","microlise_page_fleet_crbbgcolor":"","microlise_page_fleet_crbtcolor":"","microlise_page_fleet_crbgcolor":"","microlise_page_fleet_brochure":"","microlise_page_fleet_brtype":"","microlise_page_fleet_bimage":"","microlise_page_fleet_bimage_id":"","microlise_page_fleet_btitle":"","microlise_page_fleet_bt_color":"","microlise_page_fleet_bcontent":"","microlise_page_fleet_bcontent_color":"","microlise_page_fleet_brbtn_text":"","microlise_page_fleet_brbbgcolor":"","microlise_page_fleet_brbtcolor":"","microlise_page_fleet_brbgcolor":"","microlise_page_fleet_hide_brochure":"","microlise_page_fleet_rimage":"","microlise_page_fleet_rimage_id":"","microlise_page_fleet_rtitle":"","microlise_page_fleet_rt_color":"","microlise_page_fleet_rcontent":"","microlise_page_fleet_rcontent_color":"","microlise_page_fleet_rebgcolor":"","microlise_page_fleet_rebtn_text":"","microlise_page_fleet_hide_report":"","microlise_page_fleet_benefit":"","microlise_page_fleet_bctatxt":"","microlise_page_fleet_bctaurl":"","microlise_page_fleet_bctabgcolor":"","microlise_page_fleet_bctatcolor":"","microlise_page_fleet_benefits":"","microlise_page_fleet_feature":"","microlise_page_fleet_features":"","microlise_page_fleet_anfeature":"","microlise_page_fleet_anfeatures":"","microlise_page_fleet_thirdfeature":"","microlise_page_fleet_thirdfeatures":"","microlise_page_fleet_faq":"","microlise_page_fleet_faqtitle":"","microlise_page_fleet_faqs":"","microlise_page_fleet_strip":"","microlise_page_fleet_stitle":"","microlise_page_fleet_sbtntext":"","microlise_page_fleet_sbtnurl":""}},"_links":{"self":[{"href":"https:\/\/www.microlise.com\/fr\/wp-json\/wp\/v2\/pages\/15844","targetHints":{"allow":["GET"]}}],"collection":[{"href":"https:\/\/www.microlise.com\/fr\/wp-json\/wp\/v2\/pages"}],"about":[{"href":"https:\/\/www.microlise.com\/fr\/wp-json\/wp\/v2\/types\/page"}],"author":[{"embeddable":true,"href":"https:\/\/www.microlise.com\/fr\/wp-json\/wp\/v2\/users\/47"}],"replies":[{"embeddable":true,"href":"https:\/\/www.microlise.com\/fr\/wp-json\/wp\/v2\/comments?post=15844"}],"version-history":[{"count":0,"href":"https:\/\/www.microlise.com\/fr\/wp-json\/wp\/v2\/pages\/15844\/revisions"}],"up":[{"embeddable":true,"href":"https:\/\/www.microlise.com\/fr\/wp-json\/wp\/v2\/pages\/15839"}],"wp:featuredmedia":[{"embeddable":true,"href":"https:\/\/www.microlise.com\/fr\/wp-json\/wp\/v2\/media\/40273"}],"wp:attachment":[{"href":"https:\/\/www.microlise.com\/fr\/wp-json\/wp\/v2\/media?parent=15844"}],"curies":[{"name":"wp","href":"https:\/\/api.w.org\/{rel}","templated":true}]}}