{"id":15842,"date":"2014-10-29T14:01:00","date_gmt":"2014-10-29T14:01:00","guid":{"rendered":"https:\/\/www.microlise.com\/home\/"},"modified":"2024-07-01T10:54:40","modified_gmt":"2024-07-01T09:54:40","slug":"home","status":"publish","type":"page","link":"https:\/\/www.microlise.com\/fr\/","title":{"rendered":"Accueil"},"content":{"rendered":"<div class=\"wpb-content-wrapper\"><p>[vc_row][vc_column][vc_custom_heading text=\u00a0\u00bbNous proposons des solutions prim\u00e9es pour r\u00e9soudre les probl\u00e8mes op\u00e9rationnels en utilisant la technologie&#8230;\u00a0\u00bb font_container=\u00a0\u00bbtag:h2|text_align:center\u00a0\u00bb use_theme_fonts=\u00a0\u00bbyes\u00a0\u00bb css=\u00a0\u00bb\u00a0\u00bb][\/vc_column][\/vc_row]<\/p>\n<\/div>","protected":false},"excerpt":{"rendered":"<p>Les solutions de gestion de flottes de v\u00e9hicules propos\u00e9es par Microlise aident les entreprises \u00e0 r\u00e9duire leurs co\u00fbts et leurs impacts sur l&rsquo;environnement.<\/p>\n<p>Avec le suivi en temps r\u00e9el, l&rsquo;analyse du comportement des conducteurs et de l&rsquo;\u00e9tat des v\u00e9hicules, les gestionnaires de flottes peuvent maximiser l&rsquo;utilisation de leurs ressources, am\u00e9liorer l&rsquo;efficacit\u00e9 op\u00e9rationnelle, renforcer la s\u00e9curit\u00e9 et les performances des conducteurs.<\/p>\n","protected":false},"author":47,"featured_media":11894,"parent":0,"menu_order":95,"comment_status":"closed","ping_status":"closed","template":"","meta":{"footnotes":""},"class_list":["post-15842","page","type-page","status-publish","has-post-thumbnail","hentry","entry"],"yoast_head":"<!-- This site is optimized with the Yoast SEO Premium plugin v25.7.1 (Yoast SEO v27.3) - https:\/\/yoast.com\/product\/yoast-seo-premium-wordpress\/ -->\n<title>Gestion de flotte | Syst\u00e8mes t\u00e9l\u00e9matiques de flotte | Microlise<\/title>\n<meta name=\"description\" content=\"Les syst\u00e8mes de t\u00e9l\u00e9matique et de gestion de flottes de flotte de Microlise permettent aux gestionnaires de parcs de v\u00e9hicules de prendre des d\u00e9cisions op\u00e9rationnelles opportunes et pr\u00e9cises\" \/>\n<meta name=\"robots\" content=\"index, follow, max-snippet:-1, max-image-preview:large, max-video-preview:-1\" \/>\n<link rel=\"canonical\" href=\"https:\/\/www.microlise.com\/fr\/\" \/>\n<meta property=\"og:locale\" content=\"fr_FR\" \/>\n<meta property=\"og:type\" content=\"article\" \/>\n<meta property=\"og:title\" content=\"Accueil\" \/>\n<meta property=\"og:description\" content=\"Les syst\u00e8mes de t\u00e9l\u00e9matique et de gestion de flottes de flotte de Microlise permettent aux gestionnaires de parcs de v\u00e9hicules de prendre des d\u00e9cisions op\u00e9rationnelles opportunes et pr\u00e9cises\" \/>\n<meta property=\"og:url\" content=\"https:\/\/www.microlise.com\/fr\/\" \/>\n<meta property=\"og:site_name\" content=\"Microlise France\" \/>\n<meta property=\"article:publisher\" content=\"https:\/\/www.facebook.com\/MicroliseFR\/\" \/>\n<meta property=\"article:modified_time\" content=\"2024-07-01T09:54:40+00:00\" \/>\n<meta property=\"og:image\" content=\"https:\/\/www.microlise.com\/wp-content\/uploads\/2020\/12\/sitl-banner.jpg\" \/>\n\t<meta property=\"og:image:width\" content=\"920\" \/>\n\t<meta property=\"og:image:height\" content=\"315\" \/>\n\t<meta property=\"og:image:type\" content=\"image\/jpeg\" \/>\n<meta name=\"twitter:card\" content=\"summary_large_image\" \/>\n<meta name=\"twitter:site\" content=\"@microlise\" \/>\n<meta name=\"twitter:label1\" content=\"Dur\u00e9e de lecture estim\u00e9e\" \/>\n\t<meta name=\"twitter:data1\" content=\"1 minute\" \/>\n<script type=\"application\/ld+json\" class=\"yoast-schema-graph\">{\"@context\":\"https:\\\/\\\/schema.org\",\"@graph\":[{\"@type\":\"WebPage\",\"@id\":\"https:\\\/\\\/www.microlise.com\\\/fr\\\/\",\"url\":\"https:\\\/\\\/www.microlise.com\\\/fr\\\/\",\"name\":\"Gestion de flotte | Syst\u00e8mes t\u00e9l\u00e9matiques de flotte | Microlise\",\"isPartOf\":{\"@id\":\"https:\\\/\\\/www.microlise.com\\\/fr\\\/#website\"},\"primaryImageOfPage\":{\"@id\":\"https:\\\/\\\/www.microlise.com\\\/fr\\\/#primaryimage\"},\"image\":{\"@id\":\"https:\\\/\\\/www.microlise.com\\\/fr\\\/#primaryimage\"},\"thumbnailUrl\":\"https:\\\/\\\/www.microlise.com\\\/wp-content\\\/uploads\\\/2020\\\/12\\\/sitl-banner.jpg\",\"datePublished\":\"2014-10-29T14:01:00+00:00\",\"dateModified\":\"2024-07-01T09:54:40+00:00\",\"description\":\"Les syst\u00e8mes de t\u00e9l\u00e9matique et de gestion de flottes de flotte de Microlise permettent aux gestionnaires de parcs de v\u00e9hicules de prendre des d\u00e9cisions op\u00e9rationnelles opportunes et pr\u00e9cises\",\"breadcrumb\":{\"@id\":\"https:\\\/\\\/www.microlise.com\\\/fr\\\/#breadcrumb\"},\"inLanguage\":\"fr-FR\",\"potentialAction\":[{\"@type\":\"ReadAction\",\"target\":[\"https:\\\/\\\/www.microlise.com\\\/fr\\\/\"]}]},{\"@type\":\"ImageObject\",\"inLanguage\":\"fr-FR\",\"@id\":\"https:\\\/\\\/www.microlise.com\\\/fr\\\/#primaryimage\",\"url\":\"https:\\\/\\\/www.microlise.com\\\/wp-content\\\/uploads\\\/2020\\\/12\\\/sitl-banner.jpg\",\"contentUrl\":\"https:\\\/\\\/www.microlise.com\\\/wp-content\\\/uploads\\\/2020\\\/12\\\/sitl-banner.jpg\",\"width\":920,\"height\":315},{\"@type\":\"BreadcrumbList\",\"@id\":\"https:\\\/\\\/www.microlise.com\\\/fr\\\/#breadcrumb\",\"itemListElement\":[{\"@type\":\"ListItem\",\"position\":1,\"name\":\"Home\",\"item\":\"https:\\\/\\\/www.microlise.com\\\/fr\\\/\"},{\"@type\":\"ListItem\",\"position\":2,\"name\":\"Accueil\"}]},{\"@type\":\"WebSite\",\"@id\":\"https:\\\/\\\/www.microlise.com\\\/fr\\\/#website\",\"url\":\"https:\\\/\\\/www.microlise.com\\\/fr\\\/\",\"name\":\"Microlise France\",\"description\":\"Telematics, Transport &amp; Fleet Management Solutions\",\"publisher\":{\"@id\":\"https:\\\/\\\/www.microlise.com\\\/fr\\\/#organization\"},\"alternateName\":\"Microlise\",\"potentialAction\":[{\"@type\":\"SearchAction\",\"target\":{\"@type\":\"EntryPoint\",\"urlTemplate\":\"https:\\\/\\\/www.microlise.com\\\/fr\\\/?s={search_term_string}\"},\"query-input\":{\"@type\":\"PropertyValueSpecification\",\"valueRequired\":true,\"valueName\":\"search_term_string\"}}],\"inLanguage\":\"fr-FR\"},{\"@type\":\"Organization\",\"@id\":\"https:\\\/\\\/www.microlise.com\\\/fr\\\/#organization\",\"name\":\"Microlise\",\"alternateName\":\"Microlise\",\"url\":\"https:\\\/\\\/www.microlise.com\\\/fr\\\/\",\"logo\":{\"@type\":\"ImageObject\",\"inLanguage\":\"fr-FR\",\"@id\":\"https:\\\/\\\/www.microlise.com\\\/fr\\\/#\\\/schema\\\/logo\\\/image\\\/\",\"url\":\"https:\\\/\\\/www.microlise.com\\\/wp-content\\\/uploads\\\/2024\\\/06\\\/cropped-Microlise-Logo-Primary-Electric-1.png\",\"contentUrl\":\"https:\\\/\\\/www.microlise.com\\\/wp-content\\\/uploads\\\/2024\\\/06\\\/cropped-Microlise-Logo-Primary-Electric-1.png\",\"width\":235,\"height\":30,\"caption\":\"Microlise\"},\"image\":{\"@id\":\"https:\\\/\\\/www.microlise.com\\\/fr\\\/#\\\/schema\\\/logo\\\/image\\\/\"},\"sameAs\":[\"https:\\\/\\\/www.facebook.com\\\/MicroliseFR\\\/\",\"https:\\\/\\\/x.com\\\/microlise\",\"https:\\\/\\\/www.linkedin.com\\\/company\\\/microlise\",\"https:\\\/\\\/www.youtube.com\\\/user\\\/MicroliseLtd\"]}]}<\/script>\n<!-- \/ Yoast SEO Premium plugin. -->","yoast_head_json":{"title":"Gestion de flotte | Syst\u00e8mes t\u00e9l\u00e9matiques de flotte | Microlise","description":"Les syst\u00e8mes de t\u00e9l\u00e9matique et de gestion de flottes de flotte de Microlise permettent aux gestionnaires de parcs de v\u00e9hicules de prendre des d\u00e9cisions op\u00e9rationnelles opportunes et pr\u00e9cises","robots":{"index":"index","follow":"follow","max-snippet":"max-snippet:-1","max-image-preview":"max-image-preview:large","max-video-preview":"max-video-preview:-1"},"canonical":"https:\/\/www.microlise.com\/fr\/","og_locale":"fr_FR","og_type":"article","og_title":"Accueil","og_description":"Les syst\u00e8mes de t\u00e9l\u00e9matique et de gestion de flottes de flotte de Microlise permettent aux gestionnaires de parcs de v\u00e9hicules de prendre des d\u00e9cisions op\u00e9rationnelles opportunes et pr\u00e9cises","og_url":"https:\/\/www.microlise.com\/fr\/","og_site_name":"Microlise France","article_publisher":"https:\/\/www.facebook.com\/MicroliseFR\/","article_modified_time":"2024-07-01T09:54:40+00:00","og_image":[{"width":920,"height":315,"url":"https:\/\/www.microlise.com\/wp-content\/uploads\/2020\/12\/sitl-banner.jpg","type":"image\/jpeg"}],"twitter_card":"summary_large_image","twitter_site":"@microlise","twitter_misc":{"Dur\u00e9e de lecture estim\u00e9e":"1 minute"},"schema":{"@context":"https:\/\/schema.org","@graph":[{"@type":"WebPage","@id":"https:\/\/www.microlise.com\/fr\/","url":"https:\/\/www.microlise.com\/fr\/","name":"Gestion de flotte | Syst\u00e8mes t\u00e9l\u00e9matiques de flotte | Microlise","isPartOf":{"@id":"https:\/\/www.microlise.com\/fr\/#website"},"primaryImageOfPage":{"@id":"https:\/\/www.microlise.com\/fr\/#primaryimage"},"image":{"@id":"https:\/\/www.microlise.com\/fr\/#primaryimage"},"thumbnailUrl":"https:\/\/www.microlise.com\/wp-content\/uploads\/2020\/12\/sitl-banner.jpg","datePublished":"2014-10-29T14:01:00+00:00","dateModified":"2024-07-01T09:54:40+00:00","description":"Les syst\u00e8mes de t\u00e9l\u00e9matique et de gestion de flottes de flotte de Microlise permettent aux gestionnaires de parcs de v\u00e9hicules de prendre des d\u00e9cisions op\u00e9rationnelles opportunes et pr\u00e9cises","breadcrumb":{"@id":"https:\/\/www.microlise.com\/fr\/#breadcrumb"},"inLanguage":"fr-FR","potentialAction":[{"@type":"ReadAction","target":["https:\/\/www.microlise.com\/fr\/"]}]},{"@type":"ImageObject","inLanguage":"fr-FR","@id":"https:\/\/www.microlise.com\/fr\/#primaryimage","url":"https:\/\/www.microlise.com\/wp-content\/uploads\/2020\/12\/sitl-banner.jpg","contentUrl":"https:\/\/www.microlise.com\/wp-content\/uploads\/2020\/12\/sitl-banner.jpg","width":920,"height":315},{"@type":"BreadcrumbList","@id":"https:\/\/www.microlise.com\/fr\/#breadcrumb","itemListElement":[{"@type":"ListItem","position":1,"name":"Home","item":"https:\/\/www.microlise.com\/fr\/"},{"@type":"ListItem","position":2,"name":"Accueil"}]},{"@type":"WebSite","@id":"https:\/\/www.microlise.com\/fr\/#website","url":"https:\/\/www.microlise.com\/fr\/","name":"Microlise France","description":"Telematics, Transport &amp; Fleet Management Solutions","publisher":{"@id":"https:\/\/www.microlise.com\/fr\/#organization"},"alternateName":"Microlise","potentialAction":[{"@type":"SearchAction","target":{"@type":"EntryPoint","urlTemplate":"https:\/\/www.microlise.com\/fr\/?s={search_term_string}"},"query-input":{"@type":"PropertyValueSpecification","valueRequired":true,"valueName":"search_term_string"}}],"inLanguage":"fr-FR"},{"@type":"Organization","@id":"https:\/\/www.microlise.com\/fr\/#organization","name":"Microlise","alternateName":"Microlise","url":"https:\/\/www.microlise.com\/fr\/","logo":{"@type":"ImageObject","inLanguage":"fr-FR","@id":"https:\/\/www.microlise.com\/fr\/#\/schema\/logo\/image\/","url":"https:\/\/www.microlise.com\/wp-content\/uploads\/2024\/06\/cropped-Microlise-Logo-Primary-Electric-1.png","contentUrl":"https:\/\/www.microlise.com\/wp-content\/uploads\/2024\/06\/cropped-Microlise-Logo-Primary-Electric-1.png","width":235,"height":30,"caption":"Microlise"},"image":{"@id":"https:\/\/www.microlise.com\/fr\/#\/schema\/logo\/image\/"},"sameAs":["https:\/\/www.facebook.com\/MicroliseFR\/","https:\/\/x.com\/microlise","https:\/\/www.linkedin.com\/company\/microlise","https:\/\/www.youtube.com\/user\/MicroliseLtd"]}]}},"cmb2":{"microlise_home_banner_metabox":{"microlise_home_banner_title":"Connecting industries, driving change","microlise_home_banner_content":"Microlise fournit aux op\u00e9rateurs de flotte et aux industriels des solutions pour digitaliser leurs op\u00e9rations de transport et offrir aux clients la meilleure qualit\u00e9 de service.","microlise_home_banner_image":"https:\/\/www.microlise.com\/wp-content\/uploads\/2016\/10\/purple-swirls.jpg","microlise_home_banner_image_id":"41178","microlise_home_banner_vtype":"vimeo","microlise_home_banner_VID":"948225893","microlise_home_banner_Vcode":"","microlise_home_banner_cta":"","microlise_home_banner_hctatxt":"Une d\u00e9monstration personnalis\u00e9e","microlise_home_banner_hctaurl":"https:\/\/www.microlise.com\/fr\/demo-demande\/","microlise_home_banner_hctabgcolor":"#01CBDE","microlise_home_banner_hctatcolor":"#151D25","microlise_home_banner_hctatxt2":"Voir nos solutions","microlise_home_banner_hctaurl2":"https:\/\/www.microlise.com\/fr\/gestion-de-flotte\/","microlise_home_banner_hctabgcolor2":"#dcff66","microlise_home_banner_hctatcolor2":"#151D25"},"microlise_home_customersmetabox":{"microlise_home_customers_title":"Ces leaders de r\u00e9f\u00e9rence nous font confiance","microlise_home_customers_logo":{"39982":"https:\/\/www.microlise.com\/wp-content\/uploads\/2024\/06\/customer-logos-carlsberg-150x61-1.png","41475":"https:\/\/www.microlise.com\/wp-content\/uploads\/2024\/06\/PRO-A-PRO.png","39988":"https:\/\/www.microlise.com\/wp-content\/uploads\/2024\/06\/customer-logos-dhl.png","41481":"https:\/\/www.microlise.com\/wp-content\/uploads\/2024\/06\/CoupDePate_TRAD_INNO_COUL-291x300-1.jpg","40030":"https:\/\/www.microlise.com\/wp-content\/uploads\/2024\/06\/Logo_MAN_neg_RGB.png","40048":"https:\/\/www.microlise.com\/wp-content\/uploads\/2024\/06\/Tesco_logo-1.png","39970":"https:\/\/www.microlise.com\/wp-content\/uploads\/2024\/06\/BIBBYD1.png","39976":"https:\/\/www.microlise.com\/wp-content\/uploads\/2024\/06\/BRIT-E1.png","39994":"https:\/\/www.microlise.com\/wp-content\/uploads\/2024\/06\/dfs-seeklogo.png","40036":"https:\/\/www.microlise.com\/wp-content\/uploads\/2024\/06\/MARITIME-with-white-2A2F3B.png","40024":"https:\/\/www.microlise.com\/wp-content\/uploads\/2024\/06\/JCB-DISPLAY-LOGO.png","40018":"https:\/\/www.microlise.com\/wp-content\/uploads\/2024\/06\/images.png","40012":"https:\/\/www.microlise.com\/wp-content\/uploads\/2024\/06\/Hovis-logo.png","40006":"https:\/\/www.microlise.com\/wp-content\/uploads\/2024\/06\/GXO_logo.png","40000":"https:\/\/www.microlise.com\/wp-content\/uploads\/2024\/06\/Eddie-Stobart-logo-green.png","40054":"https:\/\/www.microlise.com\/wp-content\/uploads\/2024\/06\/travis-perkins-logo.png"}},"microlise_home_infometabox":{"microlise_home_info_title":"Nous offrons des solutions prim\u00e9es pour r\u00e9pondre \u00e0 vos probl\u00e9matiques op\u00e9rationnelles gr\u00e2ce \u00e0 la technologie...","microlise_home_info_details":[{"icon_id":40061,"icon":"https:\/\/www.microlise.com\/wp-content\/uploads\/2024\/06\/Website-Refresh_Icons-01.png","number":"42","number_text":"+","title":"ann\u00e9es d'exp\u00e9rience","content":"Avec plus de quatre d\u00e9cennies d\u2019exp\u00e9rience, nous sommes experts dans la fourniture de solutions technologiques adapt\u00e9es aux secteurs de la logistique et de la fabrication."},{"icon_id":40067,"icon":"https:\/\/www.microlise.com\/wp-content\/uploads\/2024\/06\/Website-Refresh_Icons-02.png","number":"1000","number_text":"'s","title":"clients dans le monde entier","content":"Quelle que soit votre taille, votre \u00e9chelle ou votre secteur, nous sommes un partenaire \u00e0 long terme pour les entreprises du monde entier, les aidant \u00e0 atteindre leurs objectifs."},{"icon_id":40073,"icon":"https:\/\/www.microlise.com\/wp-content\/uploads\/2024\/06\/Website-Refresh_Icons-03.png","number":"640000","number_text":"+","title":"abonnements","content":"Notre technologie permet de prendre des d\u00e9cisions sur des centaines de milliers d'actifs, garantissant ainsi des op\u00e9rations efficaces et efficientes."},{"icon_id":40079,"icon":"https:\/\/www.microlise.com\/wp-content\/uploads\/2024\/06\/Website-Refresh_Icons-04.png","number":"195","number_text":"+","title":"pays ayant des atouts","content":"Nous collectons et analysons des donn\u00e9es provenant des actifs de nos clients dans plus de 195 pays, offrant des perspectives et des solutions mondiales qui ouvrent la voie vers l'avenir."},{"icon_id":40085,"icon":"https:\/\/www.microlise.com\/wp-content\/uploads\/2024\/06\/Website-Refresh_Icons-05.png","number":"800","number_text":"+","title":"collaborateurs avec notre ADN","content":"Des solutions innovantes et prim\u00e9es , un service et prestations de qualit\u00e9 et un retour sur investissement prouv\u00e9 sont au c\u0153ur de tout ce que nous faisons, assurant le succ\u00e8s de nos clients."},{"icon_id":40091,"icon":"https:\/\/www.microlise.com\/wp-content\/uploads\/2024\/06\/Website-Refresh_Icons-06.png","number":"1","title":"plate-forme","content":"Notre plateforme unique et compl\u00e8te offre un v\u00e9ritable contr\u00f4le et une visibilit\u00e9 sur vos op\u00e9rations de bout en bout, le tout aupr\u00e8s, le tout aupr\u00e8s d'un seul fournisseur de confiance. Il n\u2019y a personne comme nous."}]},"microlise_home_product_metabox":{"microlise_home_product_details":[{"icon_id":41925,"icon":"https:\/\/www.microlise.com\/wp-content\/uploads\/2024\/07\/Bespoke-Product-Icons_V2_Fleet-Telematics.png","title":"T\u00e9l\u00e9matique","link":"https:\/\/www.microlise.com\/fr\/produits\/flotte-telematique\/"},{"icon_id":41937,"icon":"https:\/\/www.microlise.com\/wp-content\/uploads\/2024\/07\/Bespoke-Product-Icons_V2_Fleet-Compliance.png","title":"S\u00e9curit\u00e9, sant\u00e9 et conformit\u00e9","link":"https:\/\/www.microlise.com\/fr\/produits\/flotte-conformite-et-securite\/"},{"icon_id":41913,"icon":"https:\/\/www.microlise.com\/wp-content\/uploads\/2024\/07\/Bespoke-Product-Icons_V2_Journey-Management.png","title":"Gestion des Itin\u00e9raires\/Planning","link":"https:\/\/www.microlise.com\/fr\/produits\/analyse-de-flotte\/"},{"icon_id":41943,"icon":"https:\/\/www.microlise.com\/wp-content\/uploads\/2024\/07\/Bespoke-Product-Icons_V2_Delivery-Management.png","title":"Gestion des livraisons","link":"https:\/\/www.microlise.com\/fr\/produits\/gestion-de-la-livraison\/"}]},"microlise_home_awards_metabox":{"microlise_home_awards_title":"Travailler avec les leaders de l'industrie ...","microlise_home_awards_sub_text":"","microlise_home_awards_logo":"","microlise_home_awards_logo_id":"","microlise_home_awards_link":"https:\/\/www.microlise.com\/fr\/etudes-de-cas\/","microlise_home_awards_button":""},"microlise_home_faq_metabox":{"microlise_home_faq_title":"Questions fr\u00e9quemment pos\u00e9es","microlise_home_faq_details":[{"question":"Qui est Microlise ?","answer":"Nous sommes une entreprise technologique bas\u00e9e au Royaume-Uni sp\u00e9cialis\u00e9e dans de gestion de flotte, digitalisation des op\u00e9rations de transport et les solutions de t\u00e9l\u00e9matique.\r\nNos produits et services sont con\u00e7us pour aider les entreprises \u00e0 am\u00e9liorer l'efficience et l'efficacit\u00e9 de leurs op\u00e9rations. Nos offres comprennent, entre autres solutions, le suivi des v\u00e9hicules, la surveillance des performances des conducteurs, la gestion des d\u00e9placements et les syst\u00e8mes de gestion des livraisons. Ces outils aident les entreprises \u00e0 r\u00e9duire leurs co\u00fbts, \u00e0 am\u00e9liorer la s\u00e9curit\u00e9 et \u00e0 am\u00e9liorer les performances op\u00e9rationnelles globales."},{"question":"O\u00f9 est situ\u00e9e Microlise ?","answer":"Notre si\u00e8ge social est situ\u00e9 \u00e0 Nottingham, au Royaume-Uni. Avec des bureaux \u00e9galement en France, en Inde et en Australie. Pour des adresses sp\u00e9cifiques et des coordonn\u00e9es, veuillez visiter notre page Contactez-nous."},{"question":"Quels produits et services Microlise propose-t-il ?","answer":"Nous proposons une gamme de solutions SaaS, notamment une plate-forme IIoT pour les fabricants, et une large gamme de solutions pour les exploitants de flottes commerciales, telles que la t\u00e9l\u00e9matique, la planification et l'optimisation, analyse du tachygraphe, syst\u00e8mes de capteurs et cam\u00e9ras de s\u00e9curit\u00e9, preuve \u00e9lectronique de livraison (ePOD), suivi et analyse des performances du conducteur et bien d'autres encore."},{"question":"Qu'est-ce qui diff\u00e9rencie Microlise ?","answer":"Nous fournissons une technologie innovante, fiable, bien prise en charge et puissante aux entreprises de toutes tailles. Des fabricants mondiaux et op\u00e9rateurs logistiques aux h\u00e9ros locaux, nous disposons d'une plate-forme unique enti\u00e8rement \u00e9volutive selon vos besoins. Personne d\u2019autre ne peut offrir ce que nous pouvons."},{"question":"Quels sont les avantages des produits Microlise ?","answer":"Nos produits offrent de multiples avantages pour aider les entreprises \u00e0 optimiser leurs op\u00e9rations de transport et logistique, \u00e0 renforcer la s\u00e9curit\u00e9 des conducteurs, des v\u00e9hicules et des tiers, \u00e0 am\u00e9liorer le service client et \u00e0 r\u00e9aliser des \u00e9conomies. La souplesse de nos solutions vous offriront l'autonomie n\u00e9cessaire pour param\u00e9trer au plus juste en fonction des contraintes de votre m\u00e9tier."},{"question":"Comment puis-je obtenir une assistance technique pour mes produits Microlise ?","answer":"Si vous \u00eates un client existant et avez besoin d'aide, veuillez contacter notre service d'assistance 24h\/24 et 7j\/7 et ils se feront un plaisir de vous aider.\r\n\r\nVeuillez appeler le +33 (0)1 85 65 08 26 ou cr\u00e9er un ticket via notre portail Service Now."}]},"microlise_page_metabox":{"microlise_page_title":"","microlise_page_use_title":"","microlise_page_btext":"","microlise_page_cta":"","microlise_page_hctatxt":"","microlise_page_hctaurl":"","microlise_page_hctabgcolor":"","microlise_page_hctatcolor":"","microlise_page_hctatxt2":"","microlise_page_hctaurl2":"","microlise_page_hctabgcolor2":"","microlise_page_hctatcolor2":"","microlise_page_video":"","microlise_page_vtype":"","microlise_page_VID":"","microlise_page_Vcode":""},"microlise_page_pometabox":{"microlise_page_embed":""},"microlise_page_fleet_metabox":{"microlise_page_fleet_case_study":"","microlise_page_fleet_cimage":"","microlise_page_fleet_cimage_id":"","microlise_page_fleet_ctitle":"","microlise_page_fleet_ct_color":"","microlise_page_fleet_ccontent":"","microlise_page_fleet_ccontent_color":"","microlise_page_fleet_crbtn_text":"","microlise_page_fleet_crbtn_link":"","microlise_page_fleet_crbbgcolor":"","microlise_page_fleet_crbtcolor":"","microlise_page_fleet_crbgcolor":"","microlise_page_fleet_brochure":"","microlise_page_fleet_brtype":"","microlise_page_fleet_bimage":"","microlise_page_fleet_bimage_id":"","microlise_page_fleet_btitle":"","microlise_page_fleet_bt_color":"","microlise_page_fleet_bcontent":"","microlise_page_fleet_bcontent_color":"","microlise_page_fleet_brbtn_text":"","microlise_page_fleet_brbbgcolor":"","microlise_page_fleet_brbtcolor":"","microlise_page_fleet_brbgcolor":"","microlise_page_fleet_hide_brochure":"","microlise_page_fleet_rimage":"","microlise_page_fleet_rimage_id":"","microlise_page_fleet_rtitle":"","microlise_page_fleet_rt_color":"","microlise_page_fleet_rcontent":"","microlise_page_fleet_rcontent_color":"","microlise_page_fleet_rebgcolor":"","microlise_page_fleet_rebtn_text":"","microlise_page_fleet_hide_report":"","microlise_page_fleet_benefit":"","microlise_page_fleet_bctatxt":"","microlise_page_fleet_bctaurl":"","microlise_page_fleet_bctabgcolor":"","microlise_page_fleet_bctatcolor":"","microlise_page_fleet_benefits":"","microlise_page_fleet_feature":"","microlise_page_fleet_features":"","microlise_page_fleet_anfeature":"","microlise_page_fleet_anfeatures":"","microlise_page_fleet_thirdfeature":"","microlise_page_fleet_thirdfeatures":"","microlise_page_fleet_faq":"","microlise_page_fleet_faqtitle":"","microlise_page_fleet_faqs":"","microlise_page_fleet_strip":"","microlise_page_fleet_stitle":"","microlise_page_fleet_sbtntext":"","microlise_page_fleet_sbtnurl":""}},"_links":{"self":[{"href":"https:\/\/www.microlise.com\/fr\/wp-json\/wp\/v2\/pages\/15842","targetHints":{"allow":["GET"]}}],"collection":[{"href":"https:\/\/www.microlise.com\/fr\/wp-json\/wp\/v2\/pages"}],"about":[{"href":"https:\/\/www.microlise.com\/fr\/wp-json\/wp\/v2\/types\/page"}],"author":[{"embeddable":true,"href":"https:\/\/www.microlise.com\/fr\/wp-json\/wp\/v2\/users\/47"}],"replies":[{"embeddable":true,"href":"https:\/\/www.microlise.com\/fr\/wp-json\/wp\/v2\/comments?post=15842"}],"version-history":[{"count":0,"href":"https:\/\/www.microlise.com\/fr\/wp-json\/wp\/v2\/pages\/15842\/revisions"}],"wp:featuredmedia":[{"embeddable":true,"href":"https:\/\/www.microlise.com\/fr\/wp-json\/wp\/v2\/media\/11894"}],"wp:attachment":[{"href":"https:\/\/www.microlise.com\/fr\/wp-json\/wp\/v2\/media?parent=15842"}],"curies":[{"name":"wp","href":"https:\/\/api.w.org\/{rel}","templated":true}]}}