{"id":15840,"date":"2014-10-29T13:57:00","date_gmt":"2014-10-29T13:57:00","guid":{"rendered":"https:\/\/www.microlise.com\/solutions\/"},"modified":"2024-06-12T15:12:31","modified_gmt":"2024-06-12T14:12:31","slug":"industries","status":"publish","type":"page","link":"https:\/\/www.microlise.com\/fr\/industries\/","title":{"rendered":"Industries"},"content":{"rendered":"<p>Microlise investit chaque ann\u00e9e une part significative de son chiffre d\u2019affaires dans la recherche et le d\u00e9veloppement, et emploie une \u00e9quipe de d\u00e9veloppement d\u00e9di\u00e9e qui travaille continuellement sur de nouvelles fonctionnalit\u00e9s et de nouveaux modules pour r\u00e9pondre aux besoins en constante \u00e9volution du march\u00e9, de nos clients et de leurs flottes.<\/p>\n<p>D\u00e9couvrez nos solutions et comment elles peuvent vous aider, vous ou vos clients, \u00e0 r\u00e9duire les co\u00fbts, am\u00e9liorer l&rsquo;efficacit\u00e9, la s\u00e9curit\u00e9 et les niveaux de service, tout en vous aidant \u00e0 minimiser votre impact sur l&rsquo;environnement.<\/p>\n","protected":false},"excerpt":{"rendered":"<p>Nous avons con\u00e7u des solutions sur-mesure adapt\u00e9es aux besoins sp\u00e9cifiques de 5 grands secteurs comme le Transport et la Logistique, le Field Service (services de maintenance, d\u2019installation, d\u2019apr\u00e8s-vente, collaborateurs mobiles, \u2026), l\u2019Arm\u00e9e\/Gouvernement, l\u2019Industrie et les OEM.<\/p>\n","protected":false},"author":47,"featured_media":0,"parent":0,"menu_order":111,"comment_status":"closed","ping_status":"closed","template":"","meta":{"footnotes":""},"class_list":["post-15840","page","type-page","status-publish","hentry","entry"],"yoast_head":"<!-- This site is optimized with the Yoast SEO Premium plugin v25.7.1 (Yoast SEO v27.4) - https:\/\/yoast.com\/product\/yoast-seo-premium-wordpress\/ -->\n<title>Microlise : des produits t\u00e9l\u00e9matiques pour la gestion de flotte<\/title>\n<meta name=\"description\" content=\"Nos solutions sont con\u00e7ues sur mesure pour r\u00e9pondre aux besoins sp\u00e9cifiques de cinq secteurs diff\u00e9rents, \u00e0 savoir : Transport &amp; Logistique, Service Apr\u00e8s-Vente, D\u00e9fense &amp; Gouvernement, Usines &amp; \u00c9quipements d&#039;Origine (OEM).\" \/>\n<meta name=\"robots\" content=\"index, follow, max-snippet:-1, max-image-preview:large, max-video-preview:-1\" \/>\n<link rel=\"canonical\" href=\"https:\/\/www.microlise.com\/fr\/industries\/\" \/>\n<meta property=\"og:locale\" content=\"fr_FR\" \/>\n<meta property=\"og:type\" content=\"article\" \/>\n<meta property=\"og:title\" content=\"Industries\" \/>\n<meta property=\"og:description\" content=\"Nos solutions sont con\u00e7ues sur mesure pour r\u00e9pondre aux besoins sp\u00e9cifiques de cinq secteurs diff\u00e9rents, \u00e0 savoir : Transport &amp; Logistique, Service Apr\u00e8s-Vente, D\u00e9fense &amp; Gouvernement, Usines &amp; \u00c9quipements d&#039;Origine (OEM).\" \/>\n<meta property=\"og:url\" content=\"https:\/\/www.microlise.com\/fr\/industries\/\" \/>\n<meta property=\"og:site_name\" content=\"Microlise France\" \/>\n<meta property=\"article:publisher\" content=\"https:\/\/www.facebook.com\/MicroliseFR\/\" \/>\n<meta property=\"article:modified_time\" content=\"2024-06-12T14:12:31+00:00\" \/>\n<meta property=\"og:image\" content=\"https:\/\/www.microlise.com\/wp-content\/uploads\/2024\/06\/cropped-Microlise-Logo-Primary-Electric-1.png\" \/>\n\t<meta property=\"og:image:width\" content=\"235\" \/>\n\t<meta property=\"og:image:height\" content=\"30\" \/>\n\t<meta property=\"og:image:type\" content=\"image\/png\" \/>\n<meta name=\"twitter:card\" content=\"summary_large_image\" \/>\n<meta name=\"twitter:site\" content=\"@microlise\" \/>\n<meta name=\"twitter:label1\" content=\"Dur\u00e9e de lecture estim\u00e9e\" \/>\n\t<meta name=\"twitter:data1\" content=\"1 minute\" \/>\n<script type=\"application\/ld+json\" class=\"yoast-schema-graph\">{\"@context\":\"https:\\\/\\\/schema.org\",\"@graph\":[{\"@type\":\"WebPage\",\"@id\":\"https:\\\/\\\/www.microlise.com\\\/fr\\\/industries\\\/\",\"url\":\"https:\\\/\\\/www.microlise.com\\\/fr\\\/industries\\\/\",\"name\":\"Microlise : des produits t\u00e9l\u00e9matiques pour la gestion de flotte\",\"isPartOf\":{\"@id\":\"https:\\\/\\\/www.microlise.com\\\/fr\\\/#website\"},\"datePublished\":\"2014-10-29T13:57:00+00:00\",\"dateModified\":\"2024-06-12T14:12:31+00:00\",\"description\":\"Nos solutions sont con\u00e7ues sur mesure pour r\u00e9pondre aux besoins sp\u00e9cifiques de cinq secteurs diff\u00e9rents, \u00e0 savoir : Transport & Logistique, Service Apr\u00e8s-Vente, D\u00e9fense & Gouvernement, Usines & \u00c9quipements d'Origine (OEM).\",\"breadcrumb\":{\"@id\":\"https:\\\/\\\/www.microlise.com\\\/fr\\\/industries\\\/#breadcrumb\"},\"inLanguage\":\"fr-FR\",\"potentialAction\":[{\"@type\":\"ReadAction\",\"target\":[\"https:\\\/\\\/www.microlise.com\\\/fr\\\/industries\\\/\"]}]},{\"@type\":\"BreadcrumbList\",\"@id\":\"https:\\\/\\\/www.microlise.com\\\/fr\\\/industries\\\/#breadcrumb\",\"itemListElement\":[{\"@type\":\"ListItem\",\"position\":1,\"name\":\"Home\",\"item\":\"https:\\\/\\\/www.microlise.com\\\/fr\\\/\"},{\"@type\":\"ListItem\",\"position\":2,\"name\":\"Industries\"}]},{\"@type\":\"WebSite\",\"@id\":\"https:\\\/\\\/www.microlise.com\\\/fr\\\/#website\",\"url\":\"https:\\\/\\\/www.microlise.com\\\/fr\\\/\",\"name\":\"Microlise France\",\"description\":\"Telematics, Transport &amp; Fleet Management Solutions\",\"publisher\":{\"@id\":\"https:\\\/\\\/www.microlise.com\\\/fr\\\/#organization\"},\"alternateName\":\"Microlise\",\"potentialAction\":[{\"@type\":\"SearchAction\",\"target\":{\"@type\":\"EntryPoint\",\"urlTemplate\":\"https:\\\/\\\/www.microlise.com\\\/fr\\\/?s={search_term_string}\"},\"query-input\":{\"@type\":\"PropertyValueSpecification\",\"valueRequired\":true,\"valueName\":\"search_term_string\"}}],\"inLanguage\":\"fr-FR\"},{\"@type\":\"Organization\",\"@id\":\"https:\\\/\\\/www.microlise.com\\\/fr\\\/#organization\",\"name\":\"Microlise\",\"alternateName\":\"Microlise\",\"url\":\"https:\\\/\\\/www.microlise.com\\\/fr\\\/\",\"logo\":{\"@type\":\"ImageObject\",\"inLanguage\":\"fr-FR\",\"@id\":\"https:\\\/\\\/www.microlise.com\\\/fr\\\/#\\\/schema\\\/logo\\\/image\\\/\",\"url\":\"https:\\\/\\\/www.microlise.com\\\/wp-content\\\/uploads\\\/2024\\\/06\\\/cropped-Microlise-Logo-Primary-Electric-1.png\",\"contentUrl\":\"https:\\\/\\\/www.microlise.com\\\/wp-content\\\/uploads\\\/2024\\\/06\\\/cropped-Microlise-Logo-Primary-Electric-1.png\",\"width\":235,\"height\":30,\"caption\":\"Microlise\"},\"image\":{\"@id\":\"https:\\\/\\\/www.microlise.com\\\/fr\\\/#\\\/schema\\\/logo\\\/image\\\/\"},\"sameAs\":[\"https:\\\/\\\/www.facebook.com\\\/MicroliseFR\\\/\",\"https:\\\/\\\/x.com\\\/microlise\",\"https:\\\/\\\/www.linkedin.com\\\/company\\\/microlise\",\"https:\\\/\\\/www.youtube.com\\\/user\\\/MicroliseLtd\"]}]}<\/script>\n<!-- \/ Yoast SEO Premium plugin. -->","yoast_head_json":{"title":"Microlise : des produits t\u00e9l\u00e9matiques pour la gestion de flotte","description":"Nos solutions sont con\u00e7ues sur mesure pour r\u00e9pondre aux besoins sp\u00e9cifiques de cinq secteurs diff\u00e9rents, \u00e0 savoir : Transport & Logistique, Service Apr\u00e8s-Vente, D\u00e9fense & Gouvernement, Usines & \u00c9quipements d'Origine (OEM).","robots":{"index":"index","follow":"follow","max-snippet":"max-snippet:-1","max-image-preview":"max-image-preview:large","max-video-preview":"max-video-preview:-1"},"canonical":"https:\/\/www.microlise.com\/fr\/industries\/","og_locale":"fr_FR","og_type":"article","og_title":"Industries","og_description":"Nos solutions sont con\u00e7ues sur mesure pour r\u00e9pondre aux besoins sp\u00e9cifiques de cinq secteurs diff\u00e9rents, \u00e0 savoir : Transport & Logistique, Service Apr\u00e8s-Vente, D\u00e9fense & Gouvernement, Usines & \u00c9quipements d'Origine (OEM).","og_url":"https:\/\/www.microlise.com\/fr\/industries\/","og_site_name":"Microlise France","article_publisher":"https:\/\/www.facebook.com\/MicroliseFR\/","article_modified_time":"2024-06-12T14:12:31+00:00","og_image":[{"width":235,"height":30,"url":"https:\/\/www.microlise.com\/wp-content\/uploads\/2024\/06\/cropped-Microlise-Logo-Primary-Electric-1.png","type":"image\/png"}],"twitter_card":"summary_large_image","twitter_site":"@microlise","twitter_misc":{"Dur\u00e9e de lecture estim\u00e9e":"1 minute"},"schema":{"@context":"https:\/\/schema.org","@graph":[{"@type":"WebPage","@id":"https:\/\/www.microlise.com\/fr\/industries\/","url":"https:\/\/www.microlise.com\/fr\/industries\/","name":"Microlise : des produits t\u00e9l\u00e9matiques pour la gestion de flotte","isPartOf":{"@id":"https:\/\/www.microlise.com\/fr\/#website"},"datePublished":"2014-10-29T13:57:00+00:00","dateModified":"2024-06-12T14:12:31+00:00","description":"Nos solutions sont con\u00e7ues sur mesure pour r\u00e9pondre aux besoins sp\u00e9cifiques de cinq secteurs diff\u00e9rents, \u00e0 savoir : Transport & Logistique, Service Apr\u00e8s-Vente, D\u00e9fense & Gouvernement, Usines & \u00c9quipements d'Origine (OEM).","breadcrumb":{"@id":"https:\/\/www.microlise.com\/fr\/industries\/#breadcrumb"},"inLanguage":"fr-FR","potentialAction":[{"@type":"ReadAction","target":["https:\/\/www.microlise.com\/fr\/industries\/"]}]},{"@type":"BreadcrumbList","@id":"https:\/\/www.microlise.com\/fr\/industries\/#breadcrumb","itemListElement":[{"@type":"ListItem","position":1,"name":"Home","item":"https:\/\/www.microlise.com\/fr\/"},{"@type":"ListItem","position":2,"name":"Industries"}]},{"@type":"WebSite","@id":"https:\/\/www.microlise.com\/fr\/#website","url":"https:\/\/www.microlise.com\/fr\/","name":"Microlise France","description":"Telematics, Transport &amp; Fleet Management Solutions","publisher":{"@id":"https:\/\/www.microlise.com\/fr\/#organization"},"alternateName":"Microlise","potentialAction":[{"@type":"SearchAction","target":{"@type":"EntryPoint","urlTemplate":"https:\/\/www.microlise.com\/fr\/?s={search_term_string}"},"query-input":{"@type":"PropertyValueSpecification","valueRequired":true,"valueName":"search_term_string"}}],"inLanguage":"fr-FR"},{"@type":"Organization","@id":"https:\/\/www.microlise.com\/fr\/#organization","name":"Microlise","alternateName":"Microlise","url":"https:\/\/www.microlise.com\/fr\/","logo":{"@type":"ImageObject","inLanguage":"fr-FR","@id":"https:\/\/www.microlise.com\/fr\/#\/schema\/logo\/image\/","url":"https:\/\/www.microlise.com\/wp-content\/uploads\/2024\/06\/cropped-Microlise-Logo-Primary-Electric-1.png","contentUrl":"https:\/\/www.microlise.com\/wp-content\/uploads\/2024\/06\/cropped-Microlise-Logo-Primary-Electric-1.png","width":235,"height":30,"caption":"Microlise"},"image":{"@id":"https:\/\/www.microlise.com\/fr\/#\/schema\/logo\/image\/"},"sameAs":["https:\/\/www.facebook.com\/MicroliseFR\/","https:\/\/x.com\/microlise","https:\/\/www.linkedin.com\/company\/microlise","https:\/\/www.youtube.com\/user\/MicroliseLtd"]}]}},"cmb2":{"microlise_home_banner_metabox":{"microlise_home_banner_title":"","microlise_home_banner_content":"","microlise_home_banner_image":"","microlise_home_banner_image_id":"","microlise_home_banner_vtype":"","microlise_home_banner_VID":"","microlise_home_banner_Vcode":"","microlise_home_banner_cta":"","microlise_home_banner_hctatxt":"","microlise_home_banner_hctaurl":"","microlise_home_banner_hctabgcolor":"","microlise_home_banner_hctatcolor":"","microlise_home_banner_hctatxt2":"","microlise_home_banner_hctaurl2":"","microlise_home_banner_hctabgcolor2":"","microlise_home_banner_hctatcolor2":""},"microlise_home_customersmetabox":{"microlise_home_customers_title":"","microlise_home_customers_logo":""},"microlise_home_infometabox":{"microlise_home_info_title":"","microlise_home_info_details":""},"microlise_home_product_metabox":{"microlise_home_product_details":""},"microlise_home_awards_metabox":{"microlise_home_awards_title":"","microlise_home_awards_sub_text":"","microlise_home_awards_logo":"","microlise_home_awards_logo_id":"","microlise_home_awards_link":"","microlise_home_awards_button":""},"microlise_home_faq_metabox":{"microlise_home_faq_title":"","microlise_home_faq_details":""},"microlise_page_metabox":{"microlise_page_title":"","microlise_page_use_title":"","microlise_page_btext":"","microlise_page_cta":"","microlise_page_hctatxt":"Planifier une d\u00e9mo","microlise_page_hctaurl":"https:\/\/www.microlise.com\/fr\/demo-demande\/","microlise_page_hctabgcolor":"#01CBDE","microlise_page_hctatcolor":"#151D25","microlise_page_hctatxt2":"Parlez \u00e0 un expert","microlise_page_hctaurl2":"https:\/\/www.microlise.com\/fr\/quisommes-nous\/contacteznous\/","microlise_page_hctabgcolor2":"#dcff66","microlise_page_hctatcolor2":"#151D25","microlise_page_video":"","microlise_page_vtype":"vimeo","microlise_page_VID":"618229656","microlise_page_Vcode":""},"microlise_page_pometabox":{"microlise_page_embed":""},"microlise_page_fleet_metabox":{"microlise_page_fleet_case_study":"","microlise_page_fleet_cimage":"","microlise_page_fleet_cimage_id":"","microlise_page_fleet_ctitle":"","microlise_page_fleet_ct_color":"","microlise_page_fleet_ccontent":"","microlise_page_fleet_ccontent_color":"","microlise_page_fleet_crbtn_text":"","microlise_page_fleet_crbtn_link":"","microlise_page_fleet_crbbgcolor":"","microlise_page_fleet_crbtcolor":"","microlise_page_fleet_crbgcolor":"","microlise_page_fleet_brochure":"","microlise_page_fleet_brtype":"","microlise_page_fleet_bimage":"","microlise_page_fleet_bimage_id":"","microlise_page_fleet_btitle":"","microlise_page_fleet_bt_color":"","microlise_page_fleet_bcontent":"","microlise_page_fleet_bcontent_color":"","microlise_page_fleet_brbtn_text":"","microlise_page_fleet_brbbgcolor":"","microlise_page_fleet_brbtcolor":"","microlise_page_fleet_brbgcolor":"","microlise_page_fleet_hide_brochure":"","microlise_page_fleet_rimage":"","microlise_page_fleet_rimage_id":"","microlise_page_fleet_rtitle":"","microlise_page_fleet_rt_color":"","microlise_page_fleet_rcontent":"","microlise_page_fleet_rcontent_color":"","microlise_page_fleet_rebgcolor":"","microlise_page_fleet_rebtn_text":"","microlise_page_fleet_hide_report":"","microlise_page_fleet_benefit":"","microlise_page_fleet_bctatxt":"","microlise_page_fleet_bctaurl":"","microlise_page_fleet_bctabgcolor":"","microlise_page_fleet_bctatcolor":"","microlise_page_fleet_benefits":"","microlise_page_fleet_feature":"","microlise_page_fleet_features":"","microlise_page_fleet_anfeature":"","microlise_page_fleet_anfeatures":"","microlise_page_fleet_thirdfeature":"","microlise_page_fleet_thirdfeatures":"","microlise_page_fleet_faq":"","microlise_page_fleet_faqtitle":"","microlise_page_fleet_faqs":"","microlise_page_fleet_strip":"","microlise_page_fleet_stitle":"","microlise_page_fleet_sbtntext":"","microlise_page_fleet_sbtnurl":""}},"_links":{"self":[{"href":"https:\/\/www.microlise.com\/fr\/wp-json\/wp\/v2\/pages\/15840","targetHints":{"allow":["GET"]}}],"collection":[{"href":"https:\/\/www.microlise.com\/fr\/wp-json\/wp\/v2\/pages"}],"about":[{"href":"https:\/\/www.microlise.com\/fr\/wp-json\/wp\/v2\/types\/page"}],"author":[{"embeddable":true,"href":"https:\/\/www.microlise.com\/fr\/wp-json\/wp\/v2\/users\/47"}],"replies":[{"embeddable":true,"href":"https:\/\/www.microlise.com\/fr\/wp-json\/wp\/v2\/comments?post=15840"}],"version-history":[{"count":0,"href":"https:\/\/www.microlise.com\/fr\/wp-json\/wp\/v2\/pages\/15840\/revisions"}],"wp:attachment":[{"href":"https:\/\/www.microlise.com\/fr\/wp-json\/wp\/v2\/media?parent=15840"}],"curies":[{"name":"wp","href":"https:\/\/api.w.org\/{rel}","templated":true}]}}