{"id":15839,"date":"2014-10-29T13:53:00","date_gmt":"2014-10-29T13:53:00","guid":{"rendered":"https:\/\/www.microlise.com\/quisommes-nous\/"},"modified":"2025-01-08T10:16:21","modified_gmt":"2025-01-08T10:16:21","slug":"quisommes-nous","status":"publish","type":"page","link":"https:\/\/www.microlise.com\/fr\/quisommes-nous\/","title":{"rendered":"Qui sommes-nous ?"},"content":{"rendered":"<div class=\"wpb-content-wrapper\"><p>[vc_row][vc_column][vc_column_text css=\u00a0\u00bb\u00a0\u00bb]Entreprise bas\u00e9e \u00e0 Nottingham au Royaume-Uni, Microlise investit \u00e9norm\u00e9ment chaque ann\u00e9e dans la R&amp;D pour s\u2019assurer que ses solutions restent \u00e0 la pointe de la technologie. Chaque ann\u00e9e, nous aidons nos clients \u00e0 \u00e9conomiser plus de 200 millions d&rsquo;euros de carburant et \u00e0 r\u00e9duire leurs \u00e9missions de CO2 de centaines de milliers de tonnes.[\/vc_column_text][vc_single_image image=\u00a0\u00bb26685&Prime; img_size=\u00a0\u00bbfull\u00a0\u00bb style=\u00a0\u00bbvc_box_rounded\u00a0\u00bb css=\u00a0\u00bb\u00a0\u00bb el_class=\u00a0\u00bbshadow\u00a0\u00bb][vc_column_text css=\u00a0\u00bb\u00a0\u00bb]<\/p>\n<p style=\"text-align: left;\"><span class=\"ui-provider a b c d e f g h i j k l m n o p q r s t u v w x y z ab ac ae af ag ah ai aj ak\" dir=\"ltr\">L\u2019anciennet\u00e9 moyenne de nos employ\u00e9s est sup\u00e9rieure \u00e0 sept ans et nous sommes fiers d\u2019\u00eatre certifi\u00e9s Investors in People, ISO9001 et TickITplus et d\u2019adopter des principes \u00e9tablis de gestion de projet, de service \u00e0 la client\u00e8le et de test, notamment Prince 2, ITIL et ISEB.<\/span><\/p>\n<p>[\/vc_column_text][vc_custom_heading text=\u00a0\u00bbEngagement \u00e9thique dans la cha\u00eene d\u2019approvisionnement\u00a0\u00bb font_container=\u00a0\u00bbtag:h3|text_align:left\u00a0\u00bb use_theme_fonts=\u00a0\u00bbyes\u00a0\u00bb css=\u00a0\u00bb\u00a0\u00bb][vc_column_text css=\u00a0\u00bb\u00a0\u00bb]<\/p>\n<p style=\"text-align: left;\"><span class=\"ui-provider a b c d e f g h i j k l m n o p q r s t u v w x y z ab ac ae af ag ah ai aj ak\" dir=\"ltr\">Microlise s\u2019engage \u00e0 veiller \u00e0<\/span>\u00a0ce que ses salari\u00e9s et ceux qui travaillent dans sa cha\u00eene d&rsquo;approvisionnement ne soient pas exploit\u00e9s. En outre, ils sont en s\u00e9curit\u00e9, leurs salaires sont conformes \u00e0 la l\u00e9gislation sur le salaire minimum, voire sup\u00e9rieurs, et les lois sur la sant\u00e9 et la s\u00e9curit\u00e9 et les droits de l&rsquo;homme et les normes internationales sont respect\u00e9es, y compris la libert\u00e9 de mouvement et de communication.<\/p>\n<p style=\"text-align: left;\">Pour en savoir plus, se r\u00e9f\u00e9rer \u00e0 notre <a href=\"https:\/\/www.microlise.com\/fr\/declaration-sur-lesclavage-moderne\/\" target=\"_blank\" rel=\"noopener\">d\u00e9claration sur l&rsquo;esclavage moderne.<\/a><\/p>\n<p>[\/vc_column_text][vc_custom_heading text=\u00a0\u00bbAccr\u00e9ditations\u00a0\u00bb font_container=\u00a0\u00bbtag:h3|text_align:left\u00a0\u00bb use_theme_fonts=\u00a0\u00bbyes\u00a0\u00bb css=\u00a0\u00bb\u00a0\u00bb][\/vc_column][\/vc_row][vc_row][vc_column width=\u00a0\u00bb1\/3&Prime;][vc_single_image image=\u00a0\u00bb43422&Prime; img_size=\u00a0\u00bbfull\u00a0\u00bb css=\u00a0\u00bb\u00a0\u00bb][\/vc_column][vc_column width=\u00a0\u00bb1\/3&Prime;][vc_single_image image=\u00a0\u00bb43428&Prime; img_size=\u00a0\u00bbfull\u00a0\u00bb alignment=\u00a0\u00bbcenter\u00a0\u00bb css=\u00a0\u00bb\u00a0\u00bb][\/vc_column][vc_column width=\u00a0\u00bb1\/3&Prime;][vc_single_image image=\u00a0\u00bb43434&Prime; img_size=\u00a0\u00bbfull\u00a0\u00bb alignment=\u00a0\u00bbright\u00a0\u00bb css=\u00a0\u00bb\u00a0\u00bb][\/vc_column][\/vc_row]<\/p>\n<\/div>","protected":false},"excerpt":{"rendered":"<p>Gr\u00e2ce aux solutions d\u2019informatique embarqu\u00e9e et de preuve de livraison Microlise, nous aidons nos clients \u00e0 r\u00e9duire leurs co\u00fbts et leur impact sur l\u2019environnement en maximisant l&rsquo;utilisation des v\u00e9hicules et l\u2019efficacit\u00e9 op\u00e9rationnelle, tout en am\u00e9liorant les \u00e9conomies de carburant et la s\u00e9curit\u00e9 des conducteurs. Avec la visibilit\u00e9 en temps r\u00e9el de la flotte et la progression des op\u00e9rations par rapport au planning pr\u00e9vu, ils peuvent \u00e9galement offrir une meilleure exp\u00e9rience et de nouveaux services \u00e0 leurs propres clients.<\/p>\n","protected":false},"author":47,"featured_media":40273,"parent":0,"menu_order":132,"comment_status":"closed","ping_status":"closed","template":"","meta":{"footnotes":""},"class_list":["post-15839","page","type-page","status-publish","has-post-thumbnail","hentry","entry"],"yoast_head":"<!-- This site is optimized with the Yoast SEO Premium plugin v25.7.1 (Yoast SEO v27.4) - https:\/\/yoast.com\/product\/yoast-seo-premium-wordpress\/ -->\n<title>Qui sommes-nous ? - Microlise France<\/title>\n<meta name=\"description\" content=\"Gr\u00e2ce aux solutions d\u2019informatique embarqu\u00e9e et de preuve de livraison Microlise, nous aidons nos clients \u00e0 r\u00e9duire leurs co\u00fbts et leur impact sur l\u2019environnement en maximisant l&#039;utilisation des v\u00e9hicules et l\u2019efficacit\u00e9 op\u00e9rationnelle, tout en am\u00e9liorant les \u00e9conomies de carburant et la s\u00e9curit\u00e9 des conducteurs.\" \/>\n<meta name=\"robots\" content=\"index, follow, max-snippet:-1, max-image-preview:large, max-video-preview:-1\" \/>\n<link rel=\"canonical\" href=\"https:\/\/www.microlise.com\/fr\/quisommes-nous\/\" \/>\n<meta property=\"og:locale\" content=\"fr_FR\" \/>\n<meta property=\"og:type\" content=\"article\" \/>\n<meta property=\"og:title\" content=\"Qui sommes-nous ?\" \/>\n<meta property=\"og:description\" content=\"Gr\u00e2ce aux solutions d\u2019informatique embarqu\u00e9e et de preuve de livraison Microlise, nous aidons nos clients \u00e0 r\u00e9duire leurs co\u00fbts et leur impact sur l\u2019environnement en maximisant l&#039;utilisation des v\u00e9hicules et l\u2019efficacit\u00e9 op\u00e9rationnelle, tout en am\u00e9liorant les \u00e9conomies de carburant et la s\u00e9curit\u00e9 des conducteurs.\" \/>\n<meta property=\"og:url\" content=\"https:\/\/www.microlise.com\/fr\/quisommes-nous\/\" \/>\n<meta property=\"og:site_name\" content=\"Microlise France\" \/>\n<meta property=\"article:publisher\" content=\"https:\/\/www.facebook.com\/MicroliseFR\/\" \/>\n<meta property=\"article:modified_time\" content=\"2025-01-08T10:16:21+00:00\" \/>\n<meta property=\"og:image\" content=\"https:\/\/www.microlise.com\/wp-content\/uploads\/2024\/06\/home-banner.jpg\" \/>\n\t<meta property=\"og:image:width\" content=\"1673\" \/>\n\t<meta property=\"og:image:height\" content=\"938\" \/>\n\t<meta property=\"og:image:type\" content=\"image\/jpeg\" \/>\n<meta name=\"twitter:card\" content=\"summary_large_image\" \/>\n<meta name=\"twitter:site\" content=\"@microlise\" \/>\n<meta name=\"twitter:label1\" content=\"Dur\u00e9e de lecture estim\u00e9e\" \/>\n\t<meta name=\"twitter:data1\" content=\"2 minutes\" \/>\n<script type=\"application\/ld+json\" class=\"yoast-schema-graph\">{\"@context\":\"https:\\\/\\\/schema.org\",\"@graph\":[{\"@type\":\"WebPage\",\"@id\":\"https:\\\/\\\/www.microlise.com\\\/fr\\\/quisommes-nous\\\/\",\"url\":\"https:\\\/\\\/www.microlise.com\\\/fr\\\/quisommes-nous\\\/\",\"name\":\"Qui sommes-nous ? - Microlise France\",\"isPartOf\":{\"@id\":\"https:\\\/\\\/www.microlise.com\\\/fr\\\/#website\"},\"primaryImageOfPage\":{\"@id\":\"https:\\\/\\\/www.microlise.com\\\/fr\\\/quisommes-nous\\\/#primaryimage\"},\"image\":{\"@id\":\"https:\\\/\\\/www.microlise.com\\\/fr\\\/quisommes-nous\\\/#primaryimage\"},\"thumbnailUrl\":\"https:\\\/\\\/www.microlise.com\\\/wp-content\\\/uploads\\\/2024\\\/06\\\/home-banner.jpg\",\"datePublished\":\"2014-10-29T13:53:00+00:00\",\"dateModified\":\"2025-01-08T10:16:21+00:00\",\"description\":\"Gr\u00e2ce aux solutions d\u2019informatique embarqu\u00e9e et de preuve de livraison Microlise, nous aidons nos clients \u00e0 r\u00e9duire leurs co\u00fbts et leur impact sur l\u2019environnement en maximisant l'utilisation des v\u00e9hicules et l\u2019efficacit\u00e9 op\u00e9rationnelle, tout en am\u00e9liorant les \u00e9conomies de carburant et la s\u00e9curit\u00e9 des conducteurs.\",\"breadcrumb\":{\"@id\":\"https:\\\/\\\/www.microlise.com\\\/fr\\\/quisommes-nous\\\/#breadcrumb\"},\"inLanguage\":\"fr-FR\",\"potentialAction\":[{\"@type\":\"ReadAction\",\"target\":[\"https:\\\/\\\/www.microlise.com\\\/fr\\\/quisommes-nous\\\/\"]}]},{\"@type\":\"ImageObject\",\"inLanguage\":\"fr-FR\",\"@id\":\"https:\\\/\\\/www.microlise.com\\\/fr\\\/quisommes-nous\\\/#primaryimage\",\"url\":\"https:\\\/\\\/www.microlise.com\\\/wp-content\\\/uploads\\\/2024\\\/06\\\/home-banner.jpg\",\"contentUrl\":\"https:\\\/\\\/www.microlise.com\\\/wp-content\\\/uploads\\\/2024\\\/06\\\/home-banner.jpg\",\"width\":1673,\"height\":938,\"caption\":\"Advanced telematics and logistics analytics for transportation efficiency.\"},{\"@type\":\"BreadcrumbList\",\"@id\":\"https:\\\/\\\/www.microlise.com\\\/fr\\\/quisommes-nous\\\/#breadcrumb\",\"itemListElement\":[{\"@type\":\"ListItem\",\"position\":1,\"name\":\"Home\",\"item\":\"https:\\\/\\\/www.microlise.com\\\/fr\\\/\"},{\"@type\":\"ListItem\",\"position\":2,\"name\":\"Qui sommes-nous ?\"}]},{\"@type\":\"WebSite\",\"@id\":\"https:\\\/\\\/www.microlise.com\\\/fr\\\/#website\",\"url\":\"https:\\\/\\\/www.microlise.com\\\/fr\\\/\",\"name\":\"Microlise France\",\"description\":\"Telematics, Transport &amp; Fleet Management Solutions\",\"publisher\":{\"@id\":\"https:\\\/\\\/www.microlise.com\\\/fr\\\/#organization\"},\"alternateName\":\"Microlise\",\"potentialAction\":[{\"@type\":\"SearchAction\",\"target\":{\"@type\":\"EntryPoint\",\"urlTemplate\":\"https:\\\/\\\/www.microlise.com\\\/fr\\\/?s={search_term_string}\"},\"query-input\":{\"@type\":\"PropertyValueSpecification\",\"valueRequired\":true,\"valueName\":\"search_term_string\"}}],\"inLanguage\":\"fr-FR\"},{\"@type\":\"Organization\",\"@id\":\"https:\\\/\\\/www.microlise.com\\\/fr\\\/#organization\",\"name\":\"Microlise\",\"alternateName\":\"Microlise\",\"url\":\"https:\\\/\\\/www.microlise.com\\\/fr\\\/\",\"logo\":{\"@type\":\"ImageObject\",\"inLanguage\":\"fr-FR\",\"@id\":\"https:\\\/\\\/www.microlise.com\\\/fr\\\/#\\\/schema\\\/logo\\\/image\\\/\",\"url\":\"https:\\\/\\\/www.microlise.com\\\/wp-content\\\/uploads\\\/2024\\\/06\\\/cropped-Microlise-Logo-Primary-Electric-1.png\",\"contentUrl\":\"https:\\\/\\\/www.microlise.com\\\/wp-content\\\/uploads\\\/2024\\\/06\\\/cropped-Microlise-Logo-Primary-Electric-1.png\",\"width\":235,\"height\":30,\"caption\":\"Microlise\"},\"image\":{\"@id\":\"https:\\\/\\\/www.microlise.com\\\/fr\\\/#\\\/schema\\\/logo\\\/image\\\/\"},\"sameAs\":[\"https:\\\/\\\/www.facebook.com\\\/MicroliseFR\\\/\",\"https:\\\/\\\/x.com\\\/microlise\",\"https:\\\/\\\/www.linkedin.com\\\/company\\\/microlise\",\"https:\\\/\\\/www.youtube.com\\\/user\\\/MicroliseLtd\"]}]}<\/script>\n<!-- \/ Yoast SEO Premium plugin. -->","yoast_head_json":{"title":"Qui sommes-nous ? - Microlise France","description":"Gr\u00e2ce aux solutions d\u2019informatique embarqu\u00e9e et de preuve de livraison Microlise, nous aidons nos clients \u00e0 r\u00e9duire leurs co\u00fbts et leur impact sur l\u2019environnement en maximisant l'utilisation des v\u00e9hicules et l\u2019efficacit\u00e9 op\u00e9rationnelle, tout en am\u00e9liorant les \u00e9conomies de carburant et la s\u00e9curit\u00e9 des conducteurs.","robots":{"index":"index","follow":"follow","max-snippet":"max-snippet:-1","max-image-preview":"max-image-preview:large","max-video-preview":"max-video-preview:-1"},"canonical":"https:\/\/www.microlise.com\/fr\/quisommes-nous\/","og_locale":"fr_FR","og_type":"article","og_title":"Qui sommes-nous ?","og_description":"Gr\u00e2ce aux solutions d\u2019informatique embarqu\u00e9e et de preuve de livraison Microlise, nous aidons nos clients \u00e0 r\u00e9duire leurs co\u00fbts et leur impact sur l\u2019environnement en maximisant l'utilisation des v\u00e9hicules et l\u2019efficacit\u00e9 op\u00e9rationnelle, tout en am\u00e9liorant les \u00e9conomies de carburant et la s\u00e9curit\u00e9 des conducteurs.","og_url":"https:\/\/www.microlise.com\/fr\/quisommes-nous\/","og_site_name":"Microlise France","article_publisher":"https:\/\/www.facebook.com\/MicroliseFR\/","article_modified_time":"2025-01-08T10:16:21+00:00","og_image":[{"width":1673,"height":938,"url":"https:\/\/www.microlise.com\/wp-content\/uploads\/2024\/06\/home-banner.jpg","type":"image\/jpeg"}],"twitter_card":"summary_large_image","twitter_site":"@microlise","twitter_misc":{"Dur\u00e9e de lecture estim\u00e9e":"2 minutes"},"schema":{"@context":"https:\/\/schema.org","@graph":[{"@type":"WebPage","@id":"https:\/\/www.microlise.com\/fr\/quisommes-nous\/","url":"https:\/\/www.microlise.com\/fr\/quisommes-nous\/","name":"Qui sommes-nous ? - Microlise France","isPartOf":{"@id":"https:\/\/www.microlise.com\/fr\/#website"},"primaryImageOfPage":{"@id":"https:\/\/www.microlise.com\/fr\/quisommes-nous\/#primaryimage"},"image":{"@id":"https:\/\/www.microlise.com\/fr\/quisommes-nous\/#primaryimage"},"thumbnailUrl":"https:\/\/www.microlise.com\/wp-content\/uploads\/2024\/06\/home-banner.jpg","datePublished":"2014-10-29T13:53:00+00:00","dateModified":"2025-01-08T10:16:21+00:00","description":"Gr\u00e2ce aux solutions d\u2019informatique embarqu\u00e9e et de preuve de livraison Microlise, nous aidons nos clients \u00e0 r\u00e9duire leurs co\u00fbts et leur impact sur l\u2019environnement en maximisant l'utilisation des v\u00e9hicules et l\u2019efficacit\u00e9 op\u00e9rationnelle, tout en am\u00e9liorant les \u00e9conomies de carburant et la s\u00e9curit\u00e9 des conducteurs.","breadcrumb":{"@id":"https:\/\/www.microlise.com\/fr\/quisommes-nous\/#breadcrumb"},"inLanguage":"fr-FR","potentialAction":[{"@type":"ReadAction","target":["https:\/\/www.microlise.com\/fr\/quisommes-nous\/"]}]},{"@type":"ImageObject","inLanguage":"fr-FR","@id":"https:\/\/www.microlise.com\/fr\/quisommes-nous\/#primaryimage","url":"https:\/\/www.microlise.com\/wp-content\/uploads\/2024\/06\/home-banner.jpg","contentUrl":"https:\/\/www.microlise.com\/wp-content\/uploads\/2024\/06\/home-banner.jpg","width":1673,"height":938,"caption":"Advanced telematics and logistics analytics for transportation efficiency."},{"@type":"BreadcrumbList","@id":"https:\/\/www.microlise.com\/fr\/quisommes-nous\/#breadcrumb","itemListElement":[{"@type":"ListItem","position":1,"name":"Home","item":"https:\/\/www.microlise.com\/fr\/"},{"@type":"ListItem","position":2,"name":"Qui sommes-nous ?"}]},{"@type":"WebSite","@id":"https:\/\/www.microlise.com\/fr\/#website","url":"https:\/\/www.microlise.com\/fr\/","name":"Microlise France","description":"Telematics, Transport &amp; Fleet Management Solutions","publisher":{"@id":"https:\/\/www.microlise.com\/fr\/#organization"},"alternateName":"Microlise","potentialAction":[{"@type":"SearchAction","target":{"@type":"EntryPoint","urlTemplate":"https:\/\/www.microlise.com\/fr\/?s={search_term_string}"},"query-input":{"@type":"PropertyValueSpecification","valueRequired":true,"valueName":"search_term_string"}}],"inLanguage":"fr-FR"},{"@type":"Organization","@id":"https:\/\/www.microlise.com\/fr\/#organization","name":"Microlise","alternateName":"Microlise","url":"https:\/\/www.microlise.com\/fr\/","logo":{"@type":"ImageObject","inLanguage":"fr-FR","@id":"https:\/\/www.microlise.com\/fr\/#\/schema\/logo\/image\/","url":"https:\/\/www.microlise.com\/wp-content\/uploads\/2024\/06\/cropped-Microlise-Logo-Primary-Electric-1.png","contentUrl":"https:\/\/www.microlise.com\/wp-content\/uploads\/2024\/06\/cropped-Microlise-Logo-Primary-Electric-1.png","width":235,"height":30,"caption":"Microlise"},"image":{"@id":"https:\/\/www.microlise.com\/fr\/#\/schema\/logo\/image\/"},"sameAs":["https:\/\/www.facebook.com\/MicroliseFR\/","https:\/\/x.com\/microlise","https:\/\/www.linkedin.com\/company\/microlise","https:\/\/www.youtube.com\/user\/MicroliseLtd"]}]}},"cmb2":{"microlise_home_banner_metabox":{"microlise_home_banner_title":"","microlise_home_banner_content":"","microlise_home_banner_image":"","microlise_home_banner_image_id":"","microlise_home_banner_vtype":"","microlise_home_banner_VID":"","microlise_home_banner_Vcode":"","microlise_home_banner_cta":"","microlise_home_banner_hctatxt":"","microlise_home_banner_hctaurl":"","microlise_home_banner_hctabgcolor":"","microlise_home_banner_hctatcolor":"","microlise_home_banner_hctatxt2":"","microlise_home_banner_hctaurl2":"","microlise_home_banner_hctabgcolor2":"","microlise_home_banner_hctatcolor2":""},"microlise_home_customersmetabox":{"microlise_home_customers_title":"","microlise_home_customers_logo":""},"microlise_home_infometabox":{"microlise_home_info_title":"","microlise_home_info_details":""},"microlise_home_product_metabox":{"microlise_home_product_details":""},"microlise_home_awards_metabox":{"microlise_home_awards_title":"","microlise_home_awards_sub_text":"","microlise_home_awards_logo":"","microlise_home_awards_logo_id":"","microlise_home_awards_link":"","microlise_home_awards_button":""},"microlise_home_faq_metabox":{"microlise_home_faq_title":"","microlise_home_faq_details":""},"microlise_page_metabox":{"microlise_page_title":"","microlise_page_use_title":"","microlise_page_btext":"","microlise_page_cta":"","microlise_page_hctatxt":"","microlise_page_hctaurl":"","microlise_page_hctabgcolor":"#01CBDE","microlise_page_hctatcolor":"#151D25","microlise_page_hctatxt2":"","microlise_page_hctaurl2":"","microlise_page_hctabgcolor2":"","microlise_page_hctatcolor2":"#151D25","microlise_page_video":"","microlise_page_vtype":"","microlise_page_VID":"","microlise_page_Vcode":""},"microlise_page_pometabox":{"microlise_page_embed":""},"microlise_page_fleet_metabox":{"microlise_page_fleet_case_study":"","microlise_page_fleet_cimage":"","microlise_page_fleet_cimage_id":"","microlise_page_fleet_ctitle":"","microlise_page_fleet_ct_color":"","microlise_page_fleet_ccontent":"","microlise_page_fleet_ccontent_color":"","microlise_page_fleet_crbtn_text":"","microlise_page_fleet_crbtn_link":"","microlise_page_fleet_crbbgcolor":"","microlise_page_fleet_crbtcolor":"","microlise_page_fleet_crbgcolor":"","microlise_page_fleet_brochure":"","microlise_page_fleet_brtype":"","microlise_page_fleet_bimage":"","microlise_page_fleet_bimage_id":"","microlise_page_fleet_btitle":"","microlise_page_fleet_bt_color":"","microlise_page_fleet_bcontent":"","microlise_page_fleet_bcontent_color":"","microlise_page_fleet_brbtn_text":"","microlise_page_fleet_brbbgcolor":"","microlise_page_fleet_brbtcolor":"","microlise_page_fleet_brbgcolor":"","microlise_page_fleet_hide_brochure":"","microlise_page_fleet_rimage":"","microlise_page_fleet_rimage_id":"","microlise_page_fleet_rtitle":"","microlise_page_fleet_rt_color":"","microlise_page_fleet_rcontent":"","microlise_page_fleet_rcontent_color":"","microlise_page_fleet_rebgcolor":"","microlise_page_fleet_rebtn_text":"","microlise_page_fleet_hide_report":"","microlise_page_fleet_benefit":"","microlise_page_fleet_bctatxt":"","microlise_page_fleet_bctaurl":"","microlise_page_fleet_bctabgcolor":"","microlise_page_fleet_bctatcolor":"","microlise_page_fleet_benefits":"","microlise_page_fleet_feature":"","microlise_page_fleet_features":"","microlise_page_fleet_anfeature":"","microlise_page_fleet_anfeatures":"","microlise_page_fleet_thirdfeature":"","microlise_page_fleet_thirdfeatures":"","microlise_page_fleet_faq":"","microlise_page_fleet_faqtitle":"","microlise_page_fleet_faqs":"","microlise_page_fleet_strip":"","microlise_page_fleet_stitle":"","microlise_page_fleet_sbtntext":"","microlise_page_fleet_sbtnurl":""}},"_links":{"self":[{"href":"https:\/\/www.microlise.com\/fr\/wp-json\/wp\/v2\/pages\/15839","targetHints":{"allow":["GET"]}}],"collection":[{"href":"https:\/\/www.microlise.com\/fr\/wp-json\/wp\/v2\/pages"}],"about":[{"href":"https:\/\/www.microlise.com\/fr\/wp-json\/wp\/v2\/types\/page"}],"author":[{"embeddable":true,"href":"https:\/\/www.microlise.com\/fr\/wp-json\/wp\/v2\/users\/47"}],"replies":[{"embeddable":true,"href":"https:\/\/www.microlise.com\/fr\/wp-json\/wp\/v2\/comments?post=15839"}],"version-history":[{"count":0,"href":"https:\/\/www.microlise.com\/fr\/wp-json\/wp\/v2\/pages\/15839\/revisions"}],"wp:featuredmedia":[{"embeddable":true,"href":"https:\/\/www.microlise.com\/fr\/wp-json\/wp\/v2\/media\/40273"}],"wp:attachment":[{"href":"https:\/\/www.microlise.com\/fr\/wp-json\/wp\/v2\/media?parent=15839"}],"curies":[{"name":"wp","href":"https:\/\/api.w.org\/{rel}","templated":true}]}}