{"id":192,"date":"2018-09-03T05:06:04","date_gmt":"2018-09-03T04:06:04","guid":{"rendered":"https:\/\/www.microlise.com\/focus\/front-page\/"},"modified":"2022-01-05T10:27:47","modified_gmt":"2022-01-05T10:27:47","slug":"front-page","status":"publish","type":"page","link":"https:\/\/www.microlise.com\/focus\/fr\/","title":{"rendered":"Home"},"content":{"rendered":"<div class=\"wpb-content-wrapper\"><p>[vc_row][vc_column][vc_column_text]<\/p>\n<h4 class=\"widget-title\">OPTIMISATION DE VOTRE FLOTTE AVEC FOCUS<\/h4>\n<p>Focus est une solution t\u00e9l\u00e9matique de qualit\u00e9 professionnelle, sp\u00e9cialement con\u00e7ue pour les petites et moyennes flottes de v\u00e9hicules.<\/p>\n<p>Compl\u00e8tement en ligne avec les besoins d\u2019efficacit\u00e9 et de s\u00e9curit\u00e9 communs \u00e0 tous les op\u00e9rateurs de flotte quelle que soit leur taille, Focus offre aux petites et moyennes entreprises un niveau de donn\u00e9es et d\u2019analyse comparable \u00e0 celui que vous pourriez attendre d\u2019une solution t\u00e9l\u00e9matique destin\u00e9e \u00e0 des entreprises de plus grande taille.[\/vc_column_text][vc_video link=\u00a0\u00bbhttps:\/\/vimeo.com\/661300199&Prime; align=\u00a0\u00bbcenter\u00a0\u00bb][vc_column_text]<\/p>\n<h4 class=\"widget-title\">UNE SOLUTION COMPL\u00c8TE<\/h4>\n<p>Focus vous permet d\u2019am\u00e9liorer la productivit\u00e9, de r\u00e9duire la consommation de carburant, de localiser en temps r\u00e9el les actifs de votre flotte et d\u2019am\u00e9liorer l\u2019exp\u00e9rience client. Avec une multitude de donn\u00e9es et d\u2019analyses \u00e0 port\u00e9e de main, vous pouvez d\u00e9finir vos propres indicateurs cl\u00e9s de performance (KPI) et offrir un retour sur investissement rapide.[\/vc_column_text][\/vc_column][\/vc_row]<\/p>\n<\/div>","protected":false},"excerpt":{"rendered":"<p>[vc_row][vc_column][vc_column_text] OPTIMISATION DE VOTRE FLOTTE AVEC FOCUS Focus est une solution t\u00e9l\u00e9matique de qualit\u00e9 professionnelle, sp\u00e9cialement con\u00e7ue pour les petites et moyennes flottes de v\u00e9hicules. Compl\u00e8tement en ligne avec les besoins d\u2019efficacit\u00e9 et de s\u00e9curit\u00e9 communs \u00e0 tous les op\u00e9rateurs de flotte quelle que soit leur taille, Focus offre aux petites et moyennes entreprises un &hellip; <\/p>\n<p class=\"link-more\"><a href=\"https:\/\/www.microlise.com\/focus\/fr\/\" class=\"more-link\">EN SAVOIR PLUS<\/a><\/p>\n","protected":false},"author":4,"featured_media":0,"parent":0,"menu_order":22,"comment_status":"open","ping_status":"open","template":"","meta":{"footnotes":""},"class_list":["post-192","page","type-page","status-publish","hentry"],"yoast_head":"<!-- This site is optimized with the Yoast SEO Premium plugin v25.7.1 (Yoast SEO v27.3) - https:\/\/yoast.com\/product\/yoast-seo-premium-wordpress\/ -->\n<title>Home - Focus Telematics<\/title>\n<meta name=\"robots\" content=\"index, follow, max-snippet:-1, max-image-preview:large, max-video-preview:-1\" \/>\n<link rel=\"canonical\" href=\"https:\/\/www.microlise.com\/focus\/fr\/\" \/>\n<meta property=\"og:locale\" content=\"fr_FR\" \/>\n<meta property=\"og:type\" content=\"article\" \/>\n<meta property=\"og:title\" content=\"Home\" \/>\n<meta property=\"og:description\" content=\"[vc_row][vc_column][vc_column_text] OPTIMISATION DE VOTRE FLOTTE AVEC FOCUS Focus est une solution t\u00e9l\u00e9matique de qualit\u00e9 professionnelle, sp\u00e9cialement con\u00e7ue pour les petites et moyennes flottes de v\u00e9hicules. Compl\u00e8tement en ligne avec les besoins d\u2019efficacit\u00e9 et de s\u00e9curit\u00e9 communs \u00e0 tous les op\u00e9rateurs de flotte quelle que soit leur taille, Focus offre aux petites et moyennes entreprises un &hellip; EN SAVOIR PLUS\" \/>\n<meta property=\"og:url\" content=\"https:\/\/www.microlise.com\/focus\/fr\/\" \/>\n<meta property=\"og:site_name\" content=\"Focus Telematics\" \/>\n<meta property=\"article:modified_time\" content=\"2022-01-05T10:27:47+00:00\" \/>\n<meta name=\"twitter:card\" content=\"summary_large_image\" \/>\n<meta name=\"twitter:label1\" content=\"Dur\u00e9e de lecture estim\u00e9e\" \/>\n\t<meta name=\"twitter:data1\" content=\"1 minute\" \/>\n<script type=\"application\/ld+json\" class=\"yoast-schema-graph\">{\"@context\":\"https:\\\/\\\/schema.org\",\"@graph\":[{\"@type\":\"WebPage\",\"@id\":\"https:\\\/\\\/www.microlise.com\\\/focus\\\/fr\\\/\",\"url\":\"https:\\\/\\\/www.microlise.com\\\/focus\\\/fr\\\/\",\"name\":\"Home - Focus Telematics\",\"isPartOf\":{\"@id\":\"https:\\\/\\\/www.microlise.com\\\/focus\\\/fr\\\/#website\"},\"datePublished\":\"2018-09-03T04:06:04+00:00\",\"dateModified\":\"2022-01-05T10:27:47+00:00\",\"breadcrumb\":{\"@id\":\"https:\\\/\\\/www.microlise.com\\\/focus\\\/fr\\\/#breadcrumb\"},\"inLanguage\":\"fr-FR\",\"potentialAction\":[{\"@type\":\"ReadAction\",\"target\":[\"https:\\\/\\\/www.microlise.com\\\/focus\\\/fr\\\/\"]}]},{\"@type\":\"BreadcrumbList\",\"@id\":\"https:\\\/\\\/www.microlise.com\\\/focus\\\/fr\\\/#breadcrumb\",\"itemListElement\":[{\"@type\":\"ListItem\",\"position\":1,\"name\":\"Home\",\"item\":\"https:\\\/\\\/www.microlise.com\\\/focus\\\/fr\\\/\"},{\"@type\":\"ListItem\",\"position\":2,\"name\":\"Home\"}]},{\"@type\":\"WebSite\",\"@id\":\"https:\\\/\\\/www.microlise.com\\\/focus\\\/fr\\\/#website\",\"url\":\"https:\\\/\\\/www.microlise.com\\\/focus\\\/fr\\\/\",\"name\":\"Focus Telematics\",\"description\":\"\",\"publisher\":{\"@id\":\"https:\\\/\\\/www.microlise.com\\\/focus\\\/fr\\\/#organization\"},\"potentialAction\":[{\"@type\":\"SearchAction\",\"target\":{\"@type\":\"EntryPoint\",\"urlTemplate\":\"https:\\\/\\\/www.microlise.com\\\/focus\\\/fr\\\/?s={search_term_string}\"},\"query-input\":{\"@type\":\"PropertyValueSpecification\",\"valueRequired\":true,\"valueName\":\"search_term_string\"}}],\"inLanguage\":\"fr-FR\"},{\"@type\":\"Organization\",\"@id\":\"https:\\\/\\\/www.microlise.com\\\/focus\\\/fr\\\/#organization\",\"name\":\"Focus Telematics\",\"url\":\"https:\\\/\\\/www.microlise.com\\\/focus\\\/fr\\\/\",\"logo\":{\"@type\":\"ImageObject\",\"inLanguage\":\"fr-FR\",\"@id\":\"https:\\\/\\\/www.microlise.com\\\/focus\\\/fr\\\/#\\\/schema\\\/logo\\\/image\\\/\",\"url\":\"https:\\\/\\\/www.microlise.com\\\/focus\\\/wp-content\\\/uploads\\\/sites\\\/3\\\/2021\\\/02\\\/logo.png\",\"contentUrl\":\"https:\\\/\\\/www.microlise.com\\\/focus\\\/wp-content\\\/uploads\\\/sites\\\/3\\\/2021\\\/02\\\/logo.png\",\"width\":143,\"height\":45,\"caption\":\"Focus Telematics\"},\"image\":{\"@id\":\"https:\\\/\\\/www.microlise.com\\\/focus\\\/fr\\\/#\\\/schema\\\/logo\\\/image\\\/\"}}]}<\/script>\n<!-- \/ Yoast SEO Premium plugin. -->","yoast_head_json":{"title":"Home - Focus Telematics","robots":{"index":"index","follow":"follow","max-snippet":"max-snippet:-1","max-image-preview":"max-image-preview:large","max-video-preview":"max-video-preview:-1"},"canonical":"https:\/\/www.microlise.com\/focus\/fr\/","og_locale":"fr_FR","og_type":"article","og_title":"Home","og_description":"[vc_row][vc_column][vc_column_text] OPTIMISATION DE VOTRE FLOTTE AVEC FOCUS Focus est une solution t\u00e9l\u00e9matique de qualit\u00e9 professionnelle, sp\u00e9cialement con\u00e7ue pour les petites et moyennes flottes de v\u00e9hicules. Compl\u00e8tement en ligne avec les besoins d\u2019efficacit\u00e9 et de s\u00e9curit\u00e9 communs \u00e0 tous les op\u00e9rateurs de flotte quelle que soit leur taille, Focus offre aux petites et moyennes entreprises un &hellip; EN SAVOIR PLUS","og_url":"https:\/\/www.microlise.com\/focus\/fr\/","og_site_name":"Focus Telematics","article_modified_time":"2022-01-05T10:27:47+00:00","twitter_card":"summary_large_image","twitter_misc":{"Dur\u00e9e de lecture estim\u00e9e":"1 minute"},"schema":{"@context":"https:\/\/schema.org","@graph":[{"@type":"WebPage","@id":"https:\/\/www.microlise.com\/focus\/fr\/","url":"https:\/\/www.microlise.com\/focus\/fr\/","name":"Home - Focus Telematics","isPartOf":{"@id":"https:\/\/www.microlise.com\/focus\/fr\/#website"},"datePublished":"2018-09-03T04:06:04+00:00","dateModified":"2022-01-05T10:27:47+00:00","breadcrumb":{"@id":"https:\/\/www.microlise.com\/focus\/fr\/#breadcrumb"},"inLanguage":"fr-FR","potentialAction":[{"@type":"ReadAction","target":["https:\/\/www.microlise.com\/focus\/fr\/"]}]},{"@type":"BreadcrumbList","@id":"https:\/\/www.microlise.com\/focus\/fr\/#breadcrumb","itemListElement":[{"@type":"ListItem","position":1,"name":"Home","item":"https:\/\/www.microlise.com\/focus\/fr\/"},{"@type":"ListItem","position":2,"name":"Home"}]},{"@type":"WebSite","@id":"https:\/\/www.microlise.com\/focus\/fr\/#website","url":"https:\/\/www.microlise.com\/focus\/fr\/","name":"Focus Telematics","description":"","publisher":{"@id":"https:\/\/www.microlise.com\/focus\/fr\/#organization"},"potentialAction":[{"@type":"SearchAction","target":{"@type":"EntryPoint","urlTemplate":"https:\/\/www.microlise.com\/focus\/fr\/?s={search_term_string}"},"query-input":{"@type":"PropertyValueSpecification","valueRequired":true,"valueName":"search_term_string"}}],"inLanguage":"fr-FR"},{"@type":"Organization","@id":"https:\/\/www.microlise.com\/focus\/fr\/#organization","name":"Focus Telematics","url":"https:\/\/www.microlise.com\/focus\/fr\/","logo":{"@type":"ImageObject","inLanguage":"fr-FR","@id":"https:\/\/www.microlise.com\/focus\/fr\/#\/schema\/logo\/image\/","url":"https:\/\/www.microlise.com\/focus\/wp-content\/uploads\/sites\/3\/2021\/02\/logo.png","contentUrl":"https:\/\/www.microlise.com\/focus\/wp-content\/uploads\/sites\/3\/2021\/02\/logo.png","width":143,"height":45,"caption":"Focus Telematics"},"image":{"@id":"https:\/\/www.microlise.com\/focus\/fr\/#\/schema\/logo\/image\/"}}]}},"_links":{"self":[{"href":"https:\/\/www.microlise.com\/focus\/fr\/wp-json\/wp\/v2\/pages\/192","targetHints":{"allow":["GET"]}}],"collection":[{"href":"https:\/\/www.microlise.com\/focus\/fr\/wp-json\/wp\/v2\/pages"}],"about":[{"href":"https:\/\/www.microlise.com\/focus\/fr\/wp-json\/wp\/v2\/types\/page"}],"author":[{"embeddable":true,"href":"https:\/\/www.microlise.com\/focus\/fr\/wp-json\/wp\/v2\/users\/4"}],"replies":[{"embeddable":true,"href":"https:\/\/www.microlise.com\/focus\/fr\/wp-json\/wp\/v2\/comments?post=192"}],"version-history":[{"count":0,"href":"https:\/\/www.microlise.com\/focus\/fr\/wp-json\/wp\/v2\/pages\/192\/revisions"}],"wp:attachment":[{"href":"https:\/\/www.microlise.com\/focus\/fr\/wp-json\/wp\/v2\/media?parent=192"}],"curies":[{"name":"wp","href":"https:\/\/api.w.org\/{rel}","templated":true}]}}