{"id":190,"date":"2018-09-03T05:06:04","date_gmt":"2018-09-03T04:06:04","guid":{"rendered":"https:\/\/www.microlise.com\/focus\/features-benefits\/"},"modified":"2021-12-02T12:49:30","modified_gmt":"2021-12-02T12:49:30","slug":"features-benefits","status":"publish","type":"page","link":"https:\/\/www.microlise.com\/focus\/fr\/features-benefits\/","title":{"rendered":"FONCTIONNALIT\u00c9S &amp; AVANTAGES"},"content":{"rendered":"<p>Focus est disponible pour toutes les marques et mod\u00e8les de v\u00e9hicules, y compris les anciens v\u00e9hicules ant\u00e9rieurs \u00e0 la norme Euro 6. Gr\u00e2ce \u00e0 une multitude de fonctionnalit\u00e9s enrichissantes, vous pouvez apporter des ajustements en temps r\u00e9el \u00e0 vos itin\u00e9raires et \u00e0 votre flotte. Vous r\u00e9aliserez ainsi des \u00e9conomies et am\u00e9liorerez l\u2019efficacit\u00e9 op\u00e9rationnelle et l\u2019utilisation des ressources de votre flotte de transport.<\/p>\n","protected":false},"excerpt":{"rendered":"<p>Focus est disponible pour toutes les marques et mod\u00e8les de v\u00e9hicules, y compris les anciens v\u00e9hicules ant\u00e9rieurs \u00e0 la norme Euro 6. Gr\u00e2ce \u00e0 une multitude de fonctionnalit\u00e9s enrichissantes, vous pouvez apporter des ajustements en temps r\u00e9el \u00e0 vos itin\u00e9raires et \u00e0 votre flotte. Vous r\u00e9aliserez ainsi des \u00e9conomies et am\u00e9liorerez l\u2019efficacit\u00e9 op\u00e9rationnelle et l\u2019utilisation &hellip; <\/p>\n<p class=\"link-more\"><a href=\"https:\/\/www.microlise.com\/focus\/fr\/features-benefits\/\" class=\"more-link\">EN SAVOIR PLUS<\/a><\/p>\n","protected":false},"author":4,"featured_media":191,"parent":0,"menu_order":21,"comment_status":"open","ping_status":"open","template":"","meta":{"footnotes":""},"class_list":["post-190","page","type-page","status-publish","has-post-thumbnail","hentry"],"yoast_head":"<!-- This site is optimized with the Yoast SEO Premium plugin v25.7.1 (Yoast SEO v27.3) - https:\/\/yoast.com\/product\/yoast-seo-premium-wordpress\/ -->\n<title>FONCTIONNALIT\u00c9S &amp; AVANTAGES - Focus Telematics<\/title>\n<meta name=\"robots\" content=\"index, follow, max-snippet:-1, max-image-preview:large, max-video-preview:-1\" \/>\n<link rel=\"canonical\" href=\"https:\/\/www.microlise.com\/focus\/fr\/features-benefits\/\" \/>\n<meta property=\"og:locale\" content=\"fr_FR\" \/>\n<meta property=\"og:type\" content=\"article\" \/>\n<meta property=\"og:title\" content=\"FONCTIONNALIT\u00c9S &amp; AVANTAGES\" \/>\n<meta property=\"og:description\" content=\"Focus est disponible pour toutes les marques et mod\u00e8les de v\u00e9hicules, y compris les anciens v\u00e9hicules ant\u00e9rieurs \u00e0 la norme Euro 6. Gr\u00e2ce \u00e0 une multitude de fonctionnalit\u00e9s enrichissantes, vous pouvez apporter des ajustements en temps r\u00e9el \u00e0 vos itin\u00e9raires et \u00e0 votre flotte. Vous r\u00e9aliserez ainsi des \u00e9conomies et am\u00e9liorerez l\u2019efficacit\u00e9 op\u00e9rationnelle et l\u2019utilisation &hellip; EN SAVOIR PLUS\" \/>\n<meta property=\"og:url\" content=\"https:\/\/www.microlise.com\/focus\/fr\/features-benefits\/\" \/>\n<meta property=\"og:site_name\" content=\"Focus Telematics\" \/>\n<meta property=\"article:modified_time\" content=\"2021-12-02T12:49:30+00:00\" \/>\n<meta property=\"og:image\" content=\"https:\/\/www.microlise.com\/focus\/wp-content\/uploads\/sites\/3\/2021\/01\/Safety-Page-Header.png\" \/>\n\t<meta property=\"og:image:width\" content=\"1685\" \/>\n\t<meta property=\"og:image:height\" content=\"350\" \/>\n\t<meta property=\"og:image:type\" content=\"image\/png\" \/>\n<meta name=\"twitter:card\" content=\"summary_large_image\" \/>\n<script type=\"application\/ld+json\" class=\"yoast-schema-graph\">{\"@context\":\"https:\\\/\\\/schema.org\",\"@graph\":[{\"@type\":\"WebPage\",\"@id\":\"https:\\\/\\\/www.microlise.com\\\/focus\\\/fr\\\/features-benefits\\\/\",\"url\":\"https:\\\/\\\/www.microlise.com\\\/focus\\\/fr\\\/features-benefits\\\/\",\"name\":\"FONCTIONNALIT\u00c9S &amp; AVANTAGES - Focus Telematics\",\"isPartOf\":{\"@id\":\"https:\\\/\\\/www.microlise.com\\\/focus\\\/fr\\\/#website\"},\"primaryImageOfPage\":{\"@id\":\"https:\\\/\\\/www.microlise.com\\\/focus\\\/fr\\\/features-benefits\\\/#primaryimage\"},\"image\":{\"@id\":\"https:\\\/\\\/www.microlise.com\\\/focus\\\/fr\\\/features-benefits\\\/#primaryimage\"},\"thumbnailUrl\":\"https:\\\/\\\/www.microlise.com\\\/focus\\\/wp-content\\\/uploads\\\/sites\\\/3\\\/2021\\\/01\\\/Safety-Page-Header.png\",\"datePublished\":\"2018-09-03T04:06:04+00:00\",\"dateModified\":\"2021-12-02T12:49:30+00:00\",\"breadcrumb\":{\"@id\":\"https:\\\/\\\/www.microlise.com\\\/focus\\\/fr\\\/features-benefits\\\/#breadcrumb\"},\"inLanguage\":\"fr-FR\",\"potentialAction\":[{\"@type\":\"ReadAction\",\"target\":[\"https:\\\/\\\/www.microlise.com\\\/focus\\\/fr\\\/features-benefits\\\/\"]}]},{\"@type\":\"ImageObject\",\"inLanguage\":\"fr-FR\",\"@id\":\"https:\\\/\\\/www.microlise.com\\\/focus\\\/fr\\\/features-benefits\\\/#primaryimage\",\"url\":\"https:\\\/\\\/www.microlise.com\\\/focus\\\/wp-content\\\/uploads\\\/sites\\\/3\\\/2021\\\/01\\\/Safety-Page-Header.png\",\"contentUrl\":\"https:\\\/\\\/www.microlise.com\\\/focus\\\/wp-content\\\/uploads\\\/sites\\\/3\\\/2021\\\/01\\\/Safety-Page-Header.png\",\"width\":1685,\"height\":350,\"caption\":\"Focus Telematics enhances fleet operations through GPS tracking and real-time data analytics.\"},{\"@type\":\"BreadcrumbList\",\"@id\":\"https:\\\/\\\/www.microlise.com\\\/focus\\\/fr\\\/features-benefits\\\/#breadcrumb\",\"itemListElement\":[{\"@type\":\"ListItem\",\"position\":1,\"name\":\"Home\",\"item\":\"https:\\\/\\\/www.microlise.com\\\/focus\\\/fr\\\/\"},{\"@type\":\"ListItem\",\"position\":2,\"name\":\"FONCTIONNALIT\u00c9S &amp; AVANTAGES\"}]},{\"@type\":\"WebSite\",\"@id\":\"https:\\\/\\\/www.microlise.com\\\/focus\\\/fr\\\/#website\",\"url\":\"https:\\\/\\\/www.microlise.com\\\/focus\\\/fr\\\/\",\"name\":\"Focus Telematics\",\"description\":\"\",\"publisher\":{\"@id\":\"https:\\\/\\\/www.microlise.com\\\/focus\\\/fr\\\/#organization\"},\"potentialAction\":[{\"@type\":\"SearchAction\",\"target\":{\"@type\":\"EntryPoint\",\"urlTemplate\":\"https:\\\/\\\/www.microlise.com\\\/focus\\\/fr\\\/?s={search_term_string}\"},\"query-input\":{\"@type\":\"PropertyValueSpecification\",\"valueRequired\":true,\"valueName\":\"search_term_string\"}}],\"inLanguage\":\"fr-FR\"},{\"@type\":\"Organization\",\"@id\":\"https:\\\/\\\/www.microlise.com\\\/focus\\\/fr\\\/#organization\",\"name\":\"Focus Telematics\",\"url\":\"https:\\\/\\\/www.microlise.com\\\/focus\\\/fr\\\/\",\"logo\":{\"@type\":\"ImageObject\",\"inLanguage\":\"fr-FR\",\"@id\":\"https:\\\/\\\/www.microlise.com\\\/focus\\\/fr\\\/#\\\/schema\\\/logo\\\/image\\\/\",\"url\":\"https:\\\/\\\/www.microlise.com\\\/focus\\\/wp-content\\\/uploads\\\/sites\\\/3\\\/2021\\\/02\\\/logo.png\",\"contentUrl\":\"https:\\\/\\\/www.microlise.com\\\/focus\\\/wp-content\\\/uploads\\\/sites\\\/3\\\/2021\\\/02\\\/logo.png\",\"width\":143,\"height\":45,\"caption\":\"Focus Telematics\"},\"image\":{\"@id\":\"https:\\\/\\\/www.microlise.com\\\/focus\\\/fr\\\/#\\\/schema\\\/logo\\\/image\\\/\"}}]}<\/script>\n<!-- \/ Yoast SEO Premium plugin. -->","yoast_head_json":{"title":"FONCTIONNALIT\u00c9S &amp; AVANTAGES - Focus Telematics","robots":{"index":"index","follow":"follow","max-snippet":"max-snippet:-1","max-image-preview":"max-image-preview:large","max-video-preview":"max-video-preview:-1"},"canonical":"https:\/\/www.microlise.com\/focus\/fr\/features-benefits\/","og_locale":"fr_FR","og_type":"article","og_title":"FONCTIONNALIT\u00c9S &amp; AVANTAGES","og_description":"Focus est disponible pour toutes les marques et mod\u00e8les de v\u00e9hicules, y compris les anciens v\u00e9hicules ant\u00e9rieurs \u00e0 la norme Euro 6. Gr\u00e2ce \u00e0 une multitude de fonctionnalit\u00e9s enrichissantes, vous pouvez apporter des ajustements en temps r\u00e9el \u00e0 vos itin\u00e9raires et \u00e0 votre flotte. Vous r\u00e9aliserez ainsi des \u00e9conomies et am\u00e9liorerez l\u2019efficacit\u00e9 op\u00e9rationnelle et l\u2019utilisation &hellip; EN SAVOIR PLUS","og_url":"https:\/\/www.microlise.com\/focus\/fr\/features-benefits\/","og_site_name":"Focus Telematics","article_modified_time":"2021-12-02T12:49:30+00:00","og_image":[{"width":1685,"height":350,"url":"https:\/\/www.microlise.com\/focus\/wp-content\/uploads\/sites\/3\/2021\/01\/Safety-Page-Header.png","type":"image\/png"}],"twitter_card":"summary_large_image","schema":{"@context":"https:\/\/schema.org","@graph":[{"@type":"WebPage","@id":"https:\/\/www.microlise.com\/focus\/fr\/features-benefits\/","url":"https:\/\/www.microlise.com\/focus\/fr\/features-benefits\/","name":"FONCTIONNALIT\u00c9S &amp; AVANTAGES - Focus Telematics","isPartOf":{"@id":"https:\/\/www.microlise.com\/focus\/fr\/#website"},"primaryImageOfPage":{"@id":"https:\/\/www.microlise.com\/focus\/fr\/features-benefits\/#primaryimage"},"image":{"@id":"https:\/\/www.microlise.com\/focus\/fr\/features-benefits\/#primaryimage"},"thumbnailUrl":"https:\/\/www.microlise.com\/focus\/wp-content\/uploads\/sites\/3\/2021\/01\/Safety-Page-Header.png","datePublished":"2018-09-03T04:06:04+00:00","dateModified":"2021-12-02T12:49:30+00:00","breadcrumb":{"@id":"https:\/\/www.microlise.com\/focus\/fr\/features-benefits\/#breadcrumb"},"inLanguage":"fr-FR","potentialAction":[{"@type":"ReadAction","target":["https:\/\/www.microlise.com\/focus\/fr\/features-benefits\/"]}]},{"@type":"ImageObject","inLanguage":"fr-FR","@id":"https:\/\/www.microlise.com\/focus\/fr\/features-benefits\/#primaryimage","url":"https:\/\/www.microlise.com\/focus\/wp-content\/uploads\/sites\/3\/2021\/01\/Safety-Page-Header.png","contentUrl":"https:\/\/www.microlise.com\/focus\/wp-content\/uploads\/sites\/3\/2021\/01\/Safety-Page-Header.png","width":1685,"height":350,"caption":"Focus Telematics enhances fleet operations through GPS tracking and real-time data analytics."},{"@type":"BreadcrumbList","@id":"https:\/\/www.microlise.com\/focus\/fr\/features-benefits\/#breadcrumb","itemListElement":[{"@type":"ListItem","position":1,"name":"Home","item":"https:\/\/www.microlise.com\/focus\/fr\/"},{"@type":"ListItem","position":2,"name":"FONCTIONNALIT\u00c9S &amp; AVANTAGES"}]},{"@type":"WebSite","@id":"https:\/\/www.microlise.com\/focus\/fr\/#website","url":"https:\/\/www.microlise.com\/focus\/fr\/","name":"Focus Telematics","description":"","publisher":{"@id":"https:\/\/www.microlise.com\/focus\/fr\/#organization"},"potentialAction":[{"@type":"SearchAction","target":{"@type":"EntryPoint","urlTemplate":"https:\/\/www.microlise.com\/focus\/fr\/?s={search_term_string}"},"query-input":{"@type":"PropertyValueSpecification","valueRequired":true,"valueName":"search_term_string"}}],"inLanguage":"fr-FR"},{"@type":"Organization","@id":"https:\/\/www.microlise.com\/focus\/fr\/#organization","name":"Focus Telematics","url":"https:\/\/www.microlise.com\/focus\/fr\/","logo":{"@type":"ImageObject","inLanguage":"fr-FR","@id":"https:\/\/www.microlise.com\/focus\/fr\/#\/schema\/logo\/image\/","url":"https:\/\/www.microlise.com\/focus\/wp-content\/uploads\/sites\/3\/2021\/02\/logo.png","contentUrl":"https:\/\/www.microlise.com\/focus\/wp-content\/uploads\/sites\/3\/2021\/02\/logo.png","width":143,"height":45,"caption":"Focus Telematics"},"image":{"@id":"https:\/\/www.microlise.com\/focus\/fr\/#\/schema\/logo\/image\/"}}]}},"_links":{"self":[{"href":"https:\/\/www.microlise.com\/focus\/fr\/wp-json\/wp\/v2\/pages\/190","targetHints":{"allow":["GET"]}}],"collection":[{"href":"https:\/\/www.microlise.com\/focus\/fr\/wp-json\/wp\/v2\/pages"}],"about":[{"href":"https:\/\/www.microlise.com\/focus\/fr\/wp-json\/wp\/v2\/types\/page"}],"author":[{"embeddable":true,"href":"https:\/\/www.microlise.com\/focus\/fr\/wp-json\/wp\/v2\/users\/4"}],"replies":[{"embeddable":true,"href":"https:\/\/www.microlise.com\/focus\/fr\/wp-json\/wp\/v2\/comments?post=190"}],"version-history":[{"count":0,"href":"https:\/\/www.microlise.com\/focus\/fr\/wp-json\/wp\/v2\/pages\/190\/revisions"}],"wp:featuredmedia":[{"embeddable":true,"href":"https:\/\/www.microlise.com\/focus\/fr\/wp-json\/wp\/v2\/media\/191"}],"wp:attachment":[{"href":"https:\/\/www.microlise.com\/focus\/fr\/wp-json\/wp\/v2\/media?parent=190"}],"curies":[{"name":"wp","href":"https:\/\/api.w.org\/{rel}","templated":true}]}}